{"id":315,"date":"2021-06-01T08:05:56","date_gmt":"2021-06-01T08:05:56","guid":{"rendered":"https:\/\/blogsaverroes.juntadeandalucia.es\/rafaelnunezmat\/?page_id=315"},"modified":"2024-12-06T15:53:49","modified_gmt":"2024-12-06T15:53:49","slug":"transformaciones-de-funciones","status":"publish","type":"page","link":"https:\/\/blogsaverroes.juntadeandalucia.es\/rafaelnunezmat\/transformaciones-de-funciones","title":{"rendered":"Transformaciones de funciones"},"content":{"rendered":"<p><img loading=\"lazy\" decoding=\"async\" class=\"aligncenter \" src=\"https:\/\/slideplayer.es\/5504641\/17\/images\/slide_1.jpg\" width=\"455\" height=\"341\"><\/p>\n<p style=\"text-align: center\"><span style=\"font-size: 24pt;color: #008000\"><strong><a style=\"color: #008000\" href=\"https:\/\/blogsaverroes.juntadeandalucia.es\/rafaelnunezmat\/files\/2022\/02\/transformaciones-de-funciones.pdf\" target=\"_blank\" rel=\"noopener noreferrer\">Teor\u00eda y actividades resueltas<\/a><\/strong><\/span><\/p>\n<table style=\"height: 80px;width: 99.9349%;border-collapse: collapse;border-style: none;border-color: #030000\" cellpadding=\"0\">\n<tbody>\n<tr style=\"height: 24px\">\n<td style=\"width: 0.653168%;height: 70px;text-align: left;border-style: double;border-color: #050505\" colspan=\"2\">\n<p style=\"text-align: center\"><span style=\"text-decoration: underline\"><span style=\"font-size: 14pt;color: #800080\"><strong>VIDEOS<\/strong><\/span><\/span><\/p>\n<p style=\"padding-left: 200px\"><strong><span style=\"font-size: 14pt;color: #0000ff\"><a style=\"color: #0000ff\" href=\"https:\/\/www.youtube.com\/embed\/Xc4VPAsknXA\" target=\"_blank\" rel=\"noopener noreferrer\">Transformaciones de funciones (clasessamida)<\/a><\/span><\/strong><\/p>\n<p style=\"padding-left: 200px\"><strong><span style=\"font-size: 14pt;color: #0000ff\"><a style=\"color: #0000ff\" href=\"https:\/\/www.youtube.com\/embed\/UUWImc-mvqQ\" target=\"_blank\" rel=\"noopener noreferrer\">Transformaci\u00f3n de la funci\u00f3n seno (juan david builes grisales)<\/a><\/span><\/strong><\/p>\n<p style=\"padding-left: 200px\"><strong><span style=\"font-size: 14pt;color: #0000ff\"><a style=\"color: #0000ff\" href=\"https:\/\/www.youtube.com\/embed\/o4FKWOFAOLU\" target=\"_blank\" rel=\"noopener noreferrer\">Transformaciones de funciones trigonom\u00e9tricas (Aneliesse S\u00e1nchez)<\/a><\/span><\/strong><\/p>\n<p style=\"text-align: center\"><span style=\"text-decoration: underline;color: #800000\"><span style=\"font-size: 14pt\"><strong>OTROS RECURSOS<\/strong><\/span><\/span><\/p>\n<p style=\"padding-left: 200px\"><strong><span style=\"font-size: 14pt;color: #0000ff\"><a style=\"color: #0000ff\" href=\"https:\/\/www.geogebra.org\/m\/SKNhQ6ck\" target=\"_blank\" rel=\"noopener noreferrer\">Transformaciones de funciones (geogebra)<\/a><\/span><\/strong><\/p>\n<\/td>\n<\/tr>\n<\/tbody>\n<\/table>\n<p>&nbsp;<\/p>\n","protected":false},"excerpt":{"rendered":"<p>Teor\u00eda y actividades resueltas VIDEOS Transformaciones de funciones (clasessamida) Transformaci\u00f3n de la funci\u00f3n seno (juan david builes grisales) Transformaciones de funciones trigonom\u00e9tricas (Aneliesse S\u00e1nchez) OTROS RECURSOS Transformaciones de funciones (geogebra) &nbsp;<\/p>\n","protected":false},"author":10669,"featured_media":0,"parent":0,"menu_order":0,"comment_status":"closed","ping_status":"closed","template":"","meta":{"ngg_post_thumbnail":0,"footnotes":""},"aioseo_notices":[],"_links":{"self":[{"href":"https:\/\/blogsaverroes.juntadeandalucia.es\/rafaelnunezmat\/wp-json\/wp\/v2\/pages\/315"}],"collection":[{"href":"https:\/\/blogsaverroes.juntadeandalucia.es\/rafaelnunezmat\/wp-json\/wp\/v2\/pages"}],"about":[{"href":"https:\/\/blogsaverroes.juntadeandalucia.es\/rafaelnunezmat\/wp-json\/wp\/v2\/types\/page"}],"author":[{"embeddable":true,"href":"https:\/\/blogsaverroes.juntadeandalucia.es\/rafaelnunezmat\/wp-json\/wp\/v2\/users\/10669"}],"replies":[{"embeddable":true,"href":"https:\/\/blogsaverroes.juntadeandalucia.es\/rafaelnunezmat\/wp-json\/wp\/v2\/comments?post=315"}],"version-history":[{"count":9,"href":"https:\/\/blogsaverroes.juntadeandalucia.es\/rafaelnunezmat\/wp-json\/wp\/v2\/pages\/315\/revisions"}],"predecessor-version":[{"id":5016,"href":"https:\/\/blogsaverroes.juntadeandalucia.es\/rafaelnunezmat\/wp-json\/wp\/v2\/pages\/315\/revisions\/5016"}],"wp:attachment":[{"href":"https:\/\/blogsaverroes.juntadeandalucia.es\/rafaelnunezmat\/wp-json\/wp\/v2\/media?parent=315"}],"curies":[{"name":"wp","href":"https:\/\/api.w.org\/{rel}","templated":true}]}}