{"id":316,"date":"2021-06-01T08:05:56","date_gmt":"2021-06-01T08:05:56","guid":{"rendered":"https:\/\/blogsaverroes.juntadeandalucia.es\/rafaelnunezmat\/?page_id=316"},"modified":"2024-12-06T15:48:58","modified_gmt":"2024-12-06T15:48:58","slug":"programacion-lineal","status":"publish","type":"page","link":"https:\/\/blogsaverroes.juntadeandalucia.es\/rafaelnunezmat\/programacion-lineal","title":{"rendered":"Programaci\u00f3n lineal"},"content":{"rendered":"<p><img loading=\"lazy\" decoding=\"async\" class=\"aligncenter \" src=\"https:\/\/i0.wp.com\/www.profesor10demates.com\/wp-content\/uploads\/2016\/05\/programacion-lineal-ejercicios.png?fit=834%2C364&amp;ssl=1\" width=\"497\" height=\"217\"><\/p>\n<p style=\"text-align: center\"><span style=\"font-size: 24pt;color: #008000\"><strong><a style=\"color: #008000\" href=\"https:\/\/blogsaverroes.juntadeandalucia.es\/rafaelnunezmat\/files\/2022\/02\/programaci\u00f3n-lineal.pdf\" target=\"_blank\" rel=\"noopener noreferrer\">Teor\u00eda y actividades resueltas<\/a><\/strong><\/span><\/p>\n<table style=\"height: 896px;width: 99.9349%;border-collapse: collapse;border-style: none;border-color: #030000\" cellpadding=\"0\">\n<tbody>\n<tr style=\"height: 24px\">\n<td style=\"width: 14.2581%;border-style: double;border-color: #050505;text-align: center;height: 236px\" colspan=\"3\"><span style=\"text-decoration: underline\"><span style=\"font-size: 20pt\"><strong><span style=\"color: #000000;text-decoration: underline\">INECUACIONES LINEALES Y SISTEMAS CON 2 INC\u00d3GNITAS<\/span><\/strong><\/span><\/span><\/p>\n<p><span style=\"text-decoration: underline\"><span style=\"font-size: 14pt;color: #800080\"><strong>VIDEOS<\/strong><\/span><\/span><\/p>\n<p style=\"text-align: left;padding-left: 200px\"><strong><span style=\"font-size: 14pt;color: #0000ff\"><a style=\"color: #0000ff\" href=\"https:\/\/www.youtube.com\/embed\/B8P_dKSJe5w\" target=\"_blank\" rel=\"noopener noreferrer\">Inecuaciones (ojelcjm)<\/a><\/span><\/strong><\/p>\n<p style=\"text-align: left;padding-left: 200px\"><strong><span style=\"font-size: 14pt;color: #0000ff\"><a style=\"color: #0000ff\" href=\"https:\/\/www.youtube.com\/embed\/poUHGlGVCDw\" target=\"_blank\" rel=\"noopener noreferrer\">Inecuaciones (Educatina)<\/a><\/span><\/strong><\/p>\n<p style=\"text-align: left;padding-left: 200px\"><strong><span style=\"font-size: 14pt;color: #0000ff\"><a style=\"color: #0000ff\" href=\"https:\/\/www.youtube.com\/embed\/6CUiVzgFfQk\" target=\"_blank\" rel=\"noopener noreferrer\">Sistemas con dos inc\u00f3gnitas (Unicoos)<\/a><\/span><\/strong><\/p>\n<p style=\"text-align: left;padding-left: 200px\"><strong><span style=\"font-size: 14pt;color: #0000ff\"><a style=\"color: #0000ff\" href=\"https:\/\/www.youtube.com\/embed\/40FcvuiVwZ4\" target=\"_blank\" rel=\"noopener noreferrer\">Sistemas con dos inc\u00f3gnitas (ojelcjm)<\/a><\/span><\/strong><\/p>\n<p style=\"text-align: left;padding-left: 200px\"><strong><span style=\"font-size: 14pt;color: #0000ff\"><a style=\"color: #0000ff\" href=\"https:\/\/www.youtube.com\/embed\/42ZjyjG7HG0\" target=\"_blank\" rel=\"noopener noreferrer\">Sistemas con una y dos inc\u00f3gnitas (IES Campus)<\/a><\/span><\/strong><\/p>\n<\/td>\n<\/tr>\n<tr style=\"height: 660px\">\n<td style=\"width: 14.2581%;border-style: double;border-color: #050505;text-align: center;height: 660px\" colspan=\"3\"><span style=\"text-decoration: underline;font-size: 20pt\"><strong><span style=\"color: #000000;text-decoration: underline\">PROGRAMACI\u00d3N LINEAL Y PROBLEMAS<\/span><\/strong><\/span><\/p>\n<p><span style=\"text-decoration: underline\"><span style=\"font-size: 14pt;color: #800080\"><strong>VIDEOS<\/strong><\/span><\/span><\/p>\n<p style=\"text-align: left;padding-left: 200px\"><strong><span style=\"font-size: 14pt;color: #0000ff\"><a style=\"color: #0000ff\" href=\"https:\/\/www.youtube.com\/embed\/NrJQ0oVtLLQ\" target=\"_blank\" rel=\"noopener noreferrer\">Programaci\u00f3n lineal (ojelcjm)<\/a><\/span><\/strong><\/p>\n<p style=\"text-align: left;padding-left: 200px\"><strong><span style=\"font-size: 14pt;color: #0000ff\"><a style=\"color: #0000ff\" href=\"https:\/\/www.youtube.com\/embed\/6TlJV2GFeJ8\" target=\"_blank\" rel=\"noopener noreferrer\">Programaci\u00f3n lineal (8cifras)<\/a><\/span><\/strong><\/p>\n<p style=\"text-align: left;padding-left: 200px\"><strong><span style=\"font-size: 14pt;color: #0000ff\"><a style=\"color: #0000ff\" href=\"https:\/\/www.youtube.com\/embed\/sgroZKXCQIQ\" target=\"_blank\" rel=\"noopener noreferrer\">Programaci\u00f3n lineal (Aprender Matem\u00e1ticas. Jos\u00e9 Jaime Mas)<\/a><\/span><\/strong><\/p>\n<p style=\"text-align: left;padding-left: 200px\"><strong><span style=\"font-size: 14pt;color: #0000ff\"><a style=\"color: #0000ff\" href=\"https:\/\/www.youtube.com\/embed\/nJMh2pECZOw\" target=\"_blank\" rel=\"noopener noreferrer\">Problema 1 (Unicoos)<\/a><\/span><\/strong><\/p>\n<p style=\"text-align: left;padding-left: 200px\"><strong><span style=\"font-size: 14pt;color: #0000ff\"><a style=\"color: #0000ff\" href=\"https:\/\/www.youtube.com\/embed\/yzY-G4Ve48A\" target=\"_blank\" rel=\"noopener noreferrer\">Problema 2 (Unicoos)<\/a><\/span><\/strong><\/p>\n<p style=\"text-align: left;padding-left: 200px\"><strong><span style=\"font-size: 14pt;color: #0000ff\"><a style=\"color: #0000ff\" href=\"https:\/\/www.youtube.com\/embed\/yQzJ79JjXvk\" target=\"_blank\" rel=\"noopener noreferrer\">Problema 6 (ojelcjm)<\/a><\/span><\/strong><\/p>\n<p style=\"text-align: left;padding-left: 200px\"><strong><span style=\"font-size: 14pt;color: #0000ff\"><a style=\"color: #0000ff\" href=\"https:\/\/www.youtube.com\/embed\/IHa9BPJ6C9I\" target=\"_blank\" rel=\"noopener noreferrer\">Problema 7 (ojelcjm)<\/a><\/span><\/strong><\/p>\n<p style=\"text-align: left;padding-left: 200px\"><strong><span style=\"font-size: 14pt;color: #0000ff\"><a style=\"color: #0000ff\" href=\"https:\/\/www.youtube.com\/embed\/jj-fTSYOGoQ\" target=\"_blank\" rel=\"noopener noreferrer\">Problema 8 (ojelcjm)<\/a><\/span><\/strong><\/p>\n<p style=\"text-align: left;padding-left: 200px\"><strong><span style=\"font-size: 14pt;color: #0000ff\"><a style=\"color: #0000ff\" href=\"https:\/\/www.youtube.com\/embed\/Dcq5poVZ9lY\" target=\"_blank\" rel=\"noopener noreferrer\">Problema 9 (ojelcjm)<\/a><\/span><\/strong><\/p>\n<p style=\"text-align: left;padding-left: 200px\"><strong><span style=\"font-size: 14pt;color: #0000ff\"><a style=\"color: #0000ff\" href=\"https:\/\/www.youtube.com\/embed\/_pKm3JNrJ3o\" target=\"_blank\" rel=\"noopener noreferrer\">Problema 10 (ojelcjm)<\/a><\/span><\/strong><\/p>\n<p style=\"text-align: left;padding-left: 200px\"><strong><span style=\"font-size: 14pt;color: #0000ff\"><a style=\"color: #0000ff\" href=\"https:\/\/www.youtube.com\/embed\/GLSjWHx3X08\" target=\"_blank\" rel=\"noopener noreferrer\">Problema 11 (ojelcjm)<\/a><\/span><\/strong><\/p>\n<p style=\"text-align: left;padding-left: 200px\"><strong><span style=\"font-size: 14pt;color: #0000ff\"><a style=\"color: #0000ff\" href=\"https:\/\/www.youtube.com\/embed\/PuW6SiZN1L0\" target=\"_blank\" rel=\"noopener noreferrer\">Problema 12 (ojelcjm)<\/a><\/span><\/strong><\/p>\n<p style=\"text-align: left;padding-left: 200px\"><strong><span style=\"font-size: 14pt;color: #0000ff\"><a style=\"color: #0000ff\" href=\"https:\/\/www.youtube.com\/embed\/lQ_LBkJM06g?t=1s\" target=\"_blank\" rel=\"noopener noreferrer\">Problema 13 (ojelcjm)<\/a><\/span><\/strong><\/p>\n<p style=\"text-align: left;padding-left: 200px\"><strong><span style=\"font-size: 14pt;color: #0000ff\"><a style=\"color: #0000ff\" href=\"https:\/\/www.youtube.com\/embed\/Ap08or_EX-c\" target=\"_blank\" rel=\"noopener noreferrer\">Problema 14 (ojelcjm)<\/a><\/span><\/strong><\/p>\n<p><span style=\"text-decoration: underline;color: #800000\"><span style=\"font-size: 14pt\"><strong>OTROS RECURSOS<\/strong><\/span><\/span><\/p>\n<p style=\"text-align: left;padding-left: 200px\"><strong><span style=\"font-size: 14pt;color: #0000ff\"><a style=\"color: #0000ff\" href=\"http:\/\/descartes.cnice.mec.es\/materiales_didacticos\/prog_lineal_lbc\/index_pl.htm\" target=\"_blank\" rel=\"noopener noreferrer\">Programaci\u00f3n lineal (Descartes)<\/a><\/span><\/strong><\/p>\n<p style=\"text-align: left;padding-left: 200px\"><strong><span style=\"font-size: 14pt;color: #0000ff\"><a style=\"color: #0000ff\" href=\"https:\/\/thales.cica.es\/rd\/Recursos\/rd98\/Matematicas\/29\/matematicas-29.html\" target=\"_blank\" rel=\"noopener noreferrer\">Programaci\u00f3n lineal (Thales)<\/a><\/span><\/strong><\/p>\n<\/td>\n<\/tr>\n<\/tbody>\n<\/table>\n<p>&nbsp;<\/p>\n","protected":false},"excerpt":{"rendered":"<p>Teor\u00eda y actividades resueltas INECUACIONES LINEALES Y SISTEMAS CON 2 INC\u00d3GNITAS VIDEOS Inecuaciones (ojelcjm) Inecuaciones (Educatina) Sistemas con dos inc\u00f3gnitas (Unicoos) Sistemas con dos inc\u00f3gnitas (ojelcjm) Sistemas con una y dos inc\u00f3gnitas (IES Campus) PROGRAMACI\u00d3N LINEAL Y PROBLEMAS VIDEOS Programaci\u00f3n lineal (ojelcjm) Programaci\u00f3n lineal (8cifras) Programaci\u00f3n lineal (Aprender Matem\u00e1ticas. Jos\u00e9 Jaime Mas) Problema 1 (Unicoos) &hellip; <\/p>\n<p><a class=\"more-link btn\" href=\"https:\/\/blogsaverroes.juntadeandalucia.es\/rafaelnunezmat\/programacion-lineal\">Seguir leyendo<\/a><\/p>\n","protected":false},"author":10669,"featured_media":0,"parent":0,"menu_order":0,"comment_status":"closed","ping_status":"closed","template":"","meta":{"ngg_post_thumbnail":0,"footnotes":""},"aioseo_notices":[],"_links":{"self":[{"href":"https:\/\/blogsaverroes.juntadeandalucia.es\/rafaelnunezmat\/wp-json\/wp\/v2\/pages\/316"}],"collection":[{"href":"https:\/\/blogsaverroes.juntadeandalucia.es\/rafaelnunezmat\/wp-json\/wp\/v2\/pages"}],"about":[{"href":"https:\/\/blogsaverroes.juntadeandalucia.es\/rafaelnunezmat\/wp-json\/wp\/v2\/types\/page"}],"author":[{"embeddable":true,"href":"https:\/\/blogsaverroes.juntadeandalucia.es\/rafaelnunezmat\/wp-json\/wp\/v2\/users\/10669"}],"replies":[{"embeddable":true,"href":"https:\/\/blogsaverroes.juntadeandalucia.es\/rafaelnunezmat\/wp-json\/wp\/v2\/comments?post=316"}],"version-history":[{"count":9,"href":"https:\/\/blogsaverroes.juntadeandalucia.es\/rafaelnunezmat\/wp-json\/wp\/v2\/pages\/316\/revisions"}],"predecessor-version":[{"id":5014,"href":"https:\/\/blogsaverroes.juntadeandalucia.es\/rafaelnunezmat\/wp-json\/wp\/v2\/pages\/316\/revisions\/5014"}],"wp:attachment":[{"href":"https:\/\/blogsaverroes.juntadeandalucia.es\/rafaelnunezmat\/wp-json\/wp\/v2\/media?parent=316"}],"curies":[{"name":"wp","href":"https:\/\/api.w.org\/{rel}","templated":true}]}}