{"id":354,"date":"2021-06-01T08:07:43","date_gmt":"2021-06-01T08:07:43","guid":{"rendered":"https:\/\/blogsaverroes.juntadeandalucia.es\/rafaelnunezmat\/?page_id=354"},"modified":"2024-12-06T19:45:40","modified_gmt":"2024-12-06T19:45:40","slug":"estadistica-descriptiva","status":"publish","type":"page","link":"https:\/\/blogsaverroes.juntadeandalucia.es\/rafaelnunezmat\/estadistica-descriptiva","title":{"rendered":"Estad\u00edstica descriptiva"},"content":{"rendered":"<p><img loading=\"lazy\" decoding=\"async\" class=\"aligncenter \" src=\"https:\/\/image.slidesharecdn.com\/presentacionestadisticadescriptiva-150314070124-conversion-gate01\/95\/presentacion-estadistica-descriptiva-1-638.jpg?cb=1426334588\" width=\"376\" height=\"283\"><\/p>\n<p style=\"text-align: center\"><span style=\"font-size: 24pt;color: #008000\"><strong><a style=\"color: #008000\" href=\"https:\/\/blogsaverroes.juntadeandalucia.es\/rafaelnunezmat\/files\/2022\/02\/estad\u00edstica-descriptiva.pdf\" target=\"_blank\" rel=\"noopener noreferrer\">Teor\u00eda y actividades resueltas<\/a><\/strong><\/span><\/p>\n<table style=\"border-collapse: collapse;border-style: none;border-color: #030000;width: 97.8696%;height: 415px\" cellpadding=\"0\">\n<tbody>\n<tr style=\"height: 24px\">\n<td style=\"border-style: double;border-color: #050505;width: 22.5855%;text-align: center;height: 71px\" colspan=\"5\"><span style=\"text-decoration: underline\"><span style=\"font-size: 20pt\"><strong><span style=\"color: #000000;text-decoration: underline\">CONCEPTOS B\u00c1SICOS DE ESTAD\u00cdSTICA<\/span><\/strong><\/span><\/span><\/p>\n<p><span style=\"text-decoration: underline\"><span style=\"font-size: 14pt\"><strong><span style=\"color: #800080;text-decoration: underline\">VIDEOS<\/span><\/strong><\/span><\/span><\/p>\n<p style=\"text-align: left;padding-left: 200px\"><span style=\"font-size: 14pt\"><strong><span style=\"color: #0000ff\"><a style=\"color: #0000ff\" href=\"https:\/\/www.youtube.com\/embed\/Xq3thcQqwbc\" target=\"_blank\" rel=\"noopener noreferrer\">Conceptos b\u00e1sicos de estad\u00edstica (Matem\u00e1ticas profe Alex)<\/a><\/span><\/strong><\/span><\/p>\n<p style=\"text-align: left;padding-left: 200px\"><span style=\"font-size: 14pt\"><strong><span style=\"color: #0000ff\"><a style=\"color: #0000ff\" href=\"https:\/\/www.youtube.com\/embed\/lJT4-OmnPPY\" target=\"_blank\" rel=\"noopener noreferrer\">Conceptos b\u00e1sicos de estad\u00edstica (Educatina)<\/a><\/span><\/strong><\/span><\/p>\n<p style=\"text-align: left;padding-left: 200px\"><span style=\"font-size: 14pt\"><strong><span style=\"color: #0000ff\"><a style=\"color: #0000ff\" href=\"https:\/\/www.youtube.com\/embed\/gl9EEbT7viM\" target=\"_blank\" rel=\"noopener noreferrer\">Poblaci\u00f3n y muestra (Matem\u00f3vil)<\/a><\/span><\/strong><\/span><\/p>\n<p style=\"text-align: left;padding-left: 200px\"><span style=\"font-size: 14pt\"><strong><span style=\"color: #0000ff\"><a style=\"color: #0000ff\" href=\"https:\/\/www.youtube.com\/embed\/TnaRmn0KeR8\" target=\"_blank\" rel=\"noopener noreferrer\">Variables estad\u00edsticas (P\u00edldoras matem\u00e1ticas)<\/a><\/span><\/strong><\/span><\/p>\n<p style=\"text-align: left;padding-left: 200px\"><span style=\"font-size: 14pt\"><strong><span style=\"color: #0000ff\"><a style=\"color: #0000ff\" href=\"https:\/\/www.youtube.com\/embed\/4x3iI-oj53k\" target=\"_blank\" rel=\"noopener noreferrer\">Variables estad\u00edsticas (Educatina)<\/a><\/span><\/strong><\/span><\/p>\n<p style=\"text-align: left;padding-left: 200px\"><span style=\"font-size: 14pt\"><strong><span style=\"color: #0000ff\"><a style=\"color: #0000ff\" href=\"https:\/\/www.youtube.com\/embed\/O2UXuvtzc3Q\" target=\"_blank\" rel=\"noopener noreferrer\">Variables estad\u00edsticas (childtopia)<\/a><\/span><\/strong><\/span><\/p>\n<\/td>\n<\/tr>\n<tr style=\"height: 35px\">\n<td style=\"border-style: double;border-color: #050505;width: 22.5855%;text-align: center;height: 35px\" colspan=\"5\"><span style=\"text-decoration: underline\"><span style=\"font-size: 20pt\"><strong><span style=\"color: #000000;text-decoration: underline\">MUESTREO<\/span><\/strong><\/span><\/span><\/p>\n<p><span style=\"text-decoration: underline\"><span style=\"font-size: 14pt\"><strong><span style=\"color: #800080;text-decoration: underline\">VIDEOS<\/span><\/strong><\/span><\/span><\/p>\n<p style=\"text-align: left;padding-left: 200px\"><span style=\"font-size: 14pt\"><strong><span style=\"color: #0000ff\"><a style=\"color: #0000ff\" href=\"https:\/\/www.youtube.com\/embed\/DJOfs0LELsY\" target=\"_blank\" rel=\"noopener noreferrer\">Muestreos aleatorios (Jos\u00e9 Luis Usero Vilchez)<\/a><\/span><\/strong><\/span><\/p>\n<p style=\"text-align: left;padding-left: 200px\"><span style=\"font-size: 14pt\"><strong><span style=\"color: #0000ff\"><a style=\"color: #0000ff\" href=\"https:\/\/www.youtube.com\/embed\/DkcYhbBK8HA\" target=\"_blank\" rel=\"noopener noreferrer\">Muestreo aleatorio proporcional estratificado (manuel luque)<\/a><\/span><\/strong><\/span><\/p>\n<p style=\"text-align: left;padding-left: 200px\"><span style=\"font-size: 14pt\"><strong><span style=\"color: #0000ff\"><a style=\"color: #0000ff\" href=\"https:\/\/www.youtube.com\/embed\/8vdakVS-9-c\" target=\"_blank\" rel=\"noopener noreferrer\">Muestreo aleatorio proporcional estratificado (Jos\u00e9 Luis Usero Vilchez)<\/a><\/span><\/strong><\/span><\/p>\n<\/td>\n<\/tr>\n<tr style=\"height: 35px\">\n<td style=\"border-style: double;border-color: #050505;width: 22.5855%;text-align: center;height: 35px\" colspan=\"5\"><span style=\"text-decoration: underline\"><span style=\"font-size: 20pt\"><strong><span style=\"color: #000000;text-decoration: underline\">TABLAS DE FRECUENCIAS<\/span><\/strong><\/span><\/span><\/p>\n<p><span style=\"text-decoration: underline\"><span style=\"font-size: 14pt\"><strong><span style=\"color: #800080;text-decoration: underline\">VIDEOS<\/span><\/strong><\/span><\/span><\/p>\n<p style=\"text-align: left;padding-left: 200px\"><span style=\"font-size: 14pt\"><strong><span style=\"color: #0000ff\"><a style=\"color: #0000ff\" href=\"https:\/\/www.youtube.com\/embed\/xq6tBKbg3HQ\" target=\"_blank\" rel=\"noopener noreferrer\">Datos aislados (Susy)<\/a><\/span><\/strong><\/span><\/p>\n<p style=\"text-align: left;padding-left: 200px\"><span style=\"font-size: 14pt\"><strong><span style=\"color: #0000ff\"><a style=\"color: #0000ff\" href=\"https:\/\/www.youtube.com\/embed\/-5GPQSqYuLU\" target=\"_blank\" rel=\"noopener noreferrer\">Datos aislados (MatalasMates)<\/a><\/span><\/strong><\/span><\/p>\n<p style=\"text-align: left;padding-left: 200px\"><span style=\"font-size: 14pt\"><strong><span style=\"color: #0000ff\"><a style=\"color: #0000ff\" href=\"https:\/\/www.youtube.com\/embed\/4FhW3_jV0TM\" target=\"_blank\" rel=\"noopener noreferrer\">Datos aislados (chiltopia)<\/a><\/span><\/strong><\/span><\/p>\n<p style=\"text-align: left;padding-left: 200px\"><span style=\"font-size: 14pt\"><strong><span style=\"color: #0000ff\"><a style=\"color: #0000ff\" href=\"https:\/\/www.youtube.com\/embed\/TnXXK8-_ZXw\" target=\"_blank\" rel=\"noopener noreferrer\">Datos agrupados (8cifras)<\/a><\/span><\/strong><\/span><\/p>\n<p style=\"text-align: left;padding-left: 200px\"><span style=\"font-size: 14pt\"><strong><span style=\"color: #0000ff\"><a style=\"color: #0000ff\" href=\"https:\/\/www.youtube.com\/embed\/MgzLlH4HWB8\" target=\"_blank\" rel=\"noopener noreferrer\">Datos agrupados (childtopia)<\/a><\/span><\/strong><\/span><\/p>\n<\/td>\n<\/tr>\n<tr style=\"height: 35px\">\n<td style=\"border-style: double;border-color: #050505;width: 22.5855%;text-align: center;height: 35px\" colspan=\"5\"><span style=\"text-decoration: underline\"><span style=\"font-size: 20pt\"><strong><span style=\"color: #000000;text-decoration: underline\">GR\u00c1FICOS ESTAD\u00cdSTICOS<\/span><\/strong><\/span><\/span><\/p>\n<p><span style=\"text-decoration: underline\"><span style=\"font-size: 14pt\"><strong><span style=\"color: #800080;text-decoration: underline\">VIDEOS<\/span><\/strong><\/span><\/span><\/p>\n<p style=\"text-align: left;padding-left: 200px\"><span style=\"font-size: 14pt\"><strong><span style=\"color: #0000ff\"><a style=\"color: #0000ff\" href=\"https:\/\/www.youtube.com\/embed\/MgRb07AlPSI\" target=\"_blank\" rel=\"noopener noreferrer\">Diagrama de barras (Unicoos)<\/a><\/span><\/strong><\/span><\/p>\n<p style=\"text-align: left;padding-left: 200px\"><span style=\"font-size: 14pt\"><strong><span style=\"color: #0000ff\"><a style=\"color: #0000ff\" href=\"https:\/\/www.youtube.com\/embed\/m4XqVQwa23k\" target=\"_blank\" rel=\"noopener noreferrer\">Diagrama de sectores (Unicoos)<\/a><\/span><\/strong><\/span><\/p>\n<p style=\"text-align: left;padding-left: 200px\"><span style=\"font-size: 14pt\"><strong><span style=\"color: #0000ff\"><a style=\"color: #0000ff\" href=\"https:\/\/www.youtube.com\/embed\/11sFf6zOQ2s?t=525s\" target=\"_blank\" rel=\"noopener noreferrer\">Diagrama de barras y de sectores (Unicoos)<\/a><\/span><\/strong><\/span><\/p>\n<p style=\"text-align: left;padding-left: 200px\"><span style=\"font-size: 14pt\"><strong><span style=\"color: #0000ff\"><a style=\"color: #0000ff\" href=\"https:\/\/www.youtube.com\/embed\/RE9eNdJuMGQ\" target=\"_blank\" rel=\"noopener noreferrer\">Gr\u00e1ficos estad\u00edsticos (shurprofe)<\/a><\/span><\/strong><\/span><\/p>\n<p style=\"text-align: left;padding-left: 200px\"><span style=\"font-size: 14pt\"><strong><span style=\"color: #0000ff\"><a style=\"color: #0000ff\" href=\"https:\/\/www.youtube.com\/embed\/j120LUI4k7g?t=70s\" target=\"_blank\" rel=\"noopener noreferrer\">Gr\u00e1ficos estad\u00edsticos (SLS Open)<\/a><\/span><\/strong><\/span><\/p>\n<p style=\"text-align: left;padding-left: 200px\"><span style=\"font-size: 14pt\"><strong><span style=\"color: #0000ff\"><a style=\"color: #0000ff\" href=\"https:\/\/www.youtube.com\/embed\/7WF4_r9bXhw?t=284s\" target=\"_blank\" rel=\"noopener noreferrer\">Gr\u00e1ficos estad\u00edsticos (egausscom)<\/a><\/span><\/strong><\/span><\/p>\n<\/td>\n<\/tr>\n<tr style=\"height: 35px\">\n<td style=\"border-style: double;border-color: #050505;width: 22.5855%;text-align: center;height: 35px\" colspan=\"5\"><span style=\"text-decoration: underline\"><span style=\"font-size: 20pt\"><strong><span style=\"color: #000000;text-decoration: underline\">PAR\u00c1METROS ESTAD\u00cdSTICOS<\/span><\/strong><\/span><\/span><\/p>\n<p><span style=\"text-decoration: underline\"><span style=\"font-size: 14pt\"><strong><span style=\"color: #800080;text-decoration: underline\">VIDEOS<\/span><\/strong><\/span><\/span><\/p>\n<p style=\"text-align: left;padding-left: 200px\"><span style=\"font-size: 14pt\"><strong><span style=\"color: #0000ff\"><a style=\"color: #0000ff\" href=\"https:\/\/www.youtube.com\/embed\/ttQVnKx313s\" target=\"_blank\" rel=\"noopener noreferrer\">Media aritm\u00e9tica y moda con datos aislados (Tuto mate)<\/a><\/span><\/strong><\/span><\/p>\n<p style=\"text-align: left;padding-left: 200px\"><span style=\"font-size: 14pt\"><strong><span style=\"color: #0000ff\"><a style=\"color: #0000ff\" href=\"https:\/\/www.youtube.com\/embed\/KKT9wctfmvE?t=267s\" target=\"_blank\" rel=\"noopener noreferrer\">Media aritm\u00e9tica con datos agrupados (lasmatematicas.es)<\/a><\/span><\/strong><\/span><\/p>\n<p style=\"text-align: left;padding-left: 200px\"><span style=\"font-size: 14pt\"><strong><span style=\"color: #0000ff\"><a style=\"color: #0000ff\" href=\"https:\/\/www.youtube.com\/embed\/PrfQK0RK-fQ\" target=\"_blank\" rel=\"noopener noreferrer\">Media ponderada (Jos\u00e9 Anfonio Redondo)<\/a><\/span><\/strong><\/span><\/p>\n<p style=\"text-align: left;padding-left: 200px\"><span style=\"font-size: 14pt\"><strong><span style=\"color: #0000ff\"><a style=\"color: #0000ff\" href=\"https:\/\/www.youtube.com\/embed\/oMMgYxfRBjM\" target=\"_blank\" rel=\"noopener noreferrer\">Moda para datos agrupados (lasmatematicas.es)<\/a><\/span><\/strong><\/span><\/p>\n<p style=\"text-align: left;padding-left: 200px\"><span style=\"font-size: 14pt\"><strong><span style=\"color: #0000ff\"><a style=\"color: #0000ff\" href=\"https:\/\/www.youtube.com\/embed\/TMytv17LpBg\" target=\"_blank\" rel=\"noopener noreferrer\">Mediana para \u201cpocos\u201d datos (podemos aprobar matematicas)<\/a><\/span><\/strong><\/span><\/p>\n<p style=\"text-align: left;padding-left: 200px\"><span style=\"font-size: 14pt\"><strong><span style=\"color: #0000ff\"><a style=\"color: #0000ff\" href=\"https:\/\/www.youtube.com\/embed\/ugOQZtMlwcY?t=243s\" target=\"_blank\" rel=\"noopener noreferrer\">Mediana y cuartiles para datos aislados (Jos\u00e9 Luis Usero V\u00edlchez)<\/a><\/span><\/strong><\/span><\/p>\n<p style=\"text-align: left;padding-left: 200px\"><span style=\"font-size: 14pt\"><strong><span style=\"color: #0000ff\"><a style=\"color: #0000ff\" href=\"https:\/\/www.youtube.com\/embed\/Mo6DOis4z3o\" target=\"_blank\" rel=\"noopener noreferrer\">Cuartiles, diagrama de caja y bigotes (matematicasyeso)<\/a><\/span><\/strong><\/span><\/p>\n<p style=\"text-align: left;padding-left: 200px\"><span style=\"font-size: 14pt\"><strong><span style=\"color: #0000ff\"><a style=\"color: #0000ff\" href=\"https:\/\/www.youtube.com\/embed\/nZ64iXyuD88\" target=\"_blank\" rel=\"noopener noreferrer\">Mediana para datos agrupados (lasmatematicas.es)<\/a><\/span><\/strong><\/span><\/p>\n<p style=\"text-align: left;padding-left: 200px\"><span style=\"font-size: 14pt\"><strong><span style=\"color: #0000ff\"><a style=\"color: #0000ff\" href=\"https:\/\/www.youtube.com\/embed\/xtCvDFU4WG0\" target=\"_blank\" rel=\"noopener noreferrer\">Varianza y desviaci\u00f3n t\u00edpica para datos agrupados (lasmatematicas.es)<\/a><\/span><\/strong><\/span><\/p>\n<p style=\"text-align: left;padding-left: 200px\"><span style=\"font-size: 14pt\"><strong><span style=\"color: #0000ff\"><a style=\"color: #0000ff\" href=\"https:\/\/www.youtube.com\/embed\/Vg5PD7FROgo\" target=\"_blank\" rel=\"noopener noreferrer\">Medidas estad\u00edsticas con datos aislados (Susy)<\/a><\/span><\/strong><\/span><\/p>\n<p style=\"text-align: left;padding-left: 200px\"><span style=\"font-size: 14pt\"><strong><span style=\"color: #0000ff\"><a style=\"color: #0000ff\" href=\"https:\/\/www.youtube.com\/embed\/h2tdhAgLLAw?t=813s\" target=\"_blank\" rel=\"noopener noreferrer\">Medidas estad\u00edsticas con datos aislados (Unicoos)<\/a><\/span><\/strong><\/span><\/p>\n<p style=\"text-align: left;padding-left: 200px\"><span style=\"font-size: 14pt\"><strong><span style=\"color: #0000ff\"><a style=\"color: #0000ff\" href=\"https:\/\/www.youtube.com\/embed\/_6jHw6Xm5fE\" target=\"_blank\" rel=\"noopener noreferrer\">Medidas estad\u00edsticas con datos agrupados (matematicasyeso)<\/a><\/span><\/strong><\/span><\/p>\n<p><span style=\"text-decoration: underline;color: #800000\"><span style=\"font-size: 14pt\"><strong><span>OTROS RECURSOS<\/span><\/strong><\/span><\/span><\/p>\n<p style=\"text-align: left;padding-left: 200px\"><span style=\"font-size: 14pt\"><strong><span style=\"color: #0000ff\"><a style=\"color: #0000ff\" href=\"http:\/\/recursostic.educacion.es\/secundaria\/edad\/3esofisicaquimica\/3quincena6\/actividades6\/masa_ponderada.htm\" target=\"_blank\" rel=\"noopener noreferrer\">Media ponderada (test de hotpotatoes)<\/a><\/span><\/strong><\/span><\/p>\n<p style=\"text-align: left;padding-left: 200px\"><span style=\"font-size: 14pt\"><strong><span style=\"color: #0000ff\"><a style=\"color: #0000ff\" href=\"http:\/\/dm.udc.es\/elearning\/Applets\/Estadistica_Barras\/index.html\" target=\"_blank\" rel=\"noopener noreferrer\">Medidas estad\u00edsticas (geogebra)<\/a><\/span><\/strong><\/span><\/p>\n<p style=\"text-align: left;padding-left: 200px\"><span style=\"font-size: 14pt\"><strong><span style=\"color: #0000ff\"><a style=\"color: #0000ff\" href=\"https:\/\/iesovvavera.educarex.es\/web\/ciencias\/estadistica.php\" target=\"_blank\" rel=\"noopener noreferrer\">Medidas estad\u00edsticas (test de educarex)<\/a><\/span><\/strong><\/span><\/p>\n<p style=\"text-align: left;padding-left: 200px\"><span style=\"font-size: 14pt\"><strong><span style=\"color: #0000ff\"><a style=\"color: #0000ff\" href=\"https:\/\/www.thatquiz.org\/es-5\/matematicas\/graficas\/\" target=\"_blank\" rel=\"noopener noreferrer\">Gr\u00e1ficos y medidas estad\u00edsticas (test de thatquiz)<\/a><\/span><\/strong><\/span><\/p>\n<p style=\"text-align: left;padding-left: 200px\"><span style=\"font-size: 14pt\"><strong><span style=\"color: #0000ff\"><a style=\"color: #0000ff\" href=\"https:\/\/www.ematematicas.net\/tablas_estadisticas.php?tipo=test\" target=\"_blank\" rel=\"noopener noreferrer\">Estad\u00edstica (tes de ematematicas.net)<\/a><\/span><\/strong><\/span><\/p>\n<p style=\"text-align: left;padding-left: 200px\"><span style=\"font-size: 14pt\"><strong><span style=\"color: #0000ff\"><a style=\"color: #0000ff\" href=\"http:\/\/dm.udc.es\/elearning\/Applets\/Diagrama_Caja\/index.html\" target=\"_blank\" rel=\"noopener noreferrer\">Diagrama de caja (geogebra)<\/a><\/span><\/strong><\/span><\/p>\n<p style=\"text-align: left;padding-left: 200px\"><span style=\"font-size: 14pt\"><strong><span style=\"color: #0000ff\"><a style=\"color: #0000ff\" href=\"https:\/\/clic.xtec.cat\/projects\/estadist\/jclic.js\/index.html\" target=\"_blank\" rel=\"noopener noreferrer\">Estad\u00edstica 3\u00ba ESO (actividades jclic)<\/a><\/span><\/strong><\/span><\/p>\n<p style=\"text-align: left;padding-left: 200px\"><span style=\"font-size: 14pt\"><strong><span style=\"color: #0000ff\"><a style=\"color: #0000ff\" href=\"http:\/\/recursostic.educacion.es\/secundaria\/edad\/4esomatematicasA\/4quincena11\/index_11.htm\" target=\"_blank\" rel=\"noopener noreferrer\">Estad\u00edstica variado(teor\u00eda y actividades de cidead)<\/a><\/span><\/strong><\/span><\/p>\n<\/td>\n<\/tr>\n<tr style=\"height: 71px\">\n<td style=\"border-style: double;border-color: #050505;width: 22.5855%;text-align: center;height: 71px\" colspan=\"5\"><span style=\"text-decoration: underline\"><span style=\"font-size: 20pt\"><strong><span style=\"color: #000000;text-decoration: underline\">VARIABLE ESTAD\u00cdSTICA BIDIMENSIONAL<\/span><\/strong><\/span><\/span><\/p>\n<p><span style=\"text-decoration: underline\"><span style=\"font-size: 14pt\"><strong><span style=\"color: #800080;text-decoration: underline\">VIDEOS<\/span><\/strong><\/span><\/span><\/p>\n<p style=\"text-align: left;padding-left: 200px\"><span style=\"font-size: 14pt\"><strong><span style=\"color: #0000ff\"><a style=\"color: #0000ff\" href=\"https:\/\/www.youtube.com\/embed\/j0fAJynAc9I\" target=\"_blank\" rel=\"noopener noreferrer\">Concepto de variable estad\u00edstica bidimensional (childtopia)<\/a><\/span><\/strong><\/span><\/p>\n<p style=\"text-align: left;padding-left: 200px\"><span style=\"font-size: 14pt\"><strong><span style=\"color: #0000ff\"><a style=\"color: #0000ff\" href=\"https:\/\/www.youtube.com\/embed\/7dxPBnunVWg\" target=\"_blank\" rel=\"noopener noreferrer\">Correlaci\u00f3n entre variables (childtopia)<\/a><\/span><\/strong><\/span><\/p>\n<p style=\"text-align: left;padding-left: 200px\"><span style=\"font-size: 14pt\"><strong><span style=\"color: #0000ff\"><a style=\"color: #0000ff\" href=\"https:\/\/www.youtube.com\/embed\/2kAvV8gcF6I\" target=\"_blank\" rel=\"noopener noreferrer\">Correlaci\u00f3n entre variables (childtopia)<\/a><\/span><\/strong><\/span><\/p>\n<p style=\"text-align: left;padding-left: 200px\"><span style=\"font-size: 14pt\"><strong><span style=\"color: #0000ff\"><a style=\"color: #0000ff\" href=\"https:\/\/www.youtube.com\/embed\/S1DPtadoXSA\" target=\"_blank\" rel=\"noopener noreferrer\">Diagrama de dispersi\u00f3n (Ruben Sebastian)<\/a><\/span><\/strong><\/span><\/p>\n<p style=\"text-align: left;padding-left: 200px\"><span style=\"font-size: 14pt\"><strong><span style=\"color: #0000ff\"><a style=\"color: #0000ff\" href=\"https:\/\/www.youtube.com\/embed\/V4QhUFnyGNg\" target=\"_blank\" rel=\"noopener noreferrer\">Diagrama de dispersi\u00f3n (estudiia)<\/a><\/span><\/strong><\/span><\/p>\n<p><span style=\"text-decoration: underline;color: #800000\"><span style=\"font-size: 14pt\"><strong>OTROS RECURSOS<\/strong><\/span><\/span><\/p>\n<p style=\"text-align: left;padding-left: 200px\"><span style=\"font-size: 14pt\"><strong><span style=\"color: #0000ff\"><a style=\"color: #0000ff\" href=\"https:\/\/www.plandemejora.com\/diagrama-de-dispersion-online\/\">diagrama de dispersi\u00f3n online<\/a>&nbsp; (plan de mejora)<\/span><\/strong><\/span><\/p>\n<p>&nbsp;<\/td>\n<\/tr>\n<tr style=\"height: 71px\">\n<td style=\"border-style: double;border-color: #050505;width: 22.5855%;text-align: center;height: 71px\" colspan=\"5\"><span style=\"text-decoration: underline\"><span style=\"font-size: 20pt\"><strong><span style=\"color: #000000;text-decoration: underline\">PAR\u00c1METROS ESTAD\u00cdSTICOS BIDIMENSIONALES<\/span><\/strong><\/span><\/span><\/p>\n<p><span style=\"text-decoration: underline\"><span style=\"font-size: 14pt\"><strong><span style=\"color: #800080;text-decoration: underline\">VIDEOS<\/span><\/strong><\/span><\/span><\/p>\n<p style=\"text-align: left;padding-left: 200px\"><span style=\"font-size: 14pt\"><strong><span style=\"color: #0000ff\"><a style=\"color: #0000ff\" href=\"https:\/\/www.youtube.com\/embed\/EjBoRGnjaAY\" target=\"_blank\" rel=\"noopener noreferrer\">Tablas de doble entrada (Ruben Sebastian)<\/a><\/span><\/strong><\/span><\/p>\n<p style=\"text-align: left;padding-left: 200px\"><span style=\"font-size: 14pt\"><strong><span style=\"color: #0000ff\"><a style=\"color: #0000ff\" href=\"https:\/\/www.youtube.com\/embed\/2JPzXmv7aUA\" target=\"_blank\" rel=\"noopener noreferrer\">Medidas estad\u00edsticas bidimensionales (Camilo Quijada)<\/a><\/span><\/strong><\/span><\/p>\n<p style=\"text-align: left;padding-left: 200px\"><span style=\"font-size: 14pt\"><strong><span style=\"color: #0000ff\"><a style=\"color: #0000ff\" href=\"https:\/\/www.youtube.com\/embed\/EjBoRGnjaAY\" target=\"_blank\" rel=\"noopener noreferrer\">Medidas estad\u00edsticas bidimensionales (Ruben Sebastian)<\/a><\/span><\/strong><\/span><\/p>\n<p style=\"text-align: left;padding-left: 200px\"><span style=\"font-size: 14pt\"><strong><span style=\"color: #0000ff\"><a style=\"color: #0000ff\" href=\"https:\/\/www.youtube.com\/embed\/iWJc176tHjM?t=168s\" target=\"_blank\" rel=\"noopener noreferrer\">Interpretaci\u00f3n del coeficiente de correlaci\u00f3n (childtopia)<\/a><\/span><\/strong><\/span><\/p>\n<\/td>\n<\/tr>\n<tr style=\"height: 35px\">\n<td style=\"border-style: double;border-color: #050505;width: 22.5855%;text-align: center;height: 35px\" colspan=\"5\"><span style=\"text-decoration: underline\"><span style=\"font-size: 20pt\"><strong><span style=\"color: #000000;text-decoration: underline\">RECTAS DE REGRESI\u00d3N<\/span><\/strong><\/span><\/span><\/p>\n<p><span style=\"text-decoration: underline\"><span style=\"font-size: 14pt\"><strong><span style=\"color: #800080;text-decoration: underline\">VIDEOS<\/span><\/strong><\/span><\/span><\/p>\n<p style=\"text-align: left;padding-left: 200px\"><span style=\"font-size: 14pt\"><strong><span style=\"color: #0000ff\"><a style=\"color: #0000ff\" href=\"https:\/\/www.youtube.com\/embed\/Jwulx_AvVBc\" target=\"_blank\" rel=\"noopener noreferrer\">Recta de regresi\u00f3n (Unicoos)<\/a><\/span><\/strong><\/span><\/p>\n<p style=\"text-align: left;padding-left: 200px\"><span style=\"font-size: 14pt\"><strong><span style=\"color: #0000ff\"><a style=\"color: #0000ff\" href=\"https:\/\/www.youtube.com\/embed\/wiSuKrHRvIc?t=631s\" target=\"_blank\" rel=\"noopener noreferrer\">Recta de regresi\u00f3n-1 (childtopia)<\/a><\/span><\/strong><\/span><\/p>\n<p style=\"text-align: left;padding-left: 200px\"><span style=\"font-size: 14pt\"><strong><span style=\"color: #0000ff\"><a style=\"color: #0000ff\" href=\"https:\/\/www.youtube.com\/embed\/Hz9QbQbOEx8?t=861s\" target=\"_blank\" rel=\"noopener noreferrer\">Recta de regresi\u00f3n-2 (childtopia)<\/a><\/span><\/strong><\/span><\/p>\n<p style=\"text-align: left;padding-left: 200px\"><span style=\"font-size: 14pt\"><strong><span style=\"color: #0000ff\"><a style=\"color: #0000ff\" href=\"https:\/\/www.youtube.com\/embed\/DdAM9DXfrGI?t=12s\" target=\"_blank\" rel=\"noopener noreferrer\">Problemas-1 (lasmatematicas.es)<\/a><\/span><\/strong><\/span><\/p>\n<p style=\"text-align: left;padding-left: 200px\"><span style=\"font-size: 14pt\"><strong><span style=\"color: #0000ff\"><a style=\"color: #0000ff\" href=\"https:\/\/www.youtube.com\/embed\/lGy3Qm7MeFc?t=6s\" target=\"_blank\" rel=\"noopener noreferrer\">Problemas-2 (lasmatematicas.es)<\/a><\/span><\/strong><\/span><\/p>\n<\/td>\n<\/tr>\n<\/tbody>\n<\/table>\n<p>&nbsp;<\/p>\n","protected":false},"excerpt":{"rendered":"<p>Teor\u00eda y actividades resueltas CONCEPTOS B\u00c1SICOS DE ESTAD\u00cdSTICA VIDEOS Conceptos b\u00e1sicos de estad\u00edstica (Matem\u00e1ticas profe Alex) Conceptos b\u00e1sicos de estad\u00edstica (Educatina) Poblaci\u00f3n y muestra (Matem\u00f3vil) Variables estad\u00edsticas (P\u00edldoras matem\u00e1ticas) Variables estad\u00edsticas (Educatina) Variables estad\u00edsticas (childtopia) MUESTREO VIDEOS Muestreos aleatorios (Jos\u00e9 Luis Usero Vilchez) Muestreo aleatorio proporcional estratificado (manuel luque) Muestreo aleatorio proporcional estratificado (Jos\u00e9 Luis &hellip; <\/p>\n<p><a class=\"more-link btn\" href=\"https:\/\/blogsaverroes.juntadeandalucia.es\/rafaelnunezmat\/estadistica-descriptiva\">Seguir leyendo<\/a><\/p>\n","protected":false},"author":10669,"featured_media":0,"parent":0,"menu_order":0,"comment_status":"closed","ping_status":"closed","template":"","meta":{"ngg_post_thumbnail":0,"footnotes":""},"aioseo_notices":[],"_links":{"self":[{"href":"https:\/\/blogsaverroes.juntadeandalucia.es\/rafaelnunezmat\/wp-json\/wp\/v2\/pages\/354"}],"collection":[{"href":"https:\/\/blogsaverroes.juntadeandalucia.es\/rafaelnunezmat\/wp-json\/wp\/v2\/pages"}],"about":[{"href":"https:\/\/blogsaverroes.juntadeandalucia.es\/rafaelnunezmat\/wp-json\/wp\/v2\/types\/page"}],"author":[{"embeddable":true,"href":"https:\/\/blogsaverroes.juntadeandalucia.es\/rafaelnunezmat\/wp-json\/wp\/v2\/users\/10669"}],"replies":[{"embeddable":true,"href":"https:\/\/blogsaverroes.juntadeandalucia.es\/rafaelnunezmat\/wp-json\/wp\/v2\/comments?post=354"}],"version-history":[{"count":17,"href":"https:\/\/blogsaverroes.juntadeandalucia.es\/rafaelnunezmat\/wp-json\/wp\/v2\/pages\/354\/revisions"}],"predecessor-version":[{"id":5032,"href":"https:\/\/blogsaverroes.juntadeandalucia.es\/rafaelnunezmat\/wp-json\/wp\/v2\/pages\/354\/revisions\/5032"}],"wp:attachment":[{"href":"https:\/\/blogsaverroes.juntadeandalucia.es\/rafaelnunezmat\/wp-json\/wp\/v2\/media?parent=354"}],"curies":[{"name":"wp","href":"https:\/\/api.w.org\/{rel}","templated":true}]}}