{"id":612,"date":"2021-08-16T18:47:25","date_gmt":"2021-08-16T18:47:25","guid":{"rendered":"https:\/\/blogsaverroes.juntadeandalucia.es\/rafaelnunezmat\/?page_id=612"},"modified":"2024-12-12T05:52:48","modified_gmt":"2024-12-12T05:52:48","slug":"olimpiadas-y-concursos","status":"publish","type":"page","link":"https:\/\/blogsaverroes.juntadeandalucia.es\/rafaelnunezmat\/olimpiadas-y-concursos","title":{"rendered":"OLIMPIADAS Y CONCURSOS"},"content":{"rendered":"<p><img loading=\"lazy\" decoding=\"async\" class=\"aligncenter \" src=\"https:\/\/www.smpm.es\/wp-content\/uploads\/2021\/04\/Olimpiadas_Matematicas_2020_entrada.png\" width=\"304\" height=\"209\"><\/p>\n<p style=\"padding-left: 200px\"><strong><span style=\"font-size: 14pt;color: #0000ff\"><a style=\"color: #0000ff\" href=\"https:\/\/thales.cica.es\/granada\/\" target=\"_blank\" rel=\"noopener noreferrer\">Thales (Granada)<\/a><\/span><\/strong><\/p>\n<p style=\"padding-left: 200px\"><span style=\"font-size: 14pt\"><a href=\"https:\/\/thales.cica.es\/estalmat\/oriental\/\" target=\"_blank\" rel=\"noopener noreferrer\"><strong><span style=\"color: #0000ff\">Estalmat (Andaluc\u00eda Oriental)<\/span><\/strong><\/a><span style=\"color: #000000\">: proyecto para la detecci\u00f3n y el est\u00edmulo del talento precoz en Matem\u00e1ticas<\/span><\/span><\/p>\n<p style=\"padding-left: 200px\"><strong><span style=\"font-size: 14pt;color: #0000ff\"><a style=\"color: #0000ff\" href=\"https:\/\/canguromat.es\" target=\"_blank\" rel=\"noopener noreferrer\">Concurso Canguro matem\u00e1tico<\/a><\/span><\/strong><\/p>\n<p style=\"padding-left: 200px\"><strong><span style=\"font-size: 14pt;color: #0000ff\"><a style=\"color: #0000ff\" href=\"https:\/\/linktr.ee\/olimpiadaguadalentin\" target=\"_blank\" rel=\"noopener\">Olimpiada Guadalent\u00edn (Pozo Alc\u00f3n)<\/a><\/span><\/strong><\/p>\n<p style=\"padding-left: 200px\"><strong><span style=\"color: #0000ff\"><a style=\"color: #0000ff\" href=\"https:\/\/www.ugr.es\/~olimpiada\/index.html\" target=\"_blank\" rel=\"noopener noreferrer\"><span style=\"font-size: 14pt\">Olimpiada Matem\u00e1tica Espa\u00f1ola (Universidad de Granada)<\/span><\/a><\/span><\/strong><\/p>\n<p style=\"padding-left: 200px\"><strong><span style=\"color: #0000ff\"><a style=\"color: #0000ff\" href=\"https:\/\/web.ujaen.es\/eventos\/omatematica\/oma\/\" target=\"_blank\" rel=\"noopener\"><span style=\"font-size: 14pt\">Olimpiada Matem\u00e1tica andaluza (Jaen)<\/span><\/a><\/span><\/strong><\/p>\n<p style=\"padding-left: 200px\"><strong><span style=\"color: #0000ff\"><a style=\"color: #0000ff\" href=\"https:\/\/www.unavarra.es\/olimpiada-matematica\" target=\"_blank\" rel=\"noopener noreferrer\"><span style=\"font-size: 14pt\">Olimpiada Matem\u00e1tica de Navarra<\/span><\/a><\/span><\/strong><\/p>\n<p style=\"padding-left: 200px\"><strong><span style=\"color: #0000ff\"><a style=\"color: #0000ff\" href=\"https:\/\/www.rsme.es\/olimpiada-matematica-espanola\/\" target=\"_blank\" rel=\"noopener noreferrer\"><span style=\"font-size: 14pt\">Olimpiada Matem\u00e1tica Espa\u00f1ola<\/span><\/a><\/span><\/strong><\/p>\n<p style=\"padding-left: 200px\">&nbsp;<\/p>\n<p style=\"padding-left: 200px\"><strong><span style=\"color: #0000ff\"><a style=\"color: #0000ff\" href=\"http:\/\/olimpiadamatematicadetoledo.blogspot.com\" target=\"_blank\" rel=\"noopener noreferrer\"><span style=\"font-size: 14pt\">Olimpiada Matem\u00e1tica de Toledo<\/span><\/a><\/span><\/strong><\/p>\n<p style=\"padding-left: 200px\"><strong><span style=\"color: #0000ff\"><a style=\"color: #0000ff\" href=\"https:\/\/www.semrm.com\/?m=inicio\" target=\"_blank\" rel=\"noopener noreferrer\"><span style=\"font-size: 14pt\">Olimpiadas (Regi\u00f3n de Murcia)<\/span><\/a><\/span><\/strong><\/p>\n<p style=\"padding-left: 200px\"><strong><span style=\"color: #0000ff\"><a style=\"color: #0000ff\" href=\"https:\/\/sites.google.com\/site\/oma2eso\/inicio\" target=\"_blank\" rel=\"noopener noreferrer\"><span style=\"font-size: 14pt\">Olimpiadas (Arag\u00f3n)<\/span><\/a><\/span><\/strong><\/p>\n<p style=\"padding-left: 200px\"><strong><span style=\"color: #0000ff\"><a style=\"color: #0000ff\" href=\"https:\/\/www.concursoprimavera.es\/index.html#concurso\" target=\"_blank\" rel=\"noopener\"><span style=\"font-size: 14pt\">Concurso de Primavera de Matem\u00e1ticas (Madrid)<\/span><\/a><\/span><\/strong><\/p>\n<p style=\"padding-left: 200px\">&nbsp;<\/p>\n<p style=\"padding-left: 200px\"><strong><span style=\"font-size: 14pt;color: #0000ff\"><a style=\"color: #0000ff\" href=\"https:\/\/www.oma.org.ar\/\" target=\"_blank\" rel=\"noopener\">Olimpiada Matem\u00e1tica Argentina<\/a><\/span><\/strong><\/p>\n<p style=\"padding-left: 200px\"><strong><span style=\"font-size: 14pt;color: #0000ff\"><a style=\"color: #0000ff\" href=\"https:\/\/www.ommenlinea.org\" target=\"_blank\" rel=\"noopener\">Olimpiada Matem\u00e1tica Mexicana<\/a><\/span><\/strong><\/p>\n<p>&nbsp;<\/p>\n","protected":false},"excerpt":{"rendered":"<p>Thales (Granada) Estalmat (Andaluc\u00eda Oriental): proyecto para la detecci\u00f3n y el est\u00edmulo del talento precoz en Matem\u00e1ticas Concurso Canguro matem\u00e1tico Olimpiada Guadalent\u00edn (Pozo Alc\u00f3n) Olimpiada Matem\u00e1tica Espa\u00f1ola (Universidad de Granada) Olimpiada Matem\u00e1tica andaluza (Jaen) Olimpiada Matem\u00e1tica de Navarra Olimpiada Matem\u00e1tica Espa\u00f1ola &nbsp; Olimpiada Matem\u00e1tica de Toledo Olimpiadas (Regi\u00f3n de Murcia) Olimpiadas (Arag\u00f3n) Concurso de Primavera &hellip; <\/p>\n<p><a class=\"more-link btn\" href=\"https:\/\/blogsaverroes.juntadeandalucia.es\/rafaelnunezmat\/olimpiadas-y-concursos\">Seguir leyendo<\/a><\/p>\n","protected":false},"author":10669,"featured_media":0,"parent":0,"menu_order":0,"comment_status":"closed","ping_status":"closed","template":"","meta":{"ngg_post_thumbnail":0,"footnotes":""},"aioseo_notices":[],"_links":{"self":[{"href":"https:\/\/blogsaverroes.juntadeandalucia.es\/rafaelnunezmat\/wp-json\/wp\/v2\/pages\/612"}],"collection":[{"href":"https:\/\/blogsaverroes.juntadeandalucia.es\/rafaelnunezmat\/wp-json\/wp\/v2\/pages"}],"about":[{"href":"https:\/\/blogsaverroes.juntadeandalucia.es\/rafaelnunezmat\/wp-json\/wp\/v2\/types\/page"}],"author":[{"embeddable":true,"href":"https:\/\/blogsaverroes.juntadeandalucia.es\/rafaelnunezmat\/wp-json\/wp\/v2\/users\/10669"}],"replies":[{"embeddable":true,"href":"https:\/\/blogsaverroes.juntadeandalucia.es\/rafaelnunezmat\/wp-json\/wp\/v2\/comments?post=612"}],"version-history":[{"count":10,"href":"https:\/\/blogsaverroes.juntadeandalucia.es\/rafaelnunezmat\/wp-json\/wp\/v2\/pages\/612\/revisions"}],"predecessor-version":[{"id":5076,"href":"https:\/\/blogsaverroes.juntadeandalucia.es\/rafaelnunezmat\/wp-json\/wp\/v2\/pages\/612\/revisions\/5076"}],"wp:attachment":[{"href":"https:\/\/blogsaverroes.juntadeandalucia.es\/rafaelnunezmat\/wp-json\/wp\/v2\/media?parent=612"}],"curies":[{"name":"wp","href":"https:\/\/api.w.org\/{rel}","templated":true}]}}