{"id":675,"date":"2021-08-19T11:36:37","date_gmt":"2021-08-19T11:36:37","guid":{"rendered":"https:\/\/blogsaverroes.juntadeandalucia.es\/rafaelnunezmat\/?page_id=675"},"modified":"2024-12-12T09:18:13","modified_gmt":"2024-12-12T09:18:13","slug":"didactica","status":"publish","type":"page","link":"https:\/\/blogsaverroes.juntadeandalucia.es\/rafaelnunezmat\/didactica","title":{"rendered":"DID\u00c1CTICA MATEM\u00c1TICA"},"content":{"rendered":"<p><img loading=\"lazy\" decoding=\"async\" class=\"aligncenter \" src=\"https:\/\/cdn.slidesharecdn.com\/ss_thumbnails\/didacticadelamatematica-120916193924-phpapp02-thumbnail-4.jpg?cb=1432230400\" width=\"383\" height=\"287\"><\/p>\n<p>&nbsp;<\/p>\n<p style=\"text-align: center\"><span style=\"font-size: 22pt\"><strong><span style=\"text-decoration: underline\"><span style=\"color: #000000;text-decoration: underline\">V\u00cdDEOS<\/span><\/span><\/strong><\/span><\/p>\n<p style=\"padding-left: 200px\"><strong><span style=\"font-size: 14pt;color: #0000ff\"><a style=\"color: #0000ff\" href=\"https:\/\/www.youtube.com\/embed\/X5LIWAJJNcY\" target=\"_blank\" rel=\"noopener noreferrer\">\u00bfC\u00f3mo educar sin premios ni castigos? (TEDx Talks)<\/a><\/span><\/strong><\/p>\n<p style=\"padding-left: 200px\"><strong><span style=\"font-size: 14pt;color: #0000ff\"><a style=\"color: #0000ff\" href=\"https:\/\/www.youtube.com\/embed\/r0JsFwsrmuU\" target=\"_blank\" rel=\"noopener noreferrer\">10 Trucos para enamorar a tus alumnos (Santiago Moll)<\/a><\/span><\/strong><\/p>\n<p style=\"padding-left: 200px\"><strong><span style=\"font-size: 14pt;color: #0000ff\"><a style=\"color: #0000ff\" href=\"https:\/\/www.youtube.com\/embed\/6yZlEsxgEhk\" target=\"_blank\" rel=\"noopener noreferrer\">\u00bfC\u00f3mo dar clase a los que no quieren? (Universidad Miguel Hern\u00e1ndez de Elche)<\/a><\/span><\/strong><\/p>\n<p style=\"padding-left: 200px\"><strong><span style=\"font-size: 14pt;color: #0000ff\"><a style=\"color: #0000ff\" href=\"https:\/\/www.youtube.com\/embed\/5WnjvtvuzVA\" target=\"_blank\" rel=\"noopener noreferrer\">\u00bfC\u00f3mo interviene la motivaci\u00f3n en el aprendizaje de los ni\u00f1os? (Aprendemos juntos 2030, Chema L\u00e1zaro)<\/a><\/span><\/strong><\/p>\n<p style=\"padding-left: 200px\"><strong><span style=\"font-size: 14pt;color: #0000ff\"><a style=\"color: #0000ff\" href=\"https:\/\/www.youtube.com\/embed\/THU7thc4U9E\" target=\"_blank\" rel=\"noopener noreferrer\">El fen\u00f3meno finland\u00e9s: el sistema escolar m\u00e1s asombroso del mundo (Documentales Zona33)<\/a><\/span><\/strong><\/p>\n<p style=\"padding-left: 200px\"><strong><span style=\"font-size: 14pt;color: #0000ff\"><a style=\"color: #0000ff\" href=\"https:\/\/www.rtve.es\/alacarta\/videos\/telediario\/problemas-matematicas-pueden-provocar-dolor-psiquico-fisico-escolares\/1660462\/\" target=\"_blank\" rel=\"noopener noreferrer\">Los problemas de matem\u00e1ticas pueden provocar dolor ps\u00edquico y f\u00edsico en los escolares (rtve a la carta)<\/a><\/span><\/strong><\/p>\n<p style=\"padding-left: 200px\"><strong><span style=\"font-size: 14pt;color: #0000ff\"><a style=\"color: #0000ff\" href=\"https:\/\/www.youtube.com\/embed\/gGM7uA83aOM\" target=\"_blank\" rel=\"noopener noreferrer\">Matem\u00e1ticas y realidad 2021 (UPM)<\/a><\/span><\/strong><\/p>\n<p style=\"padding-left: 200px\"><strong><span style=\"font-size: 14pt;color: #0000ff\"><a style=\"color: #0000ff\" href=\"https:\/\/www.youtube.com\/embed\/D3UTKOfQwJY\" target=\"_blank\" rel=\"noopener noreferrer\">\u00bfPara qu\u00e9 sirven las mates? (UPM)<\/a><\/span><\/strong><\/p>\n<p style=\"padding-left: 200px\">&nbsp;<\/p>\n<p style=\"text-align: center\"><span style=\"font-size: 22pt\"><strong><span style=\"text-decoration: underline\"><span style=\"color: #000000;text-decoration: underline\">OTROS RECURSOS<\/span><\/span><\/strong><\/span><\/p>\n<p style=\"padding-left: 200px\"><span style=\"font-size: 14pt\"><a href=\"https:\/\/www.agenciasinc.es\/Reportajes\/Ansiedad-por-los-numeros\/(offset)\/5\" target=\"_blank\" rel=\"noopener noreferrer\"><strong><span style=\"color: #0000ff\">Reportaje: Ansiedad por los n\u00fameros (web Agencia Sinc.es)<\/span><\/strong><\/a><\/span><\/p>\n<p style=\"padding-left: 200px\"><strong><span style=\"font-size: 14pt;color: #0000ff\"><a style=\"color: #0000ff\" href=\"http:\/\/elblogqueteharapensar.blogspot.com\/\" target=\"_blank\" rel=\"noopener noreferrer\">El Blog que te har\u00e1 pensar, el modelo de aula invertida<\/a>&nbsp;<\/span><\/strong><\/p>\n<p style=\"padding-left: 200px\"><strong><span style=\"font-size: 14pt;color: #0000ff\"><a style=\"color: #0000ff\" href=\"https:\/\/www.aiem.es\/index.php\/aiem\" target=\"_blank\" rel=\"noopener noreferrer\">Web Avances de Investigaci\u00f3n en Educaci\u00f3n Matem\u00e1tica (AIEM)<\/a><\/span><\/strong><\/p>\n<p style=\"padding-left: 200px\"><strong><span style=\"font-size: 14pt;color: #0000ff\"><a style=\"color: #0000ff\" href=\"https:\/\/www.lavanguardia.com\/vivo\/lifestyle\/20210314\/6291522\/dia-internacional-matematicas-beneficios-mente.html\" target=\"_blank\" rel=\"noopener noreferrer\">\u00bfPara qu\u00e9 sirven las mates? (web Lavanguardia)<\/a><\/span><\/strong><\/p>\n<p>&nbsp;<\/p>\n","protected":false},"excerpt":{"rendered":"<p>&nbsp; V\u00cdDEOS \u00bfC\u00f3mo educar sin premios ni castigos? (TEDx Talks) 10 Trucos para enamorar a tus alumnos (Santiago Moll) \u00bfC\u00f3mo dar clase a los que no quieren? (Universidad Miguel Hern\u00e1ndez de Elche) \u00bfC\u00f3mo interviene la motivaci\u00f3n en el aprendizaje de los ni\u00f1os? (Aprendemos juntos 2030, Chema L\u00e1zaro) El fen\u00f3meno finland\u00e9s: el sistema escolar m\u00e1s asombroso &hellip; <\/p>\n<p><a class=\"more-link btn\" href=\"https:\/\/blogsaverroes.juntadeandalucia.es\/rafaelnunezmat\/didactica\">Seguir leyendo<\/a><\/p>\n","protected":false},"author":10669,"featured_media":0,"parent":0,"menu_order":0,"comment_status":"closed","ping_status":"closed","template":"","meta":{"ngg_post_thumbnail":0,"footnotes":""},"aioseo_notices":[],"_links":{"self":[{"href":"https:\/\/blogsaverroes.juntadeandalucia.es\/rafaelnunezmat\/wp-json\/wp\/v2\/pages\/675"}],"collection":[{"href":"https:\/\/blogsaverroes.juntadeandalucia.es\/rafaelnunezmat\/wp-json\/wp\/v2\/pages"}],"about":[{"href":"https:\/\/blogsaverroes.juntadeandalucia.es\/rafaelnunezmat\/wp-json\/wp\/v2\/types\/page"}],"author":[{"embeddable":true,"href":"https:\/\/blogsaverroes.juntadeandalucia.es\/rafaelnunezmat\/wp-json\/wp\/v2\/users\/10669"}],"replies":[{"embeddable":true,"href":"https:\/\/blogsaverroes.juntadeandalucia.es\/rafaelnunezmat\/wp-json\/wp\/v2\/comments?post=675"}],"version-history":[{"count":8,"href":"https:\/\/blogsaverroes.juntadeandalucia.es\/rafaelnunezmat\/wp-json\/wp\/v2\/pages\/675\/revisions"}],"predecessor-version":[{"id":5084,"href":"https:\/\/blogsaverroes.juntadeandalucia.es\/rafaelnunezmat\/wp-json\/wp\/v2\/pages\/675\/revisions\/5084"}],"wp:attachment":[{"href":"https:\/\/blogsaverroes.juntadeandalucia.es\/rafaelnunezmat\/wp-json\/wp\/v2\/media?parent=675"}],"curies":[{"name":"wp","href":"https:\/\/api.w.org\/{rel}","templated":true}]}}