{"id":86,"date":"2021-06-01T06:17:09","date_gmt":"2021-06-01T06:17:09","guid":{"rendered":"https:\/\/blogsaverroes.juntadeandalucia.es\/rafaelnunezmat\/?page_id=86"},"modified":"2024-12-13T13:32:36","modified_gmt":"2024-12-13T13:32:36","slug":"divisibilidad","status":"publish","type":"page","link":"https:\/\/blogsaverroes.juntadeandalucia.es\/rafaelnunezmat\/divisibilidad","title":{"rendered":"Divisibilidad"},"content":{"rendered":"<p><img loading=\"lazy\" decoding=\"async\" class=\"aligncenter \" src=\"https:\/\/cerebriti.b-cdn.net\/uploads\/FB_0da5122071b0ecef3662d7880f905b90.png\" width=\"404\" height=\"231\"><\/p>\n<p style=\"text-align: center\"><span style=\"font-size: 24pt;color: #008000\"><strong><a style=\"color: #008000\" href=\"https:\/\/blogsaverroes.juntadeandalucia.es\/rafaelnunezmat\/files\/2022\/01\/DIVISIBILIDAD.pdf\" target=\"_blank\" rel=\"noopener noreferrer\">Teor\u00eda y actividades resueltas<\/a><\/strong><\/span><\/p>\n<p>&nbsp;<\/p>\n<table style=\"height: 130px;width: 99.774%;border-collapse: collapse;border-style: none;border-color: #030000\" border=\"1\" cellpadding=\"0\">\n<tbody>\n<tr style=\"height: 24px\">\n<td style=\"width: 4.21875%;height: 24px;text-align: center;border-color: #030000\" colspan=\"3\"><span style=\"text-decoration: underline;font-size: 20pt\"><span style=\"color: #000000\"><strong>M\u00daLTIPLOS Y DIVISORES<\/strong><\/span><\/span><\/p>\n<p><span style=\"text-decoration: underline\"><span style=\"font-size: 16pt\"><strong><span style=\"color: #800080;text-decoration: underline\">VIDEOS<\/span><\/strong><\/span><\/span><\/p>\n<p style=\"text-align: left;padding-left: 200px\"><span style=\"color: #0000ff\"><strong><span style=\"font-size: 14pt\"><a style=\"color: #0000ff\" href=\"https:\/\/www.youtube.com\/embed\/LDxXFZjh1_E\" target=\"_blank\" rel=\"noopener noreferrer\">Relaci\u00f3n de divisibilidad (estudiia)<\/a><\/span><\/strong><\/span><\/p>\n<p style=\"text-align: left;padding-left: 200px\"><span style=\"color: #0000ff\"><strong><span style=\"font-size: 14pt\"><a style=\"color: #0000ff\" href=\"https:\/\/www.youtube.com\/embed\/BU6dqmkTCjU\" target=\"_blank\" rel=\"noopener noreferrer\">C\u00e1lculo de los m\u00faltiplos (Archimedes Tube)<\/a><\/span><\/strong><\/span><\/p>\n<p style=\"text-align: left;padding-left: 200px\"><span style=\"color: #0000ff\"><strong><span style=\"font-size: 14pt\"><a style=\"color: #0000ff\" href=\"https:\/\/www.youtube.com\/embed\/EyUo4ITZqws?t=84s\" target=\"_blank\" rel=\"noopener noreferrer\">C\u00e1lculo de los m\u00faltiplos (childtopia)<\/a><\/span><\/strong><\/span><\/p>\n<p style=\"text-align: left;padding-left: 200px\"><span style=\"color: #0000ff\"><strong><span style=\"font-size: 14pt\"><a style=\"color: #0000ff\" href=\"https:\/\/www.youtube.com\/embed\/Hh1LAyd2qXU\" target=\"_blank\" rel=\"noopener noreferrer\">C\u00e1lculo de los divisores (Archimedes Tube)<\/a><\/span><\/strong><\/span><\/p>\n<p style=\"text-align: left;padding-left: 200px\"><span style=\"color: #0000ff\"><strong><span style=\"font-size: 14pt\"><a style=\"color: #0000ff\" href=\"https:\/\/www.youtube.com\/embed\/C4lcc6m_b44\" target=\"_blank\" rel=\"noopener noreferrer\">C\u00e1lculo de los divisores (estudiia)<\/a><\/span><\/strong><\/span><\/p>\n<p style=\"text-align: left;padding-left: 200px\"><span style=\"color: #0000ff\"><strong><span style=\"font-size: 14pt\"><a style=\"color: #0000ff\" href=\"https:\/\/www.youtube.com\/embed\/qWeiHm9WaH8?t=1s\" target=\"_blank\" rel=\"noopener noreferrer\">Problema, f\u00f3sforos y cuadrado (Profe AlexZ)<\/a><\/span><\/strong><\/span><\/p>\n<p style=\"text-align: left;padding-left: 200px\"><span style=\"color: #0000ff\"><strong><span style=\"font-size: 14pt\"><a style=\"color: #0000ff\" href=\"https:\/\/www.youtube.com\/embed\/t0-MzjuDDOY\" target=\"_blank\" rel=\"noopener noreferrer\">Problema, bolitas (Educatina)<\/a><\/span><\/strong><\/span><\/p>\n<p style=\"text-align: left;padding-left: 200px\"><span style=\"color: #0000ff\"><strong><span style=\"font-size: 14pt\"><a style=\"color: #0000ff\" href=\"https:\/\/www.youtube.com\/embed\/L_KtmpckhDg\" target=\"_blank\" rel=\"noopener noreferrer\">Problema, d\u00edas de la semana (Profe AlexZ)<\/a><\/span><\/strong><\/span><\/p>\n<p style=\"text-align: left;padding-left: 200px\"><span style=\"color: #0000ff\"><strong><span style=\"font-size: 14pt\"><a style=\"color: #0000ff\" href=\"https:\/\/www.youtube.com\/embed\/wkvAuHYxw20?t=175s\" target=\"_blank\" rel=\"noopener noreferrer\">Problema, escaleras y pisos (Profe AlexZ)<\/a><\/span><\/strong><\/span><\/p>\n<p style=\"text-align: left;padding-left: 200px\"><span style=\"color: #0000ff\"><strong><span style=\"font-size: 14pt\"><a style=\"color: #0000ff\" href=\"https:\/\/www.youtube.com\/embed\/p361RGbWdz4\" target=\"_blank\" rel=\"noopener noreferrer\">Problema, trabajo y descanso, d\u00edas de la semana (Profe AlexZ)<\/a><\/span><\/strong><\/span><\/p>\n<p style=\"text-align: left;padding-left: 200px\"><span style=\"color: #0000ff\"><strong><span style=\"font-size: 14pt\"><a style=\"color: #0000ff\" href=\"https:\/\/www.youtube.com\/embed\/ca10JyDU--A\" target=\"_blank\" rel=\"noopener noreferrer\">Problema, decir n\u00fameros (Profe AlexZ)<\/a><\/span><\/strong><\/span><\/p>\n<p><span style=\"text-decoration: underline;color: #800000\"><span style=\"font-size: 16pt\"><strong>OTROS RECURSOS<\/strong><\/span><\/span><\/p>\n<p style=\"text-align: left;padding-left: 200px\"><span style=\"color: #0000ff\"><strong><span style=\"font-size: 14pt\"><a style=\"color: #0000ff\" href=\"https:\/\/www.educaplay.com\/game\/678176-elegir_divisibilidad.html\" target=\"_blank\" rel=\"noopener noreferrer\">M\u00faltiplos y divisores (test de educaplay)<\/a><\/span><\/strong><\/span><\/p>\n<\/td>\n<\/tr>\n<tr style=\"height: 24px\">\n<td style=\"width: 4.21875%;height: 24px;text-align: center;border-color: #030000\" colspan=\"3\"><span style=\"text-decoration: underline;font-size: 20pt\"><span style=\"color: #000000\"><strong>CRITERIOS DE DIVISIBILIDAD<\/strong><\/span><\/span><\/p>\n<p><span style=\"text-decoration: underline\"><span style=\"font-size: 16pt\"><strong><span style=\"color: #800080;text-decoration: underline\">VIDEOS<\/span><\/strong><\/span><\/span><\/p>\n<p style=\"text-align: left;padding-left: 200px\"><span style=\"color: #0000ff\"><strong><span style=\"font-size: 14pt\"><a style=\"color: #0000ff\" href=\"https:\/\/www.youtube.com\/embed\/MSnqiWrwrvo\" target=\"_blank\" rel=\"noopener noreferrer\">Criterios de divisibilidad (Sensei de las mates)<\/a><\/span><\/strong><\/span><\/p>\n<p style=\"text-align: left;padding-left: 200px\"><span style=\"color: #0000ff\"><strong><span style=\"font-size: 14pt\"><a style=\"color: #0000ff\" href=\"https:\/\/www.youtube.com\/embed\/BglltQZFab0\" target=\"_blank\" rel=\"noopener noreferrer\">Criterios de divisibilidad (Unicoos)<\/a><\/span><\/strong><\/span><\/p>\n<p><span style=\"text-decoration: underline;color: #800000\"><span style=\"font-size: 16pt\"><strong>OTROS RECURSOS<\/strong><\/span><\/span><\/p>\n<p style=\"text-align: left;padding-left: 200px\"><span style=\"color: #0000ff\"><strong><span style=\"font-size: 14pt\"><a style=\"color: #0000ff\" href=\"https:\/\/www.educaplay.com\/game\/14804-criterios_de_divisibilidad.html\" target=\"_blank\" rel=\"noopener noreferrer\">Criterios de divisibilidad (test de educaplay)<\/a><\/span><\/strong><\/span><\/p>\n<p style=\"text-align: left;padding-left: 200px\"><span style=\"color: #0000ff\"><strong><span style=\"font-size: 14pt\"><a style=\"color: #0000ff\" href=\"https:\/\/clic.xtec.cat\/projects\/divisib\/jclic.js\/index.html\" target=\"_blank\" rel=\"noopener noreferrer\">M\u00faltiplos, divisores y criterios de divisibilidad (actividad jclic)<\/a><\/span><\/strong><\/span><\/p>\n<\/td>\n<\/tr>\n<tr style=\"height: 48px\">\n<td style=\"width: 4.21875%;height: 48px;text-align: center;border-color: #030000\" colspan=\"3\"><span style=\"text-decoration: underline;font-size: 20pt\"><span style=\"color: #000000\"><strong>N\u00daMEROS PRIMOS Y FACTORIZACI\u00d3N<\/strong><\/span><\/span><\/p>\n<p><span style=\"text-decoration: underline\"><span style=\"font-size: 16pt\"><strong><span style=\"color: #800080;text-decoration: underline\">VIDEOS<\/span><\/strong><\/span><\/span><\/p>\n<p style=\"text-align: left;padding-left: 200px\"><span style=\"color: #0000ff\"><strong><span style=\"font-size: 14pt\"><a style=\"color: #0000ff\" href=\"https:\/\/www.youtube.com\/embed\/vqTWUCL-vZg\" target=\"_blank\" rel=\"noopener noreferrer\">Criba de Erat\u00f3stenes, alumnas (Principia pedag\u00f3gica el\u00e9ntica heur\u00edstica)<\/a><\/span><\/strong><\/span><\/p>\n<p style=\"text-align: left;padding-left: 200px\"><span style=\"color: #0000ff\"><strong><span style=\"font-size: 14pt\"><a style=\"color: #0000ff\" href=\"https:\/\/www.youtube.com\/embed\/zrWIk9YUzJ8\" target=\"_blank\" rel=\"noopener noreferrer\">Averiguar si un n\u00famero es primo (matematicasyeso)<\/a><\/span><\/strong><\/span><\/p>\n<p style=\"text-align: left;padding-left: 200px\"><span style=\"color: #0000ff\"><strong><span style=\"font-size: 14pt\"><a style=\"color: #0000ff\" href=\"https:\/\/www.youtube.com\/embed\/L5jJdIYySe8\" target=\"_blank\" rel=\"noopener noreferrer\">Averiguar si un n\u00famero es primo (math2me)<\/a><\/span><\/strong><\/span><\/p>\n<p style=\"text-align: left;padding-left: 200px\"><span style=\"color: #0000ff\"><strong><span style=\"font-size: 14pt\"><a style=\"color: #0000ff\" href=\"https:\/\/www.youtube.com\/embed\/b2YH6YZwKiM\" target=\"_blank\" rel=\"noopener noreferrer\">Factorizaci\u00f3n (Sensei de las mates)<\/a><\/span><\/strong><\/span><\/p>\n<p style=\"text-align: left;padding-left: 200px\"><span style=\"color: #0000ff\"><strong><span style=\"font-size: 14pt\"><a style=\"color: #0000ff\" href=\"https:\/\/www.youtube.com\/embed\/t_bR7dv5bxI\" target=\"_blank\" rel=\"noopener noreferrer\">Factorizaci\u00f3n (Julioprofe)<\/a><\/span><\/strong><\/span><\/p>\n<p style=\"text-align: left;padding-left: 200px\"><span style=\"color: #0000ff\"><strong><span style=\"font-size: 14pt\"><a style=\"color: #0000ff\" href=\"https:\/\/www.youtube.com\/embed\/86a8zCLNwS0\" target=\"_blank\" rel=\"noopener noreferrer\">Factorizaci\u00f3n (antoniocauchy)<\/a><\/span><\/strong><\/span><\/p>\n<p style=\"text-align: left;padding-left: 200px\"><span style=\"color: #0000ff\"><strong><span style=\"font-size: 14pt\"><a style=\"color: #0000ff\" href=\"https:\/\/www.youtube.com\/embed\/owCgyHbCF1c\" target=\"_blank\" rel=\"noopener noreferrer\">Divisibilidad usando piezas de Lego (Matesenelinsti)<\/a><\/span><\/strong><\/span><\/p>\n<p><span style=\"text-decoration: underline;color: #800000\"><span style=\"font-size: 16pt\"><strong>OTROS RECURSOS<\/strong><\/span><\/span><\/p>\n<p style=\"text-align: left;padding-left: 200px\"><span style=\"color: #0000ff\"><strong><span style=\"font-size: 14pt\"><a style=\"color: #0000ff\" href=\"https:\/\/clic.xtec.cat\/projects\/esperato\/jclic.js\/index.html\" target=\"_blank\" rel=\"noopener noreferrer\">Criba de Erat\u00f3stenes (actividad jclic)<\/a><\/span><\/strong><\/span><\/p>\n<\/td>\n<\/tr>\n<tr style=\"height: 24px\">\n<td style=\"width: 4.21875%;height: 24px;text-align: center;border-color: #030000\" colspan=\"3\"><span style=\"text-decoration: underline;font-size: 20pt\"><span style=\"color: #000000\"><strong>M\u00c1XIMO COM\u00daN DIVISOR Y M\u00cdNIMO COM\u00daN M\u00daLTIPLO<\/strong><\/span><\/span><\/p>\n<p><span style=\"text-decoration: underline\"><span style=\"font-size: 16pt\"><strong><span style=\"color: #800080;text-decoration: underline\">VIDEOS<\/span><\/strong><\/span><\/span><\/p>\n<p style=\"text-align: left;padding-left: 200px\"><span style=\"color: #0000ff\"><strong><span style=\"font-size: 14pt\"><a style=\"color: #0000ff\" href=\"https:\/\/www.youtube.com\/embed\/vqM1CWkOzms\" target=\"_blank\" rel=\"noopener noreferrer\">MCD usando los divisores (Unicoos)<\/a><\/span><\/strong><\/span><\/p>\n<p style=\"text-align: left;padding-left: 200px\"><span style=\"color: #0000ff\"><strong><span style=\"font-size: 14pt\"><a style=\"color: #0000ff\" href=\"https:\/\/www.youtube.com\/embed\/H3H1jkEEd6w\" target=\"_blank\" rel=\"noopener noreferrer\">MCD de 2 o m\u00e1s n\u00fameros usando los divisores (podemos aprobar matem\u00e1ticas)<\/a><\/span><\/strong><\/span><\/p>\n<p style=\"text-align: left;padding-left: 200px\"><span style=\"color: #0000ff\"><strong><span style=\"font-size: 14pt\"><a style=\"color: #0000ff\" href=\"https:\/\/www.youtube.com\/embed\/e4Kd38jkFaQ\" target=\"_blank\" rel=\"noopener noreferrer\">MCD, concepto y formas de calcularlo, m\u00e9todo supercorto (Julioprofe)<\/a><\/span><\/strong><\/span><\/p>\n<p style=\"text-align: left;padding-left: 200px\"><span style=\"color: #0000ff\"><strong><span style=\"font-size: 14pt\"><a style=\"color: #0000ff\" href=\"https:\/\/www.youtube.com\/embed\/mBrhLAcXcPg\" target=\"_blank\" rel=\"noopener noreferrer\">N\u00fameros primos entre s\u00ed (childtopia)<\/a><\/span><\/strong><\/span><\/p>\n<p style=\"text-align: left;padding-left: 200px\"><span style=\"color: #0000ff\"><strong><span style=\"font-size: 14pt\"><a style=\"color: #0000ff\" href=\"https:\/\/www.youtube.com\/embed\/t3QKrUxDmU0\" target=\"_blank\" rel=\"noopener noreferrer\">MCM usando los m\u00faltiplos (Jos\u00e9 Luis Usero V\u00edlchez)<\/a><\/span><\/strong><\/span><\/p>\n<p style=\"text-align: left;padding-left: 200px\"><span style=\"color: #0000ff\"><strong><span style=\"font-size: 14pt\"><a style=\"color: #0000ff\" href=\"https:\/\/www.youtube.com\/embed\/0615FHPfNDs\" target=\"_blank\" rel=\"noopener noreferrer\">MCM por factorizaci\u00f3n (Itziar Olaizola)<\/a><\/span><\/strong><\/span><\/p>\n<p style=\"text-align: left;padding-left: 200px\"><span style=\"color: #0000ff\"><strong><span style=\"font-size: 14pt\"><a style=\"color: #0000ff\" href=\"https:\/\/www.youtube.com\/embed\/XmRg6UBOBiA?t=16s\" target=\"_blank\" rel=\"noopener noreferrer\">MCM, concepto y formas de calcularlo, m\u00e9todo supercorto (Julioprofe)<\/a><\/span><\/strong><\/span><\/p>\n<p style=\"text-align: left;padding-left: 200px\"><span style=\"color: #0000ff\"><strong><span style=\"font-size: 14pt\"><a style=\"color: #0000ff\" href=\"https:\/\/www.youtube.com\/embed\/o-y3mprlYkE\" target=\"_blank\" rel=\"noopener noreferrer\">MCD y MCM por factorizaci\u00f3n (Math4all)<\/a><\/span><\/strong><\/span><\/p>\n<p style=\"text-align: left;padding-left: 200px\"><span style=\"color: #0000ff\"><strong><span style=\"font-size: 14pt\"><a style=\"color: #0000ff\" href=\"https:\/\/www.youtube.com\/embed\/8ewXh5Ofv54\" target=\"_blank\" rel=\"noopener noreferrer\">MCD y MCM por factorizaci\u00f3n (lasmatematicas.es)<\/a><\/span><\/strong><\/span><\/p>\n<p style=\"text-align: left;padding-left: 200px\"><span style=\"color: #0000ff\"><strong><span style=\"font-size: 14pt\"><a style=\"color: #0000ff\" href=\"https:\/\/www.youtube.com\/embed\/p3Jmh4gqJSg\" target=\"_blank\" rel=\"noopener noreferrer\">MCD y MCM por factorizaci\u00f3n (Jos\u00e9 Luis Usero V\u00edlchez)<\/a><\/span><\/strong><\/span><\/p>\n<p style=\"text-align: left;padding-left: 200px\"><span style=\"color: #0000ff\"><strong><span style=\"font-size: 14pt\"><a style=\"color: #0000ff\" href=\"https:\/\/www.youtube.com\/embed\/ZC15RlQw0qE\" target=\"_blank\" rel=\"noopener noreferrer\">Otras formas de hallar el MCD y MCM (Profesor Particular Puebla)<\/a><\/span><\/strong><\/span><\/p>\n<p style=\"text-align: left;padding-left: 200px\"><span style=\"color: #0000ff\"><strong><span style=\"font-size: 14pt\"><a style=\"color: #0000ff\" href=\"https:\/\/www.youtube.com\/embed\/036pOZO0hV4\" target=\"_blank\" rel=\"noopener noreferrer\">MCD por el m\u00e9todo de Euclides (JaqueEnMates)<\/a><\/span><\/strong><\/span><\/p>\n<p style=\"text-align: left;padding-left: 200px\"><span style=\"color: #0000ff\"><strong><span style=\"font-size: 14pt\"><a style=\"color: #0000ff\" href=\"https:\/\/www.youtube.com\/embed\/TnRMUVNruzw\" target=\"_blank\" rel=\"noopener noreferrer\">MCD, problema (algebrita)<\/a><\/span><\/strong><\/span><\/p>\n<p style=\"text-align: left;padding-left: 200px\"><span style=\"color: #0000ff\"><strong><span style=\"font-size: 14pt\"><a style=\"color: #0000ff\" href=\"https:\/\/www.youtube.com\/embed\/iUVvdZY9msA\" target=\"_blank\" rel=\"noopener noreferrer\">MCM, problema (arodriga10)<\/a><\/span><\/strong><\/span><\/p>\n<p style=\"text-align: left;padding-left: 200px\"><span style=\"color: #0000ff\"><strong><span style=\"font-size: 14pt\"><a style=\"color: #0000ff\" href=\"https:\/\/www.youtube.com\/embed\/2dvNxsGa49Q?t=1s\" target=\"_blank\" rel=\"noopener noreferrer\">MCM, problema (facil matematicas)<\/a><\/span><\/strong><\/span><\/p>\n<p style=\"text-align: left;padding-left: 200px\"><span style=\"color: #0000ff\"><strong><span style=\"font-size: 14pt\"><a style=\"color: #0000ff\" href=\"https:\/\/www.youtube.com\/embed\/hpwzXMAQOIo\" target=\"_blank\" rel=\"noopener noreferrer\">MCD y MCM, problemas (P\u00edldoras matem\u00e1ticas)<\/a><\/span><\/strong><\/span><\/p>\n<p style=\"text-align: left;padding-left: 200px\"><span style=\"color: #0000ff\"><strong><span style=\"font-size: 14pt\"><a style=\"color: #0000ff\" href=\"https:\/\/www.youtube.com\/embed\/7zSPTkWIdvE\" target=\"_blank\" rel=\"noopener noreferrer\">MCD y MCM, problemas (Ruben Sebastian)<\/a><\/span><\/strong><\/span><\/p>\n<\/td>\n<\/tr>\n<\/tbody>\n<\/table>\n<p>&nbsp;<\/p>\n","protected":false},"excerpt":{"rendered":"<p>Teor\u00eda y actividades resueltas &nbsp; M\u00daLTIPLOS Y DIVISORES VIDEOS Relaci\u00f3n de divisibilidad (estudiia) C\u00e1lculo de los m\u00faltiplos (Archimedes Tube) C\u00e1lculo de los m\u00faltiplos (childtopia) C\u00e1lculo de los divisores (Archimedes Tube) C\u00e1lculo de los divisores (estudiia) Problema, f\u00f3sforos y cuadrado (Profe AlexZ) Problema, bolitas (Educatina) Problema, d\u00edas de la semana (Profe AlexZ) Problema, escaleras y pisos &hellip; <\/p>\n<p><a class=\"more-link btn\" href=\"https:\/\/blogsaverroes.juntadeandalucia.es\/rafaelnunezmat\/divisibilidad\">Seguir leyendo<\/a><\/p>\n","protected":false},"author":10669,"featured_media":0,"parent":0,"menu_order":0,"comment_status":"closed","ping_status":"closed","template":"","meta":{"ngg_post_thumbnail":0,"footnotes":""},"aioseo_notices":[],"_links":{"self":[{"href":"https:\/\/blogsaverroes.juntadeandalucia.es\/rafaelnunezmat\/wp-json\/wp\/v2\/pages\/86"}],"collection":[{"href":"https:\/\/blogsaverroes.juntadeandalucia.es\/rafaelnunezmat\/wp-json\/wp\/v2\/pages"}],"about":[{"href":"https:\/\/blogsaverroes.juntadeandalucia.es\/rafaelnunezmat\/wp-json\/wp\/v2\/types\/page"}],"author":[{"embeddable":true,"href":"https:\/\/blogsaverroes.juntadeandalucia.es\/rafaelnunezmat\/wp-json\/wp\/v2\/users\/10669"}],"replies":[{"embeddable":true,"href":"https:\/\/blogsaverroes.juntadeandalucia.es\/rafaelnunezmat\/wp-json\/wp\/v2\/comments?post=86"}],"version-history":[{"count":43,"href":"https:\/\/blogsaverroes.juntadeandalucia.es\/rafaelnunezmat\/wp-json\/wp\/v2\/pages\/86\/revisions"}],"predecessor-version":[{"id":5095,"href":"https:\/\/blogsaverroes.juntadeandalucia.es\/rafaelnunezmat\/wp-json\/wp\/v2\/pages\/86\/revisions\/5095"}],"wp:attachment":[{"href":"https:\/\/blogsaverroes.juntadeandalucia.es\/rafaelnunezmat\/wp-json\/wp\/v2\/media?parent=86"}],"curies":[{"name":"wp","href":"https:\/\/api.w.org\/{rel}","templated":true}]}}