{"id":87,"date":"2021-06-01T06:17:09","date_gmt":"2021-06-01T06:17:09","guid":{"rendered":"https:\/\/blogsaverroes.juntadeandalucia.es\/rafaelnunezmat\/?page_id=87"},"modified":"2024-12-04T08:29:56","modified_gmt":"2024-12-04T08:29:56","slug":"enteros","status":"publish","type":"page","link":"https:\/\/blogsaverroes.juntadeandalucia.es\/rafaelnunezmat\/enteros","title":{"rendered":"Enteros"},"content":{"rendered":"<p><img loading=\"lazy\" decoding=\"async\" class=\"aligncenter \" src=\"https:\/\/www.ecured.cu\/images\/8\/81\/Principalne.jpg\" width=\"449\" height=\"285\"><\/p>\n<p>&nbsp;<\/p>\n<p style=\"text-align: center\"><span style=\"font-size: 24pt;color: #008000\"><strong><a style=\"color: #008000\" href=\"https:\/\/blogsaverroes.juntadeandalucia.es\/rafaelnunezmat\/files\/2022\/01\/N\u00daMEROS-ENTEROS.pdf\" target=\"_blank\" rel=\"noopener noreferrer\">Teor\u00eda y actividades resueltas<\/a><\/strong><\/span><\/p>\n<table style=\"height: 130px;width: 100%;border-collapse: collapse;border-style: none;border-color: #030000\" border=\"1\" cellpadding=\"0\">\n<tbody>\n<tr style=\"height: 24px\">\n<td style=\"width: 17.2446%;height: 24px;border-color: #030000;text-align: center\" colspan=\"3\"><span style=\"text-decoration: underline;font-size: 20pt\"><span style=\"color: #000000\"><strong>CONCEPTO<\/strong><\/span><\/span><\/p>\n<p><span style=\"text-decoration: underline\"><span style=\"font-size: 16pt\"><strong><span style=\"color: #800080;text-decoration: underline\">VIDEOS<\/span><\/strong><\/span><\/span><\/p>\n<p style=\"text-align: left;padding-left: 200px\"><span style=\"color: #0000ff\"><strong><span style=\"font-size: 14pt\"><a style=\"color: #0000ff\" href=\"https:\/\/www.youtube.com\/embed\/hwpS4ShHpvM\" target=\"_blank\" rel=\"noopener noreferrer\">Concepto de n\u00famero entero. Tipos (La escuela en casa)<\/a><\/span><\/strong><\/span><\/p>\n<p style=\"text-align: left;padding-left: 200px\"><span style=\"color: #0000ff\"><strong><span style=\"font-size: 14pt\"><a style=\"color: #0000ff\" href=\"https:\/\/www.youtube.com\/embed\/uCLSk-kXsgU\" target=\"_blank\" rel=\"noopener noreferrer\">\u00bfQu\u00e9 son los n\u00fameros enteros? (Sensei de las mates)<\/a><\/span><\/strong><\/span><\/p>\n<p style=\"text-align: left;padding-left: 200px\"><span style=\"color: #0000ff\"><strong><span style=\"font-size: 14pt\"><a style=\"color: #0000ff\" href=\"https:\/\/www.youtube.com\/embed\/HlV73ymh5lw\" target=\"_blank\" rel=\"noopener noreferrer\">N\u00fameros enteros, valor absoluto (childtopia)<\/a><\/span><\/strong><\/span><\/p>\n<p style=\"text-align: left;padding-left: 200px\"><span style=\"color: #0000ff\"><strong><span style=\"font-size: 14pt\"><a style=\"color: #0000ff\" href=\"https:\/\/www.youtube.com\/embed\/jKGjh3fWyBw\" target=\"_blank\" rel=\"noopener noreferrer\">Valor absoluto y opuesto (Oikos Matematik\u00f3n)<\/a><\/span><\/strong><\/span><\/p>\n<p style=\"text-align: left;padding-left: 200px\"><span style=\"color: #0000ff\"><strong><span style=\"font-size: 14pt\"><a style=\"color: #0000ff\" href=\"https:\/\/www.youtube.com\/embed\/Gb_5GrKlo2Y\" target=\"_blank\" rel=\"noopener noreferrer\">Valor absoluto y opuesto (TuProfeVirtual)<\/a><\/span><\/strong><\/span><\/p>\n<p style=\"text-align: left;padding-left: 200px\"><span style=\"color: #0000ff\"><strong><span style=\"font-size: 14pt\"><a style=\"color: #0000ff\" href=\"https:\/\/www.youtube.com\/embed\/XBLE5BSOJUA\" target=\"_blank\" rel=\"noopener noreferrer\">Representaci\u00f3n de gr\u00e1fica en la recta (La escuela en casa)<\/a><\/span><\/strong><\/span><\/p>\n<p style=\"text-align: left;padding-left: 200px\"><span style=\"color: #0000ff\"><strong><span style=\"font-size: 14pt\"><a style=\"color: #0000ff\" href=\"https:\/\/www.youtube.com\/embed\/ywIfHwkpgC8\" target=\"_blank\" rel=\"noopener noreferrer\">Comparaci\u00f3n (La escuela en casa)<\/a><\/span><\/strong><\/span><\/p>\n<p style=\"text-align: left;padding-left: 200px\"><span style=\"color: #0000ff\"><strong><span style=\"font-size: 14pt\"><a style=\"color: #0000ff\" href=\"https:\/\/www.youtube.com\/embed\/CnukVlt-teQ\" target=\"_blank\" rel=\"noopener noreferrer\">Ordenaci\u00f3n (estudiia)<\/a><\/span><\/strong><\/span><\/p>\n<p><span style=\"text-decoration: underline;color: #800000\"><span style=\"font-size: 16pt\"><strong>OTROS RECURSOS<\/strong><\/span><\/span><\/p>\n<p style=\"text-align: left;padding-left: 200px\"><span style=\"color: #0000ff\"><strong><span style=\"font-size: 14pt\"><a style=\"color: #0000ff\" href=\"https:\/\/www.thatquiz.org\/es-8\/?-j10-lc-p0\" target=\"_blank\" rel=\"noopener noreferrer\">Enteros y comparaci\u00f3n (test de thatquiz)<\/a><\/span><\/strong><\/span><\/p>\n<p style=\"text-align: left;padding-left: 200px\"><span style=\"color: #0000ff\"><strong><span style=\"font-size: 14pt\"><a style=\"color: #0000ff\" href=\"https:\/\/www.thatquiz.org\/es-o\/?https:\/\/www.thatquiz.org\/es-o\/?-j12-l4-p0\" target=\"_blank\" rel=\"noopener noreferrer\">Enteros, representaci\u00f3n en la recta (test de thatquiz)<\/a><\/span><\/strong><\/span><\/p>\n<\/td>\n<\/tr>\n<tr style=\"height: 24px\">\n<td style=\"width: 17.2446%;height: 24px;border-color: #030000;text-align: center\" colspan=\"3\"><span style=\"text-decoration: underline;font-size: 20pt\"><span style=\"color: #000000\"><strong>SUMA Y RESTA<\/strong><\/span><\/span><\/p>\n<p><span style=\"text-decoration: underline\"><span style=\"font-size: 16pt\"><strong><span style=\"color: #800080;text-decoration: underline\">VIDEOS<\/span><\/strong><\/span><\/span><\/p>\n<p style=\"text-align: left;padding-left: 200px\"><span style=\"color: #0000ff\"><strong><span style=\"font-size: 14pt\"><a style=\"color: #0000ff\" href=\"https:\/\/www.youtube.com\/embed\/5_yhV0ZXGa4\" target=\"_blank\" rel=\"noopener noreferrer\">Suma y resta (Jos\u00e9 Luis Usero V\u00edlchez)<\/a><\/span><\/strong><\/span><\/p>\n<p style=\"text-align: left;padding-left: 200px\"><span style=\"color: #0000ff\"><strong><span style=\"font-size: 14pt\"><a style=\"color: #0000ff\" href=\"https:\/\/www.youtube.com\/embed\/Rs6Qyei7XY0\" target=\"_blank\" rel=\"noopener noreferrer\">Suma y resta (Susy)<\/a><\/span><\/strong><\/span><\/p>\n<p style=\"text-align: left;padding-left: 200px\"><span style=\"color: #0000ff\"><strong><span style=\"font-size: 14pt\"><a style=\"color: #0000ff\" href=\"https:\/\/www.youtube.com\/embed\/YsziKUbgUPA\" target=\"_blank\" rel=\"noopener noreferrer\">Suma y resta (Matem\u00e1ticas profe Alex)<\/a><\/span><\/strong><\/span><\/p>\n<p style=\"text-align: left;padding-left: 200px\"><span style=\"color: #0000ff\"><strong><span style=\"font-size: 14pt\"><a style=\"color: #0000ff\" href=\"https:\/\/www.youtube.com\/embed\/8vA5iFPeNFI\" target=\"_blank\" rel=\"noopener noreferrer\">Suma y resta con fichas de colores (mates con tomate)<\/a><\/span><\/strong><\/span><\/p>\n<p style=\"text-align: left;padding-left: 200px\"><span style=\"color: #0000ff\"><strong><span style=\"font-size: 14pt\"><a style=\"color: #0000ff\" href=\"https:\/\/www.youtube.com\/embed\/ESKrFFmNBkU\" target=\"_blank\" rel=\"noopener noreferrer\">Propiedades de la suma (la escuela en casa)<\/a><\/span><\/strong><\/span><\/p>\n<p><span style=\"text-decoration: underline;color: #800000\"><span style=\"font-size: 16pt\"><strong>OTROS RECURSOS<\/strong><\/span><\/span><\/p>\n<p style=\"text-align: left;padding-left: 200px\"><span style=\"color: #0000ff\"><strong><span style=\"font-size: 14pt\"><a style=\"color: #0000ff\" href=\"https:\/\/clic.xtec.cat\/projects\/sumaenteros\/jclic.js\/index.html\" target=\"_blank\" rel=\"noopener noreferrer\">Suma y resta (actividades jclic)<\/a><\/span><\/strong><\/span><\/p>\n<\/td>\n<\/tr>\n<tr style=\"height: 48px\">\n<td style=\"width: 17.2446%;height: 48px;border-color: #030000;text-align: center\" colspan=\"3\"><span style=\"text-decoration: underline;font-size: 20pt\"><span style=\"color: #000000\"><strong>PRODUCTO Y DIVISI\u00d3N<\/strong><\/span><\/span><\/p>\n<p><span style=\"text-decoration: underline\"><span style=\"font-size: 16pt\"><strong><span style=\"color: #800080;text-decoration: underline\">VIDEOS<\/span><\/strong><\/span><\/span><\/p>\n<p style=\"text-align: left;padding-left: 200px\"><span style=\"color: #0000ff\"><strong><span style=\"font-size: 14pt\"><a style=\"color: #0000ff\" href=\"https:\/\/www.youtube.com\/embed\/o83qOlDmDT8\" target=\"_blank\" rel=\"noopener noreferrer\">Producto (Sensei de las mates)<\/a><\/span><\/strong><\/span><\/p>\n<p style=\"text-align: left;padding-left: 200px\"><span style=\"color: #0000ff\"><strong><span style=\"font-size: 14pt\"><a style=\"color: #0000ff\" href=\"https:\/\/www.youtube.com\/embed\/FrtFBny27ZQ\" target=\"_blank\" rel=\"noopener noreferrer\">Propiedades del producto (La escuela en casa)<\/a><\/span><\/strong><\/span><\/p>\n<p style=\"text-align: left;padding-left: 200px\"><span style=\"color: #0000ff\"><strong><span style=\"font-size: 14pt\"><a style=\"color: #0000ff\" href=\"https:\/\/www.youtube.com\/embed\/VKDqBBakq4w\" target=\"_blank\" rel=\"noopener noreferrer\">Divisi\u00f3n (Sensei de las mates)<\/a><\/span><\/strong><\/span><\/p>\n<p style=\"text-align: left;padding-left: 200px\"><span style=\"color: #0000ff\"><strong><span style=\"font-size: 14pt\"><a style=\"color: #0000ff\" href=\"https:\/\/www.youtube.com\/embed\/LsLwNn8fmgI\" target=\"_blank\" rel=\"noopener noreferrer\">Multiplicaci\u00f3n y divisi\u00f3n (Ruben Sebastian)<\/a><\/span><\/strong><\/span><\/p>\n<p><span style=\"text-decoration: underline;color: #800000\"><span style=\"font-size: 16pt\"><strong>OTROS RECURSOS<\/strong><\/span><\/span><\/p>\n<p style=\"text-align: left;padding-left: 200px\"><span style=\"color: #0000ff\"><strong><span style=\"font-size: 14pt\"><a style=\"color: #0000ff\" href=\"https:\/\/www.thatquiz.org\/es-1\/?-jh03-la-p0\" target=\"_blank\" rel=\"noopener noreferrer\">Operaciones (test de thatquiz)<\/a><\/span><\/strong><\/span><\/p>\n<\/td>\n<\/tr>\n<tr style=\"height: 24px\">\n<td style=\"width: 17.2446%;height: 24px;border-color: #030000;text-align: center\" colspan=\"3\"><span style=\"text-decoration: underline;font-size: 20pt\"><span style=\"color: #000000\"><strong>OPERACIONES COMBINADAS<\/strong><\/span><\/span><\/p>\n<p><span style=\"text-decoration: underline\"><span style=\"font-size: 16pt\"><strong><span style=\"color: #800080;text-decoration: underline\">VIDEOS<\/span><\/strong><\/span><\/span><\/p>\n<p style=\"text-align: left;padding-left: 200px\"><span style=\"color: #0000ff\"><strong><span style=\"font-size: 14pt\"><a style=\"color: #0000ff\" href=\"https:\/\/www.youtube.com\/embed\/DcTq33AN4Xk\" target=\"_blank\" rel=\"noopener noreferrer\">Operaciones combinadas (profejorgeorozco)<\/a><\/span><\/strong><\/span><\/p>\n<p style=\"text-align: left;padding-left: 200px\"><span style=\"color: #0000ff\"><strong><span style=\"font-size: 14pt\"><a style=\"color: #0000ff\" href=\"https:\/\/www.youtube.com\/embed\/j-6sdyt3Osw\" target=\"_blank\" rel=\"noopener noreferrer\">Operaciones combinadas (Ruben Sebastian)<\/a><\/span><\/strong><\/span><\/p>\n<p style=\"text-align: left;padding-left: 200px\"><span style=\"color: #0000ff\"><strong><span style=\"font-size: 14pt\"><a style=\"color: #0000ff\" href=\"https:\/\/www.youtube.com\/embed\/CB7CWWiaUbA\" target=\"_blank\" rel=\"noopener noreferrer\">Operaciones combinadas (Susy)<\/a><\/span><\/strong><\/span><\/p>\n<p style=\"text-align: left;padding-left: 200px\"><span style=\"color: #0000ff\"><strong><span style=\"font-size: 14pt\"><a style=\"color: #0000ff\" href=\"https:\/\/www.youtube.com\/embed\/9I1Dbo0_ACY\" target=\"_blank\" rel=\"noopener noreferrer\">Operaciones combinadas (Alfredo Calvo Uceda)<\/a><\/span><\/strong><\/span><\/p>\n<p style=\"text-align: left;padding-left: 200px\"><span style=\"color: #0000ff\"><strong><span style=\"font-size: 14pt\"><a style=\"color: #0000ff\" href=\"https:\/\/www.youtube.com\/embed\/DlosB_Kg4W4\" target=\"_blank\" rel=\"noopener noreferrer\">Operaciones combinadas (Julioprofe)<\/a><\/span><\/strong><\/span><\/p>\n<p style=\"text-align: left;padding-left: 200px\"><span style=\"color: #0000ff\"><strong><span style=\"font-size: 14pt\"><a style=\"color: #0000ff\" href=\"https:\/\/www.youtube.com\/embed\/qkNnYiaw1T8\" target=\"_blank\" rel=\"noopener noreferrer\">Propiedad distributiva y sacar factor com\u00fan (Elena Virseda)<\/a><\/span><\/strong><\/span><\/p>\n<p style=\"text-align: left;padding-left: 200px\"><span style=\"color: #0000ff\"><strong><span style=\"font-size: 14pt\"><a style=\"color: #0000ff\" href=\"https:\/\/www.youtube.com\/embed\/Alc0jrkiTwI\" target=\"_blank\" rel=\"noopener noreferrer\">Sacar factor com\u00fan (FiQuiMates)<\/a><\/span><\/strong><\/span><\/p>\n<p><span style=\"text-decoration: underline;color: #800000\"><span style=\"font-size: 16pt\"><strong>OTROS RECURSOS<\/strong><\/span><\/span><\/p>\n<p style=\"text-align: left;padding-left: 200px\"><span style=\"color: #0000ff\"><strong><span style=\"font-size: 14pt\"><a style=\"color: #0000ff\" href=\"https:\/\/www.matesfacil.com\/interactivos\/enteros\/operacion-combinada-enteros-I\/php1.php\" target=\"_blank\" rel=\"noopener noreferrer\">Operaciones combinadas-1 (test de matesfacil)<\/a><\/span><\/strong><\/span><\/p>\n<p style=\"text-align: left;padding-left: 200px\"><span style=\"color: #0000ff\"><strong><span style=\"font-size: 14pt\"><a style=\"color: #0000ff\" href=\"https:\/\/www.matesfacil.com\/interactivos\/enteros\/operacion-combinada-enteros-II\/php1.php\" target=\"_blank\" rel=\"noopener noreferrer\">Operaciones combinadas-2 (test de matesfacil)<\/a><\/span><\/strong><\/span><\/p>\n<p style=\"text-align: left;padding-left: 200px\"><span style=\"color: #0000ff\"><strong><span style=\"font-size: 14pt\"><a style=\"color: #0000ff\" href=\"https:\/\/www.matesfacil.com\/interactivos\/enteros\/operacion-combinada-enteros-III\/php1.php\" target=\"_blank\" rel=\"noopener noreferrer\">Operaciones combinadas-3 (test de matesfacil)<\/a><\/span><\/strong><\/span><\/p>\n<p style=\"text-align: left;padding-left: 200px\"><span style=\"color: #0000ff\"><strong><span style=\"font-size: 14pt\"><a style=\"color: #0000ff\" href=\"https:\/\/clic.xtec.cat\/projects\/numenter\/jclic.js\/index.html\" target=\"_blank\" rel=\"noopener noreferrer\">Variado-1 (actividad jclic)<\/a><\/span><\/strong><\/span><\/p>\n<p style=\"text-align: left;padding-left: 200px\"><span style=\"color: #0000ff\"><strong><span style=\"font-size: 14pt\"><a style=\"color: #0000ff\" href=\"https:\/\/clic.xtec.cat\/projects\/enteros\/jclic.js\/index.html\" target=\"_blank\" rel=\"noopener noreferrer\">Variado-2 (actividad jclic)<\/a><\/span><\/strong><\/span><\/p>\n<\/td>\n<\/tr>\n<\/tbody>\n<\/table>\n<p>&nbsp;<\/p>\n","protected":false},"excerpt":{"rendered":"<p>&nbsp; Teor\u00eda y actividades resueltas CONCEPTO VIDEOS Concepto de n\u00famero entero. Tipos (La escuela en casa) \u00bfQu\u00e9 son los n\u00fameros enteros? (Sensei de las mates) N\u00fameros enteros, valor absoluto (childtopia) Valor absoluto y opuesto (Oikos Matematik\u00f3n) Valor absoluto y opuesto (TuProfeVirtual) Representaci\u00f3n de gr\u00e1fica en la recta (La escuela en casa) Comparaci\u00f3n (La escuela en &hellip; <\/p>\n<p><a class=\"more-link btn\" href=\"https:\/\/blogsaverroes.juntadeandalucia.es\/rafaelnunezmat\/enteros\">Seguir leyendo<\/a><\/p>\n","protected":false},"author":10669,"featured_media":0,"parent":0,"menu_order":0,"comment_status":"closed","ping_status":"closed","template":"","meta":{"ngg_post_thumbnail":0,"footnotes":""},"aioseo_notices":[],"_links":{"self":[{"href":"https:\/\/blogsaverroes.juntadeandalucia.es\/rafaelnunezmat\/wp-json\/wp\/v2\/pages\/87"}],"collection":[{"href":"https:\/\/blogsaverroes.juntadeandalucia.es\/rafaelnunezmat\/wp-json\/wp\/v2\/pages"}],"about":[{"href":"https:\/\/blogsaverroes.juntadeandalucia.es\/rafaelnunezmat\/wp-json\/wp\/v2\/types\/page"}],"author":[{"embeddable":true,"href":"https:\/\/blogsaverroes.juntadeandalucia.es\/rafaelnunezmat\/wp-json\/wp\/v2\/users\/10669"}],"replies":[{"embeddable":true,"href":"https:\/\/blogsaverroes.juntadeandalucia.es\/rafaelnunezmat\/wp-json\/wp\/v2\/comments?post=87"}],"version-history":[{"count":24,"href":"https:\/\/blogsaverroes.juntadeandalucia.es\/rafaelnunezmat\/wp-json\/wp\/v2\/pages\/87\/revisions"}],"predecessor-version":[{"id":4949,"href":"https:\/\/blogsaverroes.juntadeandalucia.es\/rafaelnunezmat\/wp-json\/wp\/v2\/pages\/87\/revisions\/4949"}],"wp:attachment":[{"href":"https:\/\/blogsaverroes.juntadeandalucia.es\/rafaelnunezmat\/wp-json\/wp\/v2\/media?parent=87"}],"curies":[{"name":"wp","href":"https:\/\/api.w.org\/{rel}","templated":true}]}}