{"id":88,"date":"2021-06-01T06:17:09","date_gmt":"2021-06-01T06:17:09","guid":{"rendered":"https:\/\/blogsaverroes.juntadeandalucia.es\/rafaelnunezmat\/?page_id=88"},"modified":"2024-12-04T08:33:38","modified_gmt":"2024-12-04T08:33:38","slug":"potencias","status":"publish","type":"page","link":"https:\/\/blogsaverroes.juntadeandalucia.es\/rafaelnunezmat\/potencias","title":{"rendered":"Potencias"},"content":{"rendered":"<p><img loading=\"lazy\" decoding=\"async\" class=\"aligncenter \" src=\"https:\/\/storage.googleapis.com\/portaleducativo-net-publica-g3p6\/biblioteca\/8-cod-161.png\" width=\"437\" height=\"294\"><\/p>\n<p style=\"text-align: center\"><span style=\"color: #008000;font-size: 24pt\"><strong><a style=\"color: #008000\" href=\"https:\/\/blogsaverroes.juntadeandalucia.es\/rafaelnunezmat\/files\/2022\/01\/POTENCIAS.pdf\" target=\"_blank\" rel=\"noopener noreferrer\">Teor\u00eda y actividades resueltas<\/a><\/strong><\/span><\/p>\n<p>&nbsp;<\/p>\n<table style=\"height: 130px;width: 100.678%;border-collapse: collapse;border-style: none;border-color: #030000\" border=\"1\" cellpadding=\"0\">\n<tbody>\n<tr style=\"height: 24px\">\n<td style=\"width: 1.4318%;height: 24px;border-color: #030000;text-align: center\" colspan=\"3\"><span style=\"text-decoration: underline;font-size: 20pt\"><span style=\"color: #000000\"><strong>POTENCIAS DE EXPONENTE NATURAL<\/strong><\/span><\/span><\/p>\n<p><span style=\"text-decoration: underline\"><span style=\"font-size: 16pt\"><strong><span style=\"color: #800080;text-decoration: underline\">VIDEOS<\/span><\/strong><\/span><\/span><\/p>\n<p style=\"text-align: left;padding-left: 200px\"><span style=\"color: #0000ff\"><strong><span style=\"font-size: 16pt\"><a style=\"color: #0000ff\" href=\"https:\/\/www.youtube.com\/embed\/ZV6vo7GTjUA\" target=\"_blank\" rel=\"noopener noreferrer\">Potencias de base y exponente natural (Sensei de las mates)<\/a><\/span><\/strong><\/span><\/p>\n<p style=\"text-align: left;padding-left: 200px\"><span style=\"color: #0000ff\"><strong><span style=\"font-size: 16pt\"><a style=\"color: #0000ff\" href=\"https:\/\/www.youtube.com\/embed\/4PybjArXLwM\" target=\"_blank\" rel=\"noopener noreferrer\">Potencias con la calculadora cient\u00edfica (math2me)<\/a><\/span><\/strong><\/span><\/p>\n<p style=\"text-align: left;padding-left: 200px\"><span style=\"color: #0000ff\"><strong><span style=\"font-size: 16pt\"><a style=\"color: #0000ff\" href=\"https:\/\/www.youtube.com\/embed\/YnNpolBt6fs\" target=\"_blank\" rel=\"noopener noreferrer\">Potencias de base entera y exponente natural (YoEstudio)<\/a><\/span><\/strong><\/span><\/p>\n<p style=\"text-align: left;padding-left: 200px\"><span style=\"color: #0000ff\"><strong><span style=\"font-size: 16pt\"><a style=\"color: #0000ff\" href=\"https:\/\/www.youtube.com\/embed\/N5axHM13YJg\" target=\"_blank\" rel=\"noopener noreferrer\">Potencias de base entera y exponente natural (QUIJOTEX EDUCACION)<\/a><\/span><\/strong><\/span><\/p>\n<p style=\"text-align: left;padding-left: 200px\"><span style=\"color: #0000ff\"><strong><span style=\"font-size: 16pt\"><a style=\"color: #0000ff\" href=\"https:\/\/www.youtube.com\/embed\/iYb0Sfef2ok\" target=\"_blank\" rel=\"noopener noreferrer\">Potencias de base entera y exponente natural (Jos\u00e9 Luis Usero V\u00edlchez)<\/a><\/span><\/strong><\/span><\/p>\n<p style=\"text-align: left;padding-left: 200px\"><span style=\"color: #0000ff\"><strong><span style=\"font-size: 16pt\"><a style=\"color: #0000ff\" href=\"https:\/\/www.youtube.com\/embed\/_7BauAnRyA4\" target=\"_blank\" rel=\"noopener noreferrer\">C\u00e1lculo mental de cuadrados (AcademiaVasquez)<\/a><\/span><\/strong><\/span><\/p>\n<p><span style=\"text-decoration: underline;color: #800000\"><span style=\"font-size: 16pt\"><strong>OTROS RECURSOS<\/strong><\/span><\/span><\/p>\n<p id=\"nodeTitle\" style=\"text-align: left;padding-left: 200px\"><span style=\"color: #0000ff\"><strong><a style=\"color: #0000ff\" href=\"https:\/\/www.geogebra.org\/m\/r6543ceu\" target=\"_blank\" rel=\"noopener noreferrer\"><span style=\"font-size: 14pt\"><span style=\"font-size: 16pt\">\u00c1rbol de potencias (geogebra)<\/span><\/span><\/a><\/strong><\/span><\/p>\n<p style=\"text-align: left;padding-left: 200px\"><span style=\"color: #0000ff\"><strong><span style=\"font-size: 16pt\"><a style=\"color: #0000ff\" href=\"https:\/\/www.matesfacil.com\/interactivos\/enteros\/ejercicios-interactivos-operaciones-entre-numeros-enteros.html\" target=\"_blank\" rel=\"noopener noreferrer\">Operaciones con enteros y potencias (teor\u00eda y test de matesfacil)<\/a><\/span><\/strong><\/span><\/p>\n<p style=\"text-align: left;padding-left: 200px\"><span style=\"color: #0000ff\"><strong><span style=\"font-size: 16pt\"><a style=\"color: #0000ff\" href=\"https:\/\/www.geogebra.org\/m\/hyNbF6yZ\" target=\"_blank\" rel=\"noopener noreferrer\">Operaciones combinadas con enteros y potencias (teor\u00eda y actividades de geogebra)<\/a><\/span><\/strong><\/span><\/p>\n<\/td>\n<\/tr>\n<tr style=\"height: 24px\">\n<td style=\"width: 1.4318%;height: 24px;border-color: #030000;text-align: center\" colspan=\"3\"><span style=\"text-decoration: underline;font-size: 20pt\"><span style=\"color: #000000\"><strong>PROPIEDADES DE LAS POTENCIAS<\/strong><\/span><\/span><\/p>\n<p><span style=\"text-decoration: underline\"><span style=\"font-size: 16pt\"><strong><span style=\"color: #800080;text-decoration: underline\">VIDEOS<\/span><\/strong><\/span><\/span><\/p>\n<p style=\"text-align: left;padding-left: 120px\"><span style=\"color: #0000ff\"><strong><span style=\"font-size: 16pt\"><a style=\"color: #0000ff\" href=\"https:\/\/www.youtube.com\/embed\/AxGTOauBr6c\" target=\"_blank\" rel=\"noopener noreferrer\">Producto de potencias de la misma basa (JaqueEnMates)<\/a><\/span><\/strong><\/span><\/p>\n<p style=\"text-align: left;padding-left: 120px\"><span style=\"color: #0000ff\"><strong><span style=\"font-size: 16pt\"><a style=\"color: #0000ff\" href=\"https:\/\/www.youtube.com\/embed\/_OXjC2zLFcs\" target=\"_blank\" rel=\"noopener noreferrer\">Divisi\u00f3n de potencias de la misma base (Md)<\/a><\/span><\/strong><\/span><\/p>\n<p style=\"text-align: left;padding-left: 120px\"><span style=\"color: #0000ff\"><strong><span style=\"font-size: 16pt\"><a style=\"color: #0000ff\" href=\"https:\/\/www.youtube.com\/embed\/3DU-VuAToKU\" target=\"_blank\" rel=\"noopener noreferrer\">Potencias de exponente cero (JaqueEnMates)<\/a><\/span><\/strong><\/span><\/p>\n<p style=\"text-align: left;padding-left: 120px\"><span style=\"color: #0000ff\"><strong><span style=\"font-size: 16pt\"><a style=\"color: #0000ff\" href=\"https:\/\/www.youtube.com\/embed\/9exa381O2JE\" target=\"_blank\" rel=\"noopener noreferrer\">Potencia de una potencia (JaqueEnMates)<\/a><\/span><\/strong><\/span><\/p>\n<p style=\"text-align: left;padding-left: 120px\"><span style=\"color: #0000ff\"><strong><span style=\"font-size: 16pt\"><a style=\"color: #0000ff\" href=\"https:\/\/www.youtube.com\/embed\/kSByX-OmL00\" target=\"_blank\" rel=\"noopener noreferrer\">Producto y divisi\u00f3n de potencias del mismo exponente (isabel garcia)<\/a><\/span><\/strong><\/span><\/p>\n<p style=\"text-align: left;padding-left: 120px\"><span style=\"color: #0000ff\"><strong><span style=\"font-size: 16pt\"><a style=\"color: #0000ff\" href=\"https:\/\/www.youtube.com\/embed\/Vwyi-V5QhFM\" target=\"_blank\" rel=\"noopener noreferrer\">Potencia de un producto (JaqueEnMates)<\/a><\/span><\/strong><\/span><\/p>\n<p style=\"text-align: left;padding-left: 120px\"><span style=\"color: #0000ff\"><strong><span style=\"font-size: 16pt\"><a style=\"color: #0000ff\" href=\"https:\/\/www.youtube.com\/embed\/OwIDSvFpDF0\" target=\"_blank\" rel=\"noopener noreferrer\">Potencias de base racional y exponente natural (Jos\u00e9 Luis Usero V\u00edlchez)<\/a><\/span><\/strong><\/span><\/p>\n<p style=\"text-align: left;padding-left: 120px\"><span style=\"color: #0000ff\"><strong><span style=\"font-size: 16pt\"><a style=\"color: #0000ff\" href=\"https:\/\/www.youtube.com\/embed\/ezq7bFTvRvQ\" target=\"_blank\" rel=\"noopener noreferrer\">Propiedades de las potencias (matematicasyeso)<\/a><\/span><\/strong><\/span><\/p>\n<p style=\"text-align: left;padding-left: 120px\"><span style=\"color: #0000ff\"><strong><span style=\"font-size: 16pt\"><a style=\"color: #0000ff\" href=\"https:\/\/www.youtube.com\/embed\/6M3HaPOiV8I\" target=\"_blank\" rel=\"noopener noreferrer\">Propiedades de las potencias (unProfesor)<\/a><\/span><\/strong><\/span><\/p>\n<p style=\"text-align: left;padding-left: 120px\"><span style=\"color: #0000ff\"><strong><span style=\"font-size: 16pt\"><a style=\"color: #0000ff\" href=\"https:\/\/www.youtube.com\/embed\/RMBP91_QqAw\" target=\"_blank\" rel=\"noopener noreferrer\">Propiedades de las potencias (Jos\u00e9 Luis Usero V\u00edlchez)<\/a><\/span><\/strong><\/span><\/p>\n<p style=\"text-align: left;padding-left: 120px\"><span style=\"color: #0000ff\"><strong><span style=\"font-size: 16pt\"><a style=\"color: #0000ff\" href=\"https:\/\/www.youtube.com\/embed\/G_SFzaSW5DQ\" target=\"_blank\" rel=\"noopener noreferrer\">Simplificaci\u00f3n de expresiones usando propiedades de las potencias-1 (Matem\u00e1ticas Profe Alex)<\/a><\/span><\/strong><\/span><\/p>\n<p style=\"text-align: left;padding-left: 120px\"><span style=\"color: #0000ff\"><strong><span style=\"font-size: 16pt\"><a style=\"color: #0000ff\" href=\"https:\/\/www.youtube.com\/embed\/Ro4sU8nlhE0\" target=\"_blank\" rel=\"noopener noreferrer\">Simplificaci\u00f3n de expresiones usando propiedades de las potencias-2 (Matem\u00e1ticas Profe Alex)<\/a><\/span><\/strong><\/span><\/p>\n<p style=\"text-align: left;padding-left: 120px\"><span style=\"color: #0000ff\"><strong><span style=\"font-size: 16pt\"><a style=\"color: #0000ff\" href=\"https:\/\/www.youtube.com\/embed\/GgVcXlCMNXM\" target=\"_blank\" rel=\"noopener noreferrer\">Potencias de base entera y exponente natural y simplificaci\u00f3n usando propiedades de las potencias (Clasem\u00e1ticas canal)<\/a><\/span><\/strong><\/span><\/p>\n<\/td>\n<\/tr>\n<tr style=\"height: 48px\">\n<td style=\"width: 1.4318%;height: 48px;border-color: #030000;text-align: center\" colspan=\"3\"><span style=\"text-decoration: underline;font-size: 20pt\"><span style=\"color: #000000\"><strong>POTENCIAS DE EXPONENTE NEGATIVO<\/strong><\/span><\/span><\/p>\n<p><span style=\"text-decoration: underline\"><span style=\"font-size: 16pt\"><strong><span style=\"color: #800080;text-decoration: underline\">VIDEOS<\/span><\/strong><\/span><\/span><\/p>\n<p style=\"text-align: left;padding-left: 120px\"><span style=\"color: #0000ff\"><strong><span style=\"font-size: 16pt\"><a style=\"color: #0000ff\" href=\"https:\/\/www.youtube.com\/embed\/EF2gf8uPCYE\" target=\"_blank\" rel=\"noopener noreferrer\">Potencias de exponente negativo (Tuto mate)<\/a><\/span><\/strong><\/span><\/p>\n<p style=\"text-align: left;padding-left: 120px\"><span style=\"color: #0000ff\"><strong><span style=\"font-size: 16pt\"><a style=\"color: #0000ff\" href=\"https:\/\/www.youtube.com\/embed\/BlyvwpD2QlE\" target=\"_blank\" rel=\"noopener noreferrer\">Potencias de exponente negativo (Aprender Matem\u00e1ticas. Jos\u00e9 Jaime Mas)<\/a><\/span><\/strong><\/span><\/p>\n<p style=\"text-align: left;padding-left: 120px\"><span style=\"color: #0000ff\"><strong><span style=\"font-size: 16pt\"><a style=\"color: #0000ff\" href=\"https:\/\/www.youtube.com\/embed\/y12Op8QMjHs\" target=\"_blank\" rel=\"noopener noreferrer\">Propiedades de las potencias (Susy)<\/a><\/span><\/strong><\/span><\/p>\n<p style=\"text-align: left;padding-left: 120px\"><span style=\"color: #0000ff\"><strong><span style=\"font-size: 16pt\"><a style=\"color: #0000ff\" href=\"https:\/\/www.youtube.com\/embed\/fnkyTVH_78I\" target=\"_blank\" rel=\"noopener noreferrer\">Propiedades de las potencias (Jos\u00e9 Luis Usero V\u00edlchez)<\/a><\/span><\/strong><\/span><\/p>\n<p style=\"text-align: left;padding-left: 120px\"><span style=\"color: #0000ff\"><strong><span style=\"font-size: 16pt\"><a style=\"color: #0000ff\" href=\"https:\/\/www.youtube.com\/embed\/mQiYuVeXZxM\" target=\"_blank\" rel=\"noopener noreferrer\">Simplificaci\u00f3n de expresiones usando propiedades de las potencias (Julioprofe)<\/a><\/span><\/strong><\/span><\/p>\n<p style=\"text-align: left;padding-left: 120px\"><span style=\"color: #0000ff\"><strong><span style=\"font-size: 16pt\"><a style=\"color: #0000ff\" href=\"https:\/\/www.youtube.com\/embed\/XQwNbW5L7GM\" target=\"_blank\" rel=\"noopener noreferrer\">Simplificaci\u00f3n de expresiones usando propiedades de las potencias (Miguem\u00e1ticas)<\/a><\/span><\/strong><\/span><\/p>\n<p style=\"text-align: left;padding-left: 120px\"><span style=\"color: #0000ff\"><strong><span style=\"font-size: 16pt\"><a style=\"color: #0000ff\" href=\"https:\/\/www.youtube.com\/embed\/5dPI_T1VBK0\" target=\"_blank\" rel=\"noopener noreferrer\">Simplificaci\u00f3n de expresiones usando propiedades de las potencias (Fernando Lazo)<\/a><\/span><\/strong><\/span><\/p>\n<p style=\"text-align: left;padding-left: 120px\"><span style=\"color: #0000ff\"><strong><span style=\"font-size: 16pt\"><a style=\"color: #0000ff\" href=\"https:\/\/www.youtube.com\/embed\/1wk_i1XEbks\" target=\"_blank\" rel=\"noopener noreferrer\">Simplificaci\u00f3n de expresiones usando propiedades de las potencias (Ejercicios de matem\u00e1ticas)<\/a><\/span><\/strong><\/span><\/p>\n<p style=\"text-align: left;padding-left: 120px\"><span style=\"color: #0000ff\"><strong><span style=\"font-size: 16pt\"><a style=\"color: #0000ff\" href=\"https:\/\/www.youtube.com\/embed\/_ATP5iGu9xM\" target=\"_blank\" rel=\"noopener noreferrer\">Simplificaci\u00f3n de expresiones usando propiedades de las potencias (Elena Virseda)<\/a><\/span><\/strong><\/span><\/p>\n<p style=\"text-align: left;padding-left: 120px\"><span style=\"color: #0000ff\"><strong><span style=\"font-size: 16pt\"><a style=\"color: #0000ff\" href=\"https:\/\/www.youtube.com\/embed\/L3VBKPeICXo\" target=\"_blank\" rel=\"noopener noreferrer\">Simplificaci\u00f3n de expresiones usando propiedades de las potencias (Matem\u00e1ticas con el profe Casitas)<\/a><\/span><\/strong><\/span><\/p>\n<p style=\"text-align: left;padding-left: 120px\"><span style=\"color: #0000ff\"><strong><span style=\"font-size: 16pt\"><a style=\"color: #0000ff\" href=\"https:\/\/www.youtube.com\/embed\/S5EXi3J_Bwc\" target=\"_blank\" rel=\"noopener noreferrer\">Simplificaci\u00f3n de expresiones usando propiedades de las potencias (Fredy Rojas Bernal)<\/a><\/span><\/strong><\/span><\/p>\n<p style=\"text-align: left;padding-left: 120px\"><span style=\"color: #0000ff\"><strong><span style=\"font-size: 16pt\"><a style=\"color: #0000ff\" href=\"https:\/\/www.youtube.com\/embed\/nCtfoO0P9YE\" target=\"_blank\" rel=\"noopener noreferrer\">Simplificaci\u00f3n de expresiones usando propiedades de las potencias (Sistema SED)<\/a><\/span><\/strong><\/span><\/p>\n<p style=\"text-align: left;padding-left: 120px\"><span style=\"color: #0000ff\"><strong><span style=\"font-size: 16pt\"><a style=\"color: #0000ff\" href=\"https:\/\/www.youtube.com\/embed\/UD8eM_RRswY\" target=\"_blank\" rel=\"noopener noreferrer\">Simplificaci\u00f3n de expresiones usando propiedades de las potencias (Profesor Sergio Llanos)<\/a><\/span><\/strong><\/span><\/p>\n<p style=\"text-align: left;padding-left: 120px\"><span style=\"color: #0000ff\"><strong><span style=\"font-size: 16pt\"><a style=\"color: #0000ff\" href=\"https:\/\/www.youtube.com\/embed\/CU58yQAtizQ\" target=\"_blank\" rel=\"noopener noreferrer\">Castillos de potencias (Antonio Javier Rold\u00e1n Calzado)<\/a><\/span><\/strong><\/span><\/p>\n<p style=\"text-align: left;padding-left: 120px\"><span style=\"color: #0000ff\"><strong><span style=\"font-size: 16pt\"><a style=\"color: #0000ff\" href=\"https:\/\/www.youtube.com\/embed\/PXmTaU4M0gM\" target=\"_blank\" rel=\"noopener noreferrer\">Operaciones combinadas con fracciones y potencias (Fikima Aula Virtual)<\/a><\/span><\/strong><\/span><\/p>\n<p style=\"text-align: left;padding-left: 120px\"><span style=\"color: #0000ff\"><strong><span style=\"font-size: 16pt\"><a style=\"color: #0000ff\" href=\"https:\/\/www.youtube.com\/embed\/m7qhojGJHIo\" target=\"_blank\" rel=\"noopener noreferrer\">Operaciones combinadas con fracciones y potencias (Matem\u00e1ticas. Juan Medina)<\/a><\/span><\/strong><\/span><\/p>\n<p style=\"text-align: left;padding-left: 120px\"><span style=\"color: #0000ff\"><strong><span style=\"font-size: 16pt\"><a style=\"color: #0000ff\" href=\"https:\/\/www.youtube.com\/embed\/zBpMQ-TSCQ0\" target=\"_blank\" rel=\"noopener noreferrer\">Operaciones combinadas con fracciones y potencias (Step Mates)<\/a><\/span><\/strong><\/span><\/p>\n<p><span style=\"text-decoration: underline;color: #800000\"><span style=\"font-size: 16pt\"><strong>OTROS RECURSOS<\/strong><\/span><\/span><\/p>\n<p id=\"nodeTitle\" style=\"text-align: left;padding-left: 120px\"><span style=\"color: #0000ff\"><strong><span style=\"font-size: 16pt\"><a style=\"color: #0000ff\" href=\"https:\/\/www.geogebra.org\/m\/bejjycew\" target=\"_blank\" rel=\"noopener noreferrer\">Potencias de n\u00fameros racionales y exponente entero (geogebra)<\/a><\/span><\/strong><\/span><\/p>\n<p style=\"text-align: left;padding-left: 120px\"><span style=\"color: #0000ff\"><strong><span style=\"font-size: 16pt\"><a style=\"color: #0000ff\" href=\"https:\/\/www.thatquiz.org\/es-2\/?-j1vg9-l5-n34-p0\" target=\"_blank\" rel=\"noopener noreferrer\">Potencias y operaciones (test de thatquiz)<\/a>&nbsp;<\/span><\/strong><\/span><\/p>\n<p style=\"text-align: left;padding-left: 120px\"><span style=\"color: #0000ff\"><strong><span style=\"font-size: 16pt\"><a style=\"color: #0000ff\" href=\"https:\/\/clic.xtec.cat\/projects\/fracc\/jclic.js\/index.html\" target=\"_blank\" rel=\"noopener noreferrer\">Fracciones y potencias (actividades jclic)<\/a><\/span><\/strong><\/span><\/p>\n<\/td>\n<\/tr>\n<tr style=\"height: 24px\">\n<td style=\"width: 1.4318%;height: 24px;border-color: #030000;text-align: center\" colspan=\"3\"><span style=\"text-decoration: underline;font-size: 20pt\"><span style=\"color: #000000\"><strong>NOTACI\u00d3N CIENT\u00cdFICA<\/strong><\/span><\/span><\/p>\n<p><span style=\"text-decoration: underline\"><span style=\"font-size: 16pt\"><strong><span style=\"color: #800080;text-decoration: underline\">VIDEOS<\/span><\/strong><\/span><\/span><\/p>\n<p style=\"text-align: left;padding-left: 120px\"><span style=\"color: #0000ff\"><strong><span style=\"font-size: 16pt\"><a style=\"color: #0000ff\" href=\"https:\/\/www.youtube.com\/embed\/rLS30ujU2VA\" target=\"_blank\" rel=\"noopener noreferrer\">Potencias de base 10 y exponente natural (Sensei de las mates)<\/a><\/span><\/strong><\/span><\/p>\n<p style=\"text-align: left;padding-left: 120px\"><span style=\"color: #0000ff\"><strong><span style=\"font-size: 16pt\"><a style=\"color: #0000ff\" href=\"https:\/\/www.youtube.com\/embed\/CHqZrWpFr0E\" target=\"_blank\" rel=\"noopener noreferrer\">Potencias de base 10 y exponente natural (un profesor)<\/a><\/span><\/strong><\/span><\/p>\n<p style=\"text-align: left;padding-left: 120px\"><span style=\"color: #0000ff\"><strong><span style=\"font-size: 16pt\"><a style=\"color: #0000ff\" href=\"https:\/\/www.youtube.com\/embed\/gWS7Ped8isM\" target=\"_blank\" rel=\"noopener noreferrer\">Producto por potencias de base 10 (Mathema Canal Oficial)<\/a><\/span><\/strong><\/span><\/p>\n<p style=\"text-align: left;padding-left: 120px\"><span style=\"color: #0000ff\"><strong><span style=\"font-size: 16pt\"><a style=\"color: #0000ff\" href=\"https:\/\/www.youtube.com\/embed\/cVEO-u1xIVA\" target=\"_blank\" rel=\"noopener noreferrer\">Notaci\u00f3n cient\u00edfica (Susy)<\/a><\/span><\/strong><\/span><\/p>\n<p style=\"text-align: left;padding-left: 120px\"><span style=\"color: #0000ff\"><strong><span style=\"font-size: 16pt\"><a style=\"color: #0000ff\" href=\"https:\/\/www.youtube.com\/embed\/Nyuu1Q_4Ua4\" target=\"_blank\" rel=\"noopener noreferrer\">Comparaci\u00f3n de n\u00fameros en notaci\u00f3n cient\u00edfica (Jos\u00e9 Luis Usero V\u00edlchez)<\/a><\/span><\/strong><\/span><\/p>\n<p style=\"text-align: left;padding-left: 120px\"><span style=\"color: #0000ff\"><strong><span style=\"font-size: 16pt\"><a style=\"color: #0000ff\" href=\"https:\/\/www.youtube.com\/embed\/Ina-E8NEF6U\" target=\"_blank\" rel=\"noopener noreferrer\">Cifras significativas (Jorge Cogollo)<\/a><\/span><\/strong><\/span><\/p>\n<p style=\"text-align: left;padding-left: 120px\"><span style=\"color: #0000ff\"><strong><span style=\"font-size: 16pt\"><a style=\"color: #0000ff\" href=\"https:\/\/www.youtube.com\/embed\/3gFSP0FFhhE\" target=\"_blank\" rel=\"noopener noreferrer\">Suma y resta en notaci\u00f3n cient\u00edfica (Tuto mate)<\/a><\/span><\/strong><\/span><\/p>\n<p style=\"text-align: left;padding-left: 120px\"><span style=\"color: #0000ff\"><strong><span style=\"font-size: 16pt\"><a style=\"color: #0000ff\" href=\"https:\/\/www.youtube.com\/embed\/YLTs05GhUyU\" target=\"_blank\" rel=\"noopener noreferrer\">Suma y resta en notaci\u00f3n cient\u00edfica (math2me)<\/a><\/span><\/strong><\/span><\/p>\n<p style=\"text-align: left;padding-left: 120px\"><span style=\"color: #0000ff\"><strong><span style=\"font-size: 16pt\"><a style=\"color: #0000ff\" href=\"https:\/\/www.youtube.com\/embed\/UOqb6a_7VTA\" target=\"_blank\" rel=\"noopener noreferrer\">Suma y resta en notaci\u00f3n cient\u00edfica (Jorge Cogollo)<\/a><\/span><\/strong><\/span><\/p>\n<p style=\"text-align: left;padding-left: 120px\"><span style=\"color: #0000ff\"><strong><span style=\"font-size: 16pt\"><a style=\"color: #0000ff\" href=\"https:\/\/www.youtube.com\/embed\/abzJYvGQaR0\" target=\"_blank\" rel=\"noopener noreferrer\">Producto y divisi\u00f3n en notaci\u00f3n cient\u00edfica (Tuto mate)<\/a><\/span><\/strong><\/span><\/p>\n<p style=\"text-align: left;padding-left: 120px\"><span style=\"color: #0000ff\"><strong><span style=\"font-size: 16pt\"><a style=\"color: #0000ff\" href=\"https:\/\/www.youtube.com\/embed\/tN6D8BG2lWM\" target=\"_blank\" rel=\"noopener noreferrer\">Producto y divisi\u00f3n en notaci\u00f3n cient\u00edfica (Jos\u00e9 Luis Usero V\u00edlchez)<\/a><\/span><\/strong><\/span><\/p>\n<p style=\"text-align: left;padding-left: 120px\"><span style=\"color: #0000ff\"><strong><span style=\"font-size: 16pt\"><a style=\"color: #0000ff\" href=\"https:\/\/www.youtube.com\/embed\/G5B71T3U_zM\" target=\"_blank\" rel=\"noopener noreferrer\">Operaciones combinadas con notaci\u00f3n cient\u00edfica (Unicoos)<\/a><\/span><\/strong><\/span><\/p>\n<p style=\"text-align: left;padding-left: 120px\"><span style=\"color: #0000ff\"><strong><span style=\"font-size: 16pt\"><a style=\"color: #0000ff\" href=\"https:\/\/www.youtube.com\/embed\/Ew2vsnfY0Ng\" target=\"_blank\" rel=\"noopener noreferrer\">Operaciones combinadas con notaci\u00f3n cient\u00edfica (8Cifras)<\/a><\/span><\/strong><\/span><\/p>\n<p style=\"text-align: left;padding-left: 120px\"><span style=\"color: #0000ff\"><strong><span style=\"font-size: 16pt\"><a style=\"color: #0000ff\" href=\"https:\/\/www.youtube.com\/embed\/3kWy6Ng8MdY\" target=\"_blank\" rel=\"noopener noreferrer\">Problemas usando operaciones en notaci\u00f3n cient\u00edfica (Tuto mate)<\/a><\/span><\/strong><\/span><\/p>\n<p style=\"text-align: left;padding-left: 120px\"><span style=\"color: #0000ff\"><strong><span style=\"font-size: 16pt\"><a style=\"color: #0000ff\" href=\"https:\/\/www.youtube.com\/embed\/5PWaJcIhusQ\" target=\"_blank\" rel=\"noopener noreferrer\">Problemas usando operaciones en notaci\u00f3n cient\u00edfica (8cifras)<\/a><\/span><\/strong><\/span><\/p>\n<p><span style=\"text-decoration: underline;color: #800000\"><span style=\"font-size: 16pt\"><strong>OTROS RECURSOS<\/strong><\/span><\/span><\/p>\n<p id=\"nodeTitle\" style=\"text-align: left;padding-left: 120px\"><span style=\"color: #0000ff\"><strong><a style=\"color: #0000ff\" href=\"https:\/\/www.geogebra.org\/m\/w78fVb9X\" target=\"_blank\" rel=\"noopener noreferrer\"><span style=\"font-size: 14pt\"><span style=\"font-size: 16pt\">Multiplica y divide por potencias de 10 (geogebra)<\/span><\/span><\/a><\/strong><\/span><\/p>\n<p id=\"nodeTitle\" style=\"text-align: left;padding-left: 120px\"><span style=\"color: #0000ff;font-size: 16pt\"><strong><a style=\"color: #0000ff\" href=\"https:\/\/www.geogebra.org\/m\/h4trd92c\" target=\"_blank\" rel=\"noopener noreferrer\">Enunciados en notaci\u00f3n cient\u00edfica (geogebra)<\/a><\/strong><\/span><\/p>\n<p id=\"nodeTitle\" style=\"text-align: left;padding-left: 120px\"><span style=\"color: #0000ff;font-size: 16pt\"><strong><a style=\"color: #0000ff\" href=\"https:\/\/www.geogebra.org\/m\/bcbdkcyr\" target=\"_blank\" rel=\"noopener noreferrer\">Notaci\u00f3n cient\u00edfica con exponentes positivos (geogebra)<\/a><\/strong><\/span><\/p>\n<p id=\"nodeTitle\" style=\"text-align: left;padding-left: 120px\"><span style=\"color: #0000ff;font-size: 16pt\"><strong><a style=\"color: #0000ff\" href=\"https:\/\/www.geogebra.org\/m\/WyJ89sTV\" target=\"_blank\" rel=\"noopener noreferrer\">Notaci\u00f3n cient\u00edfica (geogebra)<\/a><\/strong><\/span><\/p>\n<p style=\"text-align: left;padding-left: 120px\"><span style=\"color: #0000ff;font-size: 16pt\"><strong><a style=\"color: #0000ff\" href=\"https:\/\/proyectodescartes.org\/iCartesiLibri\/materiales_didacticos\/LibroEnterosII-JS\/index.html\" target=\"_blank\" rel=\"noopener noreferrer\">Libro digital interactivo enteros II, teor\u00eda y actividades interactivas, operaciones y potencias<\/a><\/strong><\/span><\/p>\n<\/td>\n<\/tr>\n<\/tbody>\n<\/table>\n<p>&nbsp;<\/p>\n","protected":false},"excerpt":{"rendered":"<p>Teor\u00eda y actividades resueltas &nbsp; POTENCIAS DE EXPONENTE NATURAL VIDEOS Potencias de base y exponente natural (Sensei de las mates) Potencias con la calculadora cient\u00edfica (math2me) Potencias de base entera y exponente natural (YoEstudio) Potencias de base entera y exponente natural (QUIJOTEX EDUCACION) Potencias de base entera y exponente natural (Jos\u00e9 Luis Usero V\u00edlchez) C\u00e1lculo &hellip; <\/p>\n<p><a class=\"more-link btn\" href=\"https:\/\/blogsaverroes.juntadeandalucia.es\/rafaelnunezmat\/potencias\">Seguir leyendo<\/a><\/p>\n","protected":false},"author":10669,"featured_media":0,"parent":0,"menu_order":0,"comment_status":"closed","ping_status":"closed","template":"","meta":{"ngg_post_thumbnail":0,"footnotes":""},"aioseo_notices":[],"_links":{"self":[{"href":"https:\/\/blogsaverroes.juntadeandalucia.es\/rafaelnunezmat\/wp-json\/wp\/v2\/pages\/88"}],"collection":[{"href":"https:\/\/blogsaverroes.juntadeandalucia.es\/rafaelnunezmat\/wp-json\/wp\/v2\/pages"}],"about":[{"href":"https:\/\/blogsaverroes.juntadeandalucia.es\/rafaelnunezmat\/wp-json\/wp\/v2\/types\/page"}],"author":[{"embeddable":true,"href":"https:\/\/blogsaverroes.juntadeandalucia.es\/rafaelnunezmat\/wp-json\/wp\/v2\/users\/10669"}],"replies":[{"embeddable":true,"href":"https:\/\/blogsaverroes.juntadeandalucia.es\/rafaelnunezmat\/wp-json\/wp\/v2\/comments?post=88"}],"version-history":[{"count":22,"href":"https:\/\/blogsaverroes.juntadeandalucia.es\/rafaelnunezmat\/wp-json\/wp\/v2\/pages\/88\/revisions"}],"predecessor-version":[{"id":4951,"href":"https:\/\/blogsaverroes.juntadeandalucia.es\/rafaelnunezmat\/wp-json\/wp\/v2\/pages\/88\/revisions\/4951"}],"wp:attachment":[{"href":"https:\/\/blogsaverroes.juntadeandalucia.es\/rafaelnunezmat\/wp-json\/wp\/v2\/media?parent=88"}],"curies":[{"name":"wp","href":"https:\/\/api.w.org\/{rel}","templated":true}]}}