{"id":91,"date":"2021-06-01T06:17:09","date_gmt":"2021-06-01T06:17:09","guid":{"rendered":"https:\/\/blogsaverroes.juntadeandalucia.es\/rafaelnunezmat\/?page_id=91"},"modified":"2024-12-04T10:12:58","modified_gmt":"2024-12-04T10:12:58","slug":"fracciones","status":"publish","type":"page","link":"https:\/\/blogsaverroes.juntadeandalucia.es\/rafaelnunezmat\/fracciones","title":{"rendered":"Fracciones"},"content":{"rendered":"<p><img loading=\"lazy\" decoding=\"async\" class=\"aligncenter \" src=\"https:\/\/encrypted-tbn0.gstatic.com\/images?q=tbn:ANd9GcS9lQi6qneJJ7SeF7fUqHl3quWJjYKrHZ7l9w&amp;usqp=CAU\" width=\"465\" height=\"221\"><\/p>\n<p style=\"text-align: center\"><a href=\"https:\/\/blogsaverroes.juntadeandalucia.es\/rafaelnunezmat\/files\/2022\/01\/FRACCIONES.pdf\" target=\"_blank\" rel=\"noopener noreferrer\"><span style=\"font-size: 24pt;color: #008000\"><strong>Teor\u00eda y actividades resueltas<\/strong><\/span><\/a><\/p>\n<table style=\"height: 214px;width: 100%;border-collapse: collapse;border-style: none;border-color: #030000\" border=\"1\" cellpadding=\"0\">\n<tbody>\n<tr style=\"height: 24px\">\n<td style=\"width: 17.3092%;height: 24px;border-color: #030000;text-align: center\" colspan=\"3\"><span style=\"text-decoration: underline\"><span style=\"font-size: 20pt;color: #000000\"><strong>INTERPRETACI\u00d3N DE UNA FRACCI\u00d3N<\/strong><\/span><\/span><\/p>\n<p><span style=\"text-decoration: underline;color: #800080\"><span style=\"font-size: 16pt\"><strong>VIDEOS<\/strong><\/span><\/span><\/p>\n<p style=\"text-align: left;padding-left: 200px\"><strong><span style=\"font-size: 14pt;color: #0000ff\"><a style=\"color: #0000ff\" href=\"https:\/\/www.youtube.com\/embed\/oRI_E2qnhEE\" target=\"_blank\" rel=\"noopener noreferrer\">Concepto de fracci\u00f3n (Sensei de las mates)<\/a><\/span><\/strong><\/p>\n<p style=\"text-align: left;padding-left: 200px\"><strong><span style=\"font-size: 14pt;color: #0000ff\"><a style=\"color: #0000ff\" href=\"https:\/\/www.youtube.com\/embed\/Hl7mx-XtPl8\" target=\"_blank\" rel=\"noopener noreferrer\">Significado de la fracci\u00f3n como partes de un todo (Julioprofe)<\/a><\/span><\/strong><\/p>\n<p style=\"text-align: left;padding-left: 200px\"><strong><span style=\"font-size: 14pt;color: #0000ff\"><a style=\"color: #0000ff\" href=\"https:\/\/www.youtube.com\/embed\/M2F7EzFp1SY\" target=\"_blank\" rel=\"noopener noreferrer\">Fracci\u00f3n de una cantidad (unProfesor)<\/a><\/span><\/strong><\/p>\n<p style=\"text-align: left;padding-left: 200px\"><strong><span style=\"font-size: 14pt;color: #0000ff\"><a style=\"color: #0000ff\" href=\"https:\/\/www.youtube.com\/embed\/IpQmfD_zWOI\" target=\"_blank\" rel=\"noopener noreferrer\">Problema usando la fracci\u00f3n de una cantidad (explicamates)<\/a><\/span><\/strong><\/p>\n<p style=\"text-align: left;padding-left: 200px\"><strong><span style=\"font-size: 14pt;color: #0000ff\"><a style=\"color: #0000ff\" href=\"https:\/\/www.youtube.com\/embed\/pCBN8EQO6WI\" target=\"_blank\" rel=\"noopener noreferrer\">Problema usando la fracci\u00f3n de una cantidad (Matem\u00e1ticas profe Alex)<\/a><\/span><\/strong><\/p>\n<p style=\"text-align: left;padding-left: 200px\"><strong><span style=\"font-size: 14pt;color: #0000ff\"><a style=\"color: #0000ff\" href=\"https:\/\/www.youtube.com\/embed\/9yeiDXfd3IM\" target=\"_blank\" rel=\"noopener noreferrer\">Significado de la fracci\u00f3n como operador (Jos\u00e9 Luis Usero V\u00edlchez)<\/a><\/span><\/strong><\/p>\n<p style=\"text-align: left;padding-left: 200px\"><strong><span style=\"font-size: 14pt;color: #0000ff\"><a style=\"color: #0000ff\" href=\"https:\/\/www.youtube.com\/embed\/dQllskTaEFc\" target=\"_blank\" rel=\"noopener noreferrer\">Significado de la fracci\u00f3n como operador (childtopia)<\/a><\/span><\/strong><\/p>\n<p style=\"text-align: left;padding-left: 200px\"><strong><span style=\"font-size: 14pt;color: #0000ff\"><a style=\"color: #0000ff\" href=\"https:\/\/www.youtube.com\/embed\/2F1r3f6KjQY?t=1s\" target=\"_blank\" rel=\"noopener noreferrer\">Significado de la fracci\u00f3n como operador en sentido inverso (Jos\u00e9 Luis Usero V\u00edlchez)<\/a><\/span><\/strong><\/p>\n<p style=\"text-align: left;padding-left: 200px\"><strong><span style=\"font-size: 14pt;color: #0000ff\"><a style=\"color: #0000ff\" href=\"https:\/\/www.youtube.com\/embed\/xRA8mJAyYA0\" target=\"_blank\" rel=\"noopener noreferrer\">Significado de la fracci\u00f3n como operador en sentido inverso (explicamates)<\/a><\/span><\/strong><\/p>\n<p><span style=\"text-decoration: underline;color: #800000\"><span style=\"font-size: 16pt\"><strong>OTROS RECURSOS<\/strong><\/span><\/span><\/p>\n<p style=\"text-align: left;padding-left: 200px\"><strong><span style=\"font-size: 14pt;color: #0000ff\"><a style=\"color: #0000ff\" href=\"https:\/\/www.geogebra.org\/m\/prcfckwg\" target=\"_blank\" rel=\"noopener noreferrer\">Fracciones como partes de un todo (geogebra)<\/a><\/span><\/strong><\/p>\n<\/td>\n<\/tr>\n<tr style=\"height: 24px\">\n<td style=\"width: 17.3092%;height: 24px;border-color: #030000;text-align: center\" colspan=\"3\"><span style=\"text-decoration: underline\"><span style=\"font-size: 20pt;color: #000000\"><strong>EQUIVALENCIA, REDUCCI\u00d3N A COM\u00daN DENOMINADOR Y ORDENACI\u00d3N<\/strong><\/span><\/span><\/p>\n<p style=\"padding-left: 40px\"><span style=\"text-decoration: underline;color: #800080\"><span style=\"font-size: 16pt\"><strong>VIDEOS<\/strong><\/span><\/span><\/p>\n<p style=\"padding-left: 200px;text-align: left\"><strong><span style=\"font-size: 14pt;color: #0000ff\"><a style=\"color: #0000ff\" href=\"https:\/\/www.youtube.com\/embed\/FloUk-2Umss\" target=\"_blank\" rel=\"noopener noreferrer\">Concepto de fracciones equivalentes (Luis Pe\u00f1a)<\/a><\/span><\/strong><\/p>\n<p style=\"text-align: left;padding-left: 200px\"><strong><span style=\"font-size: 14pt;color: #0000ff\"><a style=\"color: #0000ff\" href=\"https:\/\/www.youtube.com\/embed\/SneayKA7bYs?t=1s\" target=\"_blank\" rel=\"noopener noreferrer\">Simplificaci\u00f3n (Aprend\u00f3polis)<\/a><\/span><\/strong><\/p>\n<p style=\"text-align: left;padding-left: 200px\"><strong><span style=\"font-size: 14pt;color: #0000ff\"><a style=\"color: #0000ff\" href=\"https:\/\/www.youtube.com\/embed\/XgwXYAHfXC8\" target=\"_blank\" rel=\"noopener noreferrer\">Amplificaci\u00f3n y simplificaci\u00f3n (Sensei de las mates)<\/a><\/span><\/strong><\/p>\n<p style=\"text-align: left;padding-left: 200px\"><strong><span style=\"font-size: 14pt;color: #0000ff\"><a style=\"color: #0000ff\" href=\"https:\/\/www.youtube.com\/embed\/kNpoD4RgndE\" target=\"_blank\" rel=\"noopener noreferrer\">Amplificaci\u00f3n y simplificaci\u00f3n (arodriga10)<\/a><\/span><\/strong><\/p>\n<p style=\"text-align: left;padding-left: 200px\"><strong><span style=\"font-size: 14pt;color: #0000ff\"><a style=\"color: #0000ff\" href=\"https:\/\/www.youtube.com\/embed\/LJf3Q4WWbhg\" target=\"_blank\" rel=\"noopener noreferrer\">Comprobaci\u00f3n de la equivalencia de fracciones simplific\u00e1ndolas (childtopia)<\/a><\/span><\/strong><\/p>\n<p style=\"text-align: left;padding-left: 200px\"><strong><span style=\"font-size: 14pt;color: #0000ff\"><a style=\"color: #0000ff\" href=\"https:\/\/www.youtube.com\/embed\/ejGiOJKjl44\" target=\"_blank\" rel=\"noopener noreferrer\">Reducci\u00f3n a com\u00fan denominador (Aprendeman\u00eda)<\/a><\/span><\/strong><\/p>\n<p style=\"text-align: left;padding-left: 200px\"><strong><span style=\"font-size: 14pt;color: #0000ff\"><a style=\"color: #0000ff\" href=\"https:\/\/www.youtube.com\/embed\/WkbDxwHdVTY\" target=\"_blank\" rel=\"noopener noreferrer\">Comparaci\u00f3n de dos fracciones (Julioprofe)<\/a><\/span><\/strong><\/p>\n<p style=\"text-align: left;padding-left: 200px\"><strong><span style=\"font-size: 14pt;color: #0000ff\"><a style=\"color: #0000ff\" href=\"https:\/\/www.youtube.com\/embed\/DRMDjJqHw88\" target=\"_blank\" rel=\"noopener noreferrer\">Ordenaci\u00f3n (alfonsoeducador)<\/a><\/span><\/strong><\/p>\n<p style=\"text-align: left;padding-left: 200px\"><strong><span style=\"font-size: 14pt;color: #0000ff\"><a style=\"color: #0000ff\" href=\"https:\/\/www.youtube.com\/embed\/DRMDjJqHw88\" target=\"_blank\" rel=\"noopener noreferrer\">Reducci\u00f3n a com\u00fan denominador y ordenaci\u00f3n (alfonsoeducador)<\/a><\/span><\/strong><\/p>\n<p style=\"text-align: left;padding-left: 200px\"><strong><span style=\"font-size: 14pt;color: #0000ff\"><a style=\"color: #0000ff\" href=\"https:\/\/www.youtube.com\/embed\/qSOq22Es5BE\" target=\"_blank\" rel=\"noopener noreferrer\">Reducci\u00f3n a com\u00fan denominador y ordenaci\u00f3n (childtopia)<\/a><\/span><\/strong><\/p>\n<p style=\"text-align: left;padding-left: 200px\"><strong><span style=\"font-size: 14pt;color: #0000ff\"><a style=\"color: #0000ff\" href=\"https:\/\/www.youtube.com\/embed\/qSOq22Es5BE\" target=\"_blank\" rel=\"noopener noreferrer\">Reducci\u00f3n a com\u00fan denominador y ordenaci\u00f3n (childtopia)<\/a><\/span><\/strong><\/p>\n<p style=\"text-align: left;padding-left: 200px\"><strong><span style=\"font-size: 14pt;color: #0000ff\"><a style=\"color: #0000ff\" href=\"https:\/\/www.youtube.com\/embed\/AfnFScd9pS0\" target=\"_blank\" rel=\"noopener noreferrer\">Fracciones con t\u00e9rminos negativos (Sensei de las mates)<\/a><\/span><\/strong><\/p>\n<p><span style=\"text-decoration: underline;color: #800000\"><span style=\"font-size: 16pt\"><strong>OTROS RECURSOS<\/strong><\/span><\/span><\/p>\n<p style=\"text-align: left;padding-left: 200px\"><strong><span style=\"font-size: 14pt;color: #0000ff\"><a style=\"color: #0000ff\" href=\"https:\/\/www.thatquiz.org\/es-e\/?-j1-l5-p0\" target=\"_blank\" rel=\"noopener noreferrer\">Simplificaci\u00f3n (test de thatquiz)<\/a><\/span><\/strong><\/p>\n<p style=\"text-align: left;padding-left: 200px\"><strong><span style=\"font-size: 14pt;color: #0000ff\"><a style=\"color: #0000ff\" href=\"https:\/\/www.thatquiz.org\/es-B\/?-j1-l6-p0\" target=\"_blank\" rel=\"noopener noreferrer\">Comparaci\u00f3n de dos fracciones (test de thatquiz)<\/a><\/span><\/strong><\/p>\n<p style=\"text-align: left;padding-left: 200px\"><strong><span style=\"font-size: 14pt;color: #0000ff\"><a style=\"color: #0000ff\" href=\"https:\/\/clic.xtec.cat\/projects\/espraci0\/jclic.js\/index.html\" target=\"_blank\" rel=\"noopener noreferrer\">Fracciones (actividades jclic)<\/a><\/span><\/strong><\/p>\n<\/td>\n<\/tr>\n<tr style=\"height: 24px\">\n<td style=\"width: 17.3092%;height: 24px;border-color: #030000;text-align: center\" colspan=\"3\"><span style=\"text-decoration: underline\"><span style=\"font-size: 20pt;color: #000000\"><strong>REPRESENTACI\u00d3N EN LA RECTA<\/strong><\/span><\/span><\/p>\n<p><span style=\"text-decoration: underline;color: #800080\"><span style=\"font-size: 16pt\"><strong>VIDEOS<\/strong><\/span><\/span><\/p>\n<p style=\"text-align: left;padding-left: 200px\"><strong><span style=\"font-size: 14pt;color: #0000ff\"><a style=\"color: #0000ff\" href=\"https:\/\/www.youtube.com\/embed\/AIxpPTooRO0\" target=\"_blank\" rel=\"noopener noreferrer\">Representaci\u00f3n en la recta (explicamates)<\/a><\/span><\/strong><\/p>\n<p style=\"text-align: left;padding-left: 200px\"><strong><span style=\"font-size: 14pt;color: #0000ff\"><a style=\"color: #0000ff\" href=\"https:\/\/www.youtube.com\/embed\/qramm7VS8tA\" target=\"_blank\" rel=\"noopener noreferrer\">Representaci\u00f3n en la recta-1 (Matem\u00e1ticas profe Alex)<\/a><\/span><\/strong><\/p>\n<p style=\"text-align: left;padding-left: 200px\"><strong><span style=\"font-size: 14pt;color: #0000ff\"><a style=\"color: #0000ff\" href=\"https:\/\/www.youtube.com\/embed\/UiJZwbqT06U\" target=\"_blank\" rel=\"noopener noreferrer\">Representaci\u00f3n en la recta-2 (Matem\u00e1ticas profe Alex)<\/a><\/span><\/strong><\/p>\n<p style=\"text-align: left;padding-left: 200px\"><strong><span style=\"font-size: 14pt;color: #0000ff\"><a style=\"color: #0000ff\" href=\"https:\/\/www.youtube.com\/embed\/NXzvHB4KGGM?t=543s\" target=\"_blank\" rel=\"noopener noreferrer\">Representaci\u00f3n en la recta (lasmatematicas.es)<\/a><\/span><\/strong><\/p>\n<p style=\"text-align: left;padding-left: 200px\"><strong><span style=\"font-size: 14pt;color: #0000ff\"><a style=\"color: #0000ff\" href=\"https:\/\/www.youtube.com\/embed\/hMj9wqmO95M\" target=\"_blank\" rel=\"noopener noreferrer\">Representaci\u00f3n en la recta (fefevar)<\/a><\/span><\/strong><\/p>\n<p><span style=\"text-decoration: underline;color: #800000\"><span style=\"font-size: 16pt\"><strong>OTROS RECURSOS<\/strong><\/span><\/span><\/p>\n<p style=\"text-align: left;padding-left: 200px\"><strong><span style=\"font-size: 14pt;color: #0000ff\"><a style=\"color: #0000ff\" href=\"https:\/\/www.geogebra.org\/m\/xvqtfqcc\" target=\"_blank\" rel=\"noopener noreferrer\">Representaci\u00f3n en la recta 1 (geogebra)<\/a><\/span><\/strong><\/p>\n<p style=\"text-align: left;padding-left: 200px\"><strong><span style=\"font-size: 14pt;color: #0000ff\"><a style=\"color: #0000ff\" href=\"https:\/\/www.geogebra.org\/m\/tnt4gvff\" target=\"_blank\" rel=\"noopener noreferrer\">Representaci\u00f3n en la recta 2 (geogebra)<\/a><\/span><\/strong><\/p>\n<p style=\"text-align: left;padding-left: 200px\"><strong><span style=\"font-size: 14pt;color: #0000ff\"><a style=\"color: #0000ff\" href=\"https:\/\/www.thatquiz.org\/es-6\/?-j1-la-p0\" target=\"_blank\" rel=\"noopener noreferrer\">Fracciones como partes de la unidad, representaci\u00f3n y ordenaci\u00f3n (test de thatquiz)<\/a><\/span><\/strong><\/p>\n<\/td>\n<\/tr>\n<tr style=\"height: 56px\">\n<td style=\"width: 17.3092%;border-color: #030000;text-align: center;height: 56px\" colspan=\"3\"><span style=\"font-size: 20pt;color: #000000\"><strong>SUMA\/RESTA, PRODUCTO\/DIVISI\u00d3N<\/strong><\/span><\/p>\n<p><span style=\"text-decoration: underline;color: #800080\"><span style=\"font-size: 16pt\"><strong>VIDEOS<\/strong><\/span><\/span><\/p>\n<p style=\"text-align: left;padding-left: 160px\"><strong><span style=\"font-size: 14pt;color: #0000ff\"><a style=\"color: #0000ff\" href=\"https:\/\/www.youtube.com\/embed\/divXcE3UgcI\" target=\"_blank\" rel=\"noopener noreferrer\">Suma (Sensei de las mates)<\/a><\/span><\/strong><\/p>\n<p style=\"text-align: left;padding-left: 160px\"><strong><span style=\"font-size: 14pt;color: #0000ff\"><a style=\"color: #0000ff\" href=\"https:\/\/www.youtube.com\/embed\/jGhrJJzpqp8\" target=\"_blank\" rel=\"noopener noreferrer\">Resta (Sensei de las mates)<\/a><\/span><\/strong><\/p>\n<p style=\"text-align: left;padding-left: 160px\"><strong><span style=\"font-size: 14pt;color: #0000ff\"><a style=\"color: #0000ff\" href=\"https:\/\/www.youtube.com\/embed\/rSLuXOTdje8\" target=\"_blank\" rel=\"noopener noreferrer\">Suma y resta (Susy)<\/a><\/span><\/strong><\/p>\n<p style=\"text-align: left;padding-left: 160px\"><strong><span style=\"font-size: 14pt;color: #0000ff\"><a style=\"color: #0000ff\" href=\"https:\/\/www.youtube.com\/embed\/7eCKIMYzfCg\" target=\"_blank\" rel=\"noopener noreferrer\">Suma y resta (Julioprofe)<\/a>&nbsp;<\/span><\/strong><\/p>\n<p style=\"text-align: left;padding-left: 160px\"><strong><span style=\"font-size: 14pt;color: #0000ff\"><a style=\"color: #0000ff\" href=\"https:\/\/www.youtube.com\/embed\/rILlw4W2-XA\" target=\"_blank\" rel=\"noopener noreferrer\">Sumas y restas combinadas y par\u00e9ntesis (childtopia)<\/a><\/span><\/strong><\/p>\n<p style=\"text-align: left;padding-left: 160px\"><strong><span style=\"font-size: 14pt;color: #0000ff\"><a style=\"color: #0000ff\" href=\"https:\/\/www.youtube.com\/embed\/4tv4ZpUAf_8\" target=\"_blank\" rel=\"noopener noreferrer\">Problemas usando la suma y resta (Jos\u00e9 Luis Usero V\u00edlchez)<\/a><\/span><\/strong><\/p>\n<p style=\"text-align: left;padding-left: 160px\"><strong><span style=\"font-size: 14pt;color: #0000ff\"><a style=\"color: #0000ff\" href=\"https:\/\/www.youtube.com\/embed\/hqiyJPbRuts\" target=\"_blank\" rel=\"noopener noreferrer\">Suma\/resta y fracci\u00f3n de una cantidad (Academia JAF)<\/a><\/span><\/strong><\/p>\n<p style=\"text-align: left;padding-left: 160px\"><strong><span style=\"font-size: 14pt;color: #0000ff\"><a style=\"color: #0000ff\" href=\"https:\/\/www.youtube.com\/embed\/MePGgj45xf8\" target=\"_blank\" rel=\"noopener noreferrer\">Significado de la fracci\u00f3n como operador en sentido inverso con operaciones-1 (Jos\u00e9 Luis Usero V\u00edlchez)<\/a><\/span><\/strong><\/p>\n<p style=\"text-align: left;padding-left: 160px\"><strong><span style=\"font-size: 14pt;color: #0000ff\"><a style=\"color: #0000ff\" href=\"https:\/\/www.youtube.com\/embed\/QFOccKJ9xnk\" target=\"_blank\" rel=\"noopener noreferrer\">Significado de la fracci\u00f3n como operador en sentido inverso con operaciones-2 (Jos\u00e9 Luis Usero V\u00edlchez)<\/a><\/span><\/strong><\/p>\n<p style=\"text-align: left;padding-left: 160px\"><strong><span style=\"font-size: 14pt;color: #0000ff\"><a style=\"color: #0000ff\" href=\"https:\/\/www.youtube.com\/embed\/ipghyKcPyQ4\" target=\"_blank\" rel=\"noopener noreferrer\">Producto (Sensei de las mates)<\/a><\/span><\/strong><\/p>\n<p class=\"style-scope ytd-watch-metadata\" style=\"text-align: left;padding-left: 160px\"><strong><span style=\"color: #0000ff\"><a style=\"color: #0000ff\" href=\"https:\/\/www.youtube.com\/embed\/BITOz1qd9Q0\" target=\"_blank\" rel=\"noopener noreferrer\"><span style=\"font-size: 14pt\">Interpretaci\u00f3n gr\u00e1fica de la multiplicaci\u00f3n de fracciones (acervo-aprende mx)<\/span><\/a><\/span><\/strong><\/p>\n<p style=\"text-align: left;padding-left: 160px\"><strong><span style=\"font-size: 14pt;color: #0000ff\"><a style=\"color: #0000ff\" href=\"https:\/\/www.youtube.com\/embed\/Ncr9_Vs1wmQ\" target=\"_blank\" rel=\"noopener noreferrer\">Fracci\u00f3n de una fracci\u00f3n (math2me)<\/a><\/span><\/strong><\/p>\n<p style=\"text-align: left;padding-left: 160px\"><strong><span style=\"font-size: 14pt;color: #0000ff\"><a style=\"color: #0000ff\" href=\"https:\/\/www.youtube.com\/embed\/mGFhrqdTrNs\" target=\"_blank\" rel=\"noopener noreferrer\">Divisi\u00f3n de fracciones (Sensei de las mates)<\/a><\/span><\/strong><\/p>\n<p style=\"text-align: left;padding-left: 160px\"><strong><span style=\"font-size: 14pt;color: #0000ff\"><a style=\"color: #0000ff\" href=\"https:\/\/www.youtube.com\/embed\/CAR8M1w-3XM\" target=\"_blank\" rel=\"noopener noreferrer\">Problema usando la divisi\u00f3n de fracciones (educatina)<\/a><\/span><\/strong><\/p>\n<p style=\"text-align: left;padding-left: 160px\"><strong><span style=\"font-size: 14pt;color: #0000ff\"><a style=\"color: #0000ff\" href=\"https:\/\/www.youtube.com\/embed\/FJqLwGzahXU\" target=\"_blank\" rel=\"noopener noreferrer\">Producto y divisi\u00f3n (Ejercicios de matem\u00e1ticas)<\/a><\/span><\/strong><\/p>\n<p><span style=\"text-decoration: underline;color: #800000\"><span style=\"font-size: 16pt\"><strong>OTROS RECURSOS<\/strong><\/span><\/span><\/p>\n<p style=\"text-align: left;padding-left: 160px\"><strong><span style=\"font-size: 14pt;color: #0000ff\"><a style=\"color: #0000ff\" href=\"https:\/\/www.thatquiz.org\/es-3\/?-jh-l6-mpnv600-p0\" target=\"_blank\" rel=\"noopener noreferrer\">Operaciones con dos fracciones (test de thatquiz)<\/a><\/span><\/strong><\/p>\n<\/td>\n<\/tr>\n<tr style=\"height: 28px\">\n<td style=\"width: 17.3092%;border-color: #030000;text-align: center;height: 28px\" colspan=\"3\"><span style=\"text-decoration: underline\"><span style=\"font-size: 20pt;color: #000000\"><strong>OPERACIONES COMBINADAS<\/strong><\/span><\/span><\/p>\n<p><span style=\"text-decoration: underline;color: #800000\"><span style=\"font-size: 16pt\"><strong>OTROS RECURSOS<\/strong><\/span><\/span><\/p>\n<p style=\"text-align: left;padding-left: 200px\"><strong><span style=\"font-size: 14pt;color: #0000ff\"><a style=\"color: #0000ff\" href=\"https:\/\/www.youtube.com\/embed\/C_0tR09yhec\" target=\"_blank\" rel=\"noopener noreferrer\">Operaciones combinadas (Jos\u00e9 Luis Usero V\u00edlchez)<\/a><\/span><\/strong><\/p>\n<p style=\"text-align: left;padding-left: 200px\"><strong><span style=\"font-size: 14pt;color: #0000ff\"><a style=\"color: #0000ff\" href=\"https:\/\/www.youtube.com\/embed\/1NMuNip0XI4\" target=\"_blank\" rel=\"noopener noreferrer\">Operaciones combinadas (Jos\u00e9 Mar\u00eda Arias Cabezas)<\/a><\/span><\/strong><\/p>\n<p style=\"text-align: left;padding-left: 200px\"><strong><span style=\"font-size: 14pt;color: #0000ff\"><a style=\"color: #0000ff\" href=\"https:\/\/www.youtube.com\/embed\/ehOjwMfdvIs\" target=\"_blank\" rel=\"noopener noreferrer\">Operaciones combinadas (Fikima Aula Virtual)<\/a><\/span><\/strong><\/p>\n<p style=\"text-align: left;padding-left: 200px\"><strong><span style=\"font-size: 14pt;color: #0000ff\"><a style=\"color: #0000ff\" href=\"https:\/\/www.youtube.com\/embed\/1H5VebwF8Gc\" target=\"_blank\" rel=\"noopener noreferrer\">Operaciones combinadas (Inmaculada Fogg)<\/a><\/span><\/strong><\/p>\n<p style=\"text-align: left;padding-left: 200px\"><strong><span style=\"font-size: 14pt;color: #0000ff\"><a style=\"color: #0000ff\" href=\"https:\/\/www.youtube.com\/embed\/saqZXgZQ9wY\" target=\"_blank\" rel=\"noopener noreferrer\">Castillo de fracciones (Ruben Sebastian)<\/a><\/span><\/strong><\/p>\n<p style=\"text-align: left;padding-left: 200px\"><strong><span style=\"font-size: 14pt;color: #0000ff\"><a style=\"color: #0000ff\" href=\"https:\/\/www.youtube.com\/embed\/uTiZH5mYd6E\" target=\"_blank\" rel=\"noopener noreferrer\">Castillo de fracciones (Clasem\u00e1ticas canal)<\/a><\/span><\/strong><\/p>\n<p style=\"text-align: left;padding-left: 200px\"><strong><span style=\"font-size: 14pt;color: #0000ff\"><a style=\"color: #0000ff\" href=\"https:\/\/www.youtube.com\/embed\/Aq2rn4gPnqM\" target=\"_blank\" rel=\"noopener noreferrer\">Castillo de fracciones (Miguem\u00e1ticas)<\/a><\/span><\/strong><\/p>\n<p style=\"text-align: left;padding-left: 200px\"><strong><span style=\"font-size: 14pt;color: #0000ff\"><a style=\"color: #0000ff\" href=\"https:\/\/www.youtube.com\/embed\/RVrNp1fnVbg?t=10s\" target=\"_blank\" rel=\"noopener noreferrer\">Problemas usando operaciones (Ruben Sebastian)<\/a><\/span><\/strong><\/p>\n<p style=\"text-align: left;padding-left: 200px\"><strong><span style=\"font-size: 14pt;color: #0000ff\"><a style=\"color: #0000ff\" href=\"https:\/\/www.youtube.com\/embed\/rjnV7etQzmE\" target=\"_blank\" rel=\"noopener noreferrer\">Problemas usando operaciones (explicamates)<\/a><\/span><\/strong><\/p>\n<p style=\"text-align: left;padding-left: 200px\"><strong><span style=\"font-size: 14pt;color: #0000ff\"><a style=\"color: #0000ff\" href=\"https:\/\/www.youtube.com\/embed\/TsNPM7G5IvU\" target=\"_blank\" rel=\"noopener noreferrer\">Problemas usando operaciones (Aprender Matem\u00e1ticas. Jos\u00e9 Jaime Mas)<\/a><\/span><\/strong><\/p>\n<p style=\"text-align: left;padding-left: 200px\"><strong><span style=\"font-size: 14pt;color: #0000ff\"><a style=\"color: #0000ff\" href=\"https:\/\/www.youtube.com\/embed\/JJJIgXu6QLk\" target=\"_blank\" rel=\"noopener noreferrer\">Problemas usando operaciones (Nicolas Manuel G\u00f3mez Castro)<\/a><\/span><\/strong><\/p>\n<p style=\"text-align: left;padding-left: 200px\"><strong><span style=\"font-size: 14pt;color: #0000ff\"><a style=\"color: #0000ff\" href=\"https:\/\/www.youtube.com\/embed\/Gn9rGea1H5w\" target=\"_blank\" rel=\"noopener noreferrer\">Problemas usando operaciones (Fikima Aula Virtual)<\/a><\/span><\/strong><\/p>\n<p style=\"text-align: left;padding-left: 200px\"><strong><span style=\"font-size: 14pt;color: #0000ff\"><a style=\"color: #0000ff\" href=\"https:\/\/www.youtube.com\/embed\/slpeH-M-3p8\" target=\"_blank\" rel=\"noopener noreferrer\">Problemas usando operaciones (Matem\u00e1ticas profe Alex)<\/a><\/span><\/strong><\/p>\n<p><span style=\"text-decoration: underline;color: #800000\"><span style=\"font-size: 16pt\"><strong>OTROS RECURSOS<\/strong><\/span><\/span><\/p>\n<p style=\"text-align: left;padding-left: 200px\"><strong><span style=\"font-size: 14pt;color: #0000ff\"><a style=\"color: #0000ff\" href=\"https:\/\/www.geogebra.org\/m\/wvu6v4ks\" target=\"_blank\" rel=\"noopener noreferrer\">Operaciones combinadas-1 (geogebra)<\/a><\/span><\/strong><\/p>\n<p style=\"text-align: left;padding-left: 200px\"><strong><span style=\"font-size: 14pt;color: #0000ff\"><a style=\"color: #0000ff\" href=\"https:\/\/www.geogebra.org\/m\/rf9mzjyz\" target=\"_blank\" rel=\"noopener noreferrer\">Operaciones combinadas-2 (geogebra)<\/a><\/span><\/strong><\/p>\n<p style=\"text-align: left;padding-left: 200px\"><strong><span style=\"font-size: 14pt;color: #0000ff\"><a style=\"color: #0000ff\" href=\"https:\/\/www.geogebra.org\/m\/aruzb5xt\" target=\"_blank\" rel=\"noopener noreferrer\">Operaciones combinadas-3 (geogebra)<\/a><\/span><\/strong><\/p>\n<p style=\"text-align: left;padding-left: 200px\"><strong><span style=\"font-size: 14pt;color: #0000ff\"><a style=\"color: #0000ff\" href=\"https:\/\/www.masmates.com\/inter\/mm110012.htm\" target=\"_blank\" rel=\"noopener noreferrer\">Problemas con fracciones (masmates)<\/a><\/span><\/strong><\/p>\n<\/td>\n<\/tr>\n<\/tbody>\n<\/table>\n<p>&nbsp;<\/p>\n","protected":false},"excerpt":{"rendered":"<p>Teor\u00eda y actividades resueltas INTERPRETACI\u00d3N DE UNA FRACCI\u00d3N VIDEOS Concepto de fracci\u00f3n (Sensei de las mates) Significado de la fracci\u00f3n como partes de un todo (Julioprofe) Fracci\u00f3n de una cantidad (unProfesor) Problema usando la fracci\u00f3n de una cantidad (explicamates) Problema usando la fracci\u00f3n de una cantidad (Matem\u00e1ticas profe Alex) Significado de la fracci\u00f3n como operador &hellip; <\/p>\n<p><a class=\"more-link btn\" href=\"https:\/\/blogsaverroes.juntadeandalucia.es\/rafaelnunezmat\/fracciones\">Seguir leyendo<\/a><\/p>\n","protected":false},"author":10669,"featured_media":0,"parent":0,"menu_order":0,"comment_status":"closed","ping_status":"closed","template":"","meta":{"ngg_post_thumbnail":0,"footnotes":""},"aioseo_notices":[],"_links":{"self":[{"href":"https:\/\/blogsaverroes.juntadeandalucia.es\/rafaelnunezmat\/wp-json\/wp\/v2\/pages\/91"}],"collection":[{"href":"https:\/\/blogsaverroes.juntadeandalucia.es\/rafaelnunezmat\/wp-json\/wp\/v2\/pages"}],"about":[{"href":"https:\/\/blogsaverroes.juntadeandalucia.es\/rafaelnunezmat\/wp-json\/wp\/v2\/types\/page"}],"author":[{"embeddable":true,"href":"https:\/\/blogsaverroes.juntadeandalucia.es\/rafaelnunezmat\/wp-json\/wp\/v2\/users\/10669"}],"replies":[{"embeddable":true,"href":"https:\/\/blogsaverroes.juntadeandalucia.es\/rafaelnunezmat\/wp-json\/wp\/v2\/comments?post=91"}],"version-history":[{"count":22,"href":"https:\/\/blogsaverroes.juntadeandalucia.es\/rafaelnunezmat\/wp-json\/wp\/v2\/pages\/91\/revisions"}],"predecessor-version":[{"id":4954,"href":"https:\/\/blogsaverroes.juntadeandalucia.es\/rafaelnunezmat\/wp-json\/wp\/v2\/pages\/91\/revisions\/4954"}],"wp:attachment":[{"href":"https:\/\/blogsaverroes.juntadeandalucia.es\/rafaelnunezmat\/wp-json\/wp\/v2\/media?parent=91"}],"curies":[{"name":"wp","href":"https:\/\/api.w.org\/{rel}","templated":true}]}}