{"id":92,"date":"2021-06-01T06:17:09","date_gmt":"2021-06-01T06:17:09","guid":{"rendered":"https:\/\/blogsaverroes.juntadeandalucia.es\/rafaelnunezmat\/?page_id=92"},"modified":"2024-12-13T13:26:30","modified_gmt":"2024-12-13T13:26:30","slug":"decimales","status":"publish","type":"page","link":"https:\/\/blogsaverroes.juntadeandalucia.es\/rafaelnunezmat\/decimales","title":{"rendered":"Decimales"},"content":{"rendered":"<p><img loading=\"lazy\" decoding=\"async\" class=\"aligncenter \" src=\"https:\/\/i0.wp.com\/www3.gobiernodecanarias.org\/medusa\/ecoblog\/fpelmel\/files\/2017\/06\/numeros-decimales-2.jpg?fit=400%2C309&amp;ssl=1\" width=\"448\" height=\"346\"><\/p>\n<p>&nbsp;<\/p>\n<p style=\"text-align: center\"><span style=\"font-size: 24pt;color: #008000\"><strong><a style=\"color: #008000\" href=\"https:\/\/blogsaverroes.juntadeandalucia.es\/rafaelnunezmat\/files\/2022\/01\/N\u00daMEROS-DECIMALES.pdf\" target=\"_blank\" rel=\"noopener noreferrer\">Teor\u00eda y actividades resueltas<\/a><\/strong><\/span><\/p>\n<table style=\"height: 1420px;width: 100%;border-collapse: collapse;border-style: none;border-color: #030000\" border=\"1\" cellpadding=\"0\">\n<tbody>\n<tr style=\"height: 24px\">\n<td style=\"width: 17.2446%;height: 24px;border-color: #030000;text-align: center\" colspan=\"3\"><span style=\"text-decoration: underline\"><span style=\"font-size: 20pt;color: #000000\"><strong>CONCEPTO<\/strong><\/span><\/span><\/p>\n<p style=\"text-align: left;padding-left: 200px\"><strong><span style=\"font-size: 14pt;color: #0000ff\"><a style=\"color: #0000ff\" href=\"https:\/\/www.youtube.com\/embed\/C2coePaAxLk\" target=\"_blank\" rel=\"noopener noreferrer\">Lectura y escritura de decimales (Sensei de las mates)<\/a><\/span><\/strong><\/p>\n<p style=\"text-align: left;padding-left: 200px\"><strong><span style=\"font-size: 14pt;color: #0000ff\"><a style=\"color: #0000ff\" href=\"https:\/\/www.youtube.com\/embed\/QggKWhC6Jkk\" target=\"_blank\" rel=\"noopener noreferrer\">Lectura y escritura de decimales (ingeniat)<\/a><\/span><\/strong><\/p>\n<\/td>\n<\/tr>\n<tr style=\"height: 24px\">\n<td style=\"width: 17.2446%;height: 24px;border-color: #030000;text-align: center\" colspan=\"3\"><span style=\"text-decoration: underline\"><span style=\"font-size: 20pt;color: #000000\"><strong>REPRESENTACI\u00d3N EN LA RECTA<\/strong><\/span><\/span><\/p>\n<p style=\"text-align: left;padding-left: 200px\"><strong><span style=\"font-size: 14pt;color: #0000ff\"><a style=\"color: #0000ff\" href=\"https:\/\/www.youtube.com\/embed\/t5Bu_YUCrPk\" target=\"_blank\" rel=\"noopener noreferrer\">Representaci\u00f3n (Matem\u00e1ticas profe Alex)<\/a><\/span><\/strong><\/p>\n<p style=\"text-align: left;padding-left: 200px\"><strong><span style=\"font-size: 14pt;color: #0000ff\"><a style=\"color: #0000ff\" href=\"https:\/\/www.youtube.com\/embed\/P1h9KKZWx7U\" target=\"_blank\" rel=\"noopener noreferrer\">Representaci\u00f3n (childtopia)<\/a><\/span><\/strong><\/p>\n<p style=\"text-align: left;padding-left: 200px\"><strong><span style=\"font-size: 14pt;color: #0000ff\"><a style=\"color: #0000ff\" href=\"https:\/\/www.youtube.com\/embed\/hytJZaxKybc\" target=\"_blank\" rel=\"noopener noreferrer\">Representaci\u00f3n (Jos\u00e9 Luis Usero V\u00edlchez)<\/a><\/span><\/strong><\/p>\n<p style=\"text-align: left;padding-left: 200px\"><strong><span style=\"font-size: 14pt;color: #0000ff\"><a style=\"color: #0000ff\" href=\"https:\/\/www.youtube.com\/embed\/wU7-3EmMWrM\" target=\"_blank\" rel=\"noopener noreferrer\">Representaci\u00f3n aproximada (Matem\u00e1ticas profe Alex)<\/a><\/span><\/strong><\/p>\n<\/td>\n<\/tr>\n<tr style=\"height: 104px\">\n<td style=\"width: 17.2446%;border-color: #030000;text-align: center;height: 104px\" colspan=\"3\"><span style=\"text-decoration: underline\"><span style=\"font-size: 20pt;color: #000000\"><strong>ORDENACI\u00d3N<\/strong><\/span><\/span><\/p>\n<p style=\"text-align: left;padding-left: 200px\"><strong><span style=\"font-size: 14pt;color: #0000ff\"><a style=\"color: #0000ff\" href=\"https:\/\/www.youtube.com\/embed\/lm9d3NlX6vM\" target=\"_blank\" rel=\"noopener noreferrer\">Ordenaci\u00f3n de decimales positivos (Ruben Sebastian)<\/a><\/span><\/strong><\/p>\n<p style=\"text-align: left;padding-left: 200px\"><strong><span style=\"font-size: 14pt;color: #0000ff\"><a style=\"color: #0000ff\" href=\"https:\/\/www.youtube.com\/embed\/A6ccWjclpuA\" target=\"_blank\" rel=\"noopener noreferrer\">Ordenaci\u00f3n de decimales (Mate316)<\/a><\/span><\/strong><\/p>\n<\/td>\n<\/tr>\n<tr style=\"height: 56px\">\n<td style=\"width: 17.2446%;border-color: #030000;text-align: center;height: 56px\" colspan=\"3\"><span style=\"text-decoration: underline\"><span style=\"font-size: 20pt;color: #000000\"><strong>SUMA\/RESTA<\/strong><\/span><\/span><\/p>\n<p style=\"text-align: left;padding-left: 200px\"><strong><span style=\"font-size: 14pt;color: #0000ff\"><a style=\"color: #0000ff\" href=\"https:\/\/www.youtube.com\/embed\/0PvvncOGybA\" target=\"_blank\" rel=\"noopener noreferrer\">Suma y resta (Sensei de las mates)<\/a><\/span><\/strong><\/p>\n<p style=\"text-align: left;padding-left: 200px\"><strong><span style=\"font-size: 14pt;color: #0000ff\"><a style=\"color: #0000ff\" href=\"https:\/\/www.youtube.com\/embed\/_qrNvRnyXe8\" target=\"_blank\" rel=\"noopener noreferrer\">Suma y resta (Julioprofe)<\/a><\/span><\/strong><\/p>\n<p style=\"text-align: left;padding-left: 200px\"><strong><span style=\"font-size: 14pt;color: #0000ff\"><a style=\"color: #0000ff\" href=\"https:\/\/www.youtube.com\/embed\/1w-rD9HbH68\" target=\"_blank\" rel=\"noopener noreferrer\">Estimaciones en la suma (KhanAcademyEspa\u00f1ol)<\/a><\/span><\/strong><\/p>\n<\/td>\n<\/tr>\n<tr style=\"height: 236px\">\n<td style=\"width: 17.2446%;border-color: #030000;text-align: center;height: 236px\" colspan=\"3\"><span style=\"text-decoration: underline\"><span style=\"font-size: 20pt;color: #000000\"><strong>PRODUCTO\/POTENCIA<\/strong><\/span><\/span><\/p>\n<p style=\"text-align: left;padding-left: 200px\"><strong><span style=\"font-size: 14pt;color: #0000ff\"><a style=\"color: #0000ff\" href=\"https:\/\/www.youtube.com\/embed\/AQcbctRFHaw\" target=\"_blank\" rel=\"noopener noreferrer\">Producto (Sensei de las mates)<\/a><\/span><\/strong><\/p>\n<p style=\"text-align: left;padding-left: 200px\"><strong><span style=\"font-size: 14pt;color: #0000ff\"><a style=\"color: #0000ff\" href=\"https:\/\/www.youtube.com\/embed\/q8NJK9ksVN4\" target=\"_blank\" rel=\"noopener noreferrer\">Producto (Julioprofe)<\/a><\/span><\/strong><\/p>\n<p style=\"text-align: left;padding-left: 200px\"><strong><span style=\"font-size: 14pt;color: #0000ff\"><a style=\"color: #0000ff\" href=\"https:\/\/www.youtube.com\/embed\/ivRc9FuSLjE\" target=\"_blank\" rel=\"noopener noreferrer\">Estimaciones en el producto (KhanAcademyEspa\u00f1ol)<\/a><\/span><\/strong><\/p>\n<p style=\"text-align: left;padding-left: 200px\"><strong><span style=\"font-size: 14pt;color: #0000ff\"><a style=\"color: #0000ff\" href=\"https:\/\/www.youtube.com\/embed\/c6iVBwXZl-A\" target=\"_blank\" rel=\"noopener noreferrer\">Producto por la unidad seguida de ceros (alfonsoeducador)<\/a><\/span><\/strong><\/p>\n<p style=\"text-align: left;padding-left: 200px\"><strong><span style=\"font-size: 14pt;color: #0000ff\"><a style=\"color: #0000ff\" href=\"https:\/\/www.youtube.com\/embed\/pgZFBCqDals\" target=\"_blank\" rel=\"noopener noreferrer\">Potencia (EasyMath)<\/a><\/span><\/strong><\/p>\n<\/td>\n<\/tr>\n<tr style=\"height: 280px\">\n<td style=\"width: 17.2446%;border-color: #030000;text-align: center;height: 280px\" colspan=\"3\"><span style=\"text-decoration: underline;font-size: 20pt\"><span style=\"color: #000000\"><strong>DIVISI\u00d3N<\/strong><\/span><\/span><\/p>\n<p><span style=\"text-decoration: underline;color: #800080\"><span style=\"font-size: 16pt\"><strong>VIDEOS<\/strong><\/span><\/span><\/p>\n<p style=\"text-align: left;padding-left: 200px\"><strong><span style=\"font-size: 14pt;color: #0000ff\"><a style=\"color: #0000ff\" href=\"https:\/\/www.youtube.com\/embed\/jPYAqa2mScw\" target=\"_blank\" rel=\"noopener noreferrer\">Divisi\u00f3n de un n\u00famero por la unidad seguida de ceros (alfonsoeducador)<\/a><\/span><\/strong><\/p>\n<p style=\"text-align: left;padding-left: 200px\"><strong><span style=\"font-size: 14pt;color: #0000ff\"><a style=\"color: #0000ff\" href=\"https:\/\/www.youtube.com\/embed\/4t3aFOb6YXc\" target=\"_blank\" rel=\"noopener noreferrer\">Divisi\u00f3n (Sensei de las mates)<\/a><\/span><\/strong><\/p>\n<p style=\"text-align: left;padding-left: 200px\"><strong><span style=\"font-size: 14pt;color: #0000ff\"><a style=\"color: #0000ff\" href=\"https:\/\/www.youtube.com\/embed\/wCTG8ILpkcA\" target=\"_blank\" rel=\"noopener noreferrer\">Divisi\u00f3n (Julioprofe)<\/a><\/span><\/strong><\/p>\n<p style=\"text-align: left;padding-left: 200px\"><strong><span style=\"font-size: 14pt;color: #0000ff\"><a style=\"color: #0000ff\" href=\"https:\/\/www.youtube.com\/embed\/xz-dVI4NUiU\" target=\"_blank\" rel=\"noopener noreferrer\">Divisi\u00f3n (Miguem\u00e1ticas)<\/a><\/span><\/strong><\/p>\n<p style=\"text-align: left;padding-left: 200px\"><strong><span style=\"font-size: 14pt;color: #0000ff\"><a style=\"color: #0000ff\" href=\"https:\/\/www.youtube.com\/embed\/AScVcJUb60Y\" target=\"_blank\" rel=\"noopener noreferrer\">Divisi\u00f3n (Todosobresaliente)<\/a><\/span><\/strong><\/p>\n<p style=\"text-align: left;padding-left: 200px\"><strong><span style=\"font-size: 14pt;color: #0000ff\"><a style=\"color: #0000ff\" href=\"https:\/\/www.youtube.com\/embed\/TnB1cEzC20Y\" target=\"_blank\" rel=\"noopener noreferrer\">Divisi\u00f3n (Jes\u00fas Chac\u00f3n Chaparro)<\/a><\/span><\/strong><\/p>\n<\/td>\n<\/tr>\n<tr style=\"height: 376px\">\n<td style=\"width: 17.2446%;border-color: #030000;text-align: center;height: 376px\" colspan=\"3\"><span style=\"text-decoration: underline\"><span style=\"font-size: 20pt;color: #000000\"><strong>RELACI\u00d3N ENTRE FRACCIONES Y DECIMALES<\/strong><\/span><\/span><\/p>\n<p><span style=\"text-decoration: underline;color: #800080\"><span style=\"font-size: 16pt\"><strong>VIDEOS<\/strong><\/span><\/span><\/p>\n<p style=\"text-align: left;padding-left: 200px\"><strong><span style=\"font-size: 14pt;color: #0000ff\"><a style=\"color: #0000ff\" href=\"https:\/\/www.youtube.com\/embed\/cfokyn3HtpY\" target=\"_blank\" rel=\"noopener noreferrer\">Expresi\u00f3n decimal de una fracci\u00f3n, tipos de decimales (academia JAF)<\/a><\/span><\/strong><\/p>\n<p style=\"text-align: left;padding-left: 200px\"><strong><span style=\"font-size: 14pt;color: #0000ff\"><a style=\"color: #0000ff\" href=\"https:\/\/www.youtube.com\/embed\/Ej3RxNZlkco\" target=\"_blank\" rel=\"noopener noreferrer\">Tipos de decimales (chidtopia)<\/a><\/span><\/strong><\/p>\n<p style=\"text-align: left;padding-left: 200px\"><strong><span style=\"font-size: 14pt;color: #0000ff\"><a style=\"color: #0000ff\" href=\"https:\/\/www.youtube.com\/embed\/EeUg_d7QeYY?t=1s\" target=\"_blank\" rel=\"noopener noreferrer\">Fracci\u00f3n generatriz de un decimal exacto (Profe Vera Vera Secundario)<\/a><\/span><\/strong><\/p>\n<p style=\"text-align: left;padding-left: 200px\"><strong><span style=\"font-size: 14pt;color: #0000ff\"><a style=\"color: #0000ff\" href=\"https:\/\/www.youtube.com\/embed\/sYiJM8tL3qs?t=1s\" target=\"_blank\" rel=\"noopener noreferrer\">Fracci\u00f3n generatriz de un decimal peri\u00f3dico puro (Unicoos)<\/a><\/span><\/strong><\/p>\n<p style=\"text-align: left;padding-left: 200px\"><strong><span style=\"font-size: 14pt;color: #0000ff\"><a style=\"color: #0000ff\" href=\"https:\/\/www.youtube.com\/embed\/6zUD4wsuS6Q?t=5s\" target=\"_blank\" rel=\"noopener noreferrer\">Fracci\u00f3n generatriz de un decimal peri\u00f3dico mixto (Unicoos)<\/a><\/span><\/strong><\/p>\n<p style=\"text-align: left;padding-left: 200px\"><strong><span style=\"font-size: 14pt;color: #0000ff\"><a style=\"color: #0000ff\" href=\"https:\/\/www.youtube.com\/embed\/JvHnRFqBGrA\" target=\"_blank\" rel=\"noopener noreferrer\">Fracci\u00f3n generatriz de un decimal peri\u00f3dico mixto (roberproff)<\/a><\/span><\/strong><\/p>\n<p style=\"text-align: left;padding-left: 200px\"><strong><span style=\"font-size: 14pt;color: #0000ff\"><a style=\"color: #0000ff\" href=\"https:\/\/www.youtube.com\/embed\/gGsE6F-SWsM\" target=\"_blank\" rel=\"noopener noreferrer\">Fracci\u00f3n generatriz de decimales (8cifras)<\/a><\/span><\/strong><\/p>\n<p style=\"text-align: left;padding-left: 200px\"><strong><span style=\"font-size: 14pt;color: #0000ff\"><a style=\"color: #0000ff\" href=\"https:\/\/www.youtube.com\/embed\/ekKXWtyFva4\" target=\"_blank\" rel=\"noopener noreferrer\">Fracci\u00f3n generatriz de decimales (Todosobresaliente)<\/a><\/span><\/strong><\/p>\n<p><span style=\"text-decoration: underline;color: #800000\"><span style=\"font-size: 16pt\"><strong>OTROS RECURSOS<\/strong><\/span><\/span><\/p>\n<p id=\"nodeTitle\" style=\"text-align: left;padding-left: 200px\"><strong><span style=\"color: #0000ff\"><a style=\"color: #0000ff\" href=\"https:\/\/www.geogebra.org\/m\/d3rEvzf8\" target=\"_blank\" rel=\"noopener noreferrer\"><span style=\"font-size: 14pt\">Decimales exactos y peri\u00f3dicos (geogebra)<\/span><\/a><\/span><\/strong><\/p>\n<p style=\"text-align: left;padding-left: 200px\"><strong><span style=\"font-size: 14pt;color: #0000ff\"><a style=\"color: #0000ff\" href=\"https:\/\/www.matematicasonline.es\/cidead\/4esomatematicasB\/reales\/Ejercicio_decimales_periodicos.htm\" target=\"_blank\" rel=\"noopener noreferrer\">Tipos de decimales (test de matem\u00e1ticas online.es)<\/a><\/span><\/strong><\/p>\n<p style=\"text-align: left;padding-left: 200px\"><strong><span style=\"font-size: 14pt;color: #0000ff\"><a style=\"color: #0000ff\" href=\"https:\/\/www.matematicasonline.es\/cidead\/4esomatematicasB\/reales\/Ejercicio_fracciones_generatrices.htm\" target=\"_blank\" rel=\"noopener noreferrer\">Fracci\u00f3n generatriz (test de martematicasonline.es)<\/a><\/span><\/strong><\/p>\n<p id=\"nodeTitle\" style=\"text-align: left;padding-left: 200px\"><strong><span style=\"color: #0000ff\"><a style=\"color: #0000ff\" href=\"https:\/\/www.geogebra.org\/m\/ANj6xQ3U\" target=\"_blank\" rel=\"noopener noreferrer\"><span style=\"font-size: 14pt\">Relaci\u00f3n entre fracciones y decimales (geogebra)<\/span><\/a><\/span><\/strong><\/p>\n<p id=\"nodeTitle\" style=\"text-align: left;padding-left: 200px\"><strong><span style=\"color: #0000ff\"><a style=\"color: #0000ff\" href=\"https:\/\/www.geogebra.org\/m\/UTEUv6zD\" target=\"_blank\" rel=\"noopener noreferrer\"><span style=\"font-size: 14pt\">Tipo de n\u00famero y fracci\u00f3n generatriz (geogebra)<\/span><\/a><\/span><\/strong><\/p>\n<\/td>\n<\/tr>\n<tr style=\"height: 28px\">\n<td style=\"width: 17.2446%;border-color: #030000;text-align: center;height: 28px\" colspan=\"3\"><span style=\"text-decoration: underline\"><span style=\"font-size: 20pt;color: #000000\"><strong>OPERACIONES COMBINADAS<\/strong><\/span><\/span><\/p>\n<p><span style=\"text-decoration: underline;color: #800080\"><span style=\"font-size: 16pt\"><strong>VIDEOS<\/strong><\/span><\/span><\/p>\n<p style=\"text-align: left;padding-left: 200px\"><strong><span style=\"font-size: 14pt;color: #0000ff\"><a style=\"color: #0000ff\" href=\"https:\/\/www.youtube.com\/embed\/nKNiTaNKtLk\" target=\"_blank\" rel=\"noopener noreferrer\">Operaciones combinadas con decimales (podemos aprobar matem\u00e1ticas)<\/a><\/span><\/strong><\/p>\n<p style=\"text-align: left;padding-left: 200px\"><strong><span style=\"font-size: 14pt;color: #0000ff\"><a style=\"color: #0000ff\" href=\"https:\/\/www.youtube.com\/embed\/wLOJLCRop50?t=41s\" target=\"_blank\" rel=\"noopener noreferrer\">Operaciones con decimales usando la fracci\u00f3n generatriz (la escuela en casa)<\/a><\/span><\/strong><\/p>\n<p style=\"text-align: left;padding-left: 200px\"><strong><span style=\"font-size: 14pt;color: #0000ff\"><a style=\"color: #0000ff\" href=\"https:\/\/www.youtube.com\/embed\/PuKgro5EhKs\" target=\"_blank\" rel=\"noopener noreferrer\">Operaciones combinadas con fracciones y decimales (juan francisco gonz\u00e1lez)<\/a><\/span><\/strong><\/p>\n<p style=\"text-align: left;padding-left: 200px\"><strong><span style=\"font-size: 14pt;color: #0000ff\"><a style=\"color: #0000ff\" href=\"https:\/\/www.youtube.com\/embed\/qA_Ocj0v14c\" target=\"_blank\" rel=\"noopener noreferrer\">Operaciones combinadas con fracciones y decimales (Leonor Estefan\u00eda Nieva)<\/a><\/span><\/strong><\/p>\n<p><span style=\"text-decoration: underline;color: #800000\"><span style=\"font-size: 16pt\"><strong>OTROS RECURSOS<\/strong><\/span><\/span><\/p>\n<p id=\"nodeTitle\" style=\"text-align: left;padding-left: 200px\"><strong><span style=\"color: #0000ff\"><a style=\"color: #0000ff\" href=\"https:\/\/www.geogebra.org\/m\/su9FCe67\" target=\"_blank\" rel=\"noopener noreferrer\"><span style=\"font-size: 14pt\">Operaciones con decimales (geogebra)<\/span><\/a><\/span><\/strong><\/p>\n<p style=\"text-align: left;padding-left: 200px\"><strong><span style=\"font-size: 14pt;color: #0000ff\"><a style=\"color: #0000ff\" href=\"https:\/\/clic.xtec.cat\/projects\/zatikies\/jclic.js\/index.html\" target=\"_blank\" rel=\"noopener noreferrer\">Variado decimales (actividades jclic)<\/a><\/span><\/strong><\/p>\n<\/td>\n<\/tr>\n<tr style=\"height: 292px\">\n<td style=\"width: 17.2446%;border-color: #030000;text-align: center;height: 292px\" colspan=\"3\"><span style=\"text-decoration: underline\"><span style=\"font-size: 20pt;color: #000000\"><strong>PROBLEMAS<\/strong><\/span><\/span><\/p>\n<p style=\"text-align: left;padding-left: 200px\"><strong><span style=\"font-size: 14pt;color: #0000ff\"><a style=\"color: #0000ff\" href=\"https:\/\/www.youtube.com\/embed\/6sU7hyGKpGE\" target=\"_blank\" rel=\"noopener noreferrer\">Orientaciones para resolver problemas (Psicoactiva)<\/a><\/span><\/strong><\/p>\n<p style=\"text-align: left;padding-left: 200px\"><strong><span style=\"font-size: 14pt;color: #0000ff\"><a style=\"color: #0000ff\" href=\"https:\/\/www.youtube.com\/embed\/D32gx_WlDX8\" target=\"_blank\" rel=\"noopener noreferrer\">Problemas (Jos\u00e9 Luis Usero V\u00edlchez)<\/a><\/span><\/strong><\/p>\n<p style=\"text-align: left;padding-left: 200px\"><strong><span style=\"font-size: 14pt;color: #0000ff\"><a style=\"color: #0000ff\" href=\"https:\/\/www.youtube.com\/embed\/eKTVfm4JRRU\" target=\"_blank\" rel=\"noopener noreferrer\">Problemas (podemos aprobarf matem\u00e1ticas)<\/a><\/span><\/strong><\/p>\n<p style=\"text-align: left;padding-left: 200px\"><strong><span style=\"font-size: 14pt;color: #0000ff\"><a style=\"color: #0000ff\" href=\"https:\/\/www.youtube.com\/embed\/x0qMQhdk1Ik\" target=\"_blank\" rel=\"noopener noreferrer\">Problemas (childtopia)<\/a><\/span><\/strong><\/p>\n<p style=\"text-align: left;padding-left: 200px\"><strong><span style=\"font-size: 14pt;color: #0000ff\"><a style=\"color: #0000ff\" href=\"https:\/\/www.youtube.com\/embed\/Lkit6alL4a8\" target=\"_blank\" rel=\"noopener noreferrer\">Problemas (REPASSAMOS)<\/a><\/span><\/strong><\/p>\n<p style=\"text-align: left;padding-left: 200px\"><strong><span style=\"font-size: 14pt;color: #0000ff\"><a style=\"color: #0000ff\" href=\"https:\/\/www.youtube.com\/embed\/754Oi7MXUbQ\" target=\"_blank\" rel=\"noopener noreferrer\">Problemas Matematicasyeso)<\/a><\/span><\/strong><strong><span style=\"font-size: 14pt;color: #0000ff\">&nbsp;<\/span><\/strong><\/p>\n<\/td>\n<\/tr>\n<\/tbody>\n<\/table>\n<p>&nbsp;<\/p>\n","protected":false},"excerpt":{"rendered":"<p>&nbsp; Teor\u00eda y actividades resueltas CONCEPTO Lectura y escritura de decimales (Sensei de las mates) Lectura y escritura de decimales (ingeniat) REPRESENTACI\u00d3N EN LA RECTA Representaci\u00f3n (Matem\u00e1ticas profe Alex) Representaci\u00f3n (childtopia) Representaci\u00f3n (Jos\u00e9 Luis Usero V\u00edlchez) Representaci\u00f3n aproximada (Matem\u00e1ticas profe Alex) ORDENACI\u00d3N Ordenaci\u00f3n de decimales positivos (Ruben Sebastian) Ordenaci\u00f3n de decimales (Mate316) SUMA\/RESTA Suma y &hellip; <\/p>\n<p><a class=\"more-link btn\" href=\"https:\/\/blogsaverroes.juntadeandalucia.es\/rafaelnunezmat\/decimales\">Seguir leyendo<\/a><\/p>\n","protected":false},"author":10669,"featured_media":0,"parent":0,"menu_order":0,"comment_status":"closed","ping_status":"closed","template":"","meta":{"ngg_post_thumbnail":0,"footnotes":""},"aioseo_notices":[],"_links":{"self":[{"href":"https:\/\/blogsaverroes.juntadeandalucia.es\/rafaelnunezmat\/wp-json\/wp\/v2\/pages\/92"}],"collection":[{"href":"https:\/\/blogsaverroes.juntadeandalucia.es\/rafaelnunezmat\/wp-json\/wp\/v2\/pages"}],"about":[{"href":"https:\/\/blogsaverroes.juntadeandalucia.es\/rafaelnunezmat\/wp-json\/wp\/v2\/types\/page"}],"author":[{"embeddable":true,"href":"https:\/\/blogsaverroes.juntadeandalucia.es\/rafaelnunezmat\/wp-json\/wp\/v2\/users\/10669"}],"replies":[{"embeddable":true,"href":"https:\/\/blogsaverroes.juntadeandalucia.es\/rafaelnunezmat\/wp-json\/wp\/v2\/comments?post=92"}],"version-history":[{"count":19,"href":"https:\/\/blogsaverroes.juntadeandalucia.es\/rafaelnunezmat\/wp-json\/wp\/v2\/pages\/92\/revisions"}],"predecessor-version":[{"id":5093,"href":"https:\/\/blogsaverroes.juntadeandalucia.es\/rafaelnunezmat\/wp-json\/wp\/v2\/pages\/92\/revisions\/5093"}],"wp:attachment":[{"href":"https:\/\/blogsaverroes.juntadeandalucia.es\/rafaelnunezmat\/wp-json\/wp\/v2\/media?parent=92"}],"curies":[{"name":"wp","href":"https:\/\/api.w.org\/{rel}","templated":true}]}}