{"id":94,"date":"2021-06-01T06:17:09","date_gmt":"2021-06-01T06:17:09","guid":{"rendered":"https:\/\/blogsaverroes.juntadeandalucia.es\/rafaelnunezmat\/?page_id=94"},"modified":"2024-12-13T13:28:58","modified_gmt":"2024-12-13T13:28:58","slug":"proporcionalidad","status":"publish","type":"page","link":"https:\/\/blogsaverroes.juntadeandalucia.es\/rafaelnunezmat\/proporcionalidad","title":{"rendered":"Proporcionalidad"},"content":{"rendered":"<p><img loading=\"lazy\" decoding=\"async\" class=\"aligncenter \" src=\"https:\/\/matelucia.files.wordpress.com\/2012\/02\/13-1-proporcic3b3nalidad1.png\" width=\"435\" height=\"259\"><\/p>\n<p style=\"text-align: center\"><span style=\"font-size: 24pt;color: #008000\"><strong><a style=\"color: #008000\" href=\"https:\/\/blogsaverroes.juntadeandalucia.es\/rafaelnunezmat\/files\/2022\/02\/PROPORCIONALIDAD.pdf\" target=\"_blank\" rel=\"noopener noreferrer\">Teor\u00eda y actividades resueltas<\/a><\/strong><\/span><\/p>\n<table style=\"height: 214px;width: 100%;border-collapse: collapse;border-style: none;border-color: #030000\" border=\"1\" cellpadding=\"0\">\n<tbody>\n<tr style=\"height: 24px\">\n<td style=\"width: 17.2446%;height: 24px;border-color: #030000;text-align: center\" colspan=\"3\"><span style=\"text-decoration: underline;font-size: 20pt\"><span style=\"color: #000000\"><strong>PROPORCIONALIDAD SIMPLE<\/strong><\/span><\/span><\/p>\n<p><span style=\"text-decoration: underline;color: #800080\"><span style=\"font-size: 16pt\"><strong>VIDEOS<\/strong><\/span><\/span><\/p>\n<p style=\"text-align: left;padding-left: 200px\"><strong><span style=\"font-size: 14pt;color: #0000ff\"><a style=\"color: #0000ff\" href=\"https:\/\/www.youtube.com\/embed\/SOTm8XaaUR4\" target=\"_blank\" rel=\"noopener noreferrer\">Raz\u00f3n entre cantidades (math2me)<\/a><\/span><\/strong><\/p>\n<p style=\"text-align: left;padding-left: 200px\"><strong><span style=\"font-size: 14pt;color: #0000ff\"><a style=\"color: #0000ff\" href=\"https:\/\/www.youtube.com\/embed\/Dh5nFiLjBB8\" target=\"_blank\" rel=\"noopener noreferrer\">Razones y proporciones (shurprofe)<\/a><\/span><\/strong><\/p>\n<p style=\"text-align: left;padding-left: 200px\"><strong><span style=\"font-size: 14pt;color: #0000ff\"><a style=\"color: #0000ff\" href=\"https:\/\/www.youtube.com\/embed\/iNyBBSwnS3Q\" target=\"_blank\" rel=\"noopener noreferrer\">Concepto de proporci\u00f3n (math2me)<\/a><\/span><\/strong><\/p>\n<p style=\"text-align: left;padding-left: 200px\"><strong><span style=\"font-size: 14pt;color: #0000ff\"><a style=\"color: #0000ff\" href=\"https:\/\/www.youtube.com\/embed\/N_4u028U5Wg\" target=\"_blank\" rel=\"noopener noreferrer\">Propiedades de las proporciones (math2me)<\/a><\/span><\/strong><\/p>\n<p style=\"text-align: left;padding-left: 200px\"><strong><span style=\"font-size: 14pt;color: #0000ff\"><a style=\"color: #0000ff\" href=\"https:\/\/www.youtube.com\/embed\/ArLvNd4INns\" target=\"_blank\" rel=\"noopener noreferrer\">Cuarto, medio y tercero proporcional (Unicoos)<\/a><\/span><\/strong><\/p>\n<p style=\"text-align: left;padding-left: 200px\"><strong><span style=\"font-size: 14pt;color: #0000ff\"><a style=\"color: #0000ff\" href=\"https:\/\/www.youtube.com\/embed\/toH4VIMgRGw\" target=\"_blank\" rel=\"noopener noreferrer\">Magnitudes dp y reglas de tres directas (P\u00edldoras matem\u00e1ticas)<\/a><\/span><\/strong><\/p>\n<p style=\"text-align: left;padding-left: 200px\"><strong><span style=\"font-size: 14pt;color: #0000ff\"><a style=\"color: #0000ff\" href=\"https:\/\/www.youtube.com\/embed\/h2mGTSHEvgo\" target=\"_blank\" rel=\"noopener noreferrer\">\u00bfMagnitudes dp o ip? (samoguz0)<\/a><\/span><\/strong><\/p>\n<p style=\"text-align: left;padding-left: 200px\"><strong><span style=\"font-size: 14pt;color: #0000ff\"><a style=\"color: #0000ff\" href=\"https:\/\/www.youtube.com\/embed\/eAbVAvY3N00\" target=\"_blank\" rel=\"noopener noreferrer\">Regla de tres directa, constante de la proporci\u00f3n (chidtopia)<\/a><\/span><\/strong><\/p>\n<p style=\"text-align: left;padding-left: 200px\"><strong><span style=\"font-size: 14pt;color: #0000ff\"><a style=\"color: #0000ff\" href=\"https:\/\/www.youtube.com\/embed\/PTJLTibIrPc\" target=\"_blank\" rel=\"noopener noreferrer\">Problema complejo de regla de tres directa (calidaddocente)<\/a><\/span><\/strong><\/p>\n<p style=\"text-align: left;padding-left: 200px\"><strong><span style=\"font-size: 14pt;color: #0000ff\"><a style=\"color: #0000ff\" href=\"https:\/\/www.youtube.com\/embed\/NfIOcg9cwKo\" target=\"_blank\" rel=\"noopener noreferrer\">Reparto dp (Unicoos)<\/a><\/span><\/strong><\/p>\n<p style=\"text-align: left;padding-left: 200px\"><strong><span style=\"font-size: 14pt;color: #0000ff\"><a style=\"color: #0000ff\" href=\"https:\/\/www.youtube.com\/embed\/NEk9UaH4NBQ\" target=\"_blank\" rel=\"noopener noreferrer\">Reparto dp (Julioprofe)<\/a><\/span><\/strong><\/p>\n<p style=\"text-align: left;padding-left: 200px\"><strong><span style=\"font-size: 14pt;color: #0000ff\"><a style=\"color: #0000ff\" href=\"https:\/\/www.youtube.com\/embed\/iFEVQTzCaII\" target=\"_blank\" rel=\"noopener noreferrer\">Magnitudes ip y reglas de tres inversas (P\u00edldoras Matem\u00e1ticas)<\/a><\/span><\/strong><\/p>\n<p style=\"text-align: left;padding-left: 200px\"><strong><span style=\"font-size: 14pt;color: #0000ff\"><a style=\"color: #0000ff\" href=\"https:\/\/www.youtube.com\/embed\/ksfzRCrL0k8\" target=\"_blank\" rel=\"noopener noreferrer\">Problema de regla de tres inversa-1 (childtopia)<\/a><\/span><\/strong><\/p>\n<p style=\"text-align: left;padding-left: 200px\"><strong><span style=\"font-size: 14pt;color: #0000ff\"><a style=\"color: #0000ff\" href=\"https:\/\/www.youtube.com\/embed\/geq74dt1Ic0\" target=\"_blank\" rel=\"noopener noreferrer\">Problema de regla de tres inversa-2 (childtopia)<\/a><\/span><\/strong><\/p>\n<p style=\"text-align: left;padding-left: 200px\"><strong><span style=\"font-size: 14pt;color: #0000ff\"><a style=\"color: #0000ff\" href=\"https:\/\/www.youtube.com\/embed\/BalUNCp_mbw\" target=\"_blank\" rel=\"noopener noreferrer\">Problema de regla de tres inversa-3 (childtopia)<\/a><\/span><\/strong><\/p>\n<p style=\"text-align: left;padding-left: 200px\"><strong><span style=\"font-size: 14pt;color: #0000ff\"><a style=\"color: #0000ff\" href=\"https:\/\/www.youtube.com\/embed\/jDqxaQiBZd0\" target=\"_blank\" rel=\"noopener noreferrer\">Problema de regla de tres inversa (LOGOS ACADEMY)<\/a><\/span><\/strong><\/p>\n<p style=\"text-align: left;padding-left: 200px\"><strong><span style=\"font-size: 14pt;color: #0000ff\"><a style=\"color: #0000ff\" href=\"https:\/\/www.youtube.com\/embed\/nBF6lu9NYiE\" target=\"_blank\" rel=\"noopener noreferrer\">Reparto ip (Unicoos)<\/a><\/span><\/strong><\/p>\n<p style=\"text-align: left;padding-left: 200px\"><strong><span style=\"font-size: 14pt;color: #0000ff\"><a style=\"color: #0000ff\" href=\"https:\/\/www.youtube.com\/embed\/9Ig7x18ZbHw\" target=\"_blank\" rel=\"noopener noreferrer\">Reparto ip (Julioprofe)<\/a><\/span><\/strong><\/p>\n<p style=\"text-align: left;padding-left: 200px\"><strong><span style=\"font-size: 14pt;color: #0000ff\"><a style=\"color: #0000ff\" href=\"https:\/\/www.youtube.com\/embed\/YFmv4vkRXkk\" target=\"_blank\" rel=\"noopener noreferrer\">Magnitudes proporcionales y no proporcionales (Sensei de las mates)<\/a><\/span><\/strong><\/p>\n<p><span style=\"text-decoration: underline;color: #800000\"><span style=\"font-size: 16pt\"><strong>OTROS RECURSOS<\/strong><\/span><\/span><\/p>\n<p style=\"text-align: left;padding-left: 200px\"><strong><span style=\"font-size: 14pt;color: #0000ff\"><a style=\"color: #0000ff\" href=\"https:\/\/www.matematicasonline.es\/aplicaciones.info\/decimales\/propo01.html\" target=\"_blank\" rel=\"noopener noreferrer\">Tipos de proporcionalidad (teor\u00eda y actividades de aplicacionesinfo)<\/a><\/span><\/strong><\/p>\n<p style=\"text-align: left;padding-left: 200px\"><strong><span style=\"font-size: 14pt;color: #0000ff\"><a style=\"color: #0000ff\" href=\"https:\/\/clic.xtec.cat\/projects\/proporci\/jclic.js\/index.html\" target=\"_blank\" rel=\"noopener noreferrer\">Variado proporcionalidad (actividades jclic)<\/a><\/span><\/strong><\/p>\n<\/td>\n<\/tr>\n<tr>\n<td style=\"width: 17.2446%;border-color: #030000;text-align: center\" colspan=\"3\"><span style=\"text-decoration: underline;font-size: 20pt\"><span style=\"color: #000000\"><strong>PROPORCIONALIDAD COMPUESTA<\/strong><\/span><\/span><\/p>\n<p><span style=\"text-decoration: underline;color: #800080\"><span style=\"font-size: 16pt\"><strong>VIDEOS<\/strong><\/span><\/span><\/p>\n<p style=\"text-align: left;padding-left: 200px\"><strong><span style=\"font-size: 14pt;color: #0000ff\"><a style=\"color: #0000ff\" href=\"https:\/\/www.youtube.com\/embed\/_Fr7S3TDG4c\" target=\"_blank\" rel=\"noopener noreferrer\">Problema (Unicoos)<\/a><\/span><\/strong><\/p>\n<p style=\"text-align: left;padding-left: 200px\"><strong><span style=\"font-size: 14pt;color: #0000ff\"><a style=\"color: #0000ff\" href=\"https:\/\/www.youtube.com\/embed\/SlItGN2oniQ\" target=\"_blank\" rel=\"noopener noreferrer\">Problema (Julioprofe)<\/a><\/span><\/strong><\/p>\n<p style=\"text-align: left;padding-left: 200px\"><strong><span style=\"font-size: 14pt;color: #0000ff\"><a style=\"color: #0000ff\" href=\"https:\/\/www.youtube.com\/embed\/8Gkx2wEi2eo\" target=\"_blank\" rel=\"noopener noreferrer\">Problema (jos\u00e9 antonio Ibarra)<\/a><\/span><\/strong><\/p>\n<\/td>\n<\/tr>\n<tr style=\"height: 56px\">\n<td style=\"width: 17.2446%;border-color: #030000;text-align: center;height: 56px\" colspan=\"3\"><span style=\"text-decoration: underline\"><span style=\"font-size: 20pt;color: #000000\"><strong>PORCENTAJES<\/strong><\/span><\/span><\/p>\n<p><span style=\"text-decoration: underline;color: #800080\"><span style=\"font-size: 16pt\"><strong>VIDEOS<\/strong><\/span><\/span><\/p>\n<p style=\"text-align: left;padding-left: 200px\"><strong><span style=\"font-size: 14pt;color: #0000ff\"><a style=\"color: #0000ff\" href=\"https:\/\/www.youtube.com\/embed\/ZYh1ZwwYeIU\" target=\"_blank\" rel=\"noopener noreferrer\">Porcentajes (Sensei de las mates)<\/a><\/span><\/strong><\/p>\n<p style=\"text-align: left;padding-left: 200px\"><strong><span style=\"font-size: 14pt;color: #0000ff\"><a style=\"color: #0000ff\" href=\"https:\/\/www.youtube.com\/embed\/BwFN68_XgtA\" target=\"_blank\" rel=\"noopener noreferrer\">Porcentajes (Unicoos)<\/a><\/span><\/strong><\/p>\n<p style=\"text-align: left;padding-left: 200px\"><strong><span style=\"font-size: 14pt;color: #0000ff\"><a style=\"color: #0000ff\" href=\"https:\/\/www.youtube.com\/embed\/1pEHR0hJvQw\" target=\"_blank\" rel=\"noopener noreferrer\">Problema de c\u00e1lculo del % en una proporci\u00f3n (Julioprofe)<\/a><\/span><\/strong><\/p>\n<p style=\"text-align: left;padding-left: 200px\"><strong><span style=\"font-size: 14pt;color: #0000ff\"><a style=\"color: #0000ff\" href=\"https:\/\/www.youtube.com\/embed\/AVKWvlS0IVQ\" target=\"_blank\" rel=\"noopener noreferrer\">Problema de c\u00e1lculo del total a partir del porcentaje (Jos\u00e9 Luis Usero V\u00edlchez)<\/a><\/span><\/strong><\/p>\n<p style=\"text-align: left;padding-left: 200px\"><strong><span style=\"font-size: 14pt;color: #0000ff\"><a style=\"color: #0000ff\" href=\"https:\/\/www.youtube.com\/embed\/X82l2Zd9UDU\" target=\"_blank\" rel=\"noopener noreferrer\">Problema de c\u00e1lculo del total a partir del porcentaje (oscar arauco)<\/a><\/span><\/strong><\/p>\n<p style=\"text-align: left;padding-left: 200px\"><strong><span style=\"font-size: 14pt;color: #0000ff\"><a style=\"color: #0000ff\" href=\"https:\/\/www.youtube.com\/embed\/WLkp9XTon7E\" target=\"_blank\" rel=\"noopener noreferrer\">Problemas con porcentajes (Ruben Sebastian)<\/a><\/span><\/strong><\/p>\n<p style=\"text-align: left;padding-left: 200px\"><strong><span style=\"font-size: 14pt;color: #0000ff\"><a style=\"color: #0000ff\" href=\"https:\/\/www.youtube.com\/embed\/ZSnaqlw_J0U?t=164s\" target=\"_blank\" rel=\"noopener noreferrer\">Problema de disminuci\u00f3n porcentual (Julioprofe)<\/a><\/span><\/strong><\/p>\n<p style=\"text-align: left;padding-left: 200px\"><strong><span style=\"font-size: 14pt;color: #0000ff\"><a style=\"color: #0000ff\" href=\"https:\/\/www.youtube.com\/embed\/_KiqaiJOnCY?t=193s\" target=\"_blank\" rel=\"noopener noreferrer\">Problema aumento y disminuci\u00f3n porcentual sucesivos (Adri\u00e1n Paenza)<\/a><\/span><\/strong><\/p>\n<p><span style=\"text-decoration: underline;color: #800000\"><span style=\"font-size: 16pt\"><strong>OTROS RECURSOS<\/strong><\/span><\/span><\/p>\n<p style=\"text-align: left;padding-left: 200px\"><strong><span style=\"font-size: 14pt;color: #0000ff\"><a style=\"color: #0000ff\" href=\"https:\/\/www.geogebra.org\/m\/bazh5jvd\" target=\"_blank\" rel=\"noopener noreferrer\">Porcentajes y proporciones (geogebra)<\/a><\/span><\/strong><\/p>\n<\/td>\n<\/tr>\n<tr>\n<td style=\"width: 17.2446%;border-color: #030000;text-align: center\" colspan=\"3\"><span style=\"text-decoration: underline;font-size: 20pt\"><span style=\"color: #000000\"><strong>INTER\u00c9S SIMPLE<\/strong><\/span><\/span><\/p>\n<p><span style=\"text-decoration: underline;color: #800080\"><span style=\"font-size: 16pt\"><strong>VIDEOS<\/strong><\/span><\/span><\/p>\n<p style=\"text-align: left;padding-left: 200px\"><strong><span style=\"font-size: 14pt;color: #0000ff\"><a style=\"color: #0000ff\" href=\"https:\/\/www.youtube.com\/embed\/0pa1TYI3x3w\" target=\"_blank\" rel=\"noopener noreferrer\">C\u00e1lculo del inter\u00e9s-1 (lasmatematicas.es)<\/a><\/span><\/strong><\/p>\n<p style=\"text-align: left;padding-left: 200px\"><strong><span style=\"font-size: 14pt;color: #0000ff\"><a style=\"color: #0000ff\" href=\"https:\/\/www.youtube.com\/embed\/TVXO5aHB4M8\" target=\"_blank\" rel=\"noopener noreferrer\">C\u00e1lculo del inter\u00e9s-2 (lasmatematicas.es)<\/a><\/span><\/strong><\/p>\n<p style=\"text-align: left;padding-left: 200px\"><strong><span style=\"font-size: 14pt;color: #0000ff\"><a style=\"color: #0000ff\" href=\"https:\/\/www.youtube.com\/embed\/ruK4-RHhToE\" target=\"_blank\" rel=\"noopener noreferrer\">C\u00e1lculo del r\u00e9dito (IES Campus)<\/a><\/span><\/strong><\/p>\n<p style=\"text-align: left;padding-left: 200px\"><strong><span style=\"font-size: 14pt;color: #0000ff\"><a style=\"color: #0000ff\" href=\"https:\/\/www.youtube.com\/embed\/ZVJpRfqrvF8\" target=\"_blank\" rel=\"noopener noreferrer\">C\u00e1lculo del tiempo (lasmatematicas.es)<\/a><\/span><\/strong><\/p>\n<p style=\"text-align: left;padding-left: 200px\"><strong><span style=\"font-size: 14pt;color: #0000ff\"><a style=\"color: #0000ff\" href=\"https:\/\/www.youtube.com\/embed\/Q767aC7tw2o\" target=\"_blank\" rel=\"noopener noreferrer\">C\u00e1lculo del capital final (lasmatematicas.es)<\/a><\/span><\/strong><\/p>\n<p style=\"text-align: left;padding-left: 200px\"><strong><span style=\"font-size: 14pt;color: #0000ff\"><a style=\"color: #0000ff\" href=\"https:\/\/www.youtube.com\/embed\/gMv-EaUSiBk\" target=\"_blank\" rel=\"noopener noreferrer\">C\u00e1lculo del capital final (Canal Mistercinco)<\/a><\/span><\/strong><\/p>\n<\/td>\n<\/tr>\n<tr>\n<td style=\"width: 17.2446%;border-color: #030000;text-align: center\" colspan=\"3\"><span style=\"text-decoration: underline\"><span style=\"font-size: 20pt;color: #000000\"><strong>INTER\u00c9S COMPUESTO<\/strong><\/span><\/span><\/p>\n<p><span style=\"text-decoration: underline;color: #800080\"><span style=\"font-size: 16pt\"><strong>VIDEOS<\/strong><\/span><\/span><\/p>\n<p style=\"text-align: left;padding-left: 200px\"><strong><span style=\"font-size: 14pt;color: #0000ff\"><a style=\"color: #0000ff\" href=\"https:\/\/www.youtube.com\/embed\/8X6w4JQBkZQ\" target=\"_blank\" rel=\"noopener noreferrer\">C\u00e1lculo del capital final (OperacionExitoEdu)<\/a><\/span><\/strong><\/p>\n<p style=\"text-align: left;padding-left: 200px\"><strong><span style=\"font-size: 14pt;color: #0000ff\"><a style=\"color: #0000ff\" href=\"https:\/\/www.youtube.com\/embed\/lOgOoPp0WL8\" target=\"_blank\" rel=\"noopener noreferrer\">C\u00e1lculo del capital final (ojelcjm)<\/a><\/span><\/strong><\/p>\n<p style=\"text-align: left;padding-left: 200px\"><strong><span style=\"font-size: 14pt;color: #0000ff\"><a style=\"color: #0000ff\" href=\"https:\/\/www.youtube.com\/embed\/VQf6ZFd05KI\" target=\"_blank\" rel=\"noopener noreferrer\">C\u00e1lculo del tiempo (lasmatematicas.es)<\/a><\/span><\/strong><\/p>\n<p style=\"text-align: left;padding-left: 200px\"><strong><span style=\"font-size: 14pt;color: #0000ff\"><a style=\"color: #0000ff\" href=\"https:\/\/www.youtube.com\/embed\/_QF3a3oiCqo\" target=\"_blank\" rel=\"noopener noreferrer\">C\u00e1lculo del tiempo usando logaritmos (Jos\u00e9 Luis Usero V\u00edlchez)<\/a><\/span><\/strong><\/p>\n<p style=\"text-align: left;padding-left: 200px\"><strong><span style=\"font-size: 14pt;color: #0000ff\"><a style=\"color: #0000ff\" href=\"https:\/\/www.youtube.com\/embed\/VQf6ZFd05KI\" target=\"_blank\" rel=\"noopener noreferrer\">C\u00e1lculo del tiempo usando logaritmos (lasmatematicas.es)<\/a><\/span><\/strong><\/p>\n<p><span style=\"text-decoration: underline;color: #800000\"><span style=\"font-size: 16pt\"><strong>OTROS RECURSOS<\/strong><\/span><\/span><\/p>\n<p id=\"nodeTitle\" style=\"text-align: left;padding-left: 200px\"><strong><span style=\"font-size: 14pt;color: #0000ff\"><a style=\"color: #0000ff\" href=\"https:\/\/www.geogebra.org\/m\/Ukv8TNmn\" target=\"_blank\" rel=\"noopener noreferrer\">Inter\u00e9s Simple y Compuesto (geogebra)<\/a><\/span><\/strong><\/p>\n<\/td>\n<\/tr>\n<\/tbody>\n<\/table>\n<p>&nbsp;<\/p>\n","protected":false},"excerpt":{"rendered":"<p>Teor\u00eda y actividades resueltas PROPORCIONALIDAD SIMPLE VIDEOS Raz\u00f3n entre cantidades (math2me) Razones y proporciones (shurprofe) Concepto de proporci\u00f3n (math2me) Propiedades de las proporciones (math2me) Cuarto, medio y tercero proporcional (Unicoos) Magnitudes dp y reglas de tres directas (P\u00edldoras matem\u00e1ticas) \u00bfMagnitudes dp o ip? (samoguz0) Regla de tres directa, constante de la proporci\u00f3n (chidtopia) Problema complejo &hellip; <\/p>\n<p><a class=\"more-link btn\" href=\"https:\/\/blogsaverroes.juntadeandalucia.es\/rafaelnunezmat\/proporcionalidad\">Seguir leyendo<\/a><\/p>\n","protected":false},"author":10669,"featured_media":0,"parent":0,"menu_order":0,"comment_status":"closed","ping_status":"closed","template":"","meta":{"ngg_post_thumbnail":0,"footnotes":""},"aioseo_notices":[],"_links":{"self":[{"href":"https:\/\/blogsaverroes.juntadeandalucia.es\/rafaelnunezmat\/wp-json\/wp\/v2\/pages\/94"}],"collection":[{"href":"https:\/\/blogsaverroes.juntadeandalucia.es\/rafaelnunezmat\/wp-json\/wp\/v2\/pages"}],"about":[{"href":"https:\/\/blogsaverroes.juntadeandalucia.es\/rafaelnunezmat\/wp-json\/wp\/v2\/types\/page"}],"author":[{"embeddable":true,"href":"https:\/\/blogsaverroes.juntadeandalucia.es\/rafaelnunezmat\/wp-json\/wp\/v2\/users\/10669"}],"replies":[{"embeddable":true,"href":"https:\/\/blogsaverroes.juntadeandalucia.es\/rafaelnunezmat\/wp-json\/wp\/v2\/comments?post=94"}],"version-history":[{"count":14,"href":"https:\/\/blogsaverroes.juntadeandalucia.es\/rafaelnunezmat\/wp-json\/wp\/v2\/pages\/94\/revisions"}],"predecessor-version":[{"id":5094,"href":"https:\/\/blogsaverroes.juntadeandalucia.es\/rafaelnunezmat\/wp-json\/wp\/v2\/pages\/94\/revisions\/5094"}],"wp:attachment":[{"href":"https:\/\/blogsaverroes.juntadeandalucia.es\/rafaelnunezmat\/wp-json\/wp\/v2\/media?parent=94"}],"curies":[{"name":"wp","href":"https:\/\/api.w.org\/{rel}","templated":true}]}}