{"id":95,"date":"2021-06-01T06:17:09","date_gmt":"2021-06-01T06:17:09","guid":{"rendered":"https:\/\/blogsaverroes.juntadeandalucia.es\/rafaelnunezmat\/?page_id=95"},"modified":"2024-12-04T11:55:44","modified_gmt":"2024-12-04T11:55:44","slug":"reales","status":"publish","type":"page","link":"https:\/\/blogsaverroes.juntadeandalucia.es\/rafaelnunezmat\/reales","title":{"rendered":"Reales"},"content":{"rendered":"<p><img loading=\"lazy\" decoding=\"async\" class=\"aligncenter \" src=\"https:\/\/encrypted-tbn0.gstatic.com\/images?q=tbn:ANd9GcTNNiU-NnTWvS0u4nx1U47xpyq3RPTwtMcsRA&amp;usqp=CAU\" width=\"364\" height=\"364\"><\/p>\n<p style=\"text-align: center\"><span style=\"font-size: 24pt;color: #008000\"><strong><a style=\"color: #008000\" href=\"https:\/\/blogsaverroes.juntadeandalucia.es\/rafaelnunezmat\/files\/2022\/02\/REALES.pdf\" target=\"_blank\" rel=\"noopener noreferrer\">Teor\u00eda y actividades resueltas<\/a><\/strong><\/span><\/p>\n<table style=\"height: 66px;width: 100%;border-collapse: collapse;border-style: none;border-color: #030000\" border=\"1\" cellpadding=\"0\">\n<tbody>\n<tr style=\"height: 56px\">\n<td style=\"width: 33.0538%;border-color: #030000;text-align: left;height: 56px\" colspan=\"2\">\n<p style=\"text-align: center\"><span style=\"text-decoration: underline;color: #800080\"><span style=\"font-size: 16pt\"><strong>VIDEOS<\/strong><\/span><\/span><\/p>\n<p style=\"padding-left: 200px\"><strong><span style=\"font-size: 14pt;color: #0000ff\"><a style=\"color: #0000ff\" href=\"https:\/\/www.youtube.com\/embed\/HgW2ErVQj-Q\" target=\"_blank\" rel=\"noopener noreferrer\">N\u00fameros irracionales (Math4All)<\/a><\/span><\/strong><\/p>\n<p style=\"padding-left: 200px\"><strong><span style=\"font-size: 14pt;color: #0000ff\"><a style=\"color: #0000ff\" href=\"https:\/\/www.youtube.com\/embed\/oOSEQgwXC5c\" target=\"_blank\" rel=\"noopener noreferrer\">Clasificaci\u00f3n de los n\u00fameros reales (Tuto mate)<\/a><\/span><\/strong><\/p>\n<p style=\"padding-left: 200px\"><strong><span style=\"font-size: 14pt;color: #0000ff\"><a style=\"color: #0000ff\" href=\"https:\/\/www.youtube.com\/embed\/-QXlM-5Za3g\" target=\"_blank\" rel=\"noopener noreferrer\">Clasificaci\u00f3n de los n\u00fameros reales (Mariel mates)<\/a><\/span><\/strong><\/p>\n<p style=\"padding-left: 200px\"><strong><span style=\"font-size: 14pt;color: #0000ff\"><a style=\"color: #0000ff\" href=\"https:\/\/www.youtube.com\/embed\/KxFTic7DfFA\" target=\"_blank\" rel=\"noopener noreferrer\">Clasificaci\u00f3n de los n\u00fameros reales (math2me)<\/a><\/span><\/strong><\/p>\n<p style=\"padding-left: 200px\"><strong><span style=\"font-size: 14pt;color: #0000ff\"><a style=\"color: #0000ff\" href=\"https:\/\/www.youtube.com\/embed\/_8HnlOKXLeM\" target=\"_blank\" rel=\"noopener noreferrer\">Clasificaci\u00f3n de los n\u00fameros reales (Jos\u00e9 Luis Usero V\u00edlchez)<\/a><\/span><\/strong><\/p>\n<p style=\"padding-left: 200px\"><strong><span style=\"font-size: 14pt;color: #0000ff\"><a style=\"color: #0000ff\" href=\"https:\/\/www.youtube.com\/embed\/npHXAFgPrOQ\" target=\"_blank\" rel=\"noopener noreferrer\">Representaci\u00f3n en la recta de fracciones y ra\u00edces (Unicoos)<\/a><\/span><\/strong><\/p>\n<p style=\"padding-left: 200px\"><strong><span style=\"font-size: 14pt;color: #0000ff\"><a style=\"color: #0000ff\" href=\"https:\/\/www.youtube.com\/embed\/aW0zQkzvvsA\" target=\"_blank\" rel=\"noopener noreferrer\">Representaci\u00f3n de ra\u00edces usando el teorema de la altura (Guadalupe Castellano)<\/a><\/span><\/strong><\/p>\n<p style=\"padding-left: 200px\"><strong><span style=\"font-size: 14pt;color: #0000ff\"><a style=\"color: #0000ff\" href=\"https:\/\/www.youtube.com\/embed\/89PHfED84-8\" target=\"_blank\" rel=\"noopener noreferrer\">Representaci\u00f3n de ra\u00edces usando el teorema de Pit\u00e1goras (8cifras)<\/a><\/span><\/strong><\/p>\n<p style=\"padding-left: 200px\"><strong><span style=\"font-size: 14pt;color: #0000ff\"><a style=\"color: #0000ff\" href=\"https:\/\/www.youtube.com\/embed\/lvk3TGSYYxk\" target=\"_blank\" rel=\"noopener noreferrer\">Representaci\u00f3n de irracionales en la recta (Eusebio Molina Rodr\u00edguez)<\/a><\/span><\/strong><\/p>\n<p style=\"padding-left: 200px\"><strong><span style=\"font-size: 14pt;color: #0000ff\"><a style=\"color: #0000ff\" href=\"https:\/\/www.youtube.com\/embed\/5s69u9jRWcc\" target=\"_blank\" rel=\"noopener noreferrer\">Representaci\u00f3n en la recta de ra\u00edz cuadrada de 7 (Luz Rodr\u00edguez)<\/a><\/span><\/strong><\/p>\n<p style=\"padding-left: 200px\"><strong><span style=\"font-size: 14pt;color: #0000ff\"><a style=\"color: #0000ff\" href=\"https:\/\/www.youtube.com\/embed\/ncFaIIVTNpo\" target=\"_blank\" rel=\"noopener noreferrer\">Representaci\u00f3n de n\u00fameros reales en la recta (Atlanix)<\/a><\/span><\/strong><\/p>\n<p style=\"padding-left: 200px\"><strong><span style=\"font-size: 14pt;color: #0000ff\"><a style=\"color: #0000ff\" href=\"https:\/\/www.youtube.com\/embed\/tRknNTAIVRU\" target=\"_blank\" rel=\"noopener noreferrer\">Densidad de Q y de R (Aula abierta)<\/a><\/span><\/strong><\/p>\n<p style=\"padding-left: 200px\"><strong><span style=\"font-size: 14pt;color: #0000ff\"><a style=\"color: #0000ff\" href=\"https:\/\/www.youtube.com\/embed\/nm_jtbiMPGA\" target=\"_blank\" rel=\"noopener noreferrer\">Ordenaci\u00f3n en R (childtopia)<\/a><\/span><\/strong><\/p>\n<p style=\"padding-left: 200px\"><strong><span style=\"font-size: 14pt;color: #0000ff\"><a style=\"color: #0000ff\" href=\"https:\/\/www.youtube.com\/embed\/Vv_EHATp30c\" target=\"_blank\" rel=\"noopener noreferrer\">Propiedades de los n\u00fameros reales (Academia JAF)<\/a><\/span><\/strong><\/p>\n<p style=\"text-align: center\"><span style=\"text-decoration: underline;color: #800000\"><span style=\"font-size: 16pt\"><strong>OTROS RECURSOS<\/strong><\/span><\/span><\/p>\n<p style=\"padding-left: 200px\"><strong><span style=\"font-size: 14pt;color: #0000ff\"><a style=\"color: #0000ff\" href=\"https:\/\/www.superprof.es\/apuntes\/escolar\/matematicas\/aritmetica\/reales\/ejercicios-interactivos-de-numeros-reales-i.html\" target=\"_blank\" rel=\"noopener noreferrer\">Clasificaci\u00f3n de n\u00fameros reales (test de Superprof)<\/a><\/span><\/strong><\/p>\n<p style=\"padding-left: 200px\"><strong><span style=\"font-size: 14pt;color: #0000ff\"><a style=\"color: #0000ff\" href=\"https:\/\/www.superprof.es\/apuntes\/escolar\/matematicas\/aritmetica\/reales\/ejercicios-interactivos-de-numeros-reales-ii.html\" target=\"_blank\" rel=\"noopener noreferrer\">Representaci\u00f3n gr\u00e1fica de ra\u00edces (test de Superprof)<\/a><\/span><\/strong><\/p>\n<p id=\"nodeTitle\" style=\"padding-left: 200px\"><strong><span style=\"font-size: 14pt;color: #0000ff\"><a style=\"color: #0000ff\" href=\"https:\/\/www.geogebra.org\/m\/kgf9kstz\" target=\"_blank\" rel=\"noopener noreferrer\">Representaci\u00f3n de n\u00fameros irracionales (geogebra)<\/a><\/span><\/strong><\/p>\n<\/td>\n<\/tr>\n<\/tbody>\n<\/table>\n<p>&nbsp;<\/p>\n","protected":false},"excerpt":{"rendered":"<p>Teor\u00eda y actividades resueltas VIDEOS N\u00fameros irracionales (Math4All) Clasificaci\u00f3n de los n\u00fameros reales (Tuto mate) Clasificaci\u00f3n de los n\u00fameros reales (Mariel mates) Clasificaci\u00f3n de los n\u00fameros reales (math2me) Clasificaci\u00f3n de los n\u00fameros reales (Jos\u00e9 Luis Usero V\u00edlchez) Representaci\u00f3n en la recta de fracciones y ra\u00edces (Unicoos) Representaci\u00f3n de ra\u00edces usando el teorema de la altura &hellip; <\/p>\n<p><a class=\"more-link btn\" href=\"https:\/\/blogsaverroes.juntadeandalucia.es\/rafaelnunezmat\/reales\">Seguir leyendo<\/a><\/p>\n","protected":false},"author":10669,"featured_media":0,"parent":0,"menu_order":0,"comment_status":"closed","ping_status":"closed","template":"","meta":{"ngg_post_thumbnail":0,"footnotes":""},"aioseo_notices":[],"_links":{"self":[{"href":"https:\/\/blogsaverroes.juntadeandalucia.es\/rafaelnunezmat\/wp-json\/wp\/v2\/pages\/95"}],"collection":[{"href":"https:\/\/blogsaverroes.juntadeandalucia.es\/rafaelnunezmat\/wp-json\/wp\/v2\/pages"}],"about":[{"href":"https:\/\/blogsaverroes.juntadeandalucia.es\/rafaelnunezmat\/wp-json\/wp\/v2\/types\/page"}],"author":[{"embeddable":true,"href":"https:\/\/blogsaverroes.juntadeandalucia.es\/rafaelnunezmat\/wp-json\/wp\/v2\/users\/10669"}],"replies":[{"embeddable":true,"href":"https:\/\/blogsaverroes.juntadeandalucia.es\/rafaelnunezmat\/wp-json\/wp\/v2\/comments?post=95"}],"version-history":[{"count":13,"href":"https:\/\/blogsaverroes.juntadeandalucia.es\/rafaelnunezmat\/wp-json\/wp\/v2\/pages\/95\/revisions"}],"predecessor-version":[{"id":4958,"href":"https:\/\/blogsaverroes.juntadeandalucia.es\/rafaelnunezmat\/wp-json\/wp\/v2\/pages\/95\/revisions\/4958"}],"wp:attachment":[{"href":"https:\/\/blogsaverroes.juntadeandalucia.es\/rafaelnunezmat\/wp-json\/wp\/v2\/media?parent=95"}],"curies":[{"name":"wp","href":"https:\/\/api.w.org\/{rel}","templated":true}]}}