{"id":97,"date":"2021-06-01T06:17:09","date_gmt":"2021-06-01T06:17:09","guid":{"rendered":"https:\/\/blogsaverroes.juntadeandalucia.es\/rafaelnunezmat\/?page_id=97"},"modified":"2024-12-04T12:24:03","modified_gmt":"2024-12-04T12:24:03","slug":"logaritmos","status":"publish","type":"page","link":"https:\/\/blogsaverroes.juntadeandalucia.es\/rafaelnunezmat\/logaritmos","title":{"rendered":"Logaritmos"},"content":{"rendered":"<p><img loading=\"lazy\" decoding=\"async\" class=\"aligncenter \" src=\"https:\/\/storage.googleapis.com\/portaleducativo-net-publica-g3p6\/biblioteca\/II-cod-35.png\" width=\"429\" height=\"288\"><\/p>\n<p style=\"text-align: center\"><span style=\"font-size: 24pt;color: #008000\"><strong><a style=\"color: #008000\" href=\"https:\/\/blogsaverroes.juntadeandalucia.es\/rafaelnunezmat\/files\/2022\/02\/LOGARITMOS.pdf\" target=\"_blank\" rel=\"noopener noreferrer\">Teor\u00eda y actividades resueltas<\/a><\/strong><\/span><\/p>\n<table style=\"height: 58px;width: 100%;border-collapse: collapse;border-style: none;border-color: #030000\" cellpadding=\"0\">\n<tbody>\n<tr style=\"height: 24px\">\n<td style=\"width: 30.5183%;height: 24px;text-align: left;border-style: double;border-color: #050505\" colspan=\"2\">\n<p style=\"text-align: center\"><span style=\"text-decoration: underline;color: #800080\"><span style=\"font-size: 16pt\"><strong>VIDEOS<\/strong><\/span><\/span><\/p>\n<p style=\"padding-left: 200px\"><strong><span style=\"font-size: 14pt;color: #0000ff\"><a style=\"color: #0000ff\" href=\"https:\/\/www.youtube.com\/embed\/34zcIH6NQd4\" target=\"_blank\" rel=\"noopener noreferrer\">Concepto de logaritmo-1 (Unicoos)<\/a><\/span><\/strong><\/p>\n<p style=\"padding-left: 200px\"><strong><span style=\"font-size: 14pt;color: #0000ff\"><a style=\"color: #0000ff\" href=\"https:\/\/www.youtube.com\/embed\/bro6HuSOWNw\" target=\"_blank\" rel=\"noopener noreferrer\">Concepto de logaritmo-2 (Unicoos)<\/a><\/span><\/strong><\/p>\n<p style=\"padding-left: 200px\"><strong><span style=\"font-size: 14pt;color: #0000ff\"><a style=\"color: #0000ff\" href=\"https:\/\/www.youtube.com\/embed\/b1Xd_dxrBLY\" target=\"_blank\" rel=\"noopener noreferrer\">Concepto de logaritmo (Aprender matem\u00e1ticas. Jos\u00e9 Jaime Mas)<\/a><\/span><\/strong><\/p>\n<p style=\"padding-left: 200px\"><strong><span style=\"font-size: 14pt;color: #0000ff\"><a style=\"color: #0000ff\" href=\"https:\/\/www.youtube.com\/embed\/J64O42TwB_g\" target=\"_blank\" rel=\"noopener noreferrer\">Concepto de logaritmo (lasmatematicas.es)<\/a><\/span><\/strong><\/p>\n<p style=\"padding-left: 200px\"><strong><span style=\"font-size: 14pt;color: #0000ff\"><a style=\"color: #0000ff\" href=\"https:\/\/www.youtube.com\/embed\/dlBXagqvxa8\" target=\"_blank\" rel=\"noopener noreferrer\">Propiedades de los logaritmos (F\u00edsicayMates)<\/a><\/span><\/strong><\/p>\n<p style=\"padding-left: 200px\"><strong><span style=\"font-size: 14pt;color: #0000ff\"><a style=\"color: #0000ff\" href=\"https:\/\/www.youtube.com\/embed\/wdZ7Tl882vI\" target=\"_blank\" rel=\"noopener noreferrer\">Propiedades de los logaritmos (Unicoos)<\/a><\/span><\/strong><\/p>\n<p style=\"padding-left: 200px\"><strong><span style=\"font-size: 14pt;color: #0000ff\"><a style=\"color: #0000ff\" href=\"https:\/\/www.youtube.com\/embed\/qlHDNNqsL5Y\" target=\"_blank\" rel=\"noopener noreferrer\">Logaritmos cambio de base y calculadora (Elena Virseda)<\/a><\/span><\/strong><\/p>\n<p style=\"padding-left: 200px\"><strong><span style=\"font-size: 14pt;color: #0000ff\"><a style=\"color: #0000ff\" href=\"https:\/\/www.youtube.com\/embed\/bN1Uf9a-k4o\" target=\"_blank\" rel=\"noopener noreferrer\">Logaritmos y cambio de base (lasmatematicas.es)<\/a><\/span><\/strong><\/p>\n<p style=\"padding-left: 200px\"><strong><span style=\"font-size: 14pt;color: #0000ff\"><a style=\"color: #0000ff\" href=\"https:\/\/www.youtube.com\/embed\/7riIfCzJQuI\" target=\"_blank\" rel=\"noopener noreferrer\">Logaritmos y cambio de base (math2me)<\/a><\/span><\/strong><\/p>\n<p style=\"padding-left: 200px\"><strong><span style=\"font-size: 14pt;color: #0000ff\"><a style=\"color: #0000ff\" href=\"https:\/\/www.youtube.com\/embed\/CQF_HRDbbBM\" target=\"_blank\" rel=\"noopener noreferrer\">Logaritmos y cambio de base (Aprendemates)<\/a><\/span><\/strong><\/p>\n<p style=\"padding-left: 200px\"><strong><span style=\"font-size: 14pt;color: #0000ff\"><a style=\"color: #0000ff\" href=\"https:\/\/www.youtube.com\/embed\/veb0EQbwPuo\" target=\"_blank\" rel=\"noopener noreferrer\">Logaritmos, problema duplicaci\u00f3n (P\u00edldoras matem\u00e1ticas)<\/a><\/span><\/strong><\/p>\n<p style=\"padding-left: 200px\"><strong><span style=\"font-size: 14pt;color: #0000ff\"><a style=\"color: #0000ff\" href=\"https:\/\/www.youtube.com\/embed\/V026_0ED-_4\" target=\"_blank\" rel=\"noopener noreferrer\">Logaritmos, problema (SENATI-Campus online)<\/a><\/span><\/strong><\/p>\n<p style=\"padding-left: 200px\"><strong><span style=\"font-size: 14pt;color: #0000ff\"><a style=\"color: #0000ff\" href=\"https:\/\/www.youtube.com\/embed\/ge1OM7pDZDg\" target=\"_blank\" rel=\"noopener noreferrer\">Logaritmos, aplicaciones (MatematicaBasica)<\/a><\/span><\/strong><\/p>\n<p style=\"text-align: center\"><span style=\"text-decoration: underline;color: #800000\"><span style=\"font-size: 16pt\"><strong>OTROS RECURSOS<\/strong><\/span><\/span><\/p>\n<p style=\"padding-left: 200px\"><strong><span style=\"font-size: 14pt;color: #0000ff\"><a style=\"color: #0000ff\" href=\"https:\/\/es.liveworksheets.com\/zv900154fl\" target=\"_blank\" rel=\"noopener noreferrer\">Logaritmos (actividades interactivas de Live worksheets)<\/a><\/span><\/strong><\/p>\n<\/td>\n<\/tr>\n<\/tbody>\n<\/table>\n<p>&nbsp;<\/p>\n","protected":false},"excerpt":{"rendered":"<p>Teor\u00eda y actividades resueltas VIDEOS Concepto de logaritmo-1 (Unicoos) Concepto de logaritmo-2 (Unicoos) Concepto de logaritmo (Aprender matem\u00e1ticas. Jos\u00e9 Jaime Mas) Concepto de logaritmo (lasmatematicas.es) Propiedades de los logaritmos (F\u00edsicayMates) Propiedades de los logaritmos (Unicoos) Logaritmos cambio de base y calculadora (Elena Virseda) Logaritmos y cambio de base (lasmatematicas.es) Logaritmos y cambio de base (math2me) &hellip; <\/p>\n<p><a class=\"more-link btn\" href=\"https:\/\/blogsaverroes.juntadeandalucia.es\/rafaelnunezmat\/logaritmos\">Seguir leyendo<\/a><\/p>\n","protected":false},"author":10669,"featured_media":0,"parent":0,"menu_order":0,"comment_status":"closed","ping_status":"closed","template":"","meta":{"ngg_post_thumbnail":0,"footnotes":""},"aioseo_notices":[],"_links":{"self":[{"href":"https:\/\/blogsaverroes.juntadeandalucia.es\/rafaelnunezmat\/wp-json\/wp\/v2\/pages\/97"}],"collection":[{"href":"https:\/\/blogsaverroes.juntadeandalucia.es\/rafaelnunezmat\/wp-json\/wp\/v2\/pages"}],"about":[{"href":"https:\/\/blogsaverroes.juntadeandalucia.es\/rafaelnunezmat\/wp-json\/wp\/v2\/types\/page"}],"author":[{"embeddable":true,"href":"https:\/\/blogsaverroes.juntadeandalucia.es\/rafaelnunezmat\/wp-json\/wp\/v2\/users\/10669"}],"replies":[{"embeddable":true,"href":"https:\/\/blogsaverroes.juntadeandalucia.es\/rafaelnunezmat\/wp-json\/wp\/v2\/comments?post=97"}],"version-history":[{"count":13,"href":"https:\/\/blogsaverroes.juntadeandalucia.es\/rafaelnunezmat\/wp-json\/wp\/v2\/pages\/97\/revisions"}],"predecessor-version":[{"id":4961,"href":"https:\/\/blogsaverroes.juntadeandalucia.es\/rafaelnunezmat\/wp-json\/wp\/v2\/pages\/97\/revisions\/4961"}],"wp:attachment":[{"href":"https:\/\/blogsaverroes.juntadeandalucia.es\/rafaelnunezmat\/wp-json\/wp\/v2\/media?parent=97"}],"curies":[{"name":"wp","href":"https:\/\/api.w.org\/{rel}","templated":true}]}}