{"id":98,"date":"2021-06-01T06:17:09","date_gmt":"2021-06-01T06:17:09","guid":{"rendered":"https:\/\/blogsaverroes.juntadeandalucia.es\/rafaelnunezmat\/?page_id=98"},"modified":"2024-12-04T12:25:32","modified_gmt":"2024-12-04T12:25:32","slug":"medidas","status":"publish","type":"page","link":"https:\/\/blogsaverroes.juntadeandalucia.es\/rafaelnunezmat\/medidas","title":{"rendered":"Medidas"},"content":{"rendered":"<p><img loading=\"lazy\" decoding=\"async\" class=\"aligncenter \" src=\"https:\/\/4.bp.blogspot.com\/-__i53FfNp58\/V9woensA59I\/AAAAAAAAAjA\/Kj_cx-Hzo3QW9H4y-OQlsFrXkzDjsvDzwCLcB\/s1600\/magni1.png\" width=\"303\" height=\"274\"><\/p>\n<table style=\"height: 58px;width: 100%;border-collapse: collapse;border-style: none;border-color: #030000\" border=\"1\" cellpadding=\"1\">\n<tbody>\n<tr style=\"height: 24px\">\n<td style=\"width: 27.8338%;height: 24px;border-style: double;border-color: #050505;text-align: left\" colspan=\"2\">\n<p style=\"text-align: center\"><span style=\"text-decoration: underline;color: #800080\"><span style=\"font-size: 16pt\"><strong>VIDEOS<\/strong><\/span><\/span><\/p>\n<p style=\"padding-left: 200px\"><strong><span style=\"font-size: 14pt;color: #0000ff\"><a style=\"color: #0000ff\" href=\"https:\/\/www.youtube.com\/embed\/sIUay47R8sQ\" target=\"_blank\" rel=\"noopener noreferrer\">Unidades de masa (childtopia)<\/a><\/span><\/strong><\/p>\n<p style=\"padding-left: 200px\"><strong><span style=\"font-size: 14pt;color: #0000ff\"><a style=\"color: #0000ff\" href=\"https:\/\/www.youtube.com\/embed\/BzrU0PbOeuY\" target=\"_blank\" rel=\"noopener noreferrer\">Transformaci\u00f3n de unidades de masa (childtopia)<\/a><\/span><\/strong><\/p>\n<p style=\"padding-left: 200px\"><strong><span style=\"font-size: 14pt;color: #0000ff\"><a style=\"color: #0000ff\" href=\"https:\/\/www.youtube.com\/embed\/gdJAahnUCtI\" target=\"_blank\" rel=\"noopener noreferrer\">Problema con medidas de masa (childtopia)<\/a><\/span><\/strong><\/p>\n<p style=\"padding-left: 200px\"><strong><span style=\"font-size: 14pt;color: #0000ff\"><a style=\"color: #0000ff\" href=\"https:\/\/www.youtube.com\/embed\/2bzajwNXq8E\" target=\"_blank\" rel=\"noopener noreferrer\">Conversi\u00f3n entre medidas de tiempo (Laracos Math)<\/a><\/span><\/strong><\/p>\n<p style=\"padding-left: 200px\"><strong><span style=\"font-size: 14pt;color: #0000ff\"><a style=\"color: #0000ff\" href=\"https:\/\/www.youtube.com\/embed\/7XXvWs14m3Y\" target=\"_blank\" rel=\"noopener noreferrer\">Conversi\u00f3n entre medidas de tiempo (childtopia)<\/a><\/span><\/strong><\/p>\n<p style=\"padding-left: 200px\"><strong><span style=\"font-size: 14pt;color: #0000ff\"><a style=\"color: #0000ff\" href=\"https:\/\/www.youtube.com\/embed\/P4x8rV9WRcg\" target=\"_blank\" rel=\"noopener noreferrer\">Problema con medidas de tiempo (childtopia)<\/a><\/span><\/strong><\/p>\n<p style=\"text-align: center\"><span style=\"text-decoration: underline;color: #800000\"><span style=\"font-size: 16pt\"><strong>OTROS RECURSOS<\/strong><\/span><\/span><\/p>\n<p style=\"padding-left: 200px\"><strong><span style=\"font-size: 14pt;color: #0000ff\"><a style=\"color: #0000ff\" href=\"https:\/\/clic.xtec.cat\/projects\/euro6\/jclic.js\/index.html\" target=\"_blank\" rel=\"noopener noreferrer\">El euro-1 (actividad jclic)<\/a><\/span><\/strong><\/p>\n<p style=\"padding-left: 200px\"><strong><span style=\"font-size: 14pt;color: #0000ff\"><a style=\"color: #0000ff\" href=\"https:\/\/clic.xtec.cat\/projects\/euroesp\/jclic.js\/index.html\" target=\"_blank\" rel=\"noopener noreferrer\">El euro-2 (actividad jclic)<\/a><\/span><\/strong><\/p>\n<\/td>\n<\/tr>\n<\/tbody>\n<\/table>\n<p>&nbsp;<\/p>\n","protected":false},"excerpt":{"rendered":"<p>VIDEOS Unidades de masa (childtopia) Transformaci\u00f3n de unidades de masa (childtopia) Problema con medidas de masa (childtopia) Conversi\u00f3n entre medidas de tiempo (Laracos Math) Conversi\u00f3n entre medidas de tiempo (childtopia) Problema con medidas de tiempo (childtopia) OTROS RECURSOS El euro-1 (actividad jclic) El euro-2 (actividad jclic) &nbsp;<\/p>\n","protected":false},"author":10669,"featured_media":0,"parent":0,"menu_order":0,"comment_status":"closed","ping_status":"closed","template":"","meta":{"ngg_post_thumbnail":0,"footnotes":""},"aioseo_notices":[],"_links":{"self":[{"href":"https:\/\/blogsaverroes.juntadeandalucia.es\/rafaelnunezmat\/wp-json\/wp\/v2\/pages\/98"}],"collection":[{"href":"https:\/\/blogsaverroes.juntadeandalucia.es\/rafaelnunezmat\/wp-json\/wp\/v2\/pages"}],"about":[{"href":"https:\/\/blogsaverroes.juntadeandalucia.es\/rafaelnunezmat\/wp-json\/wp\/v2\/types\/page"}],"author":[{"embeddable":true,"href":"https:\/\/blogsaverroes.juntadeandalucia.es\/rafaelnunezmat\/wp-json\/wp\/v2\/users\/10669"}],"replies":[{"embeddable":true,"href":"https:\/\/blogsaverroes.juntadeandalucia.es\/rafaelnunezmat\/wp-json\/wp\/v2\/comments?post=98"}],"version-history":[{"count":15,"href":"https:\/\/blogsaverroes.juntadeandalucia.es\/rafaelnunezmat\/wp-json\/wp\/v2\/pages\/98\/revisions"}],"predecessor-version":[{"id":4962,"href":"https:\/\/blogsaverroes.juntadeandalucia.es\/rafaelnunezmat\/wp-json\/wp\/v2\/pages\/98\/revisions\/4962"}],"wp:attachment":[{"href":"https:\/\/blogsaverroes.juntadeandalucia.es\/rafaelnunezmat\/wp-json\/wp\/v2\/media?parent=98"}],"curies":[{"name":"wp","href":"https:\/\/api.w.org\/{rel}","templated":true}]}}