{"id":2564,"date":"2023-06-07T19:14:47","date_gmt":"2023-06-07T19:14:47","guid":{"rendered":"https:\/\/blogsaverroes.juntadeandalucia.es\/rafasclassroom\/?page_id=2564"},"modified":"2023-06-07T19:14:47","modified_gmt":"2023-06-07T19:14:47","slug":"genero-y-numero-de-los-sustantivos","status":"publish","type":"page","link":"https:\/\/blogsaverroes.juntadeandalucia.es\/rafasclassroom\/lengua-castellana\/1299-2\/gramatica\/genero-y-numero-de-los-sustantivos\/","title":{"rendered":"G\u00e9nero y n\u00famero de los sustantivos"},"content":{"rendered":"<p><iframe loading=\"lazy\" title=\"Los Sustantivos, G\u00e9nero y N\u00famero | Videos Educativos para Ni\u00f1os\" width=\"843\" height=\"474\" src=\"https:\/\/www.youtube.com\/embed\/ymBNQ1yrNgg?start=238&#038;feature=oembed\" frameborder=\"0\" allow=\"accelerometer; autoplay; clipboard-write; encrypted-media; gyroscope; picture-in-picture; web-share\" referrerpolicy=\"strict-origin-when-cross-origin\" allowfullscreen><\/iframe><\/p>\n<p>JUEGOS<\/p>\n<ul>\n<li><a href=\"https:\/\/es.educaplay.com\/recursos-educativos\/11426667-genero_y_numero.html\">Juego 1<\/a><\/li>\n<li><a href=\"https:\/\/wordwall.net\/es\/resource\/17410898\/genero-y-n%C3%BAmero-de-sustantivos\">Juego 2<\/a><\/li>\n<li><a href=\"https:\/\/wordwall.net\/es\/resource\/18315695\/genero-y-n%C3%BAmero-de-sustantivos\">Juego 3<\/a><\/li>\n<li><a href=\"https:\/\/es.educaplay.com\/recursos-educativos\/4024224-genero_y_numero_responde.html\">Juego 4<\/a><\/li>\n<li><a href=\"https:\/\/wordwall.net\/es\/resource\/2956461\/g%C3%A9nero-y-n%C3%BAmero-de-los-sustantivos\">Juego 5<\/a><\/li>\n<li><a href=\"https:\/\/wordwall.net\/es\/resource\/2956848\/g%C3%A9nero-y-n%C3%BAmero-de-los-sustantivos\">Juego 6<\/a><\/li>\n<li><a href=\"https:\/\/wordwall.net\/es\/resource\/22123953\/genero-y-numero-de-los-sustantivos\">Juego 7<\/a><\/li>\n<li><a href=\"https:\/\/wordwall.net\/es\/resource\/16331587\/genero-y-numero-de-sustantivos\">Juego 8<\/a><\/li>\n<li><a href=\"https:\/\/es.educaplay.com\/recursos-educativos\/5681195-genero_y_numero.html\">Juego 9<\/a><\/li>\n<li><a href=\"https:\/\/wordwall.net\/es\/resource\/38557840\/genero-y-numero-de-sustantivos\">Juego 10<\/a><\/li>\n<li><a href=\"https:\/\/wordwall.net\/es\/resource\/35000037\/g%C3%A9nero-y-n%C3%BAmero-de-los-sustantivos\">Juego 11<\/a><\/li>\n<li><a href=\"https:\/\/wordwall.net\/es\/resource\/32347858\/genero-y-numero-de-sustantivos\">Juego 12<\/a><\/li>\n<li><a href=\"https:\/\/wordwall.net\/es\/resource\/17323413\/n%C3%BAmero-de-los-sustantivos-lunes-7-6\">Juego 13<\/a><\/li>\n<\/ul>\n<p>&nbsp;<\/p>\n<p>FICHAS INTERACTIVAS<\/p>\n<ul>\n<li><a href=\"https:\/\/www.liveworksheets.com\/worksheets\/es\/Lengua_Castellana\/G%C3%A9nero_y_n%C3%BAmero_de_los_sustantivos\/G%C3%A9nero_y_n%C3%BAmero_del_sustantivo_zq2312628mq\">Ficha interactiva 1<\/a><\/li>\n<li><a href=\"https:\/\/www.liveworksheets.com\/vg1891733ub\">Ficha interactiva 2<\/a><\/li>\n<li><a href=\"https:\/\/www.liveworksheets.com\/worksheets\/es\/Lengua_Castellana\/G%C3%A9nero_y_n%C3%BAmero_de_los_sustantivos\/An%C3%A1lisis_de_palabras_sa2741014dn\">Ficha interactiva 3<\/a><\/li>\n<li><a href=\"https:\/\/www.liveworksheets.com\/worksheets\/es\/Lengua_Castellana\/G%C3%A9nero_y_n%C3%BAmero_de_los_sustantivos\/Masculino_y_femenino_rc70777eo\">Ficha interactiva 4<\/a><\/li>\n<li><a href=\"https:\/\/www.liveworksheets.com\/worksheets\/es\/Lengua_Castellana\/G%C3%A9nero_y_n%C3%BAmero_de_los_sustantivos\/Sustantivos*_g%C3%A9nero_y_n%C3%BAmero_xy276245kp\">Ficha interactiva 5<\/a><\/li>\n<li><a href=\"https:\/\/www.liveworksheets.com\/worksheets\/es\/Lengua_Castellana\/G%C3%A9nero_y_n%C3%BAmero_de_los_sustantivos\/G%C3%A9nero_y_n%C3%BAmero_pi199681ik\">Ficha interactiva 6<\/a><\/li>\n<li><a href=\"https:\/\/www.liveworksheets.com\/worksheets\/es\/Lengua_Castellana\/Ortograf%C3%ADa\/G%C3%A9nero_y_n%C3%BAmero_de_los_sustantivos_ff1710727ri\">Ficha interactiva 7<\/a><\/li>\n<li><a href=\"https:\/\/www.liveworksheets.com\/worksheets\/es\/Lengua_espa%C3%B1ola\/Sustantivos\/G%C3%A9nero_y_n%C3%BAmero_uf3354448oi\">Ficha interactiva 8<\/a><\/li>\n<li><a href=\"https:\/\/www.liveworksheets.com\/worksheets\/es\/Lengua_y_Literatura\/Los_sustantivos\/Los_sustantivos_hd1415004pn\">Ficha interactiva 9<\/a><\/li>\n<\/ul>\n<p>&nbsp;<\/p>\n<p><img decoding=\"async\" src=\"https:\/\/i.pinimg.com\/originals\/0b\/7f\/39\/0b7f39030b5bb750261e26f4488540e4.jpg\"><\/p>\n","protected":false},"excerpt":{"rendered":"<p>JUEGOS Juego 1 Juego 2 Juego 3 Juego 4 Juego 5 Juego 6 Juego 7 Juego 8 Juego 9 Juego 10 Juego 11 Juego 12&hellip;<\/p>\n","protected":false},"author":3736,"featured_media":0,"parent":1984,"menu_order":6,"comment_status":"closed","ping_status":"closed","template":"","meta":{"ngg_post_thumbnail":0,"footnotes":""},"aioseo_notices":[],"_links":{"self":[{"href":"https:\/\/blogsaverroes.juntadeandalucia.es\/rafasclassroom\/wp-json\/wp\/v2\/pages\/2564"}],"collection":[{"href":"https:\/\/blogsaverroes.juntadeandalucia.es\/rafasclassroom\/wp-json\/wp\/v2\/pages"}],"about":[{"href":"https:\/\/blogsaverroes.juntadeandalucia.es\/rafasclassroom\/wp-json\/wp\/v2\/types\/page"}],"author":[{"embeddable":true,"href":"https:\/\/blogsaverroes.juntadeandalucia.es\/rafasclassroom\/wp-json\/wp\/v2\/users\/3736"}],"replies":[{"embeddable":true,"href":"https:\/\/blogsaverroes.juntadeandalucia.es\/rafasclassroom\/wp-json\/wp\/v2\/comments?post=2564"}],"version-history":[{"count":1,"href":"https:\/\/blogsaverroes.juntadeandalucia.es\/rafasclassroom\/wp-json\/wp\/v2\/pages\/2564\/revisions"}],"predecessor-version":[{"id":2566,"href":"https:\/\/blogsaverroes.juntadeandalucia.es\/rafasclassroom\/wp-json\/wp\/v2\/pages\/2564\/revisions\/2566"}],"up":[{"embeddable":true,"href":"https:\/\/blogsaverroes.juntadeandalucia.es\/rafasclassroom\/wp-json\/wp\/v2\/pages\/1984"}],"wp:attachment":[{"href":"https:\/\/blogsaverroes.juntadeandalucia.es\/rafasclassroom\/wp-json\/wp\/v2\/media?parent=2564"}],"curies":[{"name":"wp","href":"https:\/\/api.w.org\/{rel}","templated":true}]}}