{"id":2736,"date":"2023-11-26T18:59:24","date_gmt":"2023-11-26T18:59:24","guid":{"rendered":"https:\/\/blogsaverroes.juntadeandalucia.es\/rafasclassroom\/?page_id=2736"},"modified":"2026-01-10T22:10:28","modified_gmt":"2026-01-10T22:10:28","slug":"masa-y-volumen","status":"publish","type":"page","link":"https:\/\/blogsaverroes.juntadeandalucia.es\/rafasclassroom\/matematicas\/matematicas-1-o\/geometria-y-medida\/masa-y-volumen\/","title":{"rendered":"Masa y volumen"},"content":{"rendered":"<p><strong>JUEGOS<\/strong><\/p>\n<ul>\n<li><a href=\"https:\/\/wordwall.net\/es\/resource\/5303424\/medidas-de-peso\">Comparaci\u00f3n de masas<\/a><\/li>\n<li><a href=\"https:\/\/wordwall.net\/es\/resource\/53698281\/matem%C3%A1ticas\/cabe-m%C3%A1s-cabe-menos\">Comparaci\u00f3n volumen 1<\/a><\/li>\n<li><a href=\"https:\/\/wordwall.net\/es\/resource\/12336671\/medidas-de-capacidad\">Comparaci\u00f3n volumen 2<\/a><\/li>\n<\/ul>\n<p>&nbsp;<\/p>\n<p><strong>\u00cdDEOS<\/strong><\/p>\n<p><iframe loading=\"lazy\" title=\"Peso: pesa m\u00e1s, pesa menos\" width=\"843\" height=\"474\" src=\"https:\/\/www.youtube.com\/embed\/hZINVpW6Dcg?feature=oembed\" frameborder=\"0\" allow=\"accelerometer; autoplay; clipboard-write; encrypted-media; gyroscope; picture-in-picture; web-share\" referrerpolicy=\"strict-origin-when-cross-origin\" allowfullscreen><\/iframe><\/p>\n<p><iframe loading=\"lazy\" title=\"Capacidad: cabe m\u00e1s, cabe menos\" width=\"843\" height=\"474\" src=\"https:\/\/www.youtube.com\/embed\/93C59nQvtvA?feature=oembed\" frameborder=\"0\" allow=\"accelerometer; autoplay; clipboard-write; encrypted-media; gyroscope; picture-in-picture; web-share\" referrerpolicy=\"strict-origin-when-cross-origin\" allowfullscreen><\/iframe><\/p>\n","protected":false},"excerpt":{"rendered":"<p>JUEGOS Comparaci\u00f3n de masas Comparaci\u00f3n volumen 1 Comparaci\u00f3n volumen 2 &nbsp; \u00cdDEOS<\/p>\n","protected":false},"author":3736,"featured_media":0,"parent":949,"menu_order":4,"comment_status":"closed","ping_status":"closed","template":"","meta":{"ngg_post_thumbnail":0,"footnotes":""},"aioseo_notices":[],"_links":{"self":[{"href":"https:\/\/blogsaverroes.juntadeandalucia.es\/rafasclassroom\/wp-json\/wp\/v2\/pages\/2736"}],"collection":[{"href":"https:\/\/blogsaverroes.juntadeandalucia.es\/rafasclassroom\/wp-json\/wp\/v2\/pages"}],"about":[{"href":"https:\/\/blogsaverroes.juntadeandalucia.es\/rafasclassroom\/wp-json\/wp\/v2\/types\/page"}],"author":[{"embeddable":true,"href":"https:\/\/blogsaverroes.juntadeandalucia.es\/rafasclassroom\/wp-json\/wp\/v2\/users\/3736"}],"replies":[{"embeddable":true,"href":"https:\/\/blogsaverroes.juntadeandalucia.es\/rafasclassroom\/wp-json\/wp\/v2\/comments?post=2736"}],"version-history":[{"count":6,"href":"https:\/\/blogsaverroes.juntadeandalucia.es\/rafasclassroom\/wp-json\/wp\/v2\/pages\/2736\/revisions"}],"predecessor-version":[{"id":3500,"href":"https:\/\/blogsaverroes.juntadeandalucia.es\/rafasclassroom\/wp-json\/wp\/v2\/pages\/2736\/revisions\/3500"}],"up":[{"embeddable":true,"href":"https:\/\/blogsaverroes.juntadeandalucia.es\/rafasclassroom\/wp-json\/wp\/v2\/pages\/949"}],"wp:attachment":[{"href":"https:\/\/blogsaverroes.juntadeandalucia.es\/rafasclassroom\/wp-json\/wp\/v2\/media?parent=2736"}],"curies":[{"name":"wp","href":"https:\/\/api.w.org\/{rel}","templated":true}]}}