{"id":576,"date":"2018-09-16T14:45:04","date_gmt":"2018-09-16T14:45:04","guid":{"rendered":"https:\/\/blogsaverroes.juntadeandalucia.es\/rafasclassroom\/?page_id=576"},"modified":"2020-09-12T13:19:48","modified_gmt":"2020-09-12T13:19:48","slug":"lengua-6-o","status":"publish","type":"page","link":"https:\/\/blogsaverroes.juntadeandalucia.es\/rafasclassroom\/lengua-castellana\/lengua-6-o\/","title":{"rendered":"LENGUA &#8211; 6.\u00ba"},"content":{"rendered":"<p><img loading=\"lazy\" decoding=\"async\" class=\"wp-image-559 aligncenter\" src=\"https:\/\/blogsaverroes.juntadeandalucia.es\/rafasclassroom\/files\/2018\/09\/LENGUA-CASTELLANA-Y-LITERATURA.png\" alt=\"\" width=\"419\" height=\"144\" srcset=\"https:\/\/blogsaverroes.juntadeandalucia.es\/rafasclassroom\/files\/2018\/09\/LENGUA-CASTELLANA-Y-LITERATURA.png 1600w, https:\/\/blogsaverroes.juntadeandalucia.es\/rafasclassroom\/files\/2018\/09\/LENGUA-CASTELLANA-Y-LITERATURA-300x103.png 300w, https:\/\/blogsaverroes.juntadeandalucia.es\/rafasclassroom\/files\/2018\/09\/LENGUA-CASTELLANA-Y-LITERATURA-768x264.png 768w, https:\/\/blogsaverroes.juntadeandalucia.es\/rafasclassroom\/files\/2018\/09\/LENGUA-CASTELLANA-Y-LITERATURA-1024x352.png 1024w, https:\/\/blogsaverroes.juntadeandalucia.es\/rafasclassroom\/files\/2018\/09\/LENGUA-CASTELLANA-Y-LITERATURA-24x8.png 24w, https:\/\/blogsaverroes.juntadeandalucia.es\/rafasclassroom\/files\/2018\/09\/LENGUA-CASTELLANA-Y-LITERATURA-36x12.png 36w, https:\/\/blogsaverroes.juntadeandalucia.es\/rafasclassroom\/files\/2018\/09\/LENGUA-CASTELLANA-Y-LITERATURA-48x17.png 48w\" sizes=\"(max-width: 419px) 100vw, 419px\" \/>Los recursos digitales han&nbsp;sido organizados seg\u00fan las unidades desarrolladas en los libros de texto de la editorial SM, proyecto Savia.<\/p>\n<table style=\"width: 295.5px\">\n<tbody>\n<tr>\n<td style=\"width: 10px\"><img loading=\"lazy\" decoding=\"async\" class=\"wp-image-563 aligncenter\" src=\"https:\/\/blogsaverroes.juntadeandalucia.es\/rafasclassroom\/files\/2018\/09\/LENGUA-6\u00ba.png\" alt=\"\" width=\"95\" height=\"84\" srcset=\"https:\/\/blogsaverroes.juntadeandalucia.es\/rafasclassroom\/files\/2018\/09\/LENGUA-6\u00ba.png 1025w, https:\/\/blogsaverroes.juntadeandalucia.es\/rafasclassroom\/files\/2018\/09\/LENGUA-6\u00ba-300x266.png 300w, https:\/\/blogsaverroes.juntadeandalucia.es\/rafasclassroom\/files\/2018\/09\/LENGUA-6\u00ba-768x682.png 768w, https:\/\/blogsaverroes.juntadeandalucia.es\/rafasclassroom\/files\/2018\/09\/LENGUA-6\u00ba-1024x909.png 1024w, https:\/\/blogsaverroes.juntadeandalucia.es\/rafasclassroom\/files\/2018\/09\/LENGUA-6\u00ba-24x21.png 24w, https:\/\/blogsaverroes.juntadeandalucia.es\/rafasclassroom\/files\/2018\/09\/LENGUA-6\u00ba-36x32.png 36w, https:\/\/blogsaverroes.juntadeandalucia.es\/rafasclassroom\/files\/2018\/09\/LENGUA-6\u00ba-48x43.png 48w\" sizes=\"(max-width: 95px) 100vw, 95px\" \/><\/td>\n<\/tr>\n<tr>\n<td style=\"width: 10px\"><a href=\"https:\/\/blogsaverroes.juntadeandalucia.es\/rafasclassroom\/lengua-castellana\/lengua-6-o\/1-al-mal-tiempo-buena-cara\/\">1.&nbsp; Al mal tiempo, buena cara<\/a><\/td>\n<\/tr>\n<tr>\n<td style=\"width: 10px\"><a href=\"https:\/\/blogsaverroes.juntadeandalucia.es\/rafasclassroom\/lengua-castellana\/lengua-6-o\/2-come-y-disfruta\/\">2. Come y disfruta&nbsp;<\/a><\/td>\n<\/tr>\n<tr>\n<td style=\"width: 10px\"><a href=\"https:\/\/blogsaverroes.juntadeandalucia.es\/rafasclassroom\/lengua-castellana\/lengua-6-o\/3-cumpleanos-feliz\/\">3. \u00a1Cumplea\u00f1os feliz!<\/a><\/td>\n<\/tr>\n<tr>\n<td style=\"width: 10px\"><a href=\"https:\/\/blogsaverroes.juntadeandalucia.es\/rafasclassroom\/lengua-castellana\/lengua-6-o\/4-realidad-misteriosa\/\">4. Realidad misteriosa<\/a><\/td>\n<\/tr>\n<tr>\n<td style=\"width: 10px\"><a href=\"https:\/\/blogsaverroes.juntadeandalucia.es\/rafasclassroom\/lengua-castellana\/lengua-6-o\/5-genios-de-todos-los-tiempos\/\">5. Genios de todos los tiempos<\/a><\/td>\n<\/tr>\n<tr>\n<td style=\"width: 10px\"><a href=\"https:\/\/blogsaverroes.juntadeandalucia.es\/rafasclassroom\/lengua-castellana\/lengua-6-o\/6-viajar-por-el-mundo\/\">6. Viajar por el mundo<\/a><\/td>\n<\/tr>\n<tr>\n<td style=\"width: 10px\"><a href=\"https:\/\/blogsaverroes.juntadeandalucia.es\/rafasclassroom\/lengua-castellana\/lengua-6-o\/7-un-oceano-de-sentimientos\/\">7. Un oc\u00e9ano de sentimientos<\/a><\/td>\n<\/tr>\n<tr>\n<td style=\"width: 10px\"><a href=\"https:\/\/blogsaverroes.juntadeandalucia.es\/rafasclassroom\/lengua-castellana\/lengua-6-o\/8-uno-para-todos-y\/\">8. Uno para todos y&#8230;<\/a><\/td>\n<\/tr>\n<tr>\n<td style=\"width: 10px\"><a href=\"https:\/\/blogsaverroes.juntadeandalucia.es\/rafasclassroom\/lengua-castellana\/lengua-6-o\/9-culturas-para-todos-los-gustos\/\">9. Culturas para todos los gustos<\/a><\/td>\n<\/tr>\n<tr>\n<td style=\"width: 10px\">10. Un mundo mejor<\/td>\n<\/tr>\n<tr>\n<td style=\"width: 10px\">11. No todo es lo que parece<\/td>\n<\/tr>\n<tr>\n<td style=\"width: 10px\">12. \u00bfQu\u00e9 pasar\u00e1 despu\u00e9s?<\/td>\n<\/tr>\n<\/tbody>\n<\/table>\n","protected":false},"excerpt":{"rendered":"<p>Los recursos digitales han&nbsp;sido organizados seg\u00fan las unidades desarrolladas en los libros de texto de la editorial SM, proyecto Savia. 1.&nbsp; Al mal tiempo, buena&hellip;<\/p>\n","protected":false},"author":3736,"featured_media":0,"parent":557,"menu_order":6,"comment_status":"closed","ping_status":"closed","template":"","meta":{"ngg_post_thumbnail":0,"footnotes":""},"aioseo_notices":[],"_links":{"self":[{"href":"https:\/\/blogsaverroes.juntadeandalucia.es\/rafasclassroom\/wp-json\/wp\/v2\/pages\/576"}],"collection":[{"href":"https:\/\/blogsaverroes.juntadeandalucia.es\/rafasclassroom\/wp-json\/wp\/v2\/pages"}],"about":[{"href":"https:\/\/blogsaverroes.juntadeandalucia.es\/rafasclassroom\/wp-json\/wp\/v2\/types\/page"}],"author":[{"embeddable":true,"href":"https:\/\/blogsaverroes.juntadeandalucia.es\/rafasclassroom\/wp-json\/wp\/v2\/users\/3736"}],"replies":[{"embeddable":true,"href":"https:\/\/blogsaverroes.juntadeandalucia.es\/rafasclassroom\/wp-json\/wp\/v2\/comments?post=576"}],"version-history":[{"count":11,"href":"https:\/\/blogsaverroes.juntadeandalucia.es\/rafasclassroom\/wp-json\/wp\/v2\/pages\/576\/revisions"}],"predecessor-version":[{"id":847,"href":"https:\/\/blogsaverroes.juntadeandalucia.es\/rafasclassroom\/wp-json\/wp\/v2\/pages\/576\/revisions\/847"}],"up":[{"embeddable":true,"href":"https:\/\/blogsaverroes.juntadeandalucia.es\/rafasclassroom\/wp-json\/wp\/v2\/pages\/557"}],"wp:attachment":[{"href":"https:\/\/blogsaverroes.juntadeandalucia.es\/rafasclassroom\/wp-json\/wp\/v2\/media?parent=576"}],"curies":[{"name":"wp","href":"https:\/\/api.w.org\/{rel}","templated":true}]}}