{"id":578,"date":"2018-09-16T14:46:28","date_gmt":"2018-09-16T14:46:28","guid":{"rendered":"https:\/\/blogsaverroes.juntadeandalucia.es\/rafasclassroom\/?page_id=578"},"modified":"2020-09-12T13:19:54","modified_gmt":"2020-09-12T13:19:54","slug":"matematicas-5-o","status":"publish","type":"page","link":"https:\/\/blogsaverroes.juntadeandalucia.es\/rafasclassroom\/matematicas\/matematicas-5-o\/","title":{"rendered":"MATEM\u00c1TICAS &#8211; 5.\u00ba"},"content":{"rendered":"<p><a href=\"https:\/\/blogsaverroes.juntadeandalucia.es\/rafasclassroom\/matematicas\/\"><img loading=\"lazy\" decoding=\"async\" class=\"wp-image-558 aligncenter\" src=\"https:\/\/blogsaverroes.juntadeandalucia.es\/rafasclassroom\/files\/2018\/09\/MATEM\u00c1TICAS.png\" alt=\"\" width=\"419\" height=\"144\" srcset=\"https:\/\/blogsaverroes.juntadeandalucia.es\/rafasclassroom\/files\/2018\/09\/MATEM\u00c1TICAS.png 1600w, https:\/\/blogsaverroes.juntadeandalucia.es\/rafasclassroom\/files\/2018\/09\/MATEM\u00c1TICAS-300x103.png 300w, https:\/\/blogsaverroes.juntadeandalucia.es\/rafasclassroom\/files\/2018\/09\/MATEM\u00c1TICAS-768x264.png 768w, https:\/\/blogsaverroes.juntadeandalucia.es\/rafasclassroom\/files\/2018\/09\/MATEM\u00c1TICAS-1024x352.png 1024w, https:\/\/blogsaverroes.juntadeandalucia.es\/rafasclassroom\/files\/2018\/09\/MATEM\u00c1TICAS-24x8.png 24w, https:\/\/blogsaverroes.juntadeandalucia.es\/rafasclassroom\/files\/2018\/09\/MATEM\u00c1TICAS-36x12.png 36w, https:\/\/blogsaverroes.juntadeandalucia.es\/rafasclassroom\/files\/2018\/09\/MATEM\u00c1TICAS-48x17.png 48w\" sizes=\"(max-width: 419px) 100vw, 419px\" \/><\/a>Los recursos digitales han&nbsp;sido organizados seg\u00fan las unidades desarrolladas en los libros de texto de la editorial SM, proyecto Savia.<\/p>\n<table style=\"width: 346px\">\n<tbody>\n<tr style=\"height: 92px\">\n<td style=\"width: 10px;height: 92px\"><a href=\"https:\/\/blogsaverroes.juntadeandalucia.es\/rafasclassroom\/matematicas\/matematicas-5-o\/\"><img loading=\"lazy\" decoding=\"async\" class=\"aligncenter wp-image-570\" src=\"https:\/\/blogsaverroes.juntadeandalucia.es\/rafasclassroom\/files\/2018\/09\/MATEM\u00c1TICAS-5\u00ba.png\" alt=\"\" width=\"95\" height=\"84\" srcset=\"https:\/\/blogsaverroes.juntadeandalucia.es\/rafasclassroom\/files\/2018\/09\/MATEM\u00c1TICAS-5\u00ba.png 1025w, https:\/\/blogsaverroes.juntadeandalucia.es\/rafasclassroom\/files\/2018\/09\/MATEM\u00c1TICAS-5\u00ba-300x266.png 300w, https:\/\/blogsaverroes.juntadeandalucia.es\/rafasclassroom\/files\/2018\/09\/MATEM\u00c1TICAS-5\u00ba-768x682.png 768w, https:\/\/blogsaverroes.juntadeandalucia.es\/rafasclassroom\/files\/2018\/09\/MATEM\u00c1TICAS-5\u00ba-1024x909.png 1024w, https:\/\/blogsaverroes.juntadeandalucia.es\/rafasclassroom\/files\/2018\/09\/MATEM\u00c1TICAS-5\u00ba-24x21.png 24w, https:\/\/blogsaverroes.juntadeandalucia.es\/rafasclassroom\/files\/2018\/09\/MATEM\u00c1TICAS-5\u00ba-36x32.png 36w, https:\/\/blogsaverroes.juntadeandalucia.es\/rafasclassroom\/files\/2018\/09\/MATEM\u00c1TICAS-5\u00ba-48x43.png 48w\" sizes=\"(max-width: 95px) 100vw, 95px\" \/><\/a><\/td>\n<\/tr>\n<tr style=\"height: 22px\">\n<td style=\"width: 10px;height: 22px\"><a href=\"https:\/\/blogsaverroes.juntadeandalucia.es\/rafasclassroom\/matematicas\/matematicas-5-o\/1-numeros-naturales\/\">1. N\u00fameros naturales<\/a><\/td>\n<\/tr>\n<tr style=\"height: 22px\">\n<td style=\"width: 10px;height: 22px\"><a href=\"https:\/\/blogsaverroes.juntadeandalucia.es\/rafasclassroom\/matematicas\/matematicas-5-o\/2-multiplos-y-divisores\/\">2. M\u00faltiplos y divisores<\/a><\/td>\n<\/tr>\n<tr style=\"height: 22px\">\n<td style=\"width: 10px;height: 22px\"><a href=\"https:\/\/blogsaverroes.juntadeandalucia.es\/rafasclassroom\/matematicas\/matematicas-5-o\/3-las-fracciones\/\">3. Las fracciones<\/a><\/td>\n<\/tr>\n<tr style=\"height: 22.0469px\">\n<td style=\"width: 10px;height: 22.0469px\"><a href=\"https:\/\/blogsaverroes.juntadeandalucia.es\/rafasclassroom\/matematicas\/matematicas-5-o\/4-operar-con-fracciones\/\">4. Operar con fracciones<\/a><\/td>\n<\/tr>\n<tr style=\"height: 22px\">\n<td style=\"width: 10px;height: 22px\"><a href=\"https:\/\/blogsaverroes.juntadeandalucia.es\/rafasclassroom\/matematicas\/matematicas-5-o\/5-numeros-decimales\/\">5. N\u00fameros decimales<\/a><\/td>\n<\/tr>\n<tr style=\"height: 22px\">\n<td style=\"width: 10px;height: 22px\"><a href=\"https:\/\/blogsaverroes.juntadeandalucia.es\/rafasclassroom\/matematicas\/matematicas-5-o\/6-operar-con-numeros-decimales\/\">6. Operar con n\u00fameros decimales<\/a><\/td>\n<\/tr>\n<tr style=\"height: 22px\">\n<td style=\"width: 10px;height: 22px\"><a href=\"https:\/\/blogsaverroes.juntadeandalucia.es\/rafasclassroom\/matematicas\/matematicas-5-o\/7-medir-longitudes-capacidades-y-masas\/\">7. Medir longitudes, capacidades y masas<\/a><\/td>\n<\/tr>\n<tr style=\"height: 22px\">\n<td style=\"width: 10px;height: 22px\">8. Medir el tiempo y el dinero<\/td>\n<\/tr>\n<tr style=\"height: 22px\">\n<td style=\"width: 10px;height: 22px\">9. \u00c1ngulos<\/td>\n<\/tr>\n<tr style=\"height: 22px\">\n<td style=\"width: 10px;height: 22px\">10. Figuras planas<\/td>\n<\/tr>\n<tr style=\"height: 22px\">\n<td style=\"width: 10px;height: 22px\">11. Medir superficies<\/td>\n<\/tr>\n<tr style=\"height: 22px\">\n<td style=\"width: 10px;height: 22px\">12. Los cuerpos geom\u00e9tricos<\/td>\n<\/tr>\n<\/tbody>\n<\/table>\n","protected":false},"excerpt":{"rendered":"<p>Los recursos digitales han&nbsp;sido organizados seg\u00fan las unidades desarrolladas en los libros de texto de la editorial SM, proyecto Savia. 1. N\u00fameros naturales 2. M\u00faltiplos&hellip;<\/p>\n","protected":false},"author":3736,"featured_media":0,"parent":567,"menu_order":5,"comment_status":"closed","ping_status":"closed","template":"","meta":{"ngg_post_thumbnail":0,"footnotes":""},"aioseo_notices":[],"_links":{"self":[{"href":"https:\/\/blogsaverroes.juntadeandalucia.es\/rafasclassroom\/wp-json\/wp\/v2\/pages\/578"}],"collection":[{"href":"https:\/\/blogsaverroes.juntadeandalucia.es\/rafasclassroom\/wp-json\/wp\/v2\/pages"}],"about":[{"href":"https:\/\/blogsaverroes.juntadeandalucia.es\/rafasclassroom\/wp-json\/wp\/v2\/types\/page"}],"author":[{"embeddable":true,"href":"https:\/\/blogsaverroes.juntadeandalucia.es\/rafasclassroom\/wp-json\/wp\/v2\/users\/3736"}],"replies":[{"embeddable":true,"href":"https:\/\/blogsaverroes.juntadeandalucia.es\/rafasclassroom\/wp-json\/wp\/v2\/comments?post=578"}],"version-history":[{"count":2,"href":"https:\/\/blogsaverroes.juntadeandalucia.es\/rafasclassroom\/wp-json\/wp\/v2\/pages\/578\/revisions"}],"predecessor-version":[{"id":620,"href":"https:\/\/blogsaverroes.juntadeandalucia.es\/rafasclassroom\/wp-json\/wp\/v2\/pages\/578\/revisions\/620"}],"up":[{"embeddable":true,"href":"https:\/\/blogsaverroes.juntadeandalucia.es\/rafasclassroom\/wp-json\/wp\/v2\/pages\/567"}],"wp:attachment":[{"href":"https:\/\/blogsaverroes.juntadeandalucia.es\/rafasclassroom\/wp-json\/wp\/v2\/media?parent=578"}],"curies":[{"name":"wp","href":"https:\/\/api.w.org\/{rel}","templated":true}]}}