{"id":580,"date":"2018-09-16T14:47:11","date_gmt":"2018-09-16T14:47:11","guid":{"rendered":"https:\/\/blogsaverroes.juntadeandalucia.es\/rafasclassroom\/?page_id=580"},"modified":"2020-09-12T13:19:57","modified_gmt":"2020-09-12T13:19:57","slug":"matematicas-6-o","status":"publish","type":"page","link":"https:\/\/blogsaverroes.juntadeandalucia.es\/rafasclassroom\/matematicas\/matematicas-6-o\/","title":{"rendered":"MATEM\u00c1TICAS &#8211; 6.\u00ba"},"content":{"rendered":"<p><img loading=\"lazy\" decoding=\"async\" class=\"wp-image-558 aligncenter\" src=\"https:\/\/blogsaverroes.juntadeandalucia.es\/rafasclassroom\/files\/2018\/09\/MATEM\u00c1TICAS.png\" alt=\"\" width=\"419\" height=\"144\" srcset=\"https:\/\/blogsaverroes.juntadeandalucia.es\/rafasclassroom\/files\/2018\/09\/MATEM\u00c1TICAS.png 1600w, https:\/\/blogsaverroes.juntadeandalucia.es\/rafasclassroom\/files\/2018\/09\/MATEM\u00c1TICAS-300x103.png 300w, https:\/\/blogsaverroes.juntadeandalucia.es\/rafasclassroom\/files\/2018\/09\/MATEM\u00c1TICAS-768x264.png 768w, https:\/\/blogsaverroes.juntadeandalucia.es\/rafasclassroom\/files\/2018\/09\/MATEM\u00c1TICAS-1024x352.png 1024w, https:\/\/blogsaverroes.juntadeandalucia.es\/rafasclassroom\/files\/2018\/09\/MATEM\u00c1TICAS-24x8.png 24w, https:\/\/blogsaverroes.juntadeandalucia.es\/rafasclassroom\/files\/2018\/09\/MATEM\u00c1TICAS-36x12.png 36w, https:\/\/blogsaverroes.juntadeandalucia.es\/rafasclassroom\/files\/2018\/09\/MATEM\u00c1TICAS-48x17.png 48w\" sizes=\"(max-width: 419px) 100vw, 419px\" \/>Los recursos digitales han&nbsp;sido organizados seg\u00fan las unidades desarrolladas en los libros de texto de la editorial SM, proyecto Savia.<\/p>\n<table style=\"width: 292.5px\">\n<tbody>\n<tr>\n<td style=\"width: 10px\"><img loading=\"lazy\" decoding=\"async\" class=\"aligncenter wp-image-571\" src=\"https:\/\/blogsaverroes.juntadeandalucia.es\/rafasclassroom\/files\/2018\/09\/MATEM\u00c1TICAS-6\u00ba.png\" alt=\"\" width=\"95\" height=\"84\" srcset=\"https:\/\/blogsaverroes.juntadeandalucia.es\/rafasclassroom\/files\/2018\/09\/MATEM\u00c1TICAS-6\u00ba.png 1025w, https:\/\/blogsaverroes.juntadeandalucia.es\/rafasclassroom\/files\/2018\/09\/MATEM\u00c1TICAS-6\u00ba-300x266.png 300w, https:\/\/blogsaverroes.juntadeandalucia.es\/rafasclassroom\/files\/2018\/09\/MATEM\u00c1TICAS-6\u00ba-768x682.png 768w, https:\/\/blogsaverroes.juntadeandalucia.es\/rafasclassroom\/files\/2018\/09\/MATEM\u00c1TICAS-6\u00ba-1024x909.png 1024w, https:\/\/blogsaverroes.juntadeandalucia.es\/rafasclassroom\/files\/2018\/09\/MATEM\u00c1TICAS-6\u00ba-24x21.png 24w, https:\/\/blogsaverroes.juntadeandalucia.es\/rafasclassroom\/files\/2018\/09\/MATEM\u00c1TICAS-6\u00ba-36x32.png 36w, https:\/\/blogsaverroes.juntadeandalucia.es\/rafasclassroom\/files\/2018\/09\/MATEM\u00c1TICAS-6\u00ba-48x43.png 48w\" sizes=\"(max-width: 95px) 100vw, 95px\" \/><\/td>\n<\/tr>\n<tr>\n<td style=\"width: 10px\"><a href=\"https:\/\/blogsaverroes.juntadeandalucia.es\/rafasclassroom\/matematicas\/matematicas-6-o\/1-numeros-naturales\/\">1. N\u00fameros naturales<\/a><\/td>\n<\/tr>\n<tr>\n<td style=\"width: 10px\"><a href=\"https:\/\/blogsaverroes.juntadeandalucia.es\/rafasclassroom\/matematicas\/matematicas-6-o\/2-multiplos-y-divisores\/\">2. M\u00faltiplos y divisores<\/a><\/td>\n<\/tr>\n<tr>\n<td style=\"width: 10px\"><a href=\"https:\/\/blogsaverroes.juntadeandalucia.es\/rafasclassroom\/matematicas\/matematicas-6-o\/3-potencias-y-raices\/\">3. Potencias y ra\u00edces<\/a><\/td>\n<\/tr>\n<tr>\n<td style=\"width: 10px\"><a href=\"https:\/\/blogsaverroes.juntadeandalucia.es\/rafasclassroom\/matematicas\/matematicas-6-o\/4-fracciones\/\">4. Fracciones<\/a><\/td>\n<\/tr>\n<tr>\n<td style=\"width: 10px\"><a href=\"https:\/\/blogsaverroes.juntadeandalucia.es\/rafasclassroom\/matematicas\/matematicas-6-o\/5-numeros-decimales\/\">5. N\u00fameros decimales<\/a><\/td>\n<\/tr>\n<tr>\n<td style=\"width: 10px\"><a href=\"https:\/\/blogsaverroes.juntadeandalucia.es\/rafasclassroom\/matematicas\/matematicas-6-o\/6-porcentajes-y-proporcionalidad\/\">6. Porcentajes y proporcionalidad<\/a><\/td>\n<\/tr>\n<tr>\n<td style=\"width: 10px\"><a href=\"https:\/\/blogsaverroes.juntadeandalucia.es\/rafasclassroom\/matematicas\/matematicas-6-o\/7-numeros-enteros\/\">7 N\u00fameros enteros<\/a><\/td>\n<\/tr>\n<tr>\n<td style=\"width: 10px\">8. Estad\u00edstica y probabilidad<\/td>\n<\/tr>\n<tr>\n<td style=\"width: 10px\">9. Medir longitudes, masas y capacidades<\/td>\n<\/tr>\n<tr>\n<td style=\"width: 10px\">10. Medir superficies y vol\u00famenes<\/td>\n<\/tr>\n<tr>\n<td style=\"width: 10px\">11. Figuras planas. \u00c1reas<\/td>\n<\/tr>\n<tr>\n<td style=\"width: 10px\">12. Cuerpos geom\u00e9tricos. Vol\u00famenes<\/td>\n<\/tr>\n<\/tbody>\n<\/table>\n","protected":false},"excerpt":{"rendered":"<p>Los recursos digitales han&nbsp;sido organizados seg\u00fan las unidades desarrolladas en los libros de texto de la editorial SM, proyecto Savia. 1. N\u00fameros naturales 2. M\u00faltiplos&hellip;<\/p>\n","protected":false},"author":3736,"featured_media":0,"parent":567,"menu_order":6,"comment_status":"closed","ping_status":"closed","template":"","meta":{"ngg_post_thumbnail":0,"footnotes":""},"aioseo_notices":[],"_links":{"self":[{"href":"https:\/\/blogsaverroes.juntadeandalucia.es\/rafasclassroom\/wp-json\/wp\/v2\/pages\/580"}],"collection":[{"href":"https:\/\/blogsaverroes.juntadeandalucia.es\/rafasclassroom\/wp-json\/wp\/v2\/pages"}],"about":[{"href":"https:\/\/blogsaverroes.juntadeandalucia.es\/rafasclassroom\/wp-json\/wp\/v2\/types\/page"}],"author":[{"embeddable":true,"href":"https:\/\/blogsaverroes.juntadeandalucia.es\/rafasclassroom\/wp-json\/wp\/v2\/users\/3736"}],"replies":[{"embeddable":true,"href":"https:\/\/blogsaverroes.juntadeandalucia.es\/rafasclassroom\/wp-json\/wp\/v2\/comments?post=580"}],"version-history":[{"count":9,"href":"https:\/\/blogsaverroes.juntadeandalucia.es\/rafasclassroom\/wp-json\/wp\/v2\/pages\/580\/revisions"}],"predecessor-version":[{"id":823,"href":"https:\/\/blogsaverroes.juntadeandalucia.es\/rafasclassroom\/wp-json\/wp\/v2\/pages\/580\/revisions\/823"}],"up":[{"embeddable":true,"href":"https:\/\/blogsaverroes.juntadeandalucia.es\/rafasclassroom\/wp-json\/wp\/v2\/pages\/567"}],"wp:attachment":[{"href":"https:\/\/blogsaverroes.juntadeandalucia.es\/rafasclassroom\/wp-json\/wp\/v2\/media?parent=580"}],"curies":[{"name":"wp","href":"https:\/\/api.w.org\/{rel}","templated":true}]}}