{"id":597,"date":"2018-09-16T15:01:16","date_gmt":"2018-09-16T15:01:16","guid":{"rendered":"https:\/\/blogsaverroes.juntadeandalucia.es\/rafasclassroom\/?page_id=597"},"modified":"2018-09-16T15:01:16","modified_gmt":"2018-09-16T15:01:16","slug":"3-quien-tiene-un-amigo-tiene-un-tesoro","status":"publish","type":"page","link":"https:\/\/blogsaverroes.juntadeandalucia.es\/rafasclassroom\/lengua-castellana\/lengua-5-o\/3-quien-tiene-un-amigo-tiene-un-tesoro\/","title":{"rendered":"3. Quien tiene un amigo tiene un tesoro"},"content":{"rendered":"<h1>3. QUIEN TIENE UN AMIGO TIENE UN TESORO<\/h1>\n<p><b><u>PALABRAS POLIS\u00c9MICAS<\/u><\/b><br \/>\n[youtube https:\/\/www.youtube.com\/watch?v=mswgITJSdAo]<br \/>\n<a href=\"http:\/\/roble.pntic.mec.es\/~msanto1\/lengua\/-polisem.htm\" target=\"_blank\" rel=\"noopener\">Palabras polis\u00e9micas I<\/a><br \/>\n<a href=\"http:\/\/www.ceiploreto.es\/sugerencias\/A_2\/repositorio\/0\/58\/html\/datos\/01_Lengua\/actividades\/U04\/0401_01.htm\" target=\"_blank\" rel=\"noopener\">Palabras polis\u00e9micas II<\/a>&nbsp;(PDI)<br \/>\n<a href=\"http:\/\/www.ceiploreto.es\/sugerencias\/A_2\/repositorio\/0\/58\/html\/datos\/01_Lengua\/actividades\/U04\/0401_02.htm\" target=\"_blank\" rel=\"noopener\">Palabras polis\u00e9micas III<\/a><br \/>\n<a href=\"http:\/\/www.ceiploreto.es\/sugerencias\/A_2\/repositorio\/0\/56\/html\/datos\/01_Lengua\/act\/U03\/0301_01.htm\" target=\"_blank\" rel=\"noopener\">Polisemia y homonimia I<\/a>&nbsp;(PDI)<br \/>\n<a href=\"http:\/\/www.ceiploreto.es\/sugerencias\/A_2\/repositorio\/0\/56\/html\/datos\/01_Lengua\/act\/U03\/0301_02.htm\" target=\"_blank\" rel=\"noopener\">Polisemia y homonimia II<\/a><br \/>\n<a href=\"http:\/\/roble.pntic.mec.es\/~msanto1\/lengua\/polisemi.htm\" target=\"_blank\" rel=\"noopener\">Palabras polis\u00e9micas IV<\/a><br \/>\n<a href=\"https:\/\/www.edu.xunta.es\/espazoAbalar\/sites\/espazoAbalar\/files\/datos\/1285224639\/contido\/lc16_oa05_es\/index.html\" target=\"_blank\" rel=\"noopener\">Sinonimia. Antonimia y polisemia<\/a><br \/>\n<a href=\"http:\/\/www.educa.jcyl.es\/educacyl\/cm\/gallery\/recursos_odes\/2007\/lengua\/lc006_es\/\/lc006_oa03_es\/index.html\" target=\"_blank\" rel=\"noopener\">Palabras con varios significados<\/a><br \/>\n<a href=\"http:\/\/www.ceiploreto.es\/sugerencias\/cplosangeles.juntaextremadura.net\/web\/edilim\/tercer_ciclo\/lengua\/vocabulario\/monosemia_polisemia\/monosemia_polisemia.html\" target=\"_blank\" rel=\"noopener\">Monosemia y polisemia I<\/a><br \/>\n<a href=\"http:\/\/www.ceiploreto.es\/sugerencias\/A_1\/Recursosdidacticos\/QUINTO\/datos\/01_Lengua\/datos\/rdi\/U04\/01.htm\" target=\"_blank\" rel=\"noopener\">Palabras pols\u00e9micas V<\/a><br \/>\n<a href=\"http:\/\/www.ceiploreto.es\/sugerencias\/A_1\/Recursosdidacticos\/QUINTO\/datos\/01_Lengua\/datos\/rdi\/U04\/02.htm\" target=\"_blank\" rel=\"noopener\">Palabras polis\u00e9micas VI<\/a><br \/>\n<a href=\"https:\/\/bromera.com\/tl_files\/activitatsdigitals\/Tilde_5_PA\/Tilde5_p047_act2_71\/index.html\" target=\"_blank\" rel=\"noopener\">Encuentra 6 palabras polis\u00e9micas<\/a>&nbsp;(PDI &#8211; reto)<br \/>\n<a href=\"http:\/\/www.ceiploreto.es\/sugerencias\/cplosangeles.juntaextremadura.net\/web\/lengua_tercer_ciclo\/vocabulario\/monosemia_polisemia\/monosemia01.htm\" target=\"_blank\" rel=\"noopener\">Monosemia y polisemia II<\/a><\/p>\n<p><b><u>EL ADJETIVO Y SUS CLASES<\/u><\/b><br \/>\n[youtube https:\/\/www.youtube.com\/watch?v=cby4iKqbc30]<br \/>\n<b><u><br \/>\n<\/u><\/b><a href=\"http:\/\/www.ceiploreto.es\/sugerencias\/A_2\/repositorio\/0\/58\/html\/datos\/01_Lengua\/actividades\/U08\/0804.htm\" target=\"_blank\" rel=\"noopener\">El adjetivo I<\/a>&nbsp;(PDI)<br \/>\n<a href=\"http:\/\/www.primaria.librosvivos.net\/archivosCMS\/3\/3\/16\/usuarios\/103294\/9\/5EP_Len_ud8_adjetivo\/frame_prim.swf\" target=\"_blank\" rel=\"noopener\">El adjetivo II<\/a><br \/>\n<a href=\"http:\/\/www.ceiploreto.es\/sugerencias\/cplosangeles.juntaextremadura.net\/web\/lengua5\/adjetivo\/indice.htm\" target=\"_blank\" rel=\"noopener\">El adjetivo: g\u00e9nero y n\u00famero<\/a><br \/>\n<a href=\"http:\/\/www.sierradesanpedro.org\/1_externo\/dep\/lenguaylit\/adjetivos.htm\" target=\"_blank\" rel=\"noopener\">El adjetivo III<\/a><br \/>\n<a href=\"http:\/\/roble.pntic.mec.es\/~msanto1\/lengua\/1adjetiv.htm\" target=\"_blank\" rel=\"noopener\">El adjetivo calificativo<\/a><br \/>\n<a href=\"http:\/\/www.ceiploreto.es\/sugerencias\/averroes\/colegiovirgendetiscar\/profes\/trabajos\/palabras\/adjetivos1.html\" target=\"_blank\" rel=\"noopener\">Los adjetivos<\/a>&nbsp;(PDI)<br \/>\n<a href=\"http:\/\/agrega2.red.es\/\/repositorio\/01022010\/99\/es_2008112812_7250094\/index.html\" target=\"_blank\" rel=\"noopener\">Adjetivo (g\u00e9nero y n\u00famero)<\/a><br \/>\n<a href=\"http:\/\/www.ceiploreto.es\/sugerencias\/cplosangeles.juntaextremadura.net\/web\/edilim\/tercer_ciclo\/lengua\/el_adjetivo\/el_adjetivo\/el_adjetivo.html\" target=\"_blank\" rel=\"noopener\">El adjetivo IV<\/a><br \/>\n<a href=\"https:\/\/bromera.com\/tl_files\/activitatsdigitals\/Tilde_5_PA\/Tilde5_p057_act5_13\/index.html\" target=\"_blank\" rel=\"noopener\">Clasifica estas palabras<\/a><br \/>\n<a href=\"https:\/\/bromera.com\/tl_files\/activitatsdigitals\/Tilde_5_PA\/Tilde5_p057_act7_13\/index.html\" target=\"_blank\" rel=\"noopener\">Clasifica los adjetivos I<\/a><br \/>\n<a href=\"https:\/\/bromera.com\/tl_files\/activitatsdigitals\/Tilde_5_PA\/Tilde5_p170_act2_13\/index.html\" target=\"_blank\" rel=\"noopener\">Clasifica los adjetivos II<\/a><\/p>\n<p><b><u>LOS GRADOS DEL ADJETIVO<\/u><\/b><br \/>\n[youtube https:\/\/www.youtube.com\/watch?v=VBtoRT7HOFU]<br \/>\n<a href=\"http:\/\/www.xtec.cat\/~jgenover\/grado1.htm\" target=\"_blank\" rel=\"noopener\">Grados del adjetivo I<\/a><br \/>\n<a href=\"http:\/\/www.ceiploreto.es\/sugerencias\/A_2\/repositorio\/0\/58\/html\/datos\/01_Lengua\/actividades\/U09\/0903.htm\" target=\"_blank\" rel=\"noopener\">Grados del adjetivo II<\/a><br \/>\n<a href=\"http:\/\/www.ceiploreto.es\/sugerencias\/A_2\/repositorio\/0\/56\/html\/datos\/01_Lengua\/act\/U04\/0404_01.htm\" target=\"_blank\" rel=\"noopener\">Grados del adjetivo III<\/a>&nbsp;(PDI)<br \/>\n<a href=\"http:\/\/www.ceiploreto.es\/sugerencias\/A_2\/repositorio\/0\/56\/html\/datos\/01_Lengua\/act\/U04\/0404_02.htm\" target=\"_blank\" rel=\"noopener\">Grados del adjetivo IV<\/a><br \/>\n<a href=\"http:\/\/www.primaria.librosvivos.net\/archivosCMS\/3\/3\/16\/usuarios\/103294\/9\/5EP_len_ud9_grados_adjetivo\/frame_prim.swf\" target=\"_blank\" rel=\"noopener\">Grados del adjetivo V<\/a><br \/>\n<a href=\"https:\/\/www.edu.xunta.es\/espazoAbalar\/sites\/espazoAbalar\/files\/datos\/1285225645\/contido\/index.html\" target=\"_blank\" rel=\"noopener\">Grados del adjetivo VI<\/a><br \/>\n<a href=\"http:\/\/agrega.educacion.es\/repositorio\/07022017\/ad\/es_2011042013_9141334\/L_B1_ElAdjetivo\/index.html\" target=\"_blank\" rel=\"noopener\">El adjetivo<\/a><br \/>\n<a href=\"http:\/\/www.ceiploreto.es\/sugerencias\/cplosangeles.juntaextremadura.net\/web\/edilim\/tercer_ciclo\/lengua\/el_adjetivo\/grados_adjetivo\/grados_adjetivo.html\" target=\"_blank\" rel=\"noopener\">Grados del adjetivo VII<\/a><br \/>\n<a href=\"http:\/\/www.testeando.es\/test.asp?idA=48&amp;idT=tbdeanbr\" target=\"_blank\" rel=\"noopener\">Test: el adjetivo<\/a><\/p>\n<p><u><b>ACENTUACI\u00d3N DE LOS DIPTONGOS<\/b><\/u><br \/>\n[youtube https:\/\/www.youtube.com\/watch?v=f4B23SjfyIM]<br \/>\n[youtube https:\/\/www.youtube.com\/watch?v=ObZgggr9JQA]<br \/>\n<a href=\"http:\/\/www.librosvivos.net\/smtc\/homeTC.asp?TemaClave=1161\" target=\"_blank\" rel=\"noopener\">Ortograf\u00eda<\/a><br \/>\n<a href=\"http:\/\/www.ceiploreto.es\/sugerencias\/A_2\/repositorio\/0\/58\/html\/datos\/01_Lengua\/actividades\/U03\/0303_01.htm\" target=\"_blank\" rel=\"noopener\">La tilde en el diptongo I<\/a>&nbsp;(PDI)<br \/>\n<a href=\"http:\/\/www.ceiploreto.es\/sugerencias\/A_2\/repositorio\/0\/58\/html\/datos\/01_Lengua\/actividades\/U03\/0303_02.htm\" target=\"_blank\" rel=\"noopener\">La tilde en el diptongo II<\/a>&nbsp;(PDI)<br \/>\n<a href=\"http:\/\/www.reglasdeortografia.com\/acendiptongo01.html\" target=\"_blank\" rel=\"noopener\">Acentuaci\u00f3n de diptongos<\/a><br \/>\n<a href=\"http:\/\/www.eltanquematematico.es\/dictado10\/dictado10_p.html\" target=\"_blank\" rel=\"noopener\">Dictado: la tilde en diptongos y triptongos<\/a><br \/>\n<a href=\"https:\/\/www.edu.xunta.es\/espazoAbalar\/sites\/espazoAbalar\/files\/datos\/1285588318\/contido\/contenido\/oa.swf\" target=\"_blank\" rel=\"noopener\">Acentuaci\u00f3n de diptongos y triptongos<\/a><br \/>\n<a href=\"http:\/\/www.ceiploreto.es\/sugerencias\/cplosangeles.juntaextremadura.net\/web\/edilim\/tercer_ciclo\/lengua\/ortografia\/diptongos\/diptongos.html\" target=\"_blank\" rel=\"noopener\">La tilde en el diptongo III<\/a><br \/>\n<a href=\"http:\/\/www.ceiploreto.es\/sugerencias\/contenidos.educarex.es\/mci\/2006\/08\/html\/indextildes.htm\" target=\"_blank\" rel=\"noopener\">Diptongos<\/a><br \/>\n<a href=\"https:\/\/bromera.com\/tl_files\/activitatsdigitals\/Tilde_5_PA\/Tilde5_p070_act3_71\/index.html\" target=\"_blank\" rel=\"noopener\">Encuentra 6 palabras con diptongo<\/a>&nbsp;(PDI)<br \/>\n<a href=\"http:\/\/www.ceiploreto.es\/sugerencias\/cplosangeles.juntaextremadura.net\/web\/lengua_tercer_ciclo\/ortografia\/tilde_diptongos\/diptongo01.htm\" target=\"_blank\" rel=\"noopener\">La tilde en el diptongo IV<\/a>&nbsp;(REPASAR)<\/p>\n<p><b><u>LA ACENTUACI\u00d3N DE LOS HIATOS<\/u><\/b><br \/>\n<a href=\"http:\/\/www.ceiploreto.es\/sugerencias\/A_2\/repositorio\/0\/58\/html\/datos\/01_Lengua\/actividades\/U04\/0403_01.htm\" target=\"_blank\" rel=\"noopener\">La tilde en el hiato I<\/a>&nbsp;(PDI)<br \/>\n<a href=\"http:\/\/www.ceiploreto.es\/sugerencias\/A_2\/repositorio\/0\/58\/html\/datos\/01_Lengua\/actividades\/U04\/0403_02.htm\" target=\"_blank\" rel=\"noopener\">La tilde en el hiato II<\/a>&nbsp;(PDI)<br \/>\n<a href=\"http:\/\/www.reglasdeortografia.com\/acenhiato01.html\" target=\"_blank\" rel=\"noopener\">La tilde en el hiato III<\/a><br \/>\n<a href=\"http:\/\/www.reglasdeortografia.com\/acenhiato03.html\" target=\"_blank\" rel=\"noopener\">La tilde en el hiato IV<\/a><br \/>\n<a href=\"https:\/\/www.edu.xunta.es\/espazoAbalar\/sites\/espazoAbalar\/files\/datos\/1285587106\/contido\/contenido\/oa.swf\" target=\"_blank\" rel=\"noopener\">La tilde en el hiato V<\/a><br \/>\n<a href=\"http:\/\/www.ceiploreto.es\/sugerencias\/cplosangeles.juntaextremadura.net\/web\/edilim\/tercer_ciclo\/lengua\/ortografia\/hiatos\/hiatos.html\" target=\"_blank\" rel=\"noopener\">La tilde en el hiato VI<\/a>&nbsp;(PDI)<br \/>\n<a href=\"http:\/\/rea.ceibal.edu.uy\/UserFiles\/P0001\/ODEA\/ORIGINAL\/escribir.elp\/index.html\" target=\"_blank\" rel=\"noopener\">\u00bfC\u00f3mo escribir?<\/a><br \/>\n<a href=\"http:\/\/www.ceiploreto.es\/sugerencias\/contenidos.educarex.es\/mci\/2006\/08\/html\/indextildes.htm\" target=\"_blank\" rel=\"noopener\">Hiatos<\/a><br \/>\n<a href=\"http:\/\/www.ceiploreto.es\/sugerencias\/A_1\/Recursosdidacticos\/QUINTO\/datos\/01_Lengua\/datos\/rdi\/U04\/03.htm\" target=\"_blank\" rel=\"noopener\">La tilde en el hiato VII<\/a><br \/>\n<a href=\"http:\/\/www.ceiploreto.es\/sugerencias\/A_1\/Recursosdidacticos\/QUINTO\/datos\/01_Lengua\/datos\/rdi\/U04\/04.htm\" target=\"_blank\" rel=\"noopener\">La tilde en el hiato VIII<\/a><br \/>\n<a href=\"http:\/\/www.testeando.es\/test.asp?idA=48&amp;idT=trcnawua\" target=\"_blank\" rel=\"noopener\">Test: s\u00edlabas y acentos<\/a><br \/>\n<a href=\"https:\/\/bromera.com\/tl_files\/activitatsdigitals\/Tilde_5_PA\/Tilde5_p070_act2_13\/index.html\" target=\"_blank\" rel=\"noopener\">\u00bfDiptongo o hiato?<\/a>&nbsp;(PDI)<br \/>\n<a href=\"https:\/\/bromera.com\/tl_files\/activitatsdigitals\/Tilde_5_PA\/Tilde5_p070_act5_13\/index.html\" target=\"_blank\" rel=\"noopener\">Clasifica las palabras con hiato<\/a>&nbsp;(PDI)<br \/>\n<a href=\"http:\/\/www.ceiploreto.es\/sugerencias\/cplosangeles.juntaextremadura.net\/web\/lengua_tercer_ciclo\/ortografia\/tilde_hiatos\/hiato01.htm\" target=\"_blank\" rel=\"noopener\">La tilde en el hiato IX<\/a><\/p>\n<p><b><u>COMUNICACI\u00d3N A DISTANCIA: LA CARTA Y EL CORREO ELECTR\u00d3NICO<\/u><\/b><br \/>\n<a href=\"http:\/\/www.edu365.cat\/eso\/muds\/castella\/email\/imatges\/email_b.swf\" target=\"_blank\" rel=\"noopener\">El correo electr\u00f3nico<\/a><br \/>\n<a href=\"http:\/\/www.edu365.cat\/eso\/muds\/castella\/email\/imatges\/email_c.swf\" target=\"_blank\" rel=\"noopener\">\u00bfC\u00f3mo se hace una carta?<\/a><br \/>\n<a href=\"http:\/\/roble.pntic.mec.es\/~msanto1\/lengua\/-carta.htm\" target=\"_blank\" rel=\"noopener\">La carta<\/a><br \/>\n<a href=\"https:\/\/www.edu.xunta.es\/espazoAbalar\/sites\/espazoAbalar\/files\/datos\/1285590291\/contido\/index.html\" target=\"_blank\" rel=\"noopener\">Elementos de una carta<\/a>&nbsp;(PDI)<br \/>\n<a href=\"http:\/\/www.educa.jcyl.es\/educacyl\/cm\/zonaalumnos\/tkPopUp?idContent=8330&amp;locale=es_ES&amp;textOnly=false\" target=\"_blank\" rel=\"noopener\">Env\u00edo de postales<\/a><br \/>\n<a href=\"http:\/\/agrega.educa.madrid.org\/repositorio\/25032010\/94\/es_2008112812_7250114\/index.html\" target=\"_blank\" rel=\"noopener\">Composici\u00f3n de cartas<\/a><br \/>\n<a href=\"https:\/\/www.edu.xunta.es\/espazoAbalar\/sites\/espazoAbalar\/files\/datos\/1285589414\/contido\/index.html\" target=\"_blank\" rel=\"noopener\">Carta formal e informal<\/a><br \/>\n<a href=\"http:\/\/agrega2.red.es\/\/repositorio\/01022010\/9e\/es_2008112822_0251102\/index.html\" target=\"_blank\" rel=\"noopener\">Interlocutor conocido o desconocido<\/a><br \/>\n<a href=\"http:\/\/agrega.hezkuntza.net\/repositorio\/01032011\/ce\/es-eu_2011030113_9130455\/correspondencia\/index.html\" target=\"_blank\" rel=\"noopener\">La correspondencia: la carta y el correo electr\u00f3nico.<\/a><br \/>\n<a href=\"http:\/\/www.ceiploreto.es\/sugerencias\/tic2.sepdf.gob.mx\/scorm\/oas\/esp\/sexto\/01\/intro.swf\" target=\"_blank\" rel=\"noopener\">\u00a1Lleg\u00f3 el correo!<\/a><br \/>\n<a href=\"http:\/\/cte.seebc.gob.mx\/pta\/app\/sexto\/espanol\/bloque4\/act4\/\" target=\"_blank\" rel=\"noopener\">Dos puntos despu\u00e9s del saludo<\/a><br \/>\n<a href=\"http:\/\/cte.seebc.gob.mx\/pta\/app\/sexto\/espanol\/bloque4\/act5\/\" target=\"_blank\" rel=\"noopener\">Cuando recibas esta carta<\/a><br \/>\n<a href=\"http:\/\/cte.seebc.gob.mx\/pta\/app\/sexto\/espanol\/bloque4\/act6\/\" target=\"_blank\" rel=\"noopener\">Seg\u00fan el destinatario, es la carta<\/a><br \/>\n<b><u><br \/>\n<\/u><\/b><br \/>\n<b><u>LA ESTRUCTURA DE LA NARRACI\u00d3N<\/u><\/b><br \/>\n<a href=\"http:\/\/www.ceiploreto.es\/sugerencias\/A_2\/repositorio\/0\/58\/html\/datos\/01_Lengua\/actividades\/U08\/0802.htm\" target=\"_blank\" rel=\"noopener\">La estructura del relato I<\/a>&nbsp;(PDI)<br \/>\n<a href=\"http:\/\/www.ceiploreto.es\/sugerencias\/A_1\/Recursosdidacticos\/CUARTO\/datos\/02_Lengua\/datos\/rdi\/U05\/04.htm\" target=\"_blank\" rel=\"noopener\">La estructura del relato II<\/a><br \/>\n<a href=\"http:\/\/www.ceiploreto.es\/sugerencias\/Educarchile\/lengua\/Leng_Modulo_07_3ro_2_1sem.swf\" target=\"_blank\" rel=\"noopener\">Estructura del cuento<\/a><br \/>\n<a href=\"http:\/\/agrega2.red.es\/\/repositorio\/01022010\/ea\/es_2009091713_3378373\/index.html\" target=\"_blank\" rel=\"noopener\">Diferenciaci\u00f3n de estructuras textuales<\/a>(PDI)<\/p>\n","protected":false},"excerpt":{"rendered":"<p>3. QUIEN TIENE UN AMIGO TIENE UN TESORO PALABRAS POLIS\u00c9MICAS [youtube https:\/\/www.youtube.com\/watch?v=mswgITJSdAo] Palabras polis\u00e9micas I Palabras polis\u00e9micas II&nbsp;(PDI) Palabras polis\u00e9micas III Polisemia y homonimia I&nbsp;(PDI)&hellip;<\/p>\n","protected":false},"author":3736,"featured_media":0,"parent":574,"menu_order":3,"comment_status":"closed","ping_status":"closed","template":"","meta":{"ngg_post_thumbnail":0,"footnotes":""},"aioseo_notices":[],"_links":{"self":[{"href":"https:\/\/blogsaverroes.juntadeandalucia.es\/rafasclassroom\/wp-json\/wp\/v2\/pages\/597"}],"collection":[{"href":"https:\/\/blogsaverroes.juntadeandalucia.es\/rafasclassroom\/wp-json\/wp\/v2\/pages"}],"about":[{"href":"https:\/\/blogsaverroes.juntadeandalucia.es\/rafasclassroom\/wp-json\/wp\/v2\/types\/page"}],"author":[{"embeddable":true,"href":"https:\/\/blogsaverroes.juntadeandalucia.es\/rafasclassroom\/wp-json\/wp\/v2\/users\/3736"}],"replies":[{"embeddable":true,"href":"https:\/\/blogsaverroes.juntadeandalucia.es\/rafasclassroom\/wp-json\/wp\/v2\/comments?post=597"}],"version-history":[{"count":1,"href":"https:\/\/blogsaverroes.juntadeandalucia.es\/rafasclassroom\/wp-json\/wp\/v2\/pages\/597\/revisions"}],"predecessor-version":[{"id":598,"href":"https:\/\/blogsaverroes.juntadeandalucia.es\/rafasclassroom\/wp-json\/wp\/v2\/pages\/597\/revisions\/598"}],"up":[{"embeddable":true,"href":"https:\/\/blogsaverroes.juntadeandalucia.es\/rafasclassroom\/wp-json\/wp\/v2\/pages\/574"}],"wp:attachment":[{"href":"https:\/\/blogsaverroes.juntadeandalucia.es\/rafasclassroom\/wp-json\/wp\/v2\/media?parent=597"}],"curies":[{"name":"wp","href":"https:\/\/api.w.org\/{rel}","templated":true}]}}