{"id":715,"date":"2018-10-17T18:46:24","date_gmt":"2018-10-17T18:46:24","guid":{"rendered":"https:\/\/blogsaverroes.juntadeandalucia.es\/rafasclassroom\/?page_id=715"},"modified":"2018-10-28T18:03:48","modified_gmt":"2018-10-28T18:03:48","slug":"tutoria","status":"publish","type":"page","link":"https:\/\/blogsaverroes.juntadeandalucia.es\/rafasclassroom\/tutoria\/","title":{"rendered":"TUTOR\u00cdA"},"content":{"rendered":"<p>En esta p\u00e1gina encontrar\u00e9is todos los documentos relacionados con la tutor\u00eda.<\/p>\n<h4>&nbsp;<\/h4>\n<h4><span style=\"text-decoration: underline\"><strong>REUNI\u00d3N GENERAL DE FAMILIAS (1.er TRIMESTRE)<\/strong><\/span><\/h4>\n<p>Se puede acceder a la presentaci\u00f3n desde <a href=\"https:\/\/drive.google.com\/file\/d\/1XOUu3zMP4gMM0vyt3e2r_vD2DcHxW7Rr\/view?usp=sharing\">aqu\u00ed<\/a>.<\/p>\n<p>&nbsp;<\/p>\n<h4><span style=\"text-decoration: underline\"><strong>CRITERIOS E INDICADORES DE EVALUACI\u00d3N DEL TERCER CICLO<\/strong><\/span><\/h4>\n<p><a href=\"https:\/\/drive.google.com\/file\/d\/0B6nSrf-UqsAYa245TDVaTFdnVUE\/view\"><img loading=\"lazy\" decoding=\"async\" class=\"\" src=\"https:\/\/lh5.googleusercontent.com\/proxy\/74zwUSZsBZwQxl5-avkQhnIZKOsOfmVUb-Xi9aPI6NiKoBSiBA3EVCCvFcsEgiHfRIMHQ9lQgu-oq5vfLPujvclXzB49rq4lzO4O4iN-c1Y=s0-d\" width=\"131\" height=\"131\"><\/a><\/p>\n","protected":false},"excerpt":{"rendered":"<p>En esta p\u00e1gina encontrar\u00e9is todos los documentos relacionados con la tutor\u00eda. &nbsp; REUNI\u00d3N GENERAL DE FAMILIAS (1.er TRIMESTRE) Se puede acceder a la presentaci\u00f3n desde&hellip;<\/p>\n","protected":false},"author":3736,"featured_media":0,"parent":0,"menu_order":7,"comment_status":"closed","ping_status":"closed","template":"","meta":{"ngg_post_thumbnail":0,"footnotes":""},"aioseo_notices":[],"_links":{"self":[{"href":"https:\/\/blogsaverroes.juntadeandalucia.es\/rafasclassroom\/wp-json\/wp\/v2\/pages\/715"}],"collection":[{"href":"https:\/\/blogsaverroes.juntadeandalucia.es\/rafasclassroom\/wp-json\/wp\/v2\/pages"}],"about":[{"href":"https:\/\/blogsaverroes.juntadeandalucia.es\/rafasclassroom\/wp-json\/wp\/v2\/types\/page"}],"author":[{"embeddable":true,"href":"https:\/\/blogsaverroes.juntadeandalucia.es\/rafasclassroom\/wp-json\/wp\/v2\/users\/3736"}],"replies":[{"embeddable":true,"href":"https:\/\/blogsaverroes.juntadeandalucia.es\/rafasclassroom\/wp-json\/wp\/v2\/comments?post=715"}],"version-history":[{"count":3,"href":"https:\/\/blogsaverroes.juntadeandalucia.es\/rafasclassroom\/wp-json\/wp\/v2\/pages\/715\/revisions"}],"predecessor-version":[{"id":724,"href":"https:\/\/blogsaverroes.juntadeandalucia.es\/rafasclassroom\/wp-json\/wp\/v2\/pages\/715\/revisions\/724"}],"wp:attachment":[{"href":"https:\/\/blogsaverroes.juntadeandalucia.es\/rafasclassroom\/wp-json\/wp\/v2\/media?parent=715"}],"curies":[{"name":"wp","href":"https:\/\/api.w.org\/{rel}","templated":true}]}}