{"id":727,"date":"2018-11-19T20:31:21","date_gmt":"2018-11-19T20:31:21","guid":{"rendered":"https:\/\/blogsaverroes.juntadeandalucia.es\/rafasclassroom\/?page_id=727"},"modified":"2018-11-19T20:43:19","modified_gmt":"2018-11-19T20:43:19","slug":"3-potencias-y-raices","status":"publish","type":"page","link":"https:\/\/blogsaverroes.juntadeandalucia.es\/rafasclassroom\/matematicas\/matematicas-6-o\/3-potencias-y-raices\/","title":{"rendered":"3. Potencias y ra\u00edces"},"content":{"rendered":"<h1><strong><span style=\"text-decoration: underline\">3. POTENCIAS Y RA\u00cdCES<\/span><\/strong><\/h1>\n<h3><strong><span style=\"text-decoration: underline\">POTENCIAS<\/span><\/strong><\/h3>\n<h4><a href=\"http:\/\/www.eltanquematematico.es\/laspotencias\/inicio\/potencias_p.html\">Las potencias<\/a><\/h4>\n<h4><a href=\"http:\/\/www.eltanquematematico.es\/laspotencias\/actividades\/actividades_1p.html\">Actividades<\/a><\/h4>\n<h4><a href=\"http:\/\/ntic.educacion.es\/w3\/recursos\/primaria\/matematicas\/conmates\/unid-5\/introduccion.htm\">Introducci\u00f3n a las potencias<\/a><\/h4>\n<h4><a href=\"http:\/\/ntic.educacion.es\/w3\/recursos\/primaria\/matematicas\/conmates\/unid-5\/potencia_de_un_n.htm\">Potencia de un n\u00famero natural<\/a><\/h4>\n<h4><a href=\"http:\/\/ntic.educacion.es\/w3\/recursos\/primaria\/matematicas\/conmates\/unid-5\/actividades.htm\">Afianzamos lo aprendido<\/a><\/h4>\n<h4><a href=\"http:\/\/www.ceiploreto.es\/sugerencias\/A_1\/Recursosdidacticos\/SEXTO\/datos\/03_Mates\/datos\/05_rdi\/ud03\/1\/01.htm\">Potencias I<\/a><\/h4>\n<h4><a href=\"http:\/\/www.ceiploreto.es\/sugerencias\/averroes\/san_tesifon\/recursos\/curso6\/matematicas\/matematicas_hp\/potencias\/index.html\">Potencias II<\/a><\/h4>\n<h4><a href=\"http:\/\/www.ceiploreto.es\/sugerencias\/Educarchile\/matematicas\/19_potencias_exponente_2_3\/LearningObject\/index.html\">Potencias de base 2 o 3<\/a><\/h4>\n<h4><a href=\"http:\/\/www.ceiploreto.es\/sugerencias\/Educarchile\/matematicas\/22_creciendo_exponencialmente\/LearningObject\/index.html\">Creciendo exponencialmente<\/a><\/h4>\n<h4><a href=\"https:\/\/www.edu.xunta.es\/espazoAbalar\/sites\/espazoAbalar\/files\/datos\/1293623192\/contido\/index.html\">Potencias III<\/a><\/h4>\n<h4><a href=\"http:\/\/www.ceiploreto.es\/sugerencias\/ceibal\/Notacion_cientifica\/index.html\">Notaci\u00f3n cient\u00edfica&nbsp;<\/a><\/h4>\n<h4><a href=\"http:\/\/www.ceiploreto.es\/sugerencias\/ceibal\/Potencia\/index.html\">Potencia<\/a><\/h4>\n<h4><a href=\"http:\/\/proyectodescartes.org\/PI\/materiales_didacticos\/M_B1_Potenciacion-JS\/index.html\">Potenciaci\u00f3n<\/a><\/h4>\n<p>&nbsp;<\/p>\n<h3><span style=\"text-decoration: underline\"><strong>POTENCIAS DE BASE 10 (NOTACI\u00d3N CIENT\u00cdFICA)<\/strong><\/span><\/h3>\n<h4><a href=\"http:\/\/www.eltanquematematico.es\/laspotencias\/potencias10\/potencias10_p.html\">Potencias de base 10 I<\/a><\/h4>\n<h4><a href=\"http:\/\/www.ceiploreto.es\/sugerencias\/A_1\/Recursosdidacticos\/SEXTO\/datos\/03_Mates\/datos\/05_rdi\/ud03\/2\/02.htm\">Potencias de base 10 II<\/a><\/h4>\n<h4><a href=\"http:\/\/www.ceiploreto.es\/sugerencias\/Educarchile\/matematicas\/24_potencias_base_10\/LearningObject\/index.html\">Potencias de base 10 III<\/a><\/h4>\n<h4><a href=\"http:\/\/www.eltanquematematico.es\/laspotencias\/actividades\/actividades_1p.html\">Potencias<\/a><\/h4>\n<h4><a href=\"http:\/\/www.ceiploreto.es\/sugerencias\/cplosangeles.juntaextremadura.net\/web\/edilim\/tercer_ciclo\/matematicas6\/potencia_6\/potencia.html\">Potencias de 10<\/a><\/h4>\n<p>&nbsp;<\/p>\n<h3><strong><span style=\"text-decoration: underline\">DESCOMPOSICI\u00d3N EN FACTORES PRIMOS<\/span><\/strong>&nbsp;<br \/>\n[youtube https:\/\/www.youtube.com\/watch?v=b9JwQGSm__Q]<br \/>\n&nbsp;<\/h3>\n<h3><strong><span style=\"text-decoration: underline\">M\u00cdNIMO COM\u00daN M\u00daLTIPLO Y M\u00c1XIMO COM\u00daN DIVISOR CON DESCOMPOSICI\u00d3N FACTORIAL<\/span><\/strong><br \/>\n[youtube https:\/\/www.youtube.com\/watch?v=yyxPzL3IOP0]<\/p>\n<p>[youtube https:\/\/www.youtube.com\/watch?v=6Q0vvERjAng]<\/h3>\n<p>&nbsp;<\/p>\n<h3><span style=\"text-decoration: underline\"><strong>RA\u00cdCES CUADRADAS<\/strong><\/span><\/h3>\n<p><a href=\"http:\/\/www.eltanquematematico.es\/todo_mate\/raiz\/raiz_6d_p.html\">Algoritmo de la ra\u00edz cuadrada<\/a><\/p>\n<p><a href=\"http:\/\/www.eltanquematematico.es\/laspotencias\/raiz\/raiz_c_p.html\">Ra\u00edz cuadrada I<\/a><\/p>\n<p><a href=\"http:\/\/www.eltanquematematico.es\/todo_mate\/raiz_pp\/cuatro_digitos\/raiz_4e_p.html\">Ra\u00edz cuadrada de cuatro d\u00edgitos<\/a><\/p>\n<p><a href=\"http:\/\/www.eltanquematematico.es\/todo_mate\/raiz_pp\/cinco_digitos\/raiz_5e_p.html\">Ra\u00edz cuadrada de cinco d\u00edgitos<\/a><\/p>\n<p><a href=\"http:\/\/www.ceiploreto.es\/sugerencias\/A_1\/Recursosdidacticos\/SEXTO\/datos\/03_Mates\/datos\/05_rdi\/ud03\/3\/03.htm\">Ra\u00edz cuadrada I (PDI)<\/a><\/p>\n<p><a href=\"http:\/\/agrega.educa.madrid.org\/repositorio\/26032010\/ad\/es_2009063012_7230145\/index.html\">Ra\u00edz cuadrada II<\/a><\/p>\n<h3>&nbsp;<\/h3>\n<p>&nbsp;<\/p>\n<h3><strong><span style=\"text-decoration: underline\">REPASO<\/span><\/strong><\/h3>\n<h4><a href=\"https:\/\/conteni2.educarex.es\/mats\/121407\/contenido\/matematicas\/ejercicios_interactivos_web\/unidad_3\/unidad_3.html\">Repaso 1<\/a><\/h4>\n<h4><a href=\"https:\/\/www.testeando.es\/Las-potencias-y-la-raiz-cuadrada-qxrkxjiw\">Repaso 2<\/a><\/h4>\n<h4><a href=\"http:\/\/www.juntadeandalucia.es\/averroes\/centros-tic\/41009470\/helvia\/aula\/archivos\/repositorio\/0\/193\/html\/recursos\/la\/U02\/pages\/recursos\/143304_P18.html\">Repaso 3<\/a><\/h4>\n<h4><a href=\"http:\/\/www.juntadeandalucia.es\/averroes\/centros-tic\/41009470\/helvia\/aula\/archivos\/repositorio\/0\/193\/html\/recursos\/la\/U02\/pages\/recursos\/143304_P19\/es_carcasa.html\">Repaso 4<\/a><\/h4>\n<h4><a href=\"http:\/\/www.juntadeandalucia.es\/averroes\/centros-tic\/41009470\/helvia\/aula\/archivos\/repositorio\/0\/193\/html\/recursos\/la\/U02\/pages\/recursos\/143304_P20.html\">Repaso 5<\/a><\/h4>\n<h4><a href=\"http:\/\/www.juntadeandalucia.es\/averroes\/centros-tic\/41009470\/helvia\/aula\/archivos\/repositorio\/0\/193\/html\/recursos\/la\/U02\/pages\/recursos\/143304_P21\/es_carcasa.html\">Repaso 6<\/a><\/h4>\n<h4><a href=\"http:\/\/www.juntadeandalucia.es\/averroes\/centros-tic\/41009470\/helvia\/aula\/archivos\/repositorio\/0\/193\/html\/recursos\/la\/U02\/pages\/recursos\/143304_P22\/es_carcasa.html\">Repaso 7<\/a><\/h4>\n<h4><a href=\"http:\/\/www.juntadeandalucia.es\/averroes\/centros-tic\/41009470\/helvia\/aula\/archivos\/repositorio\/0\/193\/html\/recursos\/la\/U02\/pages\/recursos\/143304_P23\/es_carcasa.htm\">Repaso 8<\/a><\/h4>\n<h4><a href=\"http:\/\/www.juntadeandalucia.es\/averroes\/centros-tic\/41009470\/helvia\/aula\/archivos\/repositorio\/0\/193\/html\/recursos\/la\/U02\/pages\/recursos\/143304_P24.html\">Repaso 9<\/a><\/h4>\n<h4><a href=\"http:\/\/www.juntadeandalucia.es\/averroes\/centros-tic\/41009470\/helvia\/aula\/archivos\/repositorio\/0\/193\/html\/recursos\/la\/U02\/pages\/recursos\/143304_P25\/es_carcasa.html\">Repaso 10<\/a><\/h4>\n<h4><a href=\"http:\/\/www.juntadeandalucia.es\/averroes\/centros-tic\/41009470\/helvia\/aula\/archivos\/repositorio\/0\/193\/html\/recursos\/la\/U02\/pages\/recursos\/143304_P26_1\/es_carcasa.html\">Repaso 11<\/a><\/h4>\n<h4><a href=\"http:\/\/www.juntadeandalucia.es\/averroes\/centros-tic\/41009470\/helvia\/aula\/archivos\/repositorio\/0\/193\/html\/recursos\/la\/U02\/pages\/recursos\/143304_P26_2\/es_carcasa.html\">Repaso 12<\/a><\/h4>\n<h4><a href=\"http:\/\/www.juntadeandalucia.es\/averroes\/centros-tic\/41009470\/helvia\/aula\/archivos\/repositorio\/0\/193\/html\/recursos\/la\/U02\/pages\/recursos\/143304_P26_3\/es_carcasa.html\">Repaso 13<\/a><\/h4>\n<h4><a href=\"http:\/\/www.juntadeandalucia.es\/averroes\/centros-tic\/41009470\/helvia\/aula\/archivos\/repositorio\/0\/193\/html\/recursos\/la\/U02\/pages\/recursos\/143304_P26_4\/es_carcasa.html\">Repaso 14<\/a><\/h4>\n<h4><a href=\"http:\/\/www.juntadeandalucia.es\/averroes\/centros-tic\/41009470\/helvia\/aula\/archivos\/repositorio\/0\/193\/html\/recursos\/la\/U02\/pages\/recursos\/143304_P26_5\/es_carcasa.html\">Repaso 15<\/a><\/h4>\n<h4><a href=\"http:\/\/www.juntadeandalucia.es\/averroes\/centros-tic\/41009470\/helvia\/aula\/archivos\/repositorio\/0\/193\/html\/recursos\/la\/U02\/pages\/recursos\/143304_P28.html\">Repaso 16<\/a><\/h4>\n<h4><a href=\"http:\/\/www.ceiploreto.es\/sugerencias\/cplosangeles.juntaextremadura.net\/web\/matematicas_6\/potencia_raiz_6\/actividad01.htm\">Repaso 17<\/a><\/h4>\n","protected":false},"excerpt":{"rendered":"<p>3. POTENCIAS Y RA\u00cdCES POTENCIAS Las potencias Actividades Introducci\u00f3n a las potencias Potencia de un n\u00famero natural Afianzamos lo aprendido Potencias I Potencias II Potencias&hellip;<\/p>\n","protected":false},"author":3736,"featured_media":0,"parent":580,"menu_order":3,"comment_status":"closed","ping_status":"closed","template":"","meta":{"ngg_post_thumbnail":0,"footnotes":""},"aioseo_notices":[],"_links":{"self":[{"href":"https:\/\/blogsaverroes.juntadeandalucia.es\/rafasclassroom\/wp-json\/wp\/v2\/pages\/727"}],"collection":[{"href":"https:\/\/blogsaverroes.juntadeandalucia.es\/rafasclassroom\/wp-json\/wp\/v2\/pages"}],"about":[{"href":"https:\/\/blogsaverroes.juntadeandalucia.es\/rafasclassroom\/wp-json\/wp\/v2\/types\/page"}],"author":[{"embeddable":true,"href":"https:\/\/blogsaverroes.juntadeandalucia.es\/rafasclassroom\/wp-json\/wp\/v2\/users\/3736"}],"replies":[{"embeddable":true,"href":"https:\/\/blogsaverroes.juntadeandalucia.es\/rafasclassroom\/wp-json\/wp\/v2\/comments?post=727"}],"version-history":[{"count":3,"href":"https:\/\/blogsaverroes.juntadeandalucia.es\/rafasclassroom\/wp-json\/wp\/v2\/pages\/727\/revisions"}],"predecessor-version":[{"id":731,"href":"https:\/\/blogsaverroes.juntadeandalucia.es\/rafasclassroom\/wp-json\/wp\/v2\/pages\/727\/revisions\/731"}],"up":[{"embeddable":true,"href":"https:\/\/blogsaverroes.juntadeandalucia.es\/rafasclassroom\/wp-json\/wp\/v2\/pages\/580"}],"wp:attachment":[{"href":"https:\/\/blogsaverroes.juntadeandalucia.es\/rafasclassroom\/wp-json\/wp\/v2\/media?parent=727"}],"curies":[{"name":"wp","href":"https:\/\/api.w.org\/{rel}","templated":true}]}}