{"id":743,"date":"2018-11-20T21:02:01","date_gmt":"2018-11-20T21:02:01","guid":{"rendered":"https:\/\/blogsaverroes.juntadeandalucia.es\/rafasclassroom\/?page_id=743"},"modified":"2018-11-20T21:13:09","modified_gmt":"2018-11-20T21:13:09","slug":"5-genios-de-todos-los-tiempos","status":"publish","type":"page","link":"https:\/\/blogsaverroes.juntadeandalucia.es\/rafasclassroom\/lengua-castellana\/lengua-6-o\/5-genios-de-todos-los-tiempos\/","title":{"rendered":"5. Genios de todos los tiempos"},"content":{"rendered":"<h1><span style=\"text-decoration: underline\"><strong>5. GENIOS DE TODOS LOS TIEMPOS<\/strong><\/span><\/h1>\n<h3><strong><span style=\"text-decoration: underline\">LOS SIN\u00d3NIMOS Y LOS ANT\u00d3NIMOS<\/span><\/strong><\/h3>\n<h4><a href=\"http:\/\/www.diccionariodesinonimos.es\/\">Diccionario de sin\u00f3nimos&nbsp;<\/a><\/h4>\n<h4><a href=\"http:\/\/www.antonimos.net\/\">Diccionario de ant\u00f3nimos<\/a><\/h4>\n<h4><a href=\"https:\/\/conteni2.educarex.es\/mats\/121434\/contenido\/html\/actividades\/semantica\/hablardemas.htm\">Hablar de m\u00e1s<\/a><\/h4>\n<h4><a href=\"https:\/\/conteni2.educarex.es\/mats\/121434\/contenido\/html\/actividades\/semantica\/todonada.htm\">Todo o nada<\/a><\/h4>\n<h4><a href=\"http:\/\/www.ceiploreto.es\/sugerencias\/A_1\/Recursosdidacticos\/SEXTO\/datos\/01_Lengua\/datos\/rdi\/U02\/01.htm\">Sin\u00f3nimos y ant\u00f3nimos I (PDI)<\/a><\/h4>\n<h4><a href=\"http:\/\/www.ceiploreto.es\/sugerencias\/A_1\/Recursosdidacticos\/SEXTO\/datos\/01_Lengua\/datos\/rdi\/U02\/02.htm\">Sin\u00f3nimos y ant\u00f3nimos II (PDI)<\/a><\/h4>\n<h4><a href=\"http:\/\/www.escueladeverano.net\/lengua\/todo\/ejercicios_interactivos\/unidad_5\/sinonimas\/vocabulario_sinonimos.html\">Sin\u00f3nimos y ant\u00f3nimos III<\/a><\/h4>\n<h4><a href=\"http:\/\/roble.pntic.mec.es\/msanto1\/lengua\/sinonima.htm\">Palabras sin\u00f3nimas I<\/a><\/h4>\n<h4><a href=\"http:\/\/roble.pntic.mec.es\/~msanto1\/lengua\/antonima.htm\">Palabras ant\u00f3nimas I<\/a><\/h4>\n<h4><a href=\"http:\/\/roble.pntic.mec.es\/~msanto1\/lengua\/-antonim.htm\">Palabras ant\u00f3nimas II<\/a><\/h4>\n<h4><a href=\"http:\/\/roble.pntic.mec.es\/~msanto1\/lengua\/-sinonim.htm\">Palabras sin\u00f3nimas II<\/a><\/h4>\n<h4><a href=\"https:\/\/www.edu.xunta.es\/espazoAbalar\/sites\/espazoAbalar\/files\/datos\/1285224639\/contido\/lc16_oa05_es\/index.html\">Sinonimia, antonimia y polisemia (PDI)<\/a><\/h4>\n<h4><a href=\"http:\/\/agrega.educacion.es\/repositorio\/07022017\/28\/es_2011042013_9133041\/L_B2_Sinonimos_Antonimos\/index.html\">Sin\u00f3nimos y ant\u00f3nimos IV<\/a><\/h4>\n<h4><a href=\"http:\/\/www.educa.jcyl.es\/educacyl\/cm\/gallery\/Recursos%20Infinity\/aplicaciones\/lengua\/popup_fullscreen.htm\">Sin\u00f3nimos y ant\u00f3nimos V<\/a><\/h4>\n<h4><a href=\"http:\/\/www.ceiploreto.es\/sugerencias\/bromera.com\/tl_files\/activitatsdigitals\/Tilde_6_PA\/Tilde6_p008_a3_2_1\/index.html\">Relaciona cada palabra I (PDI)<\/a><\/h4>\n<h4><a href=\"http:\/\/www.ceiploreto.es\/sugerencias\/bromera.com\/tl_files\/activitatsdigitals\/Tilde_6_PA\/Tilde6_p056_a5_2_1\/index.html\">Relaciona cada palabra II (PDI)<\/a><\/h4>\n<h4><a href=\"http:\/\/www.ceiploreto.es\/sugerencias\/bromera.com\/tl_files\/activitatsdigitals\/Tilde_6_PA\/Tilde6_p074_a1_2_1\/index.html\">Relaciona cada palabra III (PDI)<\/a><\/h4>\n<h4><a href=\"http:\/\/www.ceiploreto.es\/sugerencias\/bromera.com\/tl_files\/activitatsdigitals\/Tilde_6_PA\/Tilde6_p074_a2_2_1\/index.html\">Relaciona cada palabra IV (PDI)<\/a><\/h4>\n<h4><a href=\"http:\/\/www.ceiploreto.es\/sugerencias\/cplosangeles.juntaextremadura.net\/web\/lengua_tercer_ciclo\/vocabulario\/sinonimia_antonimia\/sinonimia01.htm\">Sinonimia y antonimia<\/a><\/h4>\n<h4><a href=\"http:\/\/servicios.educarm.es\/templates\/portal\/images\/ficheros\/alumnos\/1\/secciones\/4\/contenidos\/854\/sinoanto\/sinoanto.htm\">Sin\u00f3nimos y ant\u00f3nimos VI<\/a><br \/>\n[youtube https:\/\/www.youtube.com\/watch?v=McY3LMe2BvM]<br \/>\n&nbsp;<\/h4>\n<h3><span style=\"text-decoration: underline\"><strong>LOS TIPOS DE VERBOS: IRREGULARES Y DEFECTIVOS<\/strong><\/span><\/h3>\n<h4><a href=\"http:\/\/www.xtec.cat\/~jgenover\/verbir1.htm\">Los verbos irregulares<\/a><\/h4>\n<h4><a href=\"http:\/\/www.xtec.cat\/~jgenover\/verbir4.htm\">Participios y gerundios irregulares<\/a><\/h4>\n<h4><a href=\"http:\/\/www.ceiploreto.es\/sugerencias\/A_2\/repositorio\/0\/56\/html\/datos\/01_Lengua\/act\/U07\/0704_01.htm\">El verbo I (PDI)<\/a><\/h4>\n<h4><a href=\"http:\/\/www.ceiploreto.es\/sugerencias\/A_2\/repositorio\/0\/56\/html\/datos\/01_Lengua\/act\/U07\/0704_02.htm\">El verbo II (PDI)<\/a><\/h4>\n<h4><a href=\"http:\/\/www.ceiploreto.es\/sugerencias\/cplosangeles.juntaextremadura.net\/web\/lengua6\/clasesdeverbos\/indice.htm\">Clases de verbos I<\/a><\/h4>\n<h4><a href=\"http:\/\/www.polavide.es\/rec_polavide0708\/edilim\/vhacer\/VERBO_HACER.html\">Verbos irregulares: hacer<\/a><\/h4>\n<h4><a href=\"http:\/\/www.polavide.es\/rec_polavide0708\/edilim\/verbos\/verbos.html\">Verbos irregulares<\/a><\/h4>\n<h4><a href=\"http:\/\/www.ceiploreto.es\/sugerencias\/cplosangeles.juntaextremadura.net\/web\/lengua6\/conjugacionirregular\/indice.htm\">La conjugaci\u00f3n irregular<\/a><\/h4>\n<h4><a href=\"http:\/\/www.ceiploreto.es\/sugerencias\/cplosangeles.juntaextremadura.net\/web\/edilim\/tercer_ciclo\/lengua\/el_verbo\/clases_de_verbos\/clases_de_verbos.html\">Clases de verbos II<\/a><\/h4>\n<h4><a href=\"http:\/\/www.ceiploreto.es\/sugerencias\/cplosangeles.juntaextremadura.net\/web\/edilim\/tercer_ciclo\/lengua\/conjugacion_irregular\/index.htm\">La conjugaci\u00f3n irregular II<\/a><\/h4>\n<h4><a href=\"http:\/\/www.onoma.es\/conjuga-verbo.html\">Conjugador de verbos<\/a><\/h4>\n<h4><a href=\"http:\/\/centros3.pntic.mec.es\/cp.antonio.de.ulloa\/webactivhotpot\/raiz\/Hot%20Pot\/LENGUA\/verbos%20regulares\/index.htm\">Verbos regulares e irregulares<\/a><\/h4>\n<h4><a href=\"http:\/\/www.educa.jcyl.es\/educacyl\/cm\/gallery\/Recursos%20Infinity\/aplicaciones\/lengua\/popup_fullscreen.htm\">Verbos<\/a><\/h4>\n<h4><a href=\"http:\/\/www.ceiploreto.es\/sugerencias\/cplosangeles.juntaextremadura.net\/web\/lengua_tercer_ciclo\/gramatica\/clases_verbos\/clases01.htm\">Clases de verbos III<\/a><\/h4>\n<h4><a href=\"http:\/\/www.ceiploreto.es\/sugerencias\/cplosangeles.juntaextremadura.net\/web\/lengua_tercer_ciclo\/gramatica\/conjugacion_irregular\/indice.htm\">La conjugaci\u00f3n irregular III<\/a><\/h4>\n<h4><a href=\"https:\/\/www.testeando.es\/El-verbo-hpklhuiy\">Test: el verbo<\/a><\/h4>\n<h4><a href=\"http:\/\/www.ceiploreto.es\/sugerencias\/bromera.com\/tl_files\/activitatsdigitals\/Tilde_6_PA\/Tilde6_p094_a2_7_1\/index.html\">Busca 6 verbos irregulares (PDI)<\/a><\/h4>\n<h4><a href=\"http:\/\/www.ceiploreto.es\/sugerencias\/bromera.com\/tl_files\/activitatsdigitals\/Tilde_6_PA\/Tilde6_p094_a3_1_3b\/index.html\">Clasifica en regulares o irregulares (PDI)<\/a><\/h4>\n<h4><a href=\"http:\/\/www.juntadeandalucia.es\/averroes\/centros-tic\/41009470\/helvia\/aula\/archivos\/repositorio\/0\/192\/html\/recursos\/U08\/recursos\/animacion_verbos\/es_animacion.html\">Repaso 1 (PDI)<\/a><\/h4>\n<h4><a href=\"http:\/\/www.juntadeandalucia.es\/averroes\/centros-tic\/41009470\/helvia\/aula\/archivos\/repositorio\/0\/188\/html\/recursos\/U15\/recursos\/ct_dominoverbal\/es_carcasa.html\">Repaso 2 (PDI)<\/a><\/h4>\n<h4><a href=\"http:\/\/www.juntadeandalucia.es\/averroes\/centros-tic\/41009470\/helvia\/aula\/archivos\/repositorio\/0\/188\/html\/recursos\/U15\/recursos\/pd_irregularesquenosconfunden\/es_carcasa.html\">Repaso 3 (PDI)<\/a><\/h4>\n<h4><a href=\"http:\/\/www.juntadeandalucia.es\/averroes\/centros-tic\/41009470\/helvia\/aula\/archivos\/repositorio\/0\/192\/html\/recursos\/U08\/recursos\/sp_comopuedenserlosverbos04\/es_carcasa.html\">Repaso 4 (PDI)<\/a><br \/>\n[youtube https:\/\/www.youtube.com\/watch?v=uvniN2RPM7k]<br \/>\n&nbsp;<\/h4>\n<h3><span style=\"text-decoration: underline\"><strong>LA TILDE EN INTERROGATIVOS Y EXCLAMATIVOS<\/strong><\/span><\/h3>\n<h4><a href=\"http:\/\/www.ceiploreto.es\/sugerencias\/A_1\/Recursosdidacticos\/SEXTO\/datos\/01_Lengua\/datos\/rdi\/U05\/03.htm\">Tilde en interrogativos y exclamativos I (PDI)<\/a><\/h4>\n<h4><a href=\"http:\/\/www.ceiploreto.es\/sugerencias\/A_1\/Recursosdidacticos\/SEXTO\/datos\/01_Lengua\/datos\/rdi\/U05\/04.htm\">Tilde en interrogativos y exclamativos II (PDI)<\/a><\/h4>\n<h4><a href=\"http:\/\/www.ceiploreto.es\/sugerencias\/cp.beatrizgalindo.alcala\/zona\/tercerciclo\/tildeeninterro\/1_ortografia.htm\">Tilde en interrogativos y exclamativos III<\/a><\/h4>\n<h4><a href=\"http:\/\/proyectodescartes.org\/PI\/materiales_didacticos\/L_B3_Acentuacion_interrogativos_exclamativos-JS\/index.html\">Tilde en interrogativos y exclamativos IV<\/a><\/h4>\n<h4><a href=\"http:\/\/www.ceiploreto.es\/sugerencias\/contenidos.educarex.es\/mci\/2006\/08\/html\/indextildes.htm\">Tilde en interrogativos<\/a><br \/>\n[youtube https:\/\/www.youtube.com\/watch?v=jKIE1TKcT80]<br \/>\n&nbsp;<\/h4>\n<h3><span style=\"text-decoration: underline\"><strong>LA ESTROFA Y LA RIMA<\/strong><\/span><\/h3>\n<h4><a href=\"http:\/\/roble.pntic.mec.es\/~msanto1\/lengua\/proverso.htm\">Verso y prosa<\/a><\/h4>\n<h4><a href=\"http:\/\/www.educa.jcyl.es\/educacyl\/cm\/gallery\/recursos_educativa\/metrica\/oa1.html\">La rima. B\u00e9cquer<\/a><\/h4>\n<h4><a href=\"http:\/\/www.educa.jcyl.es\/educacyl\/cm\/gallery\/recursos_educativa\/metrica\/oa4.html\">Los poemas. Alberti<\/a><\/h4>\n<h4><a href=\"http:\/\/www.educa.jcyl.es\/educacyl\/cm\/gallery\/recursos_educativa\/metrica\/oa5.html\">Figuras literarias. Quevedo<\/a><\/h4>\n<h4><a href=\"http:\/\/www.tinglado.net\/?id=introduccion-a-la-poesia\">Introducci\u00f3n a la poes\u00eda<\/a><\/h4>\n<h4><a href=\"http:\/\/roble.pntic.mec.es\/~msanto1\/lengua\/formliri.htm\">Las formas de la l\u00edrica<\/a><\/h4>\n<h4><a href=\"http:\/\/www.ceiploreto.es\/sugerencias\/Educarchile\/lengua\/odea03_nb3_poesia\/index.html\">Me gusta la poes\u00eda<\/a><\/h4>\n<h4><a href=\"http:\/\/repositorio.educa.jccm.es\/portal\/odes\/lengua_castellana\/primaria_la_rima\/index.html\">La rima<\/a><\/h4>\n<h4><a href=\"http:\/\/www.ceiploreto.es\/sugerencias\/Educarchile\/lengua\/7mo_recreacion\/index.html\">Recreaci\u00f3n de textos literarios<\/a><\/h4>\n<h4><a href=\"http:\/\/agrega2.red.es\/\/repositorio\/25012010\/36\/es_2007073113_0251903\/index2.html\">Poes\u00eda y TIC<\/a><\/h4>\n<h4><a href=\"https:\/\/www.edu.xunta.es\/espazoAbalar\/sites\/espazoAbalar\/files\/datos\/1285223213\/contido\/index.html\">Reconocimiento de figuras literarias<\/a><\/h4>\n<h4><a href=\"http:\/\/agrega.hezkuntza.net\/repositorio\/21032011\/3b\/es-eu_2011020113_1230482\/index.html\">El poemario del aula<\/a><\/h4>\n<h4><a href=\"http:\/\/www.ceiploreto.es\/sugerencias\/cplosangeles.juntaextremadura.net\/web\/edilim\/tercer_ciclo\/lengua\/varios\/estrofa\/estrofa.html\">La estrofa y el poema<\/a><\/h4>\n<h4><a href=\"https:\/\/www.testeando.es\/La-lirica-rqbtybzf\">Test: la l\u00edrica<\/a><\/h4>\n<h4><a href=\"http:\/\/agrega.educacion.es\/visualizar\/es\/es_2013021213_9080549\/false\">El poema<\/a><\/h4>\n<h4><a href=\"http:\/\/www.ceiploreto.es\/sugerencias\/bromera.com\/tl_files\/activitatsdigitals\/Tilde_6_PA\/Tilde6_p037_teoria_4_1\/index.html\">Marca verdadero o falso<\/a><\/h4>\n<p>&nbsp;<\/p>\n","protected":false},"excerpt":{"rendered":"<p>5. GENIOS DE TODOS LOS TIEMPOS LOS SIN\u00d3NIMOS Y LOS ANT\u00d3NIMOS Diccionario de sin\u00f3nimos&nbsp; Diccionario de ant\u00f3nimos Hablar de m\u00e1s Todo o nada Sin\u00f3nimos y&hellip;<\/p>\n","protected":false},"author":3736,"featured_media":0,"parent":576,"menu_order":5,"comment_status":"closed","ping_status":"closed","template":"","meta":{"ngg_post_thumbnail":0,"footnotes":""},"aioseo_notices":[],"_links":{"self":[{"href":"https:\/\/blogsaverroes.juntadeandalucia.es\/rafasclassroom\/wp-json\/wp\/v2\/pages\/743"}],"collection":[{"href":"https:\/\/blogsaverroes.juntadeandalucia.es\/rafasclassroom\/wp-json\/wp\/v2\/pages"}],"about":[{"href":"https:\/\/blogsaverroes.juntadeandalucia.es\/rafasclassroom\/wp-json\/wp\/v2\/types\/page"}],"author":[{"embeddable":true,"href":"https:\/\/blogsaverroes.juntadeandalucia.es\/rafasclassroom\/wp-json\/wp\/v2\/users\/3736"}],"replies":[{"embeddable":true,"href":"https:\/\/blogsaverroes.juntadeandalucia.es\/rafasclassroom\/wp-json\/wp\/v2\/comments?post=743"}],"version-history":[{"count":3,"href":"https:\/\/blogsaverroes.juntadeandalucia.es\/rafasclassroom\/wp-json\/wp\/v2\/pages\/743\/revisions"}],"predecessor-version":[{"id":746,"href":"https:\/\/blogsaverroes.juntadeandalucia.es\/rafasclassroom\/wp-json\/wp\/v2\/pages\/743\/revisions\/746"}],"up":[{"embeddable":true,"href":"https:\/\/blogsaverroes.juntadeandalucia.es\/rafasclassroom\/wp-json\/wp\/v2\/pages\/576"}],"wp:attachment":[{"href":"https:\/\/blogsaverroes.juntadeandalucia.es\/rafasclassroom\/wp-json\/wp\/v2\/media?parent=743"}],"curies":[{"name":"wp","href":"https:\/\/api.w.org\/{rel}","templated":true}]}}