{"id":867,"date":"2019-09-22T20:18:43","date_gmt":"2019-09-22T20:18:43","guid":{"rendered":"https:\/\/blogsaverroes.juntadeandalucia.es\/rafasclassroom\/?page_id=867"},"modified":"2026-02-07T20:41:32","modified_gmt":"2026-02-07T20:41:32","slug":"matematicas-1-o","status":"publish","type":"page","link":"https:\/\/blogsaverroes.juntadeandalucia.es\/rafasclassroom\/matematicas\/matematicas-1-o\/","title":{"rendered":"MATEM\u00c1TICAS &#8211; 1.\u00ba"},"content":{"rendered":"<p><a href=\"https:\/\/blogsaverroes.juntadeandalucia.es\/rafasclassroom\/files\/2019\/09\/MATEM\u00c1TICAS-1\u00ba.png\"><img loading=\"lazy\" decoding=\"async\" class=\"alignnone wp-image-863\" src=\"https:\/\/blogsaverroes.juntadeandalucia.es\/rafasclassroom\/files\/2019\/09\/MATEM\u00c1TICAS-1\u00ba.png\" alt=\"\" width=\"125\" height=\"111\" srcset=\"https:\/\/blogsaverroes.juntadeandalucia.es\/rafasclassroom\/files\/2019\/09\/MATEM\u00c1TICAS-1\u00ba.png 1025w, https:\/\/blogsaverroes.juntadeandalucia.es\/rafasclassroom\/files\/2019\/09\/MATEM\u00c1TICAS-1\u00ba-300x266.png 300w, https:\/\/blogsaverroes.juntadeandalucia.es\/rafasclassroom\/files\/2019\/09\/MATEM\u00c1TICAS-1\u00ba-768x682.png 768w, https:\/\/blogsaverroes.juntadeandalucia.es\/rafasclassroom\/files\/2019\/09\/MATEM\u00c1TICAS-1\u00ba-1024x909.png 1024w, https:\/\/blogsaverroes.juntadeandalucia.es\/rafasclassroom\/files\/2019\/09\/MATEM\u00c1TICAS-1\u00ba-24x21.png 24w, https:\/\/blogsaverroes.juntadeandalucia.es\/rafasclassroom\/files\/2019\/09\/MATEM\u00c1TICAS-1\u00ba-36x32.png 36w, https:\/\/blogsaverroes.juntadeandalucia.es\/rafasclassroom\/files\/2019\/09\/MATEM\u00c1TICAS-1\u00ba-48x43.png 48w\" sizes=\"(max-width: 125px) 100vw, 125px\" \/><\/a><a href=\"https:\/\/blogsaverroes.juntadeandalucia.es\/rafasclassroom\/files\/2018\/09\/MATEM\u00c1TICAS.png\"><img loading=\"lazy\" decoding=\"async\" class=\"wp-image-558 alignleft\" src=\"https:\/\/blogsaverroes.juntadeandalucia.es\/rafasclassroom\/files\/2018\/09\/MATEM\u00c1TICAS.png\" alt=\"\" width=\"355\" height=\"122\" srcset=\"https:\/\/blogsaverroes.juntadeandalucia.es\/rafasclassroom\/files\/2018\/09\/MATEM\u00c1TICAS.png 1600w, https:\/\/blogsaverroes.juntadeandalucia.es\/rafasclassroom\/files\/2018\/09\/MATEM\u00c1TICAS-300x103.png 300w, https:\/\/blogsaverroes.juntadeandalucia.es\/rafasclassroom\/files\/2018\/09\/MATEM\u00c1TICAS-768x264.png 768w, https:\/\/blogsaverroes.juntadeandalucia.es\/rafasclassroom\/files\/2018\/09\/MATEM\u00c1TICAS-1024x352.png 1024w, https:\/\/blogsaverroes.juntadeandalucia.es\/rafasclassroom\/files\/2018\/09\/MATEM\u00c1TICAS-24x8.png 24w, https:\/\/blogsaverroes.juntadeandalucia.es\/rafasclassroom\/files\/2018\/09\/MATEM\u00c1TICAS-36x12.png 36w, https:\/\/blogsaverroes.juntadeandalucia.es\/rafasclassroom\/files\/2018\/09\/MATEM\u00c1TICAS-48x17.png 48w\" sizes=\"(max-width: 355px) 100vw, 355px\" \/><\/a><\/p>\n<table>\n<tbody>\n<tr>\n<td style=\"text-align: center\">\n<h1><a href=\"https:\/\/blogsaverroes.juntadeandalucia.es\/rafasclassroom\/matematicas\/matematicas-1-o\/numeros\/\">N\u00daMEROS<\/a><\/h1>\n<\/td>\n<\/tr>\n<tr>\n<td style=\"text-align: center\">\n<h1><a href=\"https:\/\/blogsaverroes.juntadeandalucia.es\/rafasclassroom\/matematicas\/matematicas-1-o\/operaciones\/\">OPERACIONES<\/a><\/h1>\n<\/td>\n<\/tr>\n<tr>\n<td style=\"text-align: center\">\n<h1><a href=\"https:\/\/blogsaverroes.juntadeandalucia.es\/rafasclassroom\/matematicas\/matematicas-1-o\/problemas\/\">PROBLEMAS<\/a><\/h1>\n<\/td>\n<\/tr>\n<tr>\n<td style=\"text-align: center\">\n<h1><a href=\"https:\/\/blogsaverroes.juntadeandalucia.es\/rafasclassroom\/matematicas\/matematicas-1-o\/geometria-y-medida\/\">GEOMETR\u00cdA&nbsp; Y MEDIDA<\/a><\/h1>\n<\/td>\n<\/tr>\n<\/tbody>\n<\/table>\n<p>&nbsp;<\/p>\n<h2>P\u00e1gina Matem\u00e1ticas Inclusivas: <a href=\"https:\/\/www.matematicasinclusivas.com\/\"><img decoding=\"async\" src=\"https:\/\/sp-ao.shortpixel.ai\/client\/to_webp,q_glossy,ret_img,w_200,h_71\/https:\/\/www.matematicasinclusivas.com\/wp-content\/uploads\/2022\/04\/MATEMATICAS-INCLUSIVAS-LOGO-2022-200x71.png\" alt=\"MATEMATICAS INCLUSIVAS LOGO 2022\"><\/a><\/h2>\n<h2><a href=\"https:\/\/www.gynzy.com\/es\/biblioteca\/articulos\/bloques-base-10\" target=\"_blank\" rel=\"noopener\">Bloques base 10 interactivos para PDI<\/a><\/h2>\n<p>&nbsp;<\/p>\n<p>&nbsp;<\/p>\n<p>&nbsp;<\/p>\n<p>&nbsp;<\/p>\n<p>&nbsp;<\/p>\n","protected":false},"excerpt":{"rendered":"<p>N\u00daMEROS OPERACIONES PROBLEMAS GEOMETR\u00cdA&nbsp; Y MEDIDA &nbsp; P\u00e1gina Matem\u00e1ticas Inclusivas: Bloques base 10 interactivos para PDI &nbsp; &nbsp; &nbsp; &nbsp; &nbsp;<\/p>\n","protected":false},"author":3736,"featured_media":0,"parent":567,"menu_order":1,"comment_status":"closed","ping_status":"closed","template":"","meta":{"ngg_post_thumbnail":0,"footnotes":""},"aioseo_notices":[],"_links":{"self":[{"href":"https:\/\/blogsaverroes.juntadeandalucia.es\/rafasclassroom\/wp-json\/wp\/v2\/pages\/867"}],"collection":[{"href":"https:\/\/blogsaverroes.juntadeandalucia.es\/rafasclassroom\/wp-json\/wp\/v2\/pages"}],"about":[{"href":"https:\/\/blogsaverroes.juntadeandalucia.es\/rafasclassroom\/wp-json\/wp\/v2\/types\/page"}],"author":[{"embeddable":true,"href":"https:\/\/blogsaverroes.juntadeandalucia.es\/rafasclassroom\/wp-json\/wp\/v2\/users\/3736"}],"replies":[{"embeddable":true,"href":"https:\/\/blogsaverroes.juntadeandalucia.es\/rafasclassroom\/wp-json\/wp\/v2\/comments?post=867"}],"version-history":[{"count":8,"href":"https:\/\/blogsaverroes.juntadeandalucia.es\/rafasclassroom\/wp-json\/wp\/v2\/pages\/867\/revisions"}],"predecessor-version":[{"id":3520,"href":"https:\/\/blogsaverroes.juntadeandalucia.es\/rafasclassroom\/wp-json\/wp\/v2\/pages\/867\/revisions\/3520"}],"up":[{"embeddable":true,"href":"https:\/\/blogsaverroes.juntadeandalucia.es\/rafasclassroom\/wp-json\/wp\/v2\/pages\/567"}],"wp:attachment":[{"href":"https:\/\/blogsaverroes.juntadeandalucia.es\/rafasclassroom\/wp-json\/wp\/v2\/media?parent=867"}],"curies":[{"name":"wp","href":"https:\/\/api.w.org\/{rel}","templated":true}]}}