{"id":1835,"date":"2021-12-20T09:27:36","date_gmt":"2021-12-20T09:27:36","guid":{"rendered":"https:\/\/blogsaverroes.juntadeandalucia.es\/ramonsimonet\/?page_id=1835"},"modified":"2023-01-09T15:58:45","modified_gmt":"2023-01-09T15:58:45","slug":"documentos","status":"publish","type":"page","link":"https:\/\/blogsaverroes.juntadeandalucia.es\/ramonsimonet\/documentos\/","title":{"rendered":"Documentos"},"content":{"rendered":"<p><span style=\"text-decoration: underline\"><strong>PROGRAMACIONES DID\u00c1CTICAS CURSO 2022\/2023<\/strong><\/span><\/p>\n<p>&nbsp;<\/p>\n<p><span style=\"text-decoration: underline\"><strong>EDUCACI\u00d3N PRIMARIA.<\/strong><\/span><\/p>\n<p>Las programaciones did\u00e1cticas de 1\u00ba, 3\u00ba y 5\u00ba de Educaci\u00f3n Primaria se rigen de acuerdo a lo establecido en la INSTRUCCI\u00d3N 12\/2022, DE 23 DE JUNIO, DE LA DIRECCI\u00d3N GENERAL DE ORDENACI\u00d3N Y EVALUACI\u00d3N EDUCATIVA, POR LA QUE SE ESTABLECEN ASPECTOS DE ORGANIZACI\u00d3N Y FUNCIONAMIENTO PARA LOS CENTROS QUE IMPARTAN EDUCACI\u00d3N PRIMARIA PARA EL CURSO 2022\/2023.<\/p>\n<p><a href=\"https:\/\/juntadeandalucia.es\/sites\/default\/files\/2022-08\/04082022_20220623_instruccion_organizacion_educacion_primaria_2022_2023.pdf\">Consultar aqu\u00ed.<\/a><\/p>\n<p><a href=\"https:\/\/drive.google.com\/drive\/folders\/1J2-51r9UjPpiFFh2zEFcHU9HhinQ4Bx9?usp=share_link\"><strong>Primer ciclo.<\/strong><\/a><\/p>\n<p><a href=\"https:\/\/drive.google.com\/drive\/folders\/1M9QsYa3Q1i6OY73KBSVZirX8zQ2m2gbi?usp=share_link\"><strong>Segundo ciclo.<\/strong><\/a><\/p>\n<p><a href=\"https:\/\/drive.google.com\/drive\/folders\/1yFye1y9Qr_YtVhIuhK6mXS5MGCuHYrXC?usp=sharing\"><strong>Tercer ciclo.<\/strong><\/a><\/p>\n<p>&nbsp;<\/p>\n<p><span style=\"text-decoration: underline\"><strong>EDUCACI\u00d3N INFANTIL.<\/strong><\/span><\/p>\n<p>Las programaciones did\u00e1cticas de Educaci\u00f3n Infantil se rigen de acuerdo a lo establecido en la INSTRUCCI\u00d3N 11\/2022, DE 23 DE JUNIO, DE LA DIRECCI\u00d3N GENERAL DE ORDENACI\u00d3N Y EVALUACI\u00d3N EDUCATIVA, POR LA QUE SE ESTABLECEN ASPECTOS DE ORGANIZACI\u00d3N Y FUNCIONAMIENTO PARA LOS CENTROS QUE IMPARTAN EDUCACI\u00d3N INFANTIL PARA EL CURSO 2022\/2023.<\/p>\n<p><a href=\"https:\/\/www.adideandalucia.es\/normas\/instruc\/Instruccion11-2022OrganizacionEducacionInfantil.pdf\">Consultar aqu\u00ed.<\/a><\/p>\n<p>&nbsp;<\/p>\n<h3>Im\u00e1genes Relacionadas:<\/h3>","protected":false},"excerpt":{"rendered":"<p>PROGRAMACIONES DID\u00c1CTICAS CURSO 2022\/2023 &nbsp; EDUCACI\u00d3N PRIMARIA. Las programaciones did\u00e1cticas de 1\u00ba, 3\u00ba y 5\u00ba de Educaci\u00f3n Primaria se rigen de acuerdo a lo establecido en la INSTRUCCI\u00d3N 12\/2022, DE 23 DE JUNIO, DE&#46;&#46;&#46;<\/p>\n","protected":false},"author":2028,"featured_media":0,"parent":0,"menu_order":0,"comment_status":"closed","ping_status":"closed","template":"","meta":{"ngg_post_thumbnail":0,"footnotes":""},"aioseo_notices":[],"_links":{"self":[{"href":"https:\/\/blogsaverroes.juntadeandalucia.es\/ramonsimonet\/wp-json\/wp\/v2\/pages\/1835"}],"collection":[{"href":"https:\/\/blogsaverroes.juntadeandalucia.es\/ramonsimonet\/wp-json\/wp\/v2\/pages"}],"about":[{"href":"https:\/\/blogsaverroes.juntadeandalucia.es\/ramonsimonet\/wp-json\/wp\/v2\/types\/page"}],"author":[{"embeddable":true,"href":"https:\/\/blogsaverroes.juntadeandalucia.es\/ramonsimonet\/wp-json\/wp\/v2\/users\/2028"}],"replies":[{"embeddable":true,"href":"https:\/\/blogsaverroes.juntadeandalucia.es\/ramonsimonet\/wp-json\/wp\/v2\/comments?post=1835"}],"version-history":[{"count":18,"href":"https:\/\/blogsaverroes.juntadeandalucia.es\/ramonsimonet\/wp-json\/wp\/v2\/pages\/1835\/revisions"}],"predecessor-version":[{"id":2063,"href":"https:\/\/blogsaverroes.juntadeandalucia.es\/ramonsimonet\/wp-json\/wp\/v2\/pages\/1835\/revisions\/2063"}],"wp:attachment":[{"href":"https:\/\/blogsaverroes.juntadeandalucia.es\/ramonsimonet\/wp-json\/wp\/v2\/media?parent=1835"}],"curies":[{"name":"wp","href":"https:\/\/api.w.org\/{rel}","templated":true}]}}