{"id":337,"date":"2015-11-17T19:53:45","date_gmt":"2015-11-17T19:53:45","guid":{"rendered":"http:\/\/blogsaverroes.juntadeandalucia.es\/ramonsimonet\/?page_id=337"},"modified":"2019-07-24T10:56:02","modified_gmt":"2019-07-24T10:56:02","slug":"primer-ciclo","status":"publish","type":"page","link":"https:\/\/blogsaverroes.juntadeandalucia.es\/ramonsimonet\/libros-de-texto\/primer-ciclo\/","title":{"rendered":"Primer ciclo"},"content":{"rendered":"<p>&nbsp;<\/p>\n<table style=\"background-color: #e0d0f7\" cellspacing=\"8\" cellpadding=\"2\" border=\"1\">\n<tbody>\n<tr align=\"center\">\n<td colspan=\"2\">&nbsp;<\/td>\n<\/tr>\n<tr>\n<td>PRIMER NIVEL<\/p>\n<hr \/>\n<div>\n<table cellspacing=\"2\" cellpadding=\"2\" border=\"1\">\n<tbody>\n<tr>\n<td>\u00c1reas globalizadas: Piezas.<br \/>\nEditorial Anaya.<br \/>\n(Por trimestres, edici\u00f3n pauta)<\/td>\n<\/tr>\n<tr>\n<td>Ingl\u00e9s: Go! 1.<br \/>\nEditorial Santillana- Richmond.<\/td>\n<\/tr>\n<tr>\n<td>Religi\u00f3n cat\u00f3lica: religi\u00f3n cat\u00f3lica 1<br \/>\nEditorial Anaya.<\/td>\n<\/tr>\n<tr>\n<td>M\u00fasica: Descubre la m\u00fasica 1.<br \/>\nEditorial Pearson Educacion S.A.<\/td>\n<\/tr>\n<tr>\n<td>Valores sociales y c\u00edvicos 1\u00ba<br \/>\nProyecto M\u00e1s Savia. Ediciones SM.<\/td>\n<\/tr>\n<\/tbody>\n<\/table>\n<\/div>\n<\/td>\n<td>\n<div>\n<p>SEGUNDO NIVEL<\/p>\n<hr \/>\n<\/div>\n<table cellspacing=\"2\" cellpadding=\"2\" border=\"1\">\n<tbody>\n<tr style=\"height: 120px\">\n<td style=\"height: 120px\">Lengua castellana y literatura 2.<br \/>\nMatem\u00e1ticas 2.<br \/>\nCiencias de la naturaleza 2.<br \/>\nCiencias sociales 2.<br \/>\nGrupo Anaya S.A.(separados por trimestres)<\/td>\n<\/tr>\n<tr style=\"height: 48px\">\n<td style=\"height: 48px\">Ingl\u00e9s: Go! 2.<br \/>\nEditorial Santillana &#8211; Richmond.<\/td>\n<\/tr>\n<tr style=\"height: 48px\">\n<td style=\"height: 48px\">Religi\u00f3n cat\u00f3lica: religi\u00f3n cat\u00f3lica 2<br \/>\nEditorial Anaya.<\/td>\n<\/tr>\n<tr style=\"height: 48px\">\n<td style=\"height: 48px\">M\u00fasica: Descubre la m\u00fasica 2.<br \/>\nEditorial Pearson Educacion S.A.<\/td>\n<\/tr>\n<tr style=\"height: 48px\">\n<td style=\"height: 48px\">Valores sociales y c\u00edvicos 2\u00ba<br \/>\nProyecto M\u00e1s Savia. Ediciones SM.<\/td>\n<\/tr>\n<\/tbody>\n<\/table>\n<\/td>\n<\/tr>\n<\/tbody>\n<\/table>\n<p>&nbsp;<\/p>\n<h3>Im\u00e1genes Relacionadas:<\/h3>","protected":false},"excerpt":{"rendered":"<p>&nbsp; &nbsp; PRIMER NIVEL \u00c1reas globalizadas: Piezas. Editorial Anaya. (Por trimestres, edici\u00f3n pauta) Ingl\u00e9s: Go! 1. Editorial Santillana- Richmond. Religi\u00f3n cat\u00f3lica: religi\u00f3n cat\u00f3lica 1 Editorial Anaya. M\u00fasica: Descubre la m\u00fasica 1. Editorial Pearson Educacion&#46;&#46;&#46;<\/p>\n","protected":false},"author":2028,"featured_media":0,"parent":326,"menu_order":0,"comment_status":"closed","ping_status":"closed","template":"","meta":{"ngg_post_thumbnail":0,"footnotes":""},"aioseo_notices":[],"_links":{"self":[{"href":"https:\/\/blogsaverroes.juntadeandalucia.es\/ramonsimonet\/wp-json\/wp\/v2\/pages\/337"}],"collection":[{"href":"https:\/\/blogsaverroes.juntadeandalucia.es\/ramonsimonet\/wp-json\/wp\/v2\/pages"}],"about":[{"href":"https:\/\/blogsaverroes.juntadeandalucia.es\/ramonsimonet\/wp-json\/wp\/v2\/types\/page"}],"author":[{"embeddable":true,"href":"https:\/\/blogsaverroes.juntadeandalucia.es\/ramonsimonet\/wp-json\/wp\/v2\/users\/2028"}],"replies":[{"embeddable":true,"href":"https:\/\/blogsaverroes.juntadeandalucia.es\/ramonsimonet\/wp-json\/wp\/v2\/comments?post=337"}],"version-history":[{"count":8,"href":"https:\/\/blogsaverroes.juntadeandalucia.es\/ramonsimonet\/wp-json\/wp\/v2\/pages\/337\/revisions"}],"predecessor-version":[{"id":1316,"href":"https:\/\/blogsaverroes.juntadeandalucia.es\/ramonsimonet\/wp-json\/wp\/v2\/pages\/337\/revisions\/1316"}],"up":[{"embeddable":true,"href":"https:\/\/blogsaverroes.juntadeandalucia.es\/ramonsimonet\/wp-json\/wp\/v2\/pages\/326"}],"wp:attachment":[{"href":"https:\/\/blogsaverroes.juntadeandalucia.es\/ramonsimonet\/wp-json\/wp\/v2\/media?parent=337"}],"curies":[{"name":"wp","href":"https:\/\/api.w.org\/{rel}","templated":true}]}}