{"id":339,"date":"2015-11-17T19:55:15","date_gmt":"2015-11-17T19:55:15","guid":{"rendered":"http:\/\/blogsaverroes.juntadeandalucia.es\/ramonsimonet\/?page_id=339"},"modified":"2019-07-24T11:28:23","modified_gmt":"2019-07-24T11:28:23","slug":"segundo-ciclo-2","status":"publish","type":"page","link":"https:\/\/blogsaverroes.juntadeandalucia.es\/ramonsimonet\/libros-de-texto\/segundo-ciclo-2\/","title":{"rendered":"Segundo ciclo"},"content":{"rendered":"<p>&nbsp;<\/p>\n<table style=\"background-color: #f2ecbd\" cellspacing=\"8\" cellpadding=\"2\" border=\"1\">\n<tbody>\n<tr align=\"center\">\n<td colspan=\"2\">&nbsp;<\/td>\n<\/tr>\n<tr>\n<td>PRIMER NIVEL (3\u00ba)<\/p>\n<hr \/>\n<div>\n<table cellspacing=\"2\" cellpadding=\"2\" border=\"1\">\n<tbody>\n<tr style=\"height: 48px\">\n<td style=\"height: 48px\">Ciencias de la naturaleza 3. Proyecto Saber Hacer Contigo.Andaluc\u00eda.<br \/>\nSantillana Grazalema S.L.<\/td>\n<\/tr>\n<tr style=\"height: 48px\">\n<td style=\"height: 48px\">Ciencias sociales 3. Proyecto Saber Hacer Contigo.Andaluc\u00eda.<br \/>\nSantillana Grazalema S.L.<\/td>\n<\/tr>\n<tr style=\"height: 24px\">\n<td style=\"height: 24px\">Lengua 3. Proyecto Saber Hacer Contigo.Andaluc\u00eda.<br \/>\nSantillana Grazalema S.L.<\/td>\n<\/tr>\n<tr style=\"height: 48px\">\n<td style=\"height: 48px\">Matem\u00e1ticas 3. Proyecto Saber Hacer Contigo.Andaluc\u00eda.<br \/>\nSantillana Grazalema S.L.<\/td>\n<\/tr>\n<tr style=\"height: 48px\">\n<td style=\"height: 48px\">Ingl\u00e9s: Go! 3<br \/>\nEditorial Santillana &#8211; Richmond.<\/td>\n<\/tr>\n<tr style=\"height: 27px\">\n<td style=\"height: 27px\">Franc\u00e9s: Passe -Passe 1. Petit d\u00e9fis. Santillana-Grazalema.<\/td>\n<\/tr>\n<tr style=\"height: 48px\">\n<td style=\"height: 48px\">M\u00fasica: Descubre la m\u00fasica 3.<br \/>\nPearson Educacion S.A.<\/td>\n<\/tr>\n<tr style=\"height: 24px\">\n<td style=\"height: 24px\">Religi\u00f3n cat\u00f3lica 3. Editorial Anaya.<\/td>\n<\/tr>\n<tr style=\"height: 48px\">\n<td style=\"height: 48px\">Valores sociales y c\u00edvicos 3. Proyecto M\u00e1s Savia.<br \/>\nEdiciones S. M.<\/td>\n<\/tr>\n<\/tbody>\n<\/table>\n<\/div>\n<\/td>\n<td>SEGUNDO NIVEL (4\u00ba)<\/p>\n<hr \/>\n<table cellspacing=\"2\" cellpadding=\"2\" border=\"1\">\n<tbody>\n<tr style=\"height: 48px\">\n<td style=\"height: 48px\">Ciencias de la naturaleza 4. Proyecto Saber Hacer Contigo.Andaluc\u00eda.<br \/>\nSantillana Grazalema S.L.<\/td>\n<\/tr>\n<tr style=\"height: 48px\">\n<td style=\"height: 48px\">Ciencias sociales 4. Proyecto Saber Hacer Contigo.Andaluc\u00eda.<br \/>\nSantillana Grazalema S.L.<\/td>\n<\/tr>\n<tr style=\"height: 24px\">\n<td style=\"height: 24px\">Lengua 4. Proyecto Saber Hacer Contigo.Andaluc\u00eda.<br \/>\nSantillana Grazalema S.L.<\/td>\n<\/tr>\n<tr style=\"height: 48px\">\n<td style=\"height: 48px\">Matem\u00e1ticas 4. Proyecto Saber Hacer Contigo.Andaluc\u00eda.<br \/>\nSantillana Grazalema S.L.<\/td>\n<\/tr>\n<tr style=\"height: 48px\">\n<td style=\"height: 48px\">Ingl\u00e9s: Go! 4<br \/>\nEditorial Santillana &#8211; Richmond.<\/td>\n<\/tr>\n<tr style=\"height: 27px\">\n<td style=\"height: 27px\">Franc\u00e9s: Passe -Passe 2. Petit d\u00e9fis. Santillana-Grazalema.<\/td>\n<\/tr>\n<tr style=\"height: 48px\">\n<td style=\"height: 48px\">M\u00fasica: Descubre la m\u00fasica 4.<br \/>\nPearson Educacion S.A.<\/td>\n<\/tr>\n<tr style=\"height: 24px\">\n<td style=\"height: 24px\">Religi\u00f3n cat\u00f3lica 4. Editorial Anaya.<\/td>\n<\/tr>\n<tr style=\"height: 48px\">\n<td style=\"height: 48px\">Valores sociales y c\u00edvicos 4. Proyecto M\u00e1s Savia.<br \/>\nEdiciones S. M.<\/td>\n<\/tr>\n<\/tbody>\n<\/table>\n<\/td>\n<\/tr>\n<\/tbody>\n<\/table>\n<p>&nbsp;<\/p>\n<h3>Im\u00e1genes Relacionadas:<\/h3>","protected":false},"excerpt":{"rendered":"<p>&nbsp; &nbsp; PRIMER NIVEL (3\u00ba) Ciencias de la naturaleza 3. Proyecto Saber Hacer Contigo.Andaluc\u00eda. Santillana Grazalema S.L. Ciencias sociales 3. Proyecto Saber Hacer Contigo.Andaluc\u00eda. Santillana Grazalema S.L. Lengua 3. Proyecto Saber Hacer Contigo.Andaluc\u00eda. Santillana&#46;&#46;&#46;<\/p>\n","protected":false},"author":2028,"featured_media":0,"parent":326,"menu_order":0,"comment_status":"closed","ping_status":"closed","template":"","meta":{"ngg_post_thumbnail":0,"footnotes":""},"aioseo_notices":[],"_links":{"self":[{"href":"https:\/\/blogsaverroes.juntadeandalucia.es\/ramonsimonet\/wp-json\/wp\/v2\/pages\/339"}],"collection":[{"href":"https:\/\/blogsaverroes.juntadeandalucia.es\/ramonsimonet\/wp-json\/wp\/v2\/pages"}],"about":[{"href":"https:\/\/blogsaverroes.juntadeandalucia.es\/ramonsimonet\/wp-json\/wp\/v2\/types\/page"}],"author":[{"embeddable":true,"href":"https:\/\/blogsaverroes.juntadeandalucia.es\/ramonsimonet\/wp-json\/wp\/v2\/users\/2028"}],"replies":[{"embeddable":true,"href":"https:\/\/blogsaverroes.juntadeandalucia.es\/ramonsimonet\/wp-json\/wp\/v2\/comments?post=339"}],"version-history":[{"count":9,"href":"https:\/\/blogsaverroes.juntadeandalucia.es\/ramonsimonet\/wp-json\/wp\/v2\/pages\/339\/revisions"}],"predecessor-version":[{"id":1321,"href":"https:\/\/blogsaverroes.juntadeandalucia.es\/ramonsimonet\/wp-json\/wp\/v2\/pages\/339\/revisions\/1321"}],"up":[{"embeddable":true,"href":"https:\/\/blogsaverroes.juntadeandalucia.es\/ramonsimonet\/wp-json\/wp\/v2\/pages\/326"}],"wp:attachment":[{"href":"https:\/\/blogsaverroes.juntadeandalucia.es\/ramonsimonet\/wp-json\/wp\/v2\/media?parent=339"}],"curies":[{"name":"wp","href":"https:\/\/api.w.org\/{rel}","templated":true}]}}