{"id":341,"date":"2015-11-17T19:55:57","date_gmt":"2015-11-17T19:55:57","guid":{"rendered":"http:\/\/blogsaverroes.juntadeandalucia.es\/ramonsimonet\/?page_id=341"},"modified":"2019-07-24T11:34:02","modified_gmt":"2019-07-24T11:34:02","slug":"tercer-ciclo","status":"publish","type":"page","link":"https:\/\/blogsaverroes.juntadeandalucia.es\/ramonsimonet\/libros-de-texto\/tercer-ciclo\/","title":{"rendered":"Tercer ciclo"},"content":{"rendered":"<p>&nbsp;<\/p>\n<table style=\"background-color: #daf5f1\" cellspacing=\"8\" cellpadding=\"2\" border=\"1\">\n<tbody>\n<tr align=\"center\">\n<td colspan=\"2\">&nbsp;<\/td>\n<\/tr>\n<tr>\n<td>PRIMER NIVEL (5\u00ba)<\/p>\n<hr \/>\n<div>\n<table cellspacing=\"2\" cellpadding=\"2\" border=\"1\">\n<tbody>\n<tr style=\"height: 72px\">\n<td style=\"height: 72px\">Ciencias de la naturaleza 5.<br \/>\nProyecto Saber Hacer Contigo. Andaluc\u00eda.<br \/>\nSantillana-Grazalema.<\/td>\n<\/tr>\n<tr style=\"height: 72px\">\n<td style=\"height: 72px\">Ciencias sociales 5.<br \/>\nProyecto Saber Hacer Contigo. Andaluc\u00eda.<br \/>\nSantillana-Grazalema.<\/td>\n<\/tr>\n<tr style=\"height: 72px\">\n<td style=\"height: 72px\">Lengua 5.<br \/>\nProyecto Saber Hacer Contigo. Andaluc\u00eda.<br \/>\nSantillana-Grazalema.<\/td>\n<\/tr>\n<tr style=\"height: 72px\">\n<td style=\"height: 72px\">Matem\u00e1ticas 5.<br \/>\nProyecto Saber Hacer Contigo. Andaluc\u00eda.<br \/>\nSantillana-Grazalema.<\/td>\n<\/tr>\n<tr>\n<td>Ingl\u00e9s: Go! 5. Santillana- Richmond<\/td>\n<\/tr>\n<tr style=\"height: 24px\">\n<td style=\"height: 24px\">Franc\u00e9s: D\u00e9fis 1. Santillana-Grazalema<\/td>\n<\/tr>\n<tr style=\"height: 48px\">\n<td style=\"height: 48px\">M\u00fasica: Descubre la m\u00fasica 5.<br \/>\nPearson Educacion S.A.<\/td>\n<\/tr>\n<tr style=\"height: 48px\">\n<td style=\"height: 48px\">Educaci\u00f3n para la ciudadan\u00eda:<br \/>\nEducaci\u00f3n para la Ciudadan\u00eda 5. Saber Contigo.<br \/>\nSantillana-Grazalema<\/td>\n<\/tr>\n<tr style=\"height: 48px\">\n<td style=\"height: 48px\">Religi\u00f3n cat\u00f3lica 5.<br \/>\nGrupo Anaya S.A.<\/td>\n<\/tr>\n<tr style=\"height: 48px\">\n<td style=\"height: 48px\">Valores sociales y c\u00edvicos 5.<br \/>\nProyecto M\u00e1s Savia. Ediciones S.M.<\/td>\n<\/tr>\n<\/tbody>\n<\/table>\n<\/div>\n<\/td>\n<td>\n<div>\n<p>SEGUNDO NIVEL (6\u00ba)<\/p>\n<hr \/>\n<\/div>\n<table cellspacing=\"2\" cellpadding=\"2\" border=\"1\">\n<tbody>\n<tr style=\"height: 72px\">\n<td style=\"height: 72px\">Ciencias de la naturaleza 6.<br \/>\nProyecto Saber Hacer Contigo. Andaluc\u00eda.<br \/>\nSantillana-Grazalema.<\/td>\n<\/tr>\n<tr style=\"height: 72px\">\n<td style=\"height: 72px\">Ciencias sociales 6.<br \/>\nProyecto Saber Hacer Contigo. Andaluc\u00eda.<br \/>\nSantillana-Grazalema.<\/td>\n<\/tr>\n<tr style=\"height: 72px\">\n<td style=\"height: 72px\">Lengua 6.<br \/>\nProyecto Saber Hacer Contigo. Andaluc\u00eda.<br \/>\nSantillana-Grazalema.<\/td>\n<\/tr>\n<tr style=\"height: 72px\">\n<td style=\"height: 72px\">Matem\u00e1ticas 6.<br \/>\nProyecto Saber Hacer Contigo. Andaluc\u00eda.<br \/>\nSantillana-Grazalema.<\/td>\n<\/tr>\n<tr>\n<td>Ingl\u00e9s: Go! 6. Santillana- Richmond<\/td>\n<\/tr>\n<tr style=\"height: 24px\">\n<td style=\"height: 24px\">Franc\u00e9s: D\u00e9fis 2. Santillana-Grazalema<\/td>\n<\/tr>\n<tr style=\"height: 48px\">\n<td style=\"height: 48px\">M\u00fasica: Descubre la m\u00fasica 6.<br \/>\nPearson Educacion S.A.<\/td>\n<\/tr>\n<tr style=\"height: 48px\">\n<td style=\"height: 48px\">Cultura y Pr\u00e1ctica Digital 6\u00ba.<br \/>\nProyecto Pieza a Pieza.<br \/>\nEditorial Anaya<\/td>\n<\/tr>\n<tr style=\"height: 48px\">\n<td style=\"height: 48px\">Religi\u00f3n cat\u00f3lica 6.<br \/>\nGrupo Anaya S.A.<\/td>\n<\/tr>\n<tr style=\"height: 48px\">\n<td style=\"height: 48px\">Valores sociales y c\u00edvicos 6.<br \/>\nProyecto M\u00e1s Savia. Ediciones S.M.<\/td>\n<\/tr>\n<\/tbody>\n<\/table>\n<\/td>\n<\/tr>\n<\/tbody>\n<\/table>\n<p>&nbsp;<\/p>\n<h3>Im\u00e1genes Relacionadas:<\/h3>","protected":false},"excerpt":{"rendered":"<p>&nbsp; &nbsp; PRIMER NIVEL (5\u00ba) Ciencias de la naturaleza 5. Proyecto Saber Hacer Contigo. Andaluc\u00eda. Santillana-Grazalema. Ciencias sociales 5. Proyecto Saber Hacer Contigo. Andaluc\u00eda. Santillana-Grazalema. Lengua 5. Proyecto Saber Hacer Contigo. Andaluc\u00eda. Santillana-Grazalema. Matem\u00e1ticas&#46;&#46;&#46;<\/p>\n","protected":false},"author":2028,"featured_media":0,"parent":326,"menu_order":0,"comment_status":"closed","ping_status":"closed","template":"","meta":{"ngg_post_thumbnail":0,"footnotes":""},"aioseo_notices":[],"_links":{"self":[{"href":"https:\/\/blogsaverroes.juntadeandalucia.es\/ramonsimonet\/wp-json\/wp\/v2\/pages\/341"}],"collection":[{"href":"https:\/\/blogsaverroes.juntadeandalucia.es\/ramonsimonet\/wp-json\/wp\/v2\/pages"}],"about":[{"href":"https:\/\/blogsaverroes.juntadeandalucia.es\/ramonsimonet\/wp-json\/wp\/v2\/types\/page"}],"author":[{"embeddable":true,"href":"https:\/\/blogsaverroes.juntadeandalucia.es\/ramonsimonet\/wp-json\/wp\/v2\/users\/2028"}],"replies":[{"embeddable":true,"href":"https:\/\/blogsaverroes.juntadeandalucia.es\/ramonsimonet\/wp-json\/wp\/v2\/comments?post=341"}],"version-history":[{"count":7,"href":"https:\/\/blogsaverroes.juntadeandalucia.es\/ramonsimonet\/wp-json\/wp\/v2\/pages\/341\/revisions"}],"predecessor-version":[{"id":1322,"href":"https:\/\/blogsaverroes.juntadeandalucia.es\/ramonsimonet\/wp-json\/wp\/v2\/pages\/341\/revisions\/1322"}],"up":[{"embeddable":true,"href":"https:\/\/blogsaverroes.juntadeandalucia.es\/ramonsimonet\/wp-json\/wp\/v2\/pages\/326"}],"wp:attachment":[{"href":"https:\/\/blogsaverroes.juntadeandalucia.es\/ramonsimonet\/wp-json\/wp\/v2\/media?parent=341"}],"curies":[{"name":"wp","href":"https:\/\/api.w.org\/{rel}","templated":true}]}}