{"id":354,"date":"2015-11-17T20:17:59","date_gmt":"2015-11-17T20:17:59","guid":{"rendered":"http:\/\/blogsaverroes.juntadeandalucia.es\/ramonsimonet\/?page_id=354"},"modified":"2020-11-16T18:35:16","modified_gmt":"2020-11-16T18:35:16","slug":"curso-basico-de-informatica","status":"publish","type":"page","link":"https:\/\/blogsaverroes.juntadeandalucia.es\/ramonsimonet\/curso-basico-de-informatica\/","title":{"rendered":"Curso b\u00e1sico de inform\u00e1tica"},"content":{"rendered":"<p><span style=\"color: black;font-family: 'Comic Sans ms'\">El trabajo de las tecnolog\u00edas de la informaci\u00f3n y de la comunicaci\u00f3n es muy amplio y variado. Uno de los recursos utilizados en el centro es el blog educativo. Actualmente est\u00e1n funcionando:<\/span><\/p>\n<table border=\"1\" cellspacing=\"2\" cellpadding=\"2\">\n<tbody>\n<tr>\n<td style=\"vertical-align: top\"><img loading=\"lazy\" decoding=\"async\" class=\"aligncenter wp-image-56 size-medium\" src=\"https:\/\/blogsaverroes.juntadeandalucia.es\/ramonsimonet\/files\/2015\/10\/gickr.com_02462ab1-0f8f-8c04-a9eb-b60c10098cd5-300x285.gif\" alt=\"Simontic saluda\" width=\"300\" height=\"285\"\/><\/td>\n<td>\n<table border=\"1\" cellspacing=\"2\" cellpadding=\"2\">\n<tbody>\n<tr>\n<td style=\"vertical-align: top;width: 305.717px\"><a href=\"http:\/\/bibliotecaramonsimonet.blogspot.com.es\/\" target=\"_blank\" rel=\"noopener noreferrer\">Blog de la biblioteca<\/a><\/td>\n<\/tr>\n<tr>\n<td style=\"width: 305.717px\"><a href=\"http:\/\/convivenciaramonsimonet.blogspot.com.es\/\" target=\"_blank\" rel=\"noopener noreferrer\">Blog de convivencia, escuela de paz<\/a><\/td>\n<\/tr>\n<tr>\n<td style=\"width: 305.717px\"><a href=\"http:\/\/letrasnumerosyelmedio.blogspot.com.es\/\" target=\"_blank\" rel=\"noopener noreferrer\">Blog aula 6\u00ba D : letras, n\u00fameros y el medio<br \/>\n<\/a><\/td>\n<\/tr>\n<tr>\n<td style=\"width: 305.717px\"><a href=\"http:\/\/rumialealcoco.blogspot.com.es\/\" target=\"_blank\" rel=\"noopener noreferrer\">Blog aula: rumialealcoco.blogspot.com<\/a><\/td>\n<\/tr>\n<tr>\n<td style=\"width: 305.717px\"><a href=\"http:\/\/simonchefenelcole.blogspot.com.es\/\" target=\"_blank\" rel=\"noopener noreferrer\">Blog de cocina: Simonchef en el cole.<\/a><\/td>\n<\/tr>\n<tr>\n<td style=\"width: 305.717px\"><a href=\"http:\/\/perfileando.blogspot.com\/\">Blog de materiales: Perfileando<\/a><\/td>\n<\/tr>\n<\/tbody>\n<\/table>\n<\/td>\n<\/tr>\n<\/tbody>\n<\/table>\n<p style=\"text-align: center\">Desde nuestro centro educativo nuestra mascota Simontic quiere ayudarnos a navegar por internet de un modo correcto y seguro. Esperamos que os guste y os sirva de ayuda.<\/p>\n<p style=\"text-align: center\">Si no pod\u00e9is visualizar bien el video os dejamos otro enlace para ello: <a href=\"https:\/\/drive.google.com\/file\/d\/1LpqPtphcu2XCSnilLmABej7mx66728YZ\/view?usp=sharing\">Pincha aqu\u00ed<\/a><br \/>\n<iframe loading=\"lazy\" src=\"https:\/\/player.vimeo.com\/video\/312758089\" width=\"440\" height=\"364\" frameborder=\"0\"><\/iframe><br \/>\n<a href=\"http:\/\/creativecommons.org\/licenses\/by-nc-sa\/4.0\/\" rel=\"license\"><img decoding=\"async\" style=\"border-width: 0\" src=\"https:\/\/i.creativecommons.org\/l\/by-nc-sa\/4.0\/88x31.png\" alt=\"Licencia de Creative Commons\"\/><\/a><br \/>\nSimontic te aconseja by CEIP Ram\u00f3n Simonet M\u00e1laga. Ilustraciones Daniel Moya Moreno y texto Magdalena Moreno. is licensed under a <a href=\"http:\/\/creativecommons.org\/licenses\/by-nc-sa\/4.0\/\" rel=\"license\">Creative Commons Reconocimiento-NoComercial-CompartirIgual 4.0 Internacional License<\/a>.<\/p>\n<p style=\"text-align: center\">Ahora Simontic os deja tambi\u00e9n otros consejos de seguridad. Recordad lo importante que es hacer bien las cosas en internet.<\/p>\n<div style=\"width: 100%\">\n<div style=\"padding-bottom: 70.72135785007072%;padding-top: 0;height: 0\"><iframe loading=\"lazy\" src=\"https:\/\/view.genial.ly\/5ed789d12565c70d09300650\" width=\"450px\" height=\"364px\" frameborder=\"0\" scrolling=\"yes\"><span data-mce-type=\"bookmark\" style=\"width: 0px;overflow: hidden;line-height: 0\" class=\"mce_SELRES_start\">\ufeff<\/span><span data-mce-type=\"bookmark\" style=\"width: 0px;overflow: hidden;line-height: 0\" class=\"mce_SELRES_start\">\ufeff<\/span><\/iframe><\/div>\n<p style=\"text-align: center\"><span style=\"color: black;font-family: 'Comic Sans ms'\">Fuera del centro escolar encontramos multitud de enlaces y recursos que nos aportan informaci\u00f3n sobre aspectos muy importantes. Gracias a todos los organismos y particulares que comparten dichos recursos con nosotros.<\/span><\/p>\n<table style=\"height: 549px\" width=\"906\">\n<tbody>\n<tr>\n<td style=\"vertical-align: middle\"><a href=\"http:\/\/www.andaluciaesdigital.es\/internet-seguro\/educar-para-proteger\" target=\"_blank\" rel=\"noopener noreferrer\"><img loading=\"lazy\" decoding=\"async\" class=\"aligncenter wp-image-66 size-medium\" src=\"https:\/\/blogsaverroes.juntadeandalucia.es\/ramonsimonet\/files\/2015\/10\/kiddia1-300x182.png\" alt=\"\" width=\"300\" height=\"182\" srcset=\"https:\/\/blogsaverroes.juntadeandalucia.es\/ramonsimonet\/files\/2015\/10\/kiddia1-300x182.png 300w, https:\/\/blogsaverroes.juntadeandalucia.es\/ramonsimonet\/files\/2015\/10\/kiddia1-700x426.png 700w, https:\/\/blogsaverroes.juntadeandalucia.es\/ramonsimonet\/files\/2015\/10\/kiddia1-332x202.png 332w, https:\/\/blogsaverroes.juntadeandalucia.es\/ramonsimonet\/files\/2015\/10\/kiddia1-268x164.png 268w, https:\/\/blogsaverroes.juntadeandalucia.es\/ramonsimonet\/files\/2015\/10\/kiddia1.png 964w\" sizes=\"(max-width: 300px) 100vw, 300px\" \/><\/a><\/td>\n<td style=\"vertical-align: middle\"><a href=\"http:\/\/www.navegacionsegura.es\/\" target=\"_blank\" rel=\"noopener noreferrer\"><img loading=\"lazy\" decoding=\"async\" class=\"aligncenter wp-image-70 size-medium\" src=\"https:\/\/blogsaverroes.juntadeandalucia.es\/ramonsimonet\/files\/2015\/10\/trivial-300x190.png\" alt=\"\" width=\"300\" height=\"190\" srcset=\"https:\/\/blogsaverroes.juntadeandalucia.es\/ramonsimonet\/files\/2015\/10\/trivial-300x190.png 300w, https:\/\/blogsaverroes.juntadeandalucia.es\/ramonsimonet\/files\/2015\/10\/trivial-700x443.png 700w, https:\/\/blogsaverroes.juntadeandalucia.es\/ramonsimonet\/files\/2015\/10\/trivial-332x210.png 332w, https:\/\/blogsaverroes.juntadeandalucia.es\/ramonsimonet\/files\/2015\/10\/trivial.png 975w\" sizes=\"(max-width: 300px) 100vw, 300px\" \/><\/a><\/td>\n<td style=\"vertical-align: middle\"><a href=\"http:\/\/www.juntadeandalucia.es\/filtrodecontenidos\/index.html\" target=\"_blank\" rel=\"noopener noreferrer\"><img loading=\"lazy\" decoding=\"async\" class=\"aligncenter wp-image-63 size-medium\" src=\"https:\/\/blogsaverroes.juntadeandalucia.es\/ramonsimonet\/files\/2015\/10\/filtro-de-contenidos-300x147.png\" alt=\"\" width=\"300\" height=\"147\" srcset=\"https:\/\/blogsaverroes.juntadeandalucia.es\/ramonsimonet\/files\/2015\/10\/filtro-de-contenidos-300x147.png 300w, https:\/\/blogsaverroes.juntadeandalucia.es\/ramonsimonet\/files\/2015\/10\/filtro-de-contenidos-332x162.png 332w, https:\/\/blogsaverroes.juntadeandalucia.es\/ramonsimonet\/files\/2015\/10\/filtro-de-contenidos.png 636w\" sizes=\"(max-width: 300px) 100vw, 300px\" \/><\/a><\/td>\n<\/tr>\n<tr>\n<td style=\"vertical-align: top\"><a href=\"https:\/\/www.osi.es\/es\/guia-de-privacidad-y-seguridad-en-internet\"><img loading=\"lazy\" decoding=\"async\" class=\"aligncenter wp-image-986\" src=\"https:\/\/blogsaverroes.juntadeandalucia.es\/ramonsimonet\/files\/2015\/11\/padres-300x211.png\" alt=\"\" width=\"300\" height=\"225\"\/><\/a><\/td>\n<td style=\"vertical-align: top\"><a href=\"http:\/\/clic.xtec.cat\/es\/jclic\/\" target=\"_blank\" rel=\"noopener noreferrer\"><img loading=\"lazy\" decoding=\"async\" class=\"aligncenter wp-image-152 size-medium\" src=\"https:\/\/blogsaverroes.juntadeandalucia.es\/ramonsimonet\/files\/2015\/10\/jclic-300x225.png\" alt=\"\" width=\"300\" height=\"225\" srcset=\"https:\/\/blogsaverroes.juntadeandalucia.es\/ramonsimonet\/files\/2015\/10\/jclic-300x225.png 300w, https:\/\/blogsaverroes.juntadeandalucia.es\/ramonsimonet\/files\/2015\/10\/jclic-150x113.png 150w, https:\/\/blogsaverroes.juntadeandalucia.es\/ramonsimonet\/files\/2015\/10\/jclic.png 1024w, https:\/\/blogsaverroes.juntadeandalucia.es\/ramonsimonet\/files\/2015\/10\/jclic-700x525.png 700w, https:\/\/blogsaverroes.juntadeandalucia.es\/ramonsimonet\/files\/2015\/10\/jclic-332x249.png 332w\" sizes=\"(max-width: 300px) 100vw, 300px\" \/><\/a><\/td>\n<td style=\"vertical-align: top\"><a href=\"https:\/\/portal.uah.es\/portal\/page\/portal\/proteccion_datos\/repositorio\/TIC9_11_es.pdf\" target=\"_blank\" rel=\"noopener noreferrer\"><img loading=\"lazy\" decoding=\"async\" class=\"aligncenter wp-image-151 size-medium\" src=\"https:\/\/blogsaverroes.juntadeandalucia.es\/ramonsimonet\/files\/2015\/10\/Pantallazo-2-300x228.png\" alt=\"\" width=\"300\" height=\"228\" srcset=\"https:\/\/blogsaverroes.juntadeandalucia.es\/ramonsimonet\/files\/2015\/10\/Pantallazo-2-300x228.png 300w, https:\/\/blogsaverroes.juntadeandalucia.es\/ramonsimonet\/files\/2015\/10\/Pantallazo-2-150x114.png 150w, https:\/\/blogsaverroes.juntadeandalucia.es\/ramonsimonet\/files\/2015\/10\/Pantallazo-2-332x253.png 332w, https:\/\/blogsaverroes.juntadeandalucia.es\/ramonsimonet\/files\/2015\/10\/Pantallazo-2.png 556w\" sizes=\"(max-width: 300px) 100vw, 300px\" \/><\/a><\/td>\n<\/tr>\n<tr>\n<td style=\"vertical-align: top\"><a href=\"https:\/\/www.youtube.com\/user\/pantallasamigas\" target=\"_blank\" rel=\"noopener noreferrer\"><img loading=\"lazy\" decoding=\"async\" class=\"aligncenter wp-image-670 size-medium\" src=\"https:\/\/blogsaverroes.juntadeandalucia.es\/ramonsimonet\/files\/2016\/02\/pantallas-amigas-300x199.png\" alt=\"\" width=\"300\" height=\"199\" srcset=\"https:\/\/blogsaverroes.juntadeandalucia.es\/ramonsimonet\/files\/2016\/02\/pantallas-amigas-300x199.png 300w, https:\/\/blogsaverroes.juntadeandalucia.es\/ramonsimonet\/files\/2016\/02\/pantallas-amigas-150x100.png 150w, https:\/\/blogsaverroes.juntadeandalucia.es\/ramonsimonet\/files\/2016\/02\/pantallas-amigas.png 887w\" sizes=\"(max-width: 300px) 100vw, 300px\" \/><\/a><\/td>\n<td style=\"vertical-align: top\"><a href=\"http:\/\/www.netiquetate.com\/\" target=\"_blank\" rel=\"noopener noreferrer\"><img loading=\"lazy\" decoding=\"async\" class=\"aligncenter wp-image-671 size-medium\" src=\"https:\/\/blogsaverroes.juntadeandalucia.es\/ramonsimonet\/files\/2016\/02\/netiquetate-300x190.png\" alt=\"\" width=\"300\" height=\"190\" srcset=\"https:\/\/blogsaverroes.juntadeandalucia.es\/ramonsimonet\/files\/2016\/02\/netiquetate-300x190.png 300w, https:\/\/blogsaverroes.juntadeandalucia.es\/ramonsimonet\/files\/2016\/02\/netiquetate-150x95.png 150w, https:\/\/blogsaverroes.juntadeandalucia.es\/ramonsimonet\/files\/2016\/02\/netiquetate.png 1001w\" sizes=\"(max-width: 300px) 100vw, 300px\" \/><\/a><\/td>\n<td style=\"vertical-align: top\">&nbsp;<a href=\"http:\/\/www.tudecideseninternet.es\/agpd1\/\"><img loading=\"lazy\" decoding=\"async\" class=\"aligncenter wp-image-992\" src=\"https:\/\/blogsaverroes.juntadeandalucia.es\/ramonsimonet\/files\/2015\/11\/se-legal-300x147.png\" alt=\"\" width=\"300\" height=\"190\"\/><\/a><\/td>\n<\/tr>\n<\/tbody>\n<\/table>\n<table>\n<tbody>\n<tr>\n<td><a href=\"https:\/\/www.is4k.es\/\"><img loading=\"lazy\" decoding=\"async\" class=\"aligncenter size-medium wp-image-1329\" src=\"https:\/\/blogsaverroes.juntadeandalucia.es\/ramonsimonet\/files\/2019\/09\/Sin-t\u00edtulo-289x300.png\" alt=\"\" width=\"289\" height=\"300\" srcset=\"https:\/\/blogsaverroes.juntadeandalucia.es\/ramonsimonet\/files\/2019\/09\/Sin-t\u00edtulo-289x300.png 289w, https:\/\/blogsaverroes.juntadeandalucia.es\/ramonsimonet\/files\/2019\/09\/Sin-t\u00edtulo-144x150.png 144w, https:\/\/blogsaverroes.juntadeandalucia.es\/ramonsimonet\/files\/2019\/09\/Sin-t\u00edtulo-768x798.png 768w, https:\/\/blogsaverroes.juntadeandalucia.es\/ramonsimonet\/files\/2019\/09\/Sin-t\u00edtulo-24x24.png 24w, https:\/\/blogsaverroes.juntadeandalucia.es\/ramonsimonet\/files\/2019\/09\/Sin-t\u00edtulo-36x36.png 36w, https:\/\/blogsaverroes.juntadeandalucia.es\/ramonsimonet\/files\/2019\/09\/Sin-t\u00edtulo-46x48.png 46w, https:\/\/blogsaverroes.juntadeandalucia.es\/ramonsimonet\/files\/2019\/09\/Sin-t\u00edtulo.png 869w\" sizes=\"(max-width: 289px) 100vw, 289px\" \/><\/a><\/td>\n<td>&nbsp;<\/td>\n<\/tr>\n<\/tbody>\n<\/table>\n<p>&nbsp;<\/p>\n<\/div>\n<h3>Im\u00e1genes Relacionadas:<\/h3>","protected":false},"excerpt":{"rendered":"<p>El trabajo de las tecnolog\u00edas de la informaci\u00f3n y de la comunicaci\u00f3n es muy amplio y variado. Uno de los recursos utilizados en el centro es el blog educativo. Actualmente est\u00e1n funcionando: Blog de&#46;&#46;&#46;<\/p>\n","protected":false},"author":2028,"featured_media":0,"parent":0,"menu_order":60,"comment_status":"closed","ping_status":"closed","template":"","meta":{"ngg_post_thumbnail":0,"footnotes":""},"aioseo_notices":[],"_links":{"self":[{"href":"https:\/\/blogsaverroes.juntadeandalucia.es\/ramonsimonet\/wp-json\/wp\/v2\/pages\/354"}],"collection":[{"href":"https:\/\/blogsaverroes.juntadeandalucia.es\/ramonsimonet\/wp-json\/wp\/v2\/pages"}],"about":[{"href":"https:\/\/blogsaverroes.juntadeandalucia.es\/ramonsimonet\/wp-json\/wp\/v2\/types\/page"}],"author":[{"embeddable":true,"href":"https:\/\/blogsaverroes.juntadeandalucia.es\/ramonsimonet\/wp-json\/wp\/v2\/users\/2028"}],"replies":[{"embeddable":true,"href":"https:\/\/blogsaverroes.juntadeandalucia.es\/ramonsimonet\/wp-json\/wp\/v2\/comments?post=354"}],"version-history":[{"count":40,"href":"https:\/\/blogsaverroes.juntadeandalucia.es\/ramonsimonet\/wp-json\/wp\/v2\/pages\/354\/revisions"}],"predecessor-version":[{"id":1589,"href":"https:\/\/blogsaverroes.juntadeandalucia.es\/ramonsimonet\/wp-json\/wp\/v2\/pages\/354\/revisions\/1589"}],"wp:attachment":[{"href":"https:\/\/blogsaverroes.juntadeandalucia.es\/ramonsimonet\/wp-json\/wp\/v2\/media?parent=354"}],"curies":[{"name":"wp","href":"https:\/\/api.w.org\/{rel}","templated":true}]}}