{"id":376,"date":"2015-11-18T08:37:29","date_gmt":"2015-11-18T08:37:29","guid":{"rendered":"http:\/\/blogsaverroes.juntadeandalucia.es\/ramonsimonet\/?page_id=376"},"modified":"2015-12-07T08:22:26","modified_gmt":"2015-12-07T08:22:26","slug":"himno-del-colegio","status":"publish","type":"page","link":"https:\/\/blogsaverroes.juntadeandalucia.es\/ramonsimonet\/himno-del-colegio\/","title":{"rendered":"Himno del colegio"},"content":{"rendered":"<table border=\"1\" cellspacing=\"2\" cellpadding=\"2\">\n<tbody>\n<tr>\n<td style=\"vertical-align: top\">\n<h3><span style=\"color: #228b22;font-family: broadway\">M\u00fasica: Manuel Caro Garc\u00eda<\/span><\/h3>\n<p>&nbsp;<\/p>\n<!--[if lt IE 9]><script>document.createElement('audio');<\/script><![endif]-->\n<audio class=\"wp-audio-shortcode\" id=\"audio-376-1\" preload=\"none\" style=\"width: 100%;\" controls=\"controls\"><source type=\"audio\/mpeg\" src=\"http:\/\/blogsaverroes.juntadeandalucia.es\/ramonsimonet\/files\/2015\/12\/ram\u00f3n-simonet.11-mp3cut.net_.mp3?_=1\" \/><a href=\"http:\/\/blogsaverroes.juntadeandalucia.es\/ramonsimonet\/files\/2015\/12\/ram\u00f3n-simonet.11-mp3cut.net_.mp3\">http:\/\/blogsaverroes.juntadeandalucia.es\/ramonsimonet\/files\/2015\/12\/ram\u00f3n-simonet.11-mp3cut.net_.mp3<\/a><\/audio>\n<div><\/div>\n<p>&nbsp;<\/p>\n<div>Para poder aprenderlo mejor, aqu\u00ed os dejamos un v\u00eddeo que os puede ayudar.<\/div>\n<div><\/div>\n<div><\/div>\n<div><a href=\"https:\/\/drive.google.com\/file\/d\/0ByHsUIffPNUuRGZlZ3lfa1dLVmc\/view?usp=sharing\"><img loading=\"lazy\" decoding=\"async\" class=\"aligncenter size-thumbnail wp-image-635\" src=\"http:\/\/blogsaverroes.juntadeandalucia.es\/ramonsimonet\/files\/2015\/11\/Captura-de-pantalla-de-2015-12-07-091025-150x112.png\" alt=\"Captura de pantalla de 2015-12-07 09:10:25\" width=\"170\" height=\"132\" \/><\/a><\/div>\n<div><\/div>\n<p>&nbsp;<\/td>\n<td>\n<h3><span style=\"color: #228b22;font-family: broadway\">Letra: Antonio Ca\u00f1ete Arcos<\/span><\/h3>\n<p><span style=\"color: black;font-family: escolar;font-size: 5\">Dentro de Andaluc\u00eda&#8230;<br \/>\nnos une una gran ciudad.<br \/>\nM\u00e1laga lleva por nombre,<br \/>\nmetr\u00f3polis, sin igual.<\/p>\n<p>En su \u00abrosa de los vientos\u00bb<br \/>\nhay un punto cardinal.<br \/>\nEn el norte est\u00e1 un colegio,<br \/>\nun colegio singular.<\/p>\n<p>Es el Ram\u00f3n Simonet,<br \/>\nun espacio cultural,<br \/>\ndonde juegan en equipo<br \/>\npara poder mejorar.<\/p>\n<p>Educaci\u00f3n y valores,<br \/>\nson la base principal,<br \/>\nde este nuestro aprendizaje,<br \/>\ncon bagaje instrumental.<\/p>\n<p>Se forma nuestro alumnado<br \/>\nen ciencia y diversidad.<br \/>\nPreparando su futuro<br \/>\npara entrar en sociedad.<\/p>\n<p>Formando una gran familia<br \/>\nen nuestra comunidad.<br \/>\nN\u00facleo educativo&#8230;<br \/>\ntambi\u00e9n espacio de paz.<\/span><\/td>\n<\/tr>\n<\/tbody>\n<\/table>\n<p>&nbsp;<\/p>\n<h3>Im\u00e1genes Relacionadas:<\/h3>","protected":false},"excerpt":{"rendered":"<p>M\u00fasica: Manuel Caro Garc\u00eda &nbsp; &nbsp; Para poder aprenderlo mejor, aqu\u00ed os dejamos un v\u00eddeo que os puede ayudar. &nbsp; Letra: Antonio Ca\u00f1ete Arcos Dentro de Andaluc\u00eda&#8230; nos une una gran ciudad. M\u00e1laga lleva&#46;&#46;&#46;<\/p>\n","protected":false},"author":2028,"featured_media":0,"parent":0,"menu_order":0,"comment_status":"closed","ping_status":"closed","template":"","meta":{"ngg_post_thumbnail":0,"footnotes":""},"aioseo_notices":[],"_links":{"self":[{"href":"https:\/\/blogsaverroes.juntadeandalucia.es\/ramonsimonet\/wp-json\/wp\/v2\/pages\/376"}],"collection":[{"href":"https:\/\/blogsaverroes.juntadeandalucia.es\/ramonsimonet\/wp-json\/wp\/v2\/pages"}],"about":[{"href":"https:\/\/blogsaverroes.juntadeandalucia.es\/ramonsimonet\/wp-json\/wp\/v2\/types\/page"}],"author":[{"embeddable":true,"href":"https:\/\/blogsaverroes.juntadeandalucia.es\/ramonsimonet\/wp-json\/wp\/v2\/users\/2028"}],"replies":[{"embeddable":true,"href":"https:\/\/blogsaverroes.juntadeandalucia.es\/ramonsimonet\/wp-json\/wp\/v2\/comments?post=376"}],"version-history":[{"count":55,"href":"https:\/\/blogsaverroes.juntadeandalucia.es\/ramonsimonet\/wp-json\/wp\/v2\/pages\/376\/revisions"}],"predecessor-version":[{"id":615,"href":"https:\/\/blogsaverroes.juntadeandalucia.es\/ramonsimonet\/wp-json\/wp\/v2\/pages\/376\/revisions\/615"}],"wp:attachment":[{"href":"https:\/\/blogsaverroes.juntadeandalucia.es\/ramonsimonet\/wp-json\/wp\/v2\/media?parent=376"}],"curies":[{"name":"wp","href":"https:\/\/api.w.org\/{rel}","templated":true}]}}