{"id":1043,"date":"2020-09-06T13:03:00","date_gmt":"2020-09-06T11:03:00","guid":{"rendered":"https:\/\/blogsaverroes.juntadeandalucia.es\/recursosdematematicas\/?page_id=1043"},"modified":"2022-01-17T22:52:07","modified_gmt":"2022-01-17T21:52:07","slug":"articulos","status":"publish","type":"page","link":"https:\/\/blogsaverroes.juntadeandalucia.es\/recursosdematematicas\/articulos\/","title":{"rendered":"Art\u00edculos en \u00abN\u00fameros\u00bb"},"content":{"rendered":"<p style=\"text-align: justify\"><span style=\"font-family: verdana, geneva, sans-serif;font-size: 14pt;color: #000080\">Sumando n\u00fameros impares consecutivos se puede obtener cualquier potencia de los n\u00fameros naturales. Adem\u00e1s se pueden distribuir los n\u00fameros impares en figuras y cuerpos geom\u00e9tricos de forma que los n\u00fameros de dichas figuras o cuerpos verifiquen la propiedad anterior.<\/span><\/p>\n<p><a href=\"https:\/\/drive.google.com\/file\/d\/1ga7FuN8_dLG9EzrtsOSAVOR5jTCS4mF4\/view\"><span style=\"font-family: verdana, geneva, sans-serif;font-size: 14pt;color: #000080\">\u2022 <\/span><span style=\"font-family: verdana, geneva, sans-serif;font-size: 14pt;color: #000080\"><strong>Los n\u00fameros impares y las potencias de los n\u00fameros naturales I<\/strong>. <\/span><\/a><\/p>\n<p style=\"text-align: justify\"><span style=\"font-family: verdana, geneva, sans-serif;font-size: 14pt;color: #000080\">Revista de Did\u00e1ctica de las Matem\u00e1ticas: N\u00fameros. Volumen 88. Marzo 2015. P\u00e1ginas: 55-74. ISSN: 1887-1984. Editada por la Sociedad Canaria \u00abIsaac Newton\u00bb de Profesores de Matem\u00e1ticas.<\/span><\/p>\n<p style=\"text-align: center\"><a href=\"https:\/\/drive.google.com\/file\/d\/1ga7FuN8_dLG9EzrtsOSAVOR5jTCS4mF4\/view\"><img loading=\"lazy\" decoding=\"async\" class=\"alignnone wp-image-1047\" src=\"https:\/\/blogsaverroes.juntadeandalucia.es\/recursosdematematicas\/files\/2020\/09\/Suma_88_portada-211x300.png\" alt=\"\" width=\"246\" height=\"350\" srcset=\"https:\/\/blogsaverroes.juntadeandalucia.es\/recursosdematematicas\/files\/2020\/09\/Suma_88_portada-211x300.png 211w, https:\/\/blogsaverroes.juntadeandalucia.es\/recursosdematematicas\/files\/2020\/09\/Suma_88_portada-17x24.png 17w, https:\/\/blogsaverroes.juntadeandalucia.es\/recursosdematematicas\/files\/2020\/09\/Suma_88_portada-25x36.png 25w, https:\/\/blogsaverroes.juntadeandalucia.es\/recursosdematematicas\/files\/2020\/09\/Suma_88_portada-34x48.png 34w, https:\/\/blogsaverroes.juntadeandalucia.es\/recursosdematematicas\/files\/2020\/09\/Suma_88_portada.png 393w\" sizes=\"(max-width: 246px) 100vw, 246px\" \/><\/a><a href=\"https:\/\/drive.google.com\/file\/d\/1ga7FuN8_dLG9EzrtsOSAVOR5jTCS4mF4\/view\"><img loading=\"lazy\" decoding=\"async\" class=\"alignnone wp-image-1048\" src=\"https:\/\/blogsaverroes.juntadeandalucia.es\/recursosdematematicas\/files\/2020\/09\/Suma_88_indice_1-211x300.png\" alt=\"\" width=\"247\" height=\"350\" srcset=\"https:\/\/blogsaverroes.juntadeandalucia.es\/recursosdematematicas\/files\/2020\/09\/Suma_88_indice_1-211x300.png 211w, https:\/\/blogsaverroes.juntadeandalucia.es\/recursosdematematicas\/files\/2020\/09\/Suma_88_indice_1-17x24.png 17w, https:\/\/blogsaverroes.juntadeandalucia.es\/recursosdematematicas\/files\/2020\/09\/Suma_88_indice_1-25x36.png 25w, https:\/\/blogsaverroes.juntadeandalucia.es\/recursosdematematicas\/files\/2020\/09\/Suma_88_indice_1-34x48.png 34w, https:\/\/blogsaverroes.juntadeandalucia.es\/recursosdematematicas\/files\/2020\/09\/Suma_88_indice_1.png 394w\" sizes=\"(max-width: 247px) 100vw, 247px\" \/><\/a><a href=\"https:\/\/drive.google.com\/file\/d\/1ga7FuN8_dLG9EzrtsOSAVOR5jTCS4mF4\/view\"><img loading=\"lazy\" decoding=\"async\" class=\"alignnone wp-image-1049\" src=\"https:\/\/blogsaverroes.juntadeandalucia.es\/recursosdematematicas\/files\/2020\/09\/Suma_88_indice_2-211x300.png\" alt=\"\" width=\"247\" height=\"350\" srcset=\"https:\/\/blogsaverroes.juntadeandalucia.es\/recursosdematematicas\/files\/2020\/09\/Suma_88_indice_2-211x300.png 211w, https:\/\/blogsaverroes.juntadeandalucia.es\/recursosdematematicas\/files\/2020\/09\/Suma_88_indice_2-17x24.png 17w, https:\/\/blogsaverroes.juntadeandalucia.es\/recursosdematematicas\/files\/2020\/09\/Suma_88_indice_2-25x36.png 25w, https:\/\/blogsaverroes.juntadeandalucia.es\/recursosdematematicas\/files\/2020\/09\/Suma_88_indice_2-34x48.png 34w, https:\/\/blogsaverroes.juntadeandalucia.es\/recursosdematematicas\/files\/2020\/09\/Suma_88_indice_2.png 393w\" sizes=\"(max-width: 247px) 100vw, 247px\" \/><\/a><\/p>\n<hr>\n<p style=\"text-align: justify\"><span style=\"font-family: verdana, geneva, sans-serif;font-size: 14pt;color: #000080\">En el art\u00edculo anterior se han calculado las potencias de los n\u00fameros naturales sumando n\u00fameros impares. En dicho trabajo, se fijaba el exponente y se modificaba la base. En este nuevo art\u00edculo se hace un estudio similar, pero ahora se considera fija la base y se modifica el exponente, calculando todas las potencias de cada uno de los n\u00fameros naturales mediante suma de n\u00fameros impares. Adem\u00e1s, de la misma forma que se hizo en el primero, se estudia una distribuci\u00f3n de los n\u00fameros impares, utilizados en cada suma, y tambi\u00e9n de los no utilizados, en figuras y cuerpos geom\u00e9tricos.<\/span><\/p>\n<p>&nbsp;<\/p>\n<p><a href=\"https:\/\/drive.google.com\/file\/d\/1OwcTSNFO1S33XR_tO7hcZgljgljCpkt8\/view\"><span style=\"font-family: verdana, geneva, sans-serif;font-size: 14pt;color: #000080\">\u2022 <\/span><span style=\"font-family: verdana, geneva, sans-serif;font-size: 14pt;color: #000080\"><strong>Los n\u00fameros impares y las potencias de los n\u00fameros naturales II<\/strong>. <\/span><\/a><\/p>\n<p style=\"text-align: justify\"><span style=\"font-family: verdana, geneva, sans-serif;font-size: 14pt;color: #000080\">Revista de Did\u00e1ctica de las Matem\u00e1ticas: N\u00fameros. Volumen 89. Julio 2015. P\u00e1ginas: 87-110. ISSN: 1887-1984. Editada por la Sociedad Canaria \u00abIsaac Newton\u00bb de Profesores de Matem\u00e1ticas.<\/span><\/p>\n<p style=\"text-align: center\"><a href=\"https:\/\/drive.google.com\/file\/d\/1OwcTSNFO1S33XR_tO7hcZgljgljCpkt8\/view\"><img loading=\"lazy\" decoding=\"async\" class=\"alignnone wp-image-1050\" src=\"https:\/\/blogsaverroes.juntadeandalucia.es\/recursosdematematicas\/files\/2020\/09\/Suma_89_portada-212x300.png\" alt=\"\" width=\"247\" height=\"350\" srcset=\"https:\/\/blogsaverroes.juntadeandalucia.es\/recursosdematematicas\/files\/2020\/09\/Suma_89_portada-212x300.png 212w, https:\/\/blogsaverroes.juntadeandalucia.es\/recursosdematematicas\/files\/2020\/09\/Suma_89_portada-17x24.png 17w, https:\/\/blogsaverroes.juntadeandalucia.es\/recursosdematematicas\/files\/2020\/09\/Suma_89_portada-25x36.png 25w, https:\/\/blogsaverroes.juntadeandalucia.es\/recursosdematematicas\/files\/2020\/09\/Suma_89_portada-34x48.png 34w, https:\/\/blogsaverroes.juntadeandalucia.es\/recursosdematematicas\/files\/2020\/09\/Suma_89_portada.png 393w\" sizes=\"(max-width: 247px) 100vw, 247px\" \/><\/a><a href=\"https:\/\/drive.google.com\/file\/d\/1OwcTSNFO1S33XR_tO7hcZgljgljCpkt8\/view\"><img loading=\"lazy\" decoding=\"async\" class=\"alignnone wp-image-1051\" src=\"https:\/\/blogsaverroes.juntadeandalucia.es\/recursosdematematicas\/files\/2020\/09\/Suma_89_indice_1-211x300.png\" alt=\"\" width=\"247\" height=\"350\" srcset=\"https:\/\/blogsaverroes.juntadeandalucia.es\/recursosdematematicas\/files\/2020\/09\/Suma_89_indice_1-211x300.png 211w, https:\/\/blogsaverroes.juntadeandalucia.es\/recursosdematematicas\/files\/2020\/09\/Suma_89_indice_1-17x24.png 17w, https:\/\/blogsaverroes.juntadeandalucia.es\/recursosdematematicas\/files\/2020\/09\/Suma_89_indice_1-25x36.png 25w, https:\/\/blogsaverroes.juntadeandalucia.es\/recursosdematematicas\/files\/2020\/09\/Suma_89_indice_1-34x48.png 34w, https:\/\/blogsaverroes.juntadeandalucia.es\/recursosdematematicas\/files\/2020\/09\/Suma_89_indice_1.png 394w\" sizes=\"(max-width: 247px) 100vw, 247px\" \/><\/a><a href=\"https:\/\/drive.google.com\/file\/d\/1OwcTSNFO1S33XR_tO7hcZgljgljCpkt8\/view\"><img loading=\"lazy\" decoding=\"async\" class=\"alignnone wp-image-1052\" src=\"https:\/\/blogsaverroes.juntadeandalucia.es\/recursosdematematicas\/files\/2020\/09\/Suma_89_indice_2-212x300.png\" alt=\"\" width=\"247\" height=\"350\" srcset=\"https:\/\/blogsaverroes.juntadeandalucia.es\/recursosdematematicas\/files\/2020\/09\/Suma_89_indice_2-212x300.png 212w, https:\/\/blogsaverroes.juntadeandalucia.es\/recursosdematematicas\/files\/2020\/09\/Suma_89_indice_2-17x24.png 17w, https:\/\/blogsaverroes.juntadeandalucia.es\/recursosdematematicas\/files\/2020\/09\/Suma_89_indice_2-25x36.png 25w, https:\/\/blogsaverroes.juntadeandalucia.es\/recursosdematematicas\/files\/2020\/09\/Suma_89_indice_2-34x48.png 34w, https:\/\/blogsaverroes.juntadeandalucia.es\/recursosdematematicas\/files\/2020\/09\/Suma_89_indice_2.png 394w\" sizes=\"(max-width: 247px) 100vw, 247px\" \/><\/a><\/p>\n","protected":false},"excerpt":{"rendered":"<p>Sumando n\u00fameros impares consecutivos se puede obtener cualquier potencia de los n\u00fameros naturales. Adem\u00e1s se pueden distribuir los n\u00fameros impares en figuras y cuerpos geom\u00e9tricos de forma que los n\u00fameros de dichas figuras o&#46;&#46;&#46;<\/p>\n","protected":false},"author":7927,"featured_media":0,"parent":0,"menu_order":0,"comment_status":"closed","ping_status":"closed","template":"","meta":{"ngg_post_thumbnail":0,"footnotes":""},"aioseo_notices":[],"_links":{"self":[{"href":"https:\/\/blogsaverroes.juntadeandalucia.es\/recursosdematematicas\/wp-json\/wp\/v2\/pages\/1043"}],"collection":[{"href":"https:\/\/blogsaverroes.juntadeandalucia.es\/recursosdematematicas\/wp-json\/wp\/v2\/pages"}],"about":[{"href":"https:\/\/blogsaverroes.juntadeandalucia.es\/recursosdematematicas\/wp-json\/wp\/v2\/types\/page"}],"author":[{"embeddable":true,"href":"https:\/\/blogsaverroes.juntadeandalucia.es\/recursosdematematicas\/wp-json\/wp\/v2\/users\/7927"}],"replies":[{"embeddable":true,"href":"https:\/\/blogsaverroes.juntadeandalucia.es\/recursosdematematicas\/wp-json\/wp\/v2\/comments?post=1043"}],"version-history":[{"count":13,"href":"https:\/\/blogsaverroes.juntadeandalucia.es\/recursosdematematicas\/wp-json\/wp\/v2\/pages\/1043\/revisions"}],"predecessor-version":[{"id":4104,"href":"https:\/\/blogsaverroes.juntadeandalucia.es\/recursosdematematicas\/wp-json\/wp\/v2\/pages\/1043\/revisions\/4104"}],"wp:attachment":[{"href":"https:\/\/blogsaverroes.juntadeandalucia.es\/recursosdematematicas\/wp-json\/wp\/v2\/media?parent=1043"}],"curies":[{"name":"wp","href":"https:\/\/api.w.org\/{rel}","templated":true}]}}