{"id":553,"date":"2020-07-31T19:29:45","date_gmt":"2020-07-31T17:29:45","guid":{"rendered":"https:\/\/blogsaverroes.juntadeandalucia.es\/recursosdematematicas\/?page_id=553"},"modified":"2024-02-26T10:01:48","modified_gmt":"2024-02-26T09:01:48","slug":"proyecto-descartes","status":"publish","type":"page","link":"https:\/\/blogsaverroes.juntadeandalucia.es\/recursosdematematicas\/proyecto-descartes\/","title":{"rendered":"Proyecto Descartes"},"content":{"rendered":"<p style=\"text-align: justify\"><span style=\"font-family: verdana, geneva, sans-serif;font-size: 12pt;color: #333399\">Esta p\u00e1gina contiene informaci\u00f3n y enlaces a los materiales del Proyecto Descartes, Proyecto en el que tuve el privilegio de participar y del que me siento muy orgulloso de formar parte del mismo.<\/span><\/p>\n<p style=\"text-align: justify\"><span style=\"font-size: 12pt;color: #333399;font-family: verdana, geneva, sans-serif\"><a style=\"color: #333399\" href=\"https:\/\/proyectodescartes.org\/descartescms\/\"><strong>RED EDUCATIVA DIGITAL DESCARTES<\/strong><\/a><\/span><\/p>\n<p style=\"text-align: justify\"><a href=\"https:\/\/proyectodescartes.org\/descartescms\/\"><span style=\"font-size: 12pt;color: #333399;font-family: verdana, geneva, sans-serif\"><img loading=\"lazy\" decoding=\"async\" class=\"alignnone size-full wp-image-576 aligncenter\" src=\"https:\/\/blogsaverroes.juntadeandalucia.es\/recursosdematematicas\/files\/2020\/08\/proyecto-descartes-1.png\" alt=\"\" width=\"476\" height=\"78\" srcset=\"https:\/\/blogsaverroes.juntadeandalucia.es\/recursosdematematicas\/files\/2020\/08\/proyecto-descartes-1.png 476w, https:\/\/blogsaverroes.juntadeandalucia.es\/recursosdematematicas\/files\/2020\/08\/proyecto-descartes-1-300x49.png 300w, https:\/\/blogsaverroes.juntadeandalucia.es\/recursosdematematicas\/files\/2020\/08\/proyecto-descartes-1-24x4.png 24w, https:\/\/blogsaverroes.juntadeandalucia.es\/recursosdematematicas\/files\/2020\/08\/proyecto-descartes-1-36x6.png 36w, https:\/\/blogsaverroes.juntadeandalucia.es\/recursosdematematicas\/files\/2020\/08\/proyecto-descartes-1-48x8.png 48w\" sizes=\"(max-width: 476px) 100vw, 476px\" \/><\/span><\/a><\/p>\n<p style=\"text-align: justify\"><span style=\"font-family: verdana, geneva, sans-serif;font-size: 12pt;color: #333399\">Este portal es de la \u00ab<strong>Red Educativa Digital Descartes<\/strong>\u00bb (RED Descartes), asociaci\u00f3n no gubernamental sin \u00e1nimo de lucro constituida el 1 de junio de 2013 que tiene como fin promover la renovaci\u00f3n y cambio metodol\u00f3gico en los procesos de aprendizaje y ense\u00f1anza de las Matem\u00e1ticas, y tambi\u00e9n en otras \u00e1reas de conocimiento, utilizando los recursos digitales interactivos generados en el&nbsp;<strong>Proyecto Descartes<\/strong>. En particular, para la consecuci\u00f3n de este fin, se promueve el desarrollo y difusi\u00f3n de la herramienta de autor denominada \u00ab<a style=\"color: #333399\" href=\"https:\/\/proyectodescartes.org\/descartescms\/descartesjs\" target=\"_self\" rel=\"noopener noreferrer\">Descartes<\/a>\u00ab.<\/span><\/p>\n<p style=\"text-align: justify\"><span style=\"font-family: verdana, geneva, sans-serif;font-size: 12pt;color: #333399\">Descartes y el Proyecto Descartes inici\u00f3 su andadura en junio del a\u00f1o 1998 en un contexto matem\u00e1tico, pero ha ido evolucionando y ampliando su \u00e1mbito de aplicaci\u00f3n a otras \u00e1reas cient\u00edficas, sociales y literarias.<\/span><\/p>\n<p style=\"text-align: justify\"><span style=\"font-size: 12pt;color: #333399;font-family: verdana, geneva, sans-serif\"><strong>Proyecto EDAD.<\/strong><\/span><\/p>\n<p style=\"text-align: justify\"><span style=\"font-family: verdana, geneva, sans-serif;font-size: 12pt;color: #333399\">El proyecto \u00abEDAD\u00bb (Educaci\u00f3n Digital con Descartes) surge con el prop\u00f3sito de desarrollar recursos educativos digitales interactivos, para la Educaci\u00f3n Secundaria Obligatoria (ESO) en las \u00e1reas curriculares de Matem\u00e1ticas, Ciencias Naturales y F\u00edsica y Qu\u00edmica, que permitan su uso tanto en la ense\u00f1anza presencial como en la formaci\u00f3n a distancia.<\/span><\/p>\n<p style=\"text-align: center\"><span style=\"font-size: 12pt;color: #333399;font-family: verdana, geneva, sans-serif\"><a style=\"color: #333399\" href=\"https:\/\/proyectodescartes.org\/EDAD\/materiales.htm\">https:\/\/proyectodescartes.org\/EDAD\/materiales.htm<\/a><\/span><\/p>\n<p style=\"text-align: justify\"><span style=\"font-size: 12pt;color: #333399;font-family: verdana, geneva, sans-serif\"><strong>Unidades did\u00e1cticas.<\/strong><\/span><\/p>\n<p style=\"text-align: justify\"><span style=\"font-family: verdana, geneva, sans-serif;color: #333399;font-size: 12pt\">En esta web de la Red Educativa Digital Descartes se incluyen numerosas unidades did\u00e1cticas de Matem\u00e1ticas y de F\u00edsica y Qu\u00edmica que han sido desarrolladas por profesores y profesoras y han querido compartirlas con todo el profesorado, con el alumnado y con toda la comunidad educativa de la aldea global en la que vivimos, buscando profundizar en el conocimiento conformando una Academia&nbsp;educativa. En estas unidades se recoge la experiencia adquirida en el aula, en el ejercicio de la profesi\u00f3n docente, y ese conocimiento se ha integrado potenci\u00e1ndolo mediante el uso de escenas interactivas de Descartes que contribuyen a la visualizaci\u00f3n de los conceptos, a la pr\u00e1ctica de procedimientos, al redescubrimiento de las matem\u00e1ticas y las ciencias, y en definitiva a que el aprendizaje de \u00e9stas sea un aprendizaje significativo.<\/span><\/p>\n<p style=\"text-align: center\"><span style=\"font-family: verdana, geneva, sans-serif;font-size: 12pt;color: #333399\"><a style=\"color: #333399\" href=\"https:\/\/proyectodescartes.org\/uudd\/index.htm\">https:\/\/proyectodescartes.org\/uudd\/index.htm<\/a><\/span><\/p>\n<p style=\"text-align: justify\"><strong><span style=\"font-size: 12pt;color: #333399;font-family: verdana, geneva, sans-serif\">Miscel\u00e1neas.<\/span><\/strong><\/p>\n<p style=\"text-align: justify\"><span style=\"font-size: 12pt;color: #333399;font-family: verdana, geneva, sans-serif\">Esta web recoge escenas aisladas que tratan aspectos muy variados del curr\u00edculo de Matem\u00e1ticas y que pueden servir para que el profesorado las utilice directamente para ilustrar conceptos y t\u00e9cnicas b\u00e1sicas, o para que construyan con ellas actividades y propuestas de trabajo en el aula. Pretende ser una caja de herramientas matem\u00e1ticas que el docente pude utilizar como apoyo y refuerzo al trabajo diario. El profesorado podr\u00e1 disponer de escenas para crear sus propias lecciones, creando actividades para que el alumnado investigue, deduzca y llegue a conclusiones por s\u00ed mismo.<\/span><\/p>\n<p style=\"text-align: center\"><span style=\"font-size: 12pt;color: #333399;font-family: verdana, geneva, sans-serif\"><a style=\"color: #333399\" href=\"https:\/\/proyectodescartes.org\/miscelanea\/index.htm\">https:\/\/proyectodescartes.org\/miscelanea\/index.htm<\/a><\/span><\/p>\n<p><span style=\"font-size: 12pt\"><strong><span style=\"font-family: verdana, geneva, sans-serif;color: #333399\">Competencias.<\/span><\/strong><\/span><\/p>\n<p style=\"text-align: justify\"><span style=\"font-size: 12pt;color: #333399;font-family: verdana, geneva, sans-serif\">Esta web recoge objetos de aprendizaje interactivos cuyo objetivo es la formaci\u00f3n y evaluaci\u00f3n competencial. Sus contenidos se basan en las unidades liberadas de PISA, en las de las Pruebas de Evaluaci\u00f3n de Diagn\u00f3stico de diferentes Comunidades aut\u00f3nomas espa\u00f1olas de acuerdo a la Ley Org\u00e1nica de Educaci\u00f3n (LOE) de 2006 y a las pruebas de Evaluaci\u00f3n de diagn\u00f3stico establecidas por la Ley Org\u00e1nica para la Mejora de la Calidad Educativa (LOMCE) de 2013. Aunque el objetivo inicial y \u00fanico de dichas unidades es la evaluaci\u00f3n tambi\u00e9n pueden usarse en el contexto formativo, pero con una gran limitaci\u00f3n causada por el hecho de ser est\u00e1ticas, es decir, constan de un planteamiento, enunciado, preguntas y datos que son fijos. Consecuentemente, una vez que el alumnado conoce la respuesta, \u00e9ste no puede reutilizar dicha unidad para aprender, pues ser\u00eda abordar una mera reproducci\u00f3n. Pero con&nbsp;<a style=\"color: #333399\" href=\"http:\/\/proyectodescartes.org\/descartescms\/descartesjs\">Descartes<\/a>&nbsp;esas unidades se reconvierten y adquieren din\u00e1mismo e interactividad, permitiendo a sus usuarios la adquisici\u00f3n de competencias. Por tanto, pasamos de un recurso informativo a uno formativo y como complemento, si se desea, sigue sirviendo adicionalmente como un instrumento para la evaluaci\u00f3n.<\/span><\/p>\n<p style=\"text-align: center\"><span style=\"font-size: 12pt;color: #333399;font-family: verdana, geneva, sans-serif\"><a style=\"color: #333399\" href=\"https:\/\/proyectodescartes.org\/competencias\/index.htm\">https:\/\/proyectodescartes.org\/competencias\/index.htm<\/a><\/span><\/p>\n<p><span style=\"color: #000080\"><strong><span style=\"font-family: verdana, geneva, sans-serif\">iCartesiLibri.<\/span><\/strong><\/span><\/p>\n<p style=\"text-align: justify\"><span style=\"font-family: verdana, geneva, sans-serif;font-size: 12pt;color: #000080\">El objetivo de este proyecto es la conceptualizaci\u00f3n y el desarrollo de libros din\u00e1micos, interactivos, multimedia, centrados en el aprendizaje y potenciadores de la educaci\u00f3n de personas que aprenden a aprender, que adquieren autonom\u00eda y se forman competencialmente para afrontar su trayectoria vital.<\/span><\/p>\n<p style=\"text-align: justify\"><span style=\"font-family: verdana, geneva, sans-serif;font-size: 12pt;color: #000080\">Nuestro dise\u00f1o hace que estos libros sean accesibles y plenamente operativos en cualquier ordenador personal o en cualquier dispositivo m\u00f3vil tipo tableta y smartphone, independientemente del sistema operativo que porte.<\/span><\/p>\n<p style=\"text-align: justify\"><span style=\"font-family: verdana, geneva, sans-serif;font-size: 12pt;color: #000080\">Este espacio web se configura como un espacio evolutivo en el que las ideas fluyan a trav\u00e9s de los ejemplares publicados, en el que la selecci\u00f3n sea fruto del intercambio de experiencias y en el que los avances sean la sinergia de nuestra colaboraci\u00f3n.<\/span><\/p>\n<p style=\"text-align: justify\"><span style=\"font-family: verdana, geneva, sans-serif;font-size: 12pt;color: #000080\">Un primer antecedente puede situarse en los libros interactivos del&nbsp;<a style=\"color: #000080\" href=\"http:\/\/proyectodescartes.org\/EDAD\/index.htm\" target=\"_blank\" rel=\"noopener noreferrer\">proyecto ED@D<\/a>&nbsp;de la RED Descartes.<\/span><\/p>\n<p style=\"text-align: justify\" align=\"center\"><span style=\"font-family: verdana, geneva, sans-serif;font-size: 12pt;color: #000080\">Todos estos libros incorporan escenas interactivas que usan&nbsp;<a style=\"color: #000080\" href=\"http:\/\/descartesjs.org\/\" target=\"_blank\" rel=\"noopener noreferrer\">DescartesJS.<\/a><\/span><\/p>\n<p style=\"text-align: center\"><a href=\"https:\/\/proyectodescartes.org\/iCartesiLibri\/index.htm\"><span style=\"font-family: verdana, geneva, sans-serif;color: #000080\">https:\/\/proyectodescartes.org\/iCartesiLibri\/index.htm<\/span><\/a><\/p>\n<p style=\"text-align: justify\"><span style=\"font-family: verdana, geneva, sans-serif;color: #333399;font-size: 12pt\">Y adem\u00e1s:<\/span><\/p>\n<p><span style=\"font-family: verdana, geneva, sans-serif;color: #333399;font-size: 12pt\"><strong>Proyecto ASIPISA<\/strong>.&nbsp; &nbsp; &nbsp;https:\/\/proyectodescartes.org\/ASIPISA\/index.htm<\/span><\/p>\n<p><span style=\"font-family: verdana, geneva, sans-serif;color: #333399;font-size: 12pt\"><strong>Proyecto CANALS<\/strong>.&nbsp; &nbsp; &nbsp;https:\/\/proyectodescartes.org\/canals\/index.htm<\/span><\/p>\n<p><span style=\"font-family: verdana, geneva, sans-serif;color: #333399;font-size: 12pt\"><strong>Proyecto PIZARRA INTERACTIVA<\/strong>.&nbsp; &nbsp; &nbsp;https:\/\/proyectodescartes.org\/PI\/index.htm<\/span><\/p>\n<p><span style=\"font-family: verdana, geneva, sans-serif;color: #333399;font-size: 12pt\"><strong>Proyecto Un 100<\/strong>.&nbsp; &nbsp; &nbsp;https:\/\/proyectodescartes.org\/Un_100\/index.htm<\/span><\/p>\n","protected":false},"excerpt":{"rendered":"<p>Esta p\u00e1gina contiene informaci\u00f3n y enlaces a los materiales del Proyecto Descartes, Proyecto en el que tuve el privilegio de participar y del que me siento muy orgulloso de formar parte del mismo. RED&#46;&#46;&#46;<\/p>\n","protected":false},"author":7927,"featured_media":0,"parent":0,"menu_order":0,"comment_status":"closed","ping_status":"closed","template":"","meta":{"ngg_post_thumbnail":0,"footnotes":""},"aioseo_notices":[],"_links":{"self":[{"href":"https:\/\/blogsaverroes.juntadeandalucia.es\/recursosdematematicas\/wp-json\/wp\/v2\/pages\/553"}],"collection":[{"href":"https:\/\/blogsaverroes.juntadeandalucia.es\/recursosdematematicas\/wp-json\/wp\/v2\/pages"}],"about":[{"href":"https:\/\/blogsaverroes.juntadeandalucia.es\/recursosdematematicas\/wp-json\/wp\/v2\/types\/page"}],"author":[{"embeddable":true,"href":"https:\/\/blogsaverroes.juntadeandalucia.es\/recursosdematematicas\/wp-json\/wp\/v2\/users\/7927"}],"replies":[{"embeddable":true,"href":"https:\/\/blogsaverroes.juntadeandalucia.es\/recursosdematematicas\/wp-json\/wp\/v2\/comments?post=553"}],"version-history":[{"count":12,"href":"https:\/\/blogsaverroes.juntadeandalucia.es\/recursosdematematicas\/wp-json\/wp\/v2\/pages\/553\/revisions"}],"predecessor-version":[{"id":6454,"href":"https:\/\/blogsaverroes.juntadeandalucia.es\/recursosdematematicas\/wp-json\/wp\/v2\/pages\/553\/revisions\/6454"}],"wp:attachment":[{"href":"https:\/\/blogsaverroes.juntadeandalucia.es\/recursosdematematicas\/wp-json\/wp\/v2\/media?parent=553"}],"curies":[{"name":"wp","href":"https:\/\/api.w.org\/{rel}","templated":true}]}}