{"id":17,"date":"2025-11-25T19:02:52","date_gmt":"2025-11-25T18:02:52","guid":{"rendered":"https:\/\/blogsaverroes.juntadeandalucia.es\/reda\/?page_id=17"},"modified":"2026-03-22T22:13:47","modified_gmt":"2026-03-22T21:13:47","slug":"gtreda","status":"publish","type":"page","link":"https:\/\/blogsaverroes.juntadeandalucia.es\/reda\/gtreda\/","title":{"rendered":"El Grupo de Trabajo"},"content":{"rendered":"<p><img loading=\"lazy\" decoding=\"async\" class=\"alignnone size-full wp-image-75\" src=\"https:\/\/blogsaverroes.juntadeandalucia.es\/reda\/files\/2026\/03\/infografia-reda-2.png\" alt=\"\" width=\"1536\" height=\"2752\" srcset=\"https:\/\/blogsaverroes.juntadeandalucia.es\/reda\/files\/2026\/03\/infografia-reda-2.png 1536w, https:\/\/blogsaverroes.juntadeandalucia.es\/reda\/files\/2026\/03\/infografia-reda-2-167x300.png 167w, https:\/\/blogsaverroes.juntadeandalucia.es\/reda\/files\/2026\/03\/infografia-reda-2-572x1024.png 572w, https:\/\/blogsaverroes.juntadeandalucia.es\/reda\/files\/2026\/03\/infografia-reda-2-768x1376.png 768w, https:\/\/blogsaverroes.juntadeandalucia.es\/reda\/files\/2026\/03\/infografia-reda-2-857x1536.png 857w, https:\/\/blogsaverroes.juntadeandalucia.es\/reda\/files\/2026\/03\/infografia-reda-2-1143x2048.png 1143w, https:\/\/blogsaverroes.juntadeandalucia.es\/reda\/files\/2026\/03\/infografia-reda-2-750x1344.png 750w\" sizes=\"(max-width: 1536px) 100vw, 1536px\" \/><\/p>\n<p><strong>Grupo de Trabajo Radios Educativas de Andaluc\u00eda<\/strong><br \/>\nC\u00f3digo: 264127GT189<br \/>\nCEP de Sevilla<br \/>\nAsesora: <strong>Demelza Villalba<\/strong><\/p>\n<p>Componentes Grupo de Trabajo:<\/p>\n<ul>\n<li><strong>Fran Cort\u00e9s<\/strong> &#8211; IES La Marisma &#8211; \ud83d\udcfb<strong><em><a href=\"https:\/\/www.facebook.com\/lacavernadeuniradio\">Radio La Caverna<\/a><\/em><\/strong><\/li>\n<li><strong>Emilio Plazas<\/strong> &#8211; SEP Salteras &#8211; \ud83d\udcfb<strong><em><a href=\"https:\/\/radioalberquilla.com\/\">Radio Alberquilla<\/a><\/em><\/strong><\/li>\n<li><strong>Manuel Moreno<\/strong> &#8211; CEIP Manuel P\u00e9rez &#8211; \ud83d\udcfb<strong><em><a href=\"https:\/\/sites.google.com\/g.educaand.es\/radioarroyillo\/inicio\">Radio Arroyillo<\/a><\/em><\/strong><\/li>\n<li><strong>V\u00edctor Guirado<\/strong> &#8211; CEIP Vicente Aleixandre &#8211; \ud83d\udcfb<strong><em><a href=\"https:\/\/blogsaverroes.juntadeandalucia.es\/radiovicentealeixandre\/\">Radio Escolar VA<\/a><\/em><\/strong><\/li>\n<\/ul>\n<p>&nbsp;<\/p>\n<p>\ud83d\udce2Enlace al Grupo de Google Chat (se requiere cuenta @g.educaand.es ): <a href=\"https:\/\/chat.google.com\/room\/AAQACHNStjU?cls=7\">https:\/\/chat.google.com\/room\/AAQACHNStjU?cls=7<\/a><\/p>\n<p>\ud83d\udce7Correo electr\u00f3nico: <a href=\"mailto:grupotrabajoreda@gmail.com\">grupotrabajoreda@gmail.com<\/a><\/p>\n<p><strong>\ud83d\uddfa\ufe0fEscribe en el siguiente formulario para a\u00f1adir la radio de tu centro educativo<\/strong><\/p>\n\n<div class=\"wpcf7 no-js\" id=\"wpcf7-f68-o1\" lang=\"es-ES\" dir=\"ltr\">\n<div class=\"screen-reader-response\"><p role=\"status\" aria-live=\"polite\" aria-atomic=\"true\"><\/p> <ul><\/ul><\/div>\n<form action=\"\/reda\/wp-json\/wp\/v2\/pages\/17#wpcf7-f68-o1\" method=\"post\" class=\"wpcf7-form init\" aria-label=\"Formulario de contacto\" novalidate=\"novalidate\" data-status=\"init\">\n<div style=\"display: none;\">\n<input type=\"hidden\" name=\"_wpcf7\" value=\"68\" \/>\n<input type=\"hidden\" name=\"_wpcf7_version\" value=\"5.9.8\" \/>\n<input type=\"hidden\" name=\"_wpcf7_locale\" value=\"es_ES\" \/>\n<input type=\"hidden\" name=\"_wpcf7_unit_tag\" value=\"wpcf7-f68-o1\" \/>\n<input type=\"hidden\" name=\"_wpcf7_container_post\" value=\"0\" \/>\n<input type=\"hidden\" name=\"_wpcf7_posted_data_hash\" value=\"\" \/>\n<\/div>\n<p>Contacto<br \/>\n<label> Tu nombre<br \/>\n<span class=\"wpcf7-form-control-wrap\" data-name=\"your-name\"><input size=\"40\" maxlength=\"400\" class=\"wpcf7-form-control wpcf7-text wpcf7-validates-as-required\" autocomplete=\"name\" aria-required=\"true\" aria-invalid=\"false\" value=\"\" type=\"text\" name=\"your-name\" \/><\/span> <\/label>\n<\/p>\n<p><label> Tu correo electr\u00f3nico<br \/>\n<span class=\"wpcf7-form-control-wrap\" data-name=\"your-email\"><input size=\"40\" maxlength=\"400\" class=\"wpcf7-form-control wpcf7-email wpcf7-validates-as-required wpcf7-text wpcf7-validates-as-email\" autocomplete=\"email\" aria-required=\"true\" aria-invalid=\"false\" value=\"\" type=\"email\" name=\"your-email\" \/><\/span> <\/label>\n<\/p>\n<p><label> Asunto<br \/>\n<span class=\"wpcf7-form-control-wrap\" data-name=\"your-subject\"><input size=\"40\" maxlength=\"400\" class=\"wpcf7-form-control wpcf7-text wpcf7-validates-as-required\" aria-required=\"true\" aria-invalid=\"false\" value=\"\" type=\"text\" name=\"your-subject\" \/><\/span> <\/label>\n<\/p>\n<p><label> Tu mensaje (ubicaci\u00f3n y enlace a la plataforma de p\u00f3dcast del centro educativo)<br \/>\n<span class=\"wpcf7-form-control-wrap\" data-name=\"your-message\"><textarea cols=\"40\" rows=\"10\" maxlength=\"2000\" class=\"wpcf7-form-control wpcf7-textarea\" aria-invalid=\"false\" name=\"your-message\"><\/textarea><\/span> <\/label>\n<\/p>\n<p><input class=\"wpcf7-form-control wpcf7-submit has-spinner\" type=\"submit\" value=\"Enviar\" \/>\n<\/p><div class=\"wpcf7-response-output\" aria-hidden=\"true\"><\/div>\n<\/form>\n<\/div>\n\n","protected":false},"excerpt":{"rendered":"<p>Grupo de Trabajo Radios Educativas de Andaluc\u00eda C\u00f3digo: 264127GT189 CEP de Sevilla Asesora: Demelza Villalba Componentes Grupo de Trabajo: Fran Cort\u00e9s &#8211; IES La Marisma &#8211; \ud83d\udcfbRadio La Caverna Emilio Plazas &#8211; SEP Salteras &#8211; \ud83d\udcfbRadio Alberquilla Manuel Moreno &#8211; CEIP Manuel P\u00e9rez &#8211; \ud83d\udcfbRadio Arroyillo V\u00edctor Guirado &#8211; CEIP Vicente Aleixandre &#8211; \ud83d\udcfbRadio Escolar &hellip; <\/p>\n<p><a class=\"more-link btn\" href=\"https:\/\/blogsaverroes.juntadeandalucia.es\/reda\/gtreda\/\">Seguir leyendo<\/a><\/p>\n","protected":false},"author":955,"featured_media":0,"parent":0,"menu_order":0,"comment_status":"closed","ping_status":"closed","template":"","meta":{"footnotes":""},"aioseo_notices":[],"_links":{"self":[{"href":"https:\/\/blogsaverroes.juntadeandalucia.es\/reda\/wp-json\/wp\/v2\/pages\/17"}],"collection":[{"href":"https:\/\/blogsaverroes.juntadeandalucia.es\/reda\/wp-json\/wp\/v2\/pages"}],"about":[{"href":"https:\/\/blogsaverroes.juntadeandalucia.es\/reda\/wp-json\/wp\/v2\/types\/page"}],"author":[{"embeddable":true,"href":"https:\/\/blogsaverroes.juntadeandalucia.es\/reda\/wp-json\/wp\/v2\/users\/955"}],"replies":[{"embeddable":true,"href":"https:\/\/blogsaverroes.juntadeandalucia.es\/reda\/wp-json\/wp\/v2\/comments?post=17"}],"version-history":[{"count":11,"href":"https:\/\/blogsaverroes.juntadeandalucia.es\/reda\/wp-json\/wp\/v2\/pages\/17\/revisions"}],"predecessor-version":[{"id":97,"href":"https:\/\/blogsaverroes.juntadeandalucia.es\/reda\/wp-json\/wp\/v2\/pages\/17\/revisions\/97"}],"wp:attachment":[{"href":"https:\/\/blogsaverroes.juntadeandalucia.es\/reda\/wp-json\/wp\/v2\/media?parent=17"}],"curies":[{"name":"wp","href":"https:\/\/api.w.org\/{rel}","templated":true}]}}