{"id":2,"date":"2020-03-24T21:23:26","date_gmt":"2020-03-24T20:23:26","guid":{"rendered":"https:\/\/blogsaverroes.juntadeandalucia.es\/redcolaboradores\/?page_id=2"},"modified":"2020-03-25T17:26:17","modified_gmt":"2020-03-25T16:26:17","slug":"pagina-ejemplo","status":"publish","type":"page","link":"https:\/\/blogsaverroes.juntadeandalucia.es\/redcolaboradores\/","title":{"rendered":"P\u00e1gina de ejemplo"},"content":{"rendered":"\t\t<div data-elementor-type=\"wp-post\" data-elementor-id=\"2\" class=\"elementor elementor-2\">\n\t\t\t\t\t\t<section class=\"elementor-section elementor-top-section elementor-element elementor-element-7ec3eb81 elementor-section-boxed elementor-section-height-default elementor-section-height-default\" data-id=\"7ec3eb81\" data-element_type=\"section\">\n\t\t\t\t\t\t<div class=\"elementor-container elementor-column-gap-default\">\n\t\t\t\t\t<div class=\"elementor-column elementor-col-100 elementor-top-column elementor-element elementor-element-1bf58713\" data-id=\"1bf58713\" data-element_type=\"column\">\n\t\t\t<div class=\"elementor-widget-wrap elementor-element-populated\">\n\t\t\t\t\t\t<div class=\"elementor-element elementor-element-673a00e9 elementor-widget elementor-widget-text-editor\" data-id=\"673a00e9\" data-element_type=\"widget\" data-widget_type=\"text-editor.default\">\n\t\t\t\t<div class=\"elementor-widget-container\">\n\t\t\t\t\t\t\t\t\t\n<p>Esta es una p\u00e1gina de ejemplo. Es diferente a una entrada del blog porque permanecer\u00e1 en un solo lugar y aparecer\u00e1 en la navegaci\u00f3n de tu sitio (en la mayor\u00eda de los temas). La mayor\u00eda de las personas comienzan con una p\u00e1gina \u00abAcerca de\u00bb que les presenta a los visitantes potenciales del sitio. Podr\u00edas decir algo as\u00ed:<\/p>\n\n\n\n<blockquote class=\"wp-block-quote\"><p>\u00a1Bienvenido! Soy camarero de d\u00eda, aspirante a actor de noche y esta es mi web. Vivo en Mairena del Alcor, tengo un perro que se llama Firulais y me gusta el rebujito. (Y las tardes largas con caf\u00e9).<\/p><\/blockquote>\n\n\n\n<p>\u2026o algo as\u00ed:<\/p>\n\n\n\n<blockquote class=\"wp-block-quote\"><p>La empresa \u00abMariscos Recio\u00bb fue fundada por Antonio Recio Mata. Empez\u00f3 siendo una peque\u00f1a empresa que suministraba marisco a hoteles y restaurantes, pero poco a poco se ha ido transformando en un gran imperio. Mariscos Recio, el mar al mejor precio.<\/p><\/blockquote>\n\n\n\n<p>Como nuevo usuario de WordPress, deber\u00edas ir a <a href=\"https:\/\/blogsaverroes.juntadeandalucia.es\/redcolaboradores\/wp-admin\/\">tu escritorio<\/a> para borrar esta p\u00e1gina y crear nuevas p\u00e1ginas para tu contenido. \u00a1P\u00e1salo bien!<\/p>\n\t\t\t\t\t\t\t\t<\/div>\n\t\t\t\t<\/div>\n\t\t\t\t\t<\/div>\n\t\t<\/div>\n\t\t\t\t\t<\/div>\n\t\t<\/section>\n\t\t\t\t<section class=\"elementor-section elementor-top-section elementor-element elementor-element-34a3ec6 elementor-section-boxed elementor-section-height-default elementor-section-height-default\" data-id=\"34a3ec6\" data-element_type=\"section\">\n\t\t\t\t\t\t<div class=\"elementor-container elementor-column-gap-default\">\n\t\t\t\t\t<div class=\"elementor-column elementor-col-100 elementor-top-column elementor-element elementor-element-e0c5002\" data-id=\"e0c5002\" data-element_type=\"column\">\n\t\t\t<div class=\"elementor-widget-wrap elementor-element-populated\">\n\t\t\t\t\t\t\t<\/div>\n\t\t<\/div>\n\t\t\t\t\t<\/div>\n\t\t<\/section>\n\t\t\t\t<section class=\"elementor-section elementor-top-section elementor-element elementor-element-2bed5ed elementor-section-boxed elementor-section-height-default elementor-section-height-default\" data-id=\"2bed5ed\" data-element_type=\"section\">\n\t\t\t\t\t\t<div class=\"elementor-container elementor-column-gap-default\">\n\t\t\t\t\t<div class=\"elementor-column elementor-col-100 elementor-top-column elementor-element elementor-element-da3f778\" data-id=\"da3f778\" data-element_type=\"column\">\n\t\t\t<div class=\"elementor-widget-wrap elementor-element-populated\">\n\t\t\t\t\t\t\t<\/div>\n\t\t<\/div>\n\t\t\t\t\t<\/div>\n\t\t<\/section>\n\t\t\t\t<section class=\"elementor-section elementor-top-section elementor-element elementor-element-391ed87 elementor-section-boxed elementor-section-height-default elementor-section-height-default\" data-id=\"391ed87\" data-element_type=\"section\">\n\t\t\t\t\t\t<div class=\"elementor-container elementor-column-gap-default\">\n\t\t\t\t\t<div class=\"elementor-column elementor-col-100 elementor-top-column elementor-element elementor-element-5f2a418\" data-id=\"5f2a418\" data-element_type=\"column\">\n\t\t\t<div class=\"elementor-widget-wrap elementor-element-populated\">\n\t\t\t\t\t\t<div class=\"elementor-element elementor-element-f4eecf2 elementor-widget elementor-widget-wp-widget-ptb-recent-posts\" data-id=\"f4eecf2\" data-element_type=\"widget\" data-widget_type=\"wp-widget-ptb-recent-posts.default\">\n\t\t\t\t<div class=\"elementor-widget-container\">\n\t\t\t\t\t<h5>AL<\/h5><div class=\"ptb_wrap\"><div  class=\"ptb_loops_shortcode tf_clearfix ptb_loops_wrapper ptb_grid3\" data-type=\"fundacion\"><article id=\"post-471\" class=\"ptb_post tf_clearfix post-471 fundacion type-fundacion status-publish has-post-thumbnail hentry\">        <div class=\"ptb_items_wrapper entry-content\" itemscope itemtype=\"https:\/\/schema.org\/MediaObject\">\n                                            <div class=\"ptb_first_row ptb_row ptb_fundacion_row \">\n                                                                            <div class=\"ptb_col ptb_col1-1 ptb_col_first \">\n                                                                                                            \n                                                <div class=\"ptb_module ptb_thumbnail tf_clearfix\">                <figure class=\"ptb_post_image tf_clearfix\">\n\t\t<a href=\"https:\/\/blogsaverroes.juntadeandalucia.es\/redcolaboradores\/fundacion\/iaph\/\">\t\t<img decoding=\"async\" src=\"https:\/\/blogsaverroes.juntadeandalucia.es\/redcolaboradores\/files\/2020\/03\/IAPH.jpg\" alt=\"IAPH\"\n\t\t\t\t\t\t\t\t\ttitle=\"IAPH\"\/>\n\t\t\t<\/a>\t<\/figure>                <\/div><!-- .ptb_module.ptb_thumbnail -->                                                                                                                    \n                                                <div class=\"ptb_module ptb_title tf_clearfix\"><h1 class=\"ptb_post_title ptb_entry_title\" itemprop=\"name\">\n\t                <a href=\"https:\/\/blogsaverroes.juntadeandalucia.es\/redcolaboradores\/fundacion\/iaph\/\">IAPH<\/a><\/h1>                <\/div><!-- .ptb_module.ptb_title -->                                                                                                                    \n                                                <div class=\"ptb_module ptb_editor tf_clearfix\"><div class=\"ptb_entry_content\" itemprop=\"articleBody\">\n\t<img decoding=\"async\" class=\"aligncenter size-medium wp-image-472\" src=\"https:\/\/blogsaverroes.juntadeandalucia.es\/redcolaboradores\/files\/2020\/03\/IAPH-300x91.jpg\" alt=\"\" width=\"300\" height=\"91\" srcset=\"https:\/\/blogsaverroes.juntadeandalucia.es\/redcolaboradores\/files\/2020\/03\/IAPH-300x91.jpg 300w, https:\/\/blogsaverroes.juntadeandalucia.es\/redcolaboradores\/files\/2020\/03\/IAPH-768x233.jpg 768w, https:\/\/blogsaverroes.juntadeandalucia.es\/redcolaboradores\/files\/2020\/03\/IAPH-24x7.jpg 24w, https:\/\/blogsaverroes.juntadeandalucia.es\/redcolaboradores\/files\/2020\/03\/IAPH-36x11.jpg 36w, https:\/\/blogsaverroes.juntadeandalucia.es\/redcolaboradores\/files\/2020\/03\/IAPH-48x15.jpg 48w, https:\/\/blogsaverroes.juntadeandalucia.es\/redcolaboradores\/files\/2020\/03\/IAPH.jpg 842w\" sizes=\"(max-width: 300px) 100vw, 300px\" \/>\r\n\r\n<strong>Descripci\u00f3n de su propuesta did\u00e1ctica:<\/strong>\r\n\r\n<a href=\"https:\/\/www.juntadeandalucia.es\/organismos\/culturaypatrimoniohistorico\/iaph\/areas\/formacion-difusion\/iapheduca.html\"><strong>IAPHeduca<\/strong><\/a>&nbsp;nos ofrece materiales did\u00e1cticos y actividades para escolares.\r\n\r\n<a href=\"https:\/\/www.juntadeandalucia.es\/organismos\/culturaypatrimoniohistorico\/iaph\/areas\/formacion-difusion\/reactivate.html\">Red-Act\u00edvate<\/a>: Portal para la visibilizaci\u00f3n de buenas pr\u00e1cticas en la activaci\u00f3n del patrimonio desde lo local. Se da voz a protagonistas de las experiencias ofreciendo un espacio de encuentro en el que se expongan las iniciativas, se genere confianza y se plantee el germen de futuras colaboraciones.&nbsp;\r\n\r\n<a href=\"https:\/\/www.juntadeandalucia.es\/organismos\/culturaypatrimoniohistorico\/iaph\/areas\/formacion-difusion\/proyectos-destacados-formacion.html\">Proyectos destacados en formaci\u00f3n y difusi\u00f3n<\/a>: Diferentes proyectos que se apoyan desde el Instituto Andaluz del Patrimonio Hist\u00f3rico.\r\n\r\n<a href=\"https:\/\/guiadigital.iaph.es\/inicio\">Gu\u00eda Digital del Patrimonio Cultural de Andaluc\u00eda:&nbsp;<\/a>Para consultar la informaci\u00f3n de m\u00e1s de 100.000 bienes culturales de Andaluc\u00eda.&nbsp;\r\n\r\n<strong>Destinatarios:<\/strong>\r\n\r\nP\u00fablico especializado, escolares y profesorado.\r\n\r\n<strong>Contacto:<\/strong>\r\n\r\nTel\u00e9fono: 955037000 o escribir al correo&nbsp;<a href=\"mailto:informacion.iaph@juntadeandalucia.es\">informacion.iaph@juntadeandalucia.es<\/a>    <\/div><\/div><!-- .ptb_module.ptb_editor -->                                                                                                                                        <\/div>\n                                                                                        <\/div>\n                          \n        <\/div>  \n        <\/article><article id=\"post-473\" class=\"ptb_post tf_clearfix post-473 fundacion type-fundacion status-publish has-post-thumbnail hentry\">        <div class=\"ptb_items_wrapper entry-content\" itemscope itemtype=\"https:\/\/schema.org\/MediaObject\">\n                                            <div class=\"ptb_first_row ptb_row ptb_fundacion_row \">\n                                                                            <div class=\"ptb_col ptb_col1-1 ptb_col_first \">\n                                                                                                            \n                                                <div class=\"ptb_module ptb_thumbnail tf_clearfix\">                <figure class=\"ptb_post_image tf_clearfix\">\n\t\t<a href=\"https:\/\/blogsaverroes.juntadeandalucia.es\/redcolaboradores\/fundacion\/patronato-de-la-alhambra\/\">\t\t<img decoding=\"async\" src=\"https:\/\/blogsaverroes.juntadeandalucia.es\/redcolaboradores\/files\/2020\/03\/alhambra-y-generalife-logo-copia.jpg\" alt=\"alhambra-y-generalife-logo copia\"\n\t\t\t\t\t\t\t\t\ttitle=\"alhambra-y-generalife-logo copia\"\/>\n\t\t\t<\/a>\t<\/figure>                <\/div><!-- .ptb_module.ptb_thumbnail -->                                                                                                                    \n                                                <div class=\"ptb_module ptb_title tf_clearfix\"><h1 class=\"ptb_post_title ptb_entry_title\" itemprop=\"name\">\n\t                <a href=\"https:\/\/blogsaverroes.juntadeandalucia.es\/redcolaboradores\/fundacion\/patronato-de-la-alhambra\/\">PATRONATO DE LA ALHAMBRA<\/a><\/h1>                <\/div><!-- .ptb_module.ptb_title -->                                                                                                                    \n                                                <div class=\"ptb_module ptb_editor tf_clearfix\"><div class=\"ptb_entry_content\" itemprop=\"articleBody\">\n\t<p><img decoding=\"async\" class=\"aligncenter size-full wp-image-474\" src=\"https:\/\/blogsaverroes.juntadeandalucia.es\/redcolaboradores\/files\/2020\/03\/alhambra-y-generalife-logo-copia.jpg\" alt=\"\" width=\"144\" height=\"49\" srcset=\"https:\/\/blogsaverroes.juntadeandalucia.es\/redcolaboradores\/files\/2020\/03\/alhambra-y-generalife-logo-copia.jpg 144w, https:\/\/blogsaverroes.juntadeandalucia.es\/redcolaboradores\/files\/2020\/03\/alhambra-y-generalife-logo-copia-24x8.jpg 24w, https:\/\/blogsaverroes.juntadeandalucia.es\/redcolaboradores\/files\/2020\/03\/alhambra-y-generalife-logo-copia-36x12.jpg 36w, https:\/\/blogsaverroes.juntadeandalucia.es\/redcolaboradores\/files\/2020\/03\/alhambra-y-generalife-logo-copia-48x16.jpg 48w\" sizes=\"(max-width: 144px) 100vw, 144px\" \/><\/p>\n<p><strong>Descripci\u00f3n del programa educativo:<\/strong><\/p>\n<p><a href=\"https:\/\/www.alhambra-patronato.es\/descubrir\/aprende\/programas\">Programas educativos&nbsp;<\/a>Visitas, talleres, disfrutar la Alhambra en vacaciones escolares, visitas para familias, talleres y programa social para los que no pueden desplazarse al monumento.<\/p>\n<p><a href=\"https:\/\/www.alhambra-patronato.es\/descubrir\/aprende\/escuela-alhambra\">Escuela Alhambra:&nbsp;<\/a>Espacio abierto para la formaci\u00f3n superior que proporcione aprendizaje permanente para profesionales dedicados a la conservaci\u00f3n, difusi\u00f3n y gesti\u00f3n del Patrimonio Cultural, as\u00ed como tambi\u00e9n para profesionales que deseen reforzar las capacidades de los agentes culturales (restauradores, conservadores, arquitectos del patrimonio, agentes tur\u00edsticos, gu\u00edas e int\u00e9rpretes del patrimonio, artistas y otros trabajadores del sector de la cultura). La conservaci\u00f3n del patrimonio, la eco-eficiencia, la igualdad y el rigor cient\u00edfico e intelectual son las claves del reto de responsabilidad \u00e9tica que debe asumir la Escuela. La Escuela de la Alhambra como centro de estudios e investigaci\u00f3n.<\/p>\n<p><strong>Destinatarios:<\/strong><\/p>\n<p>Estudiantes, profesores, investigadores y familias.<\/p>\n<p><strong>Contacto:<\/strong><\/p>\n<p><em>alhambraeducareservas.pag@juntadeandalucia.es<\/em><\/p>\n    <\/div><\/div><!-- .ptb_module.ptb_editor -->                                                                                                                                        <\/div>\n                                                                                        <\/div>\n                          \n        <\/div>  \n        <\/article><\/div><!-- .ptb_loops_wrapper --><\/div><!-- .ptb_wrap -->\t\t\t\t<\/div>\n\t\t\t\t<\/div>\n\t\t\t\t\t<\/div>\n\t\t<\/div>\n\t\t\t\t\t<\/div>\n\t\t<\/section>\n\t\t\t\t<\/div>\n\t\t","protected":false},"excerpt":{"rendered":"<p>Esta es una p\u00e1gina de ejemplo. Es diferente a una entrada del blog porque permanecer\u00e1 en un solo lugar y aparecer\u00e1 en la navegaci\u00f3n de&hellip;<\/p>\n","protected":false},"author":7990,"featured_media":0,"parent":0,"menu_order":0,"comment_status":"closed","ping_status":"open","template":"","meta":{"ngg_post_thumbnail":0,"footnotes":""},"aioseo_notices":[],"_links":{"self":[{"href":"https:\/\/blogsaverroes.juntadeandalucia.es\/redcolaboradores\/wp-json\/wp\/v2\/pages\/2"}],"collection":[{"href":"https:\/\/blogsaverroes.juntadeandalucia.es\/redcolaboradores\/wp-json\/wp\/v2\/pages"}],"about":[{"href":"https:\/\/blogsaverroes.juntadeandalucia.es\/redcolaboradores\/wp-json\/wp\/v2\/types\/page"}],"author":[{"embeddable":true,"href":"https:\/\/blogsaverroes.juntadeandalucia.es\/redcolaboradores\/wp-json\/wp\/v2\/users\/7990"}],"replies":[{"embeddable":true,"href":"https:\/\/blogsaverroes.juntadeandalucia.es\/redcolaboradores\/wp-json\/wp\/v2\/comments?post=2"}],"version-history":[{"count":4,"href":"https:\/\/blogsaverroes.juntadeandalucia.es\/redcolaboradores\/wp-json\/wp\/v2\/pages\/2\/revisions"}],"predecessor-version":[{"id":478,"href":"https:\/\/blogsaverroes.juntadeandalucia.es\/redcolaboradores\/wp-json\/wp\/v2\/pages\/2\/revisions\/478"}],"wp:attachment":[{"href":"https:\/\/blogsaverroes.juntadeandalucia.es\/redcolaboradores\/wp-json\/wp\/v2\/media?parent=2"}],"curies":[{"name":"wp","href":"https:\/\/api.w.org\/{rel}","templated":true}]}}