{"id":107,"date":"2020-08-26T12:05:58","date_gmt":"2020-08-26T10:05:58","guid":{"rendered":"https:\/\/blogsaverroes.juntadeandalucia.es\/registrodenovedades\/?page_id=107"},"modified":"2020-08-26T12:10:02","modified_gmt":"2020-08-26T10:10:02","slug":"consulta-masterdiet","status":"publish","type":"page","link":"https:\/\/blogsaverroes.juntadeandalucia.es\/registrodenovedades\/consulta-masterdiet\/","title":{"rendered":"Consulta MasterDiet"},"content":{"rendered":"<div class=\"hJDwNd-AhqUyc-qWD73c purZT-AhqUyc-II5mzb pSzOP-AhqUyc-qWD73c JNdkSc\">\n<div class=\"JNdkSc-SmKAyb\">\n<div class=\"\">\n<div class=\"oKdM2c Kzv0Me\">\n<div id=\"h.p_om-gnesZfrcI\" class=\"hJDwNd-AhqUyc-qWD73c jXK9ad D2fZ2 OjCsFc wHaque GNzUNc\">\n<div class=\"jXK9ad-SmKAyb\">\n<div class=\"tyJCtd mGzaTb baZpAe\">\n<p id=\"h.p_ZRNBIisKfrca\" class=\"zfr3Q\">Las <strong>pruebas<\/strong> de este Breakout EDU titulado \u00abConsulta nutricional\u00bb est\u00e1n basadas en el que la profesora de Geograf\u00eda Historia malague\u00f1a <a class=\"dhtgD aw5Odc\" href=\"https:\/\/www.google.com\/url?q=https%3A%2F%2Ftwitter.com%2Frosaliarte&amp;sa=D&amp;sntz=1&amp;usg=AFQjCNH_ZgZA6Vhp3w4Jj2E1UGyP5id-iQ\" target=\"_blank\" rel=\"noopener noreferrer\">Rosa Liarte<\/a> comparti\u00f3 en su p\u00e1gina web <a class=\"dhtgD aw5Odc\" href=\"https:\/\/www.google.com\/url?q=https%3A%2F%2Fleccionesdehistoria.com%2F4eso%2Fbreakout-revolucion-industrial-imperialismo%2F&amp;sa=D&amp;sntz=1&amp;usg=AFQjCNGn4UarWvIK8dWoRlv9oHLB_jK83A\" target=\"_blank\" rel=\"noopener noreferrer\">www.leccionesdehistoria.com<\/a> sobre <em><strong>La Revoluci\u00f3n Industrial y el Imperialismo<\/strong><\/em>.<\/p>\n<p id=\"h.p_HP6ELOvsS-U2\" class=\"zfr3Q\">Un claro ejemplo de c\u00f3mo esas pruebas pueden adaptarse a los cotenidos que se quieran trabajar.<\/p>\n<\/div>\n<p style=\"text-align: center\"><iframe loading=\"lazy\" src=\"\/\/www.youtube.com\/embed\/mmkkcbFJC64\" width=\"560\" height=\"314\"><\/iframe><\/p>\n<p>Para la elaboraci\u00f3n del mimso se utilizaron los siguientes materiales:<\/p>\n<p style=\"text-align: center\"><a href=\"https:\/\/drive.google.com\/drive\/folders\/16EScNALGRgPTcMhKzxtn3GKiP07Yd2zd\"><img loading=\"lazy\" decoding=\"async\" class=\"wp-image-110 size-full alignnone\" src=\"https:\/\/blogsaverroes.juntadeandalucia.es\/registrodenovedades\/files\/2020\/08\/unnamed-1.png\" alt=\"\" width=\"170\" height=\"187\" srcset=\"https:\/\/blogsaverroes.juntadeandalucia.es\/registrodenovedades\/files\/2020\/08\/unnamed-1.png 170w, https:\/\/blogsaverroes.juntadeandalucia.es\/registrodenovedades\/files\/2020\/08\/unnamed-1-22x24.png 22w, https:\/\/blogsaverroes.juntadeandalucia.es\/registrodenovedades\/files\/2020\/08\/unnamed-1-33x36.png 33w, https:\/\/blogsaverroes.juntadeandalucia.es\/registrodenovedades\/files\/2020\/08\/unnamed-1-44x48.png 44w\" sizes=\"(max-width: 170px) 100vw, 170px\" \/><\/a><\/p>\n<p style=\"text-align: center\"><span style=\"font-size: 18pt\"><strong>Pruebas<\/strong><\/span><\/p>\n<p style=\"text-align: center\"><a href=\"https:\/\/drive.google.com\/drive\/folders\/1CNJc6cyYxmdYur5KVFdU1ibZqONU-cpq\"><img loading=\"lazy\" decoding=\"async\" class=\"wp-image-109 size-full aligncenter\" src=\"https:\/\/blogsaverroes.juntadeandalucia.es\/registrodenovedades\/files\/2020\/08\/unnamed2.png\" alt=\"\" width=\"170\" height=\"199\" srcset=\"https:\/\/blogsaverroes.juntadeandalucia.es\/registrodenovedades\/files\/2020\/08\/unnamed2.png 170w, https:\/\/blogsaverroes.juntadeandalucia.es\/registrodenovedades\/files\/2020\/08\/unnamed2-21x24.png 21w, https:\/\/blogsaverroes.juntadeandalucia.es\/registrodenovedades\/files\/2020\/08\/unnamed2-31x36.png 31w, https:\/\/blogsaverroes.juntadeandalucia.es\/registrodenovedades\/files\/2020\/08\/unnamed2-41x48.png 41w\" sizes=\"(max-width: 170px) 100vw, 170px\" \/><\/a><span style=\"font-size: 18pt\"><strong>Audio QR<\/strong><\/span><\/p>\n<p style=\"text-align: center\"><a href=\"https:\/\/drive.google.com\/drive\/folders\/1n7RpSN1rAvF3kDxad2VicVI3bSOjLn-F\"><img loading=\"lazy\" decoding=\"async\" class=\"wp-image-108 size-full aligncenter\" src=\"https:\/\/blogsaverroes.juntadeandalucia.es\/registrodenovedades\/files\/2020\/08\/unnamed3.png\" alt=\"\" width=\"170\" height=\"193\" srcset=\"https:\/\/blogsaverroes.juntadeandalucia.es\/registrodenovedades\/files\/2020\/08\/unnamed3.png 170w, https:\/\/blogsaverroes.juntadeandalucia.es\/registrodenovedades\/files\/2020\/08\/unnamed3-21x24.png 21w, https:\/\/blogsaverroes.juntadeandalucia.es\/registrodenovedades\/files\/2020\/08\/unnamed3-32x36.png 32w, https:\/\/blogsaverroes.juntadeandalucia.es\/registrodenovedades\/files\/2020\/08\/unnamed3-42x48.png 42w\" sizes=\"(max-width: 170px) 100vw, 170px\" \/><\/a><strong><span style=\"font-size: 18pt\">Emoji QR<\/span><\/strong><\/p>\n<p>El restultado de esta prueba puede verse en el siguiente video:<\/p>\n<p style=\"text-align: center\"><iframe loading=\"lazy\" src=\"\/\/www.youtube.com\/embed\/5Ew0W5to710\" width=\"560\" height=\"314\"><\/iframe><\/p>\n<\/div>\n<\/div>\n<\/div>\n<\/div>\n<\/div>\n<\/div>\n","protected":false},"excerpt":{"rendered":"<p>Las pruebas de este Breakout EDU titulado \u00abConsulta nutricional\u00bb est\u00e1n basadas en el que la profesora de Geograf\u00eda Historia malague\u00f1a Rosa Liarte comparti\u00f3 en su p\u00e1gina web www.leccionesdehistoria.com sobre La Revoluci\u00f3n Industrial y el&#46;&#46;&#46;<\/p>\n","protected":false},"author":10325,"featured_media":0,"parent":0,"menu_order":0,"comment_status":"closed","ping_status":"closed","template":"","meta":{"ngg_post_thumbnail":0,"footnotes":""},"aioseo_notices":[],"_links":{"self":[{"href":"https:\/\/blogsaverroes.juntadeandalucia.es\/registrodenovedades\/wp-json\/wp\/v2\/pages\/107"}],"collection":[{"href":"https:\/\/blogsaverroes.juntadeandalucia.es\/registrodenovedades\/wp-json\/wp\/v2\/pages"}],"about":[{"href":"https:\/\/blogsaverroes.juntadeandalucia.es\/registrodenovedades\/wp-json\/wp\/v2\/types\/page"}],"author":[{"embeddable":true,"href":"https:\/\/blogsaverroes.juntadeandalucia.es\/registrodenovedades\/wp-json\/wp\/v2\/users\/10325"}],"replies":[{"embeddable":true,"href":"https:\/\/blogsaverroes.juntadeandalucia.es\/registrodenovedades\/wp-json\/wp\/v2\/comments?post=107"}],"version-history":[{"count":4,"href":"https:\/\/blogsaverroes.juntadeandalucia.es\/registrodenovedades\/wp-json\/wp\/v2\/pages\/107\/revisions"}],"predecessor-version":[{"id":115,"href":"https:\/\/blogsaverroes.juntadeandalucia.es\/registrodenovedades\/wp-json\/wp\/v2\/pages\/107\/revisions\/115"}],"wp:attachment":[{"href":"https:\/\/blogsaverroes.juntadeandalucia.es\/registrodenovedades\/wp-json\/wp\/v2\/media?parent=107"}],"curies":[{"name":"wp","href":"https:\/\/api.w.org\/{rel}","templated":true}]}}