{"id":12,"date":"2020-07-05T10:50:24","date_gmt":"2020-07-05T08:50:24","guid":{"rendered":"https:\/\/blogsaverroes.juntadeandalucia.es\/registrodenovedades\/?page_id=12"},"modified":"2021-11-01T18:34:27","modified_gmt":"2021-11-01T17:34:27","slug":"quien-soy","status":"publish","type":"page","link":"https:\/\/blogsaverroes.juntadeandalucia.es\/registrodenovedades\/quien-soy\/","title":{"rendered":"\u00bfQui\u00e9n soy?"},"content":{"rendered":"<p>\u00a1Bienvenidas y bienvenidos!<\/p>\n<p>Registro de Novedades ser\u00e1 un lugar de encuentro y un espacio para compartir lo que voy desarrollando en el aula, as\u00ed como aquello que pueda ser de inter\u00e9s tanto para el alumnado como para el profesorado de Formaci\u00f3n Profesional y de cualquier nivel educativo.<\/p>\n<p>Mi nombre es Alberto Romero Moya, soy profesor de Formaci\u00f3n Profesional de la especialidad de Procedimientos Sanitarios y Asistenciales dentro de la familia profesional de Sanidad desde el a\u00f1o 2008. Actualmente trabajo como docente en el <a href=\"http:\/\/iessantodomingo.org\/web\/?page_id=903\">IES Santo Domingo<\/a> de El Ejido (Almer\u00eda). Actualmente coordino el proyecto Dual, proyecto Erasmus+ FP y Escuela Espacio de Paz.<\/p>\n<p>Desde hace unos cursos, estoy introduciendo cambios a nivel metodol\u00f3gico dentro del aula tanto en CFGM como en CFGS basados principalmente en el uso de metodolog\u00edas activas (gamificaci\u00f3n, ABP, ApS&#8230;) consiguiendo que el alumnado sea el protagonista de su proceso de aprendizaje y facilitando la creaci\u00f3n de momentos memorables.<\/p>\n<p>La formaci\u00f3n nunca la dejo de lado, y adem\u00e1s de realizar formaci\u00f3n ofrecida por parte de los Centros de Profesorado de las provincias en las que he trabajado he cursado el <a href=\"https:\/\/www.ual.es\/estudios\/masteres\/presentacion\">M\u00e1ster en Investigaci\u00f3n y Evaluaci\u00f3n Did\u00e1ctica en el Aula para el Desarrollo Profesional Docente<\/a> por la Universidad de Almer\u00eda y el <a href=\"http:\/\/www.uhu.es\/fedu\/masteree\/\">M\u00e1ster en Educaci\u00f3n Especial<\/a> por la Universidad de Huelva.<\/p>\n<p>He colaborado con el Gabinete de Convivencia e Igualdad de la Delegaci\u00f3n Territorial de Educaci\u00f3n y Deporte de Huelva as\u00ed como con diversos Centros de Profesorado de Andaluc\u00eda.<\/p>\n<p>Pod\u00e9is seguirme en mis redes sociales a trav\u00e9s del perfil <a href=\"https:\/\/twitter.com\/albertoptfp\">@AlbertoPTFP<\/a> de Twitter, Instagram, Facebook y Youtube.<\/p>\n","protected":false},"excerpt":{"rendered":"<p>\u00a1Bienvenidas y bienvenidos! Registro de Novedades ser\u00e1 un lugar de encuentro y un espacio para compartir lo que voy desarrollando en el aula, as\u00ed como aquello que pueda ser de inter\u00e9s tanto para el&#46;&#46;&#46;<\/p>\n","protected":false},"author":10325,"featured_media":0,"parent":0,"menu_order":0,"comment_status":"closed","ping_status":"closed","template":"","meta":{"ngg_post_thumbnail":0,"footnotes":""},"aioseo_notices":[],"_links":{"self":[{"href":"https:\/\/blogsaverroes.juntadeandalucia.es\/registrodenovedades\/wp-json\/wp\/v2\/pages\/12"}],"collection":[{"href":"https:\/\/blogsaverroes.juntadeandalucia.es\/registrodenovedades\/wp-json\/wp\/v2\/pages"}],"about":[{"href":"https:\/\/blogsaverroes.juntadeandalucia.es\/registrodenovedades\/wp-json\/wp\/v2\/types\/page"}],"author":[{"embeddable":true,"href":"https:\/\/blogsaverroes.juntadeandalucia.es\/registrodenovedades\/wp-json\/wp\/v2\/users\/10325"}],"replies":[{"embeddable":true,"href":"https:\/\/blogsaverroes.juntadeandalucia.es\/registrodenovedades\/wp-json\/wp\/v2\/comments?post=12"}],"version-history":[{"count":8,"href":"https:\/\/blogsaverroes.juntadeandalucia.es\/registrodenovedades\/wp-json\/wp\/v2\/pages\/12\/revisions"}],"predecessor-version":[{"id":357,"href":"https:\/\/blogsaverroes.juntadeandalucia.es\/registrodenovedades\/wp-json\/wp\/v2\/pages\/12\/revisions\/357"}],"wp:attachment":[{"href":"https:\/\/blogsaverroes.juntadeandalucia.es\/registrodenovedades\/wp-json\/wp\/v2\/media?parent=12"}],"curies":[{"name":"wp","href":"https:\/\/api.w.org\/{rel}","templated":true}]}}