{"id":127,"date":"2020-08-26T12:18:18","date_gmt":"2020-08-26T10:18:18","guid":{"rendered":"https:\/\/blogsaverroes.juntadeandalucia.es\/registrodenovedades\/?page_id=127"},"modified":"2020-08-26T12:18:18","modified_gmt":"2020-08-26T10:18:18","slug":"historia-de-la-alimentacion","status":"publish","type":"page","link":"https:\/\/blogsaverroes.juntadeandalucia.es\/registrodenovedades\/historia-de-la-alimentacion\/","title":{"rendered":"Historia de la alimentaci\u00f3n"},"content":{"rendered":"<div class=\"mYVXT\">\n<div class=\"LS81yb VICjCf\">\n<div class=\"hJDwNd-AhqUyc-uQSCkd purZT-AhqUyc-II5mzb pSzOP-AhqUyc-qWD73c JNdkSc\">\n<div class=\"JNdkSc-SmKAyb\">\n<div class=\"\">\n<div class=\"oKdM2c Kzv0Me\">\n<div id=\"h.p_qKOyORdxmuFd\" class=\"hJDwNd-AhqUyc-uQSCkd jXK9ad D2fZ2 OjCsFc wHaque GNzUNc\">\n<div class=\"jXK9ad-SmKAyb\">\n<div class=\"tyJCtd mGzaTb baZpAe\">\n<p id=\"h.p_6w7EE9mhmuFw\" class=\"zfr3Q\" style=\"text-align: center\"><strong>\u00bfC\u00f3mo hacer m\u00e1s atractiva la historia de la alimentaci\u00f3n?<\/strong><\/p>\n<p id=\"h.p_sayd-NMdm1YJ\" class=\"zfr3Q\">Deb\u00edan adaptar lo que hab\u00edan estado trabajando en clase sobre documentos escritos para que se pudiera grabar de una forma atractiva. Adem\u00e1s del contenido te\u00f3rico de lo que iban a desarrollar una de las funciones de cada equipo era la de elegir im\u00e1genes libres de derechos que iban a servir de fondo durante su intervenci\u00f3n y la m\u00fasica libre de derechos que servir\u00eda de hilo musical durante todo el video.<\/p>\n<p id=\"h.p_0ojZSxQanV7v\" class=\"zfr3Q\">Una de las premisas era que la duraci\u00f3n fuera de entre 5 y 10 minutos. Adem\u00e1s, no era necesario que las personas que integraban cada grupo aparecieran, sino que tuviera una participaci\u00f3n de una u otra forma.<\/p>\n<p id=\"h.p_7Mu40YfvnrLc\" class=\"zfr3Q\"><strong>Una vez editado y publicado el video de cada equipo, deb\u00edan compartirlo para conseguir el mayor n\u00famero de \u00abME GUSTA\u00bb en Youtube. De esta forma, el equipo ganador conseguir\u00eda 10 puntos en clasificaci\u00f3n general, el segundo y tercero conseguir\u00edan 8 puntos y el cuarto y quinto conseguir\u00edan 6 puntos. <\/strong><\/p>\n<p id=\"h.p_lME6AZl5zSDx\" class=\"zfr3Q\"><em>Los videos fueron grabados con la aplicaci\u00f3n <strong>Green Screen<\/strong> y editados posteriormente con <strong>Adobe Premier Pro<\/strong><\/em>.<\/p>\n<p style=\"text-align: center\"><iframe loading=\"lazy\" src=\"\/\/www.youtube.com\/embed\/5WBD97ELivs?list=PLwGw7y-pCvi8Gb3K4SCU21SKFRO4_c0Y-\" width=\"560\" height=\"314\"><\/iframe><\/p>\n<\/div>\n<\/div>\n<\/div>\n<\/div>\n<\/div>\n<\/div>\n<\/div>\n<\/div>\n<\/div>\n","protected":false},"excerpt":{"rendered":"<p>\u00bfC\u00f3mo hacer m\u00e1s atractiva la historia de la alimentaci\u00f3n? Deb\u00edan adaptar lo que hab\u00edan estado trabajando en clase sobre documentos escritos para que se pudiera grabar de una forma atractiva. Adem\u00e1s del contenido te\u00f3rico&#46;&#46;&#46;<\/p>\n","protected":false},"author":10325,"featured_media":0,"parent":0,"menu_order":0,"comment_status":"closed","ping_status":"closed","template":"","meta":{"ngg_post_thumbnail":0,"footnotes":""},"aioseo_notices":[],"_links":{"self":[{"href":"https:\/\/blogsaverroes.juntadeandalucia.es\/registrodenovedades\/wp-json\/wp\/v2\/pages\/127"}],"collection":[{"href":"https:\/\/blogsaverroes.juntadeandalucia.es\/registrodenovedades\/wp-json\/wp\/v2\/pages"}],"about":[{"href":"https:\/\/blogsaverroes.juntadeandalucia.es\/registrodenovedades\/wp-json\/wp\/v2\/types\/page"}],"author":[{"embeddable":true,"href":"https:\/\/blogsaverroes.juntadeandalucia.es\/registrodenovedades\/wp-json\/wp\/v2\/users\/10325"}],"replies":[{"embeddable":true,"href":"https:\/\/blogsaverroes.juntadeandalucia.es\/registrodenovedades\/wp-json\/wp\/v2\/comments?post=127"}],"version-history":[{"count":1,"href":"https:\/\/blogsaverroes.juntadeandalucia.es\/registrodenovedades\/wp-json\/wp\/v2\/pages\/127\/revisions"}],"predecessor-version":[{"id":128,"href":"https:\/\/blogsaverroes.juntadeandalucia.es\/registrodenovedades\/wp-json\/wp\/v2\/pages\/127\/revisions\/128"}],"wp:attachment":[{"href":"https:\/\/blogsaverroes.juntadeandalucia.es\/registrodenovedades\/wp-json\/wp\/v2\/media?parent=127"}],"curies":[{"name":"wp","href":"https:\/\/api.w.org\/{rel}","templated":true}]}}