{"id":136,"date":"2020-08-26T12:54:36","date_gmt":"2020-08-26T10:54:36","guid":{"rendered":"https:\/\/blogsaverroes.juntadeandalucia.es\/registrodenovedades\/?page_id=136"},"modified":"2020-08-26T12:57:44","modified_gmt":"2020-08-26T10:57:44","slug":"prueba-final","status":"publish","type":"page","link":"https:\/\/blogsaverroes.juntadeandalucia.es\/registrodenovedades\/prueba-final\/","title":{"rendered":"Prueba final"},"content":{"rendered":"<p style=\"text-align: center\"><span style=\"font-size: 36pt\"><strong>ESCAPE ROOM \u00abUltraprocesadoland\u00bb<\/strong><\/span><\/p>\n<p style=\"text-align: center\"><iframe loading=\"lazy\" src=\"\/\/www.youtube.com\/embed\/PZ_MDGy9qoQ\" width=\"560\" height=\"314\"><\/iframe><\/p>\n<p style=\"text-align: center\"><iframe loading=\"lazy\" src=\"\/\/www.youtube.com\/embed\/E8ltJPs0YAQ\" width=\"560\" height=\"314\"><\/iframe><\/p>\n<p>&nbsp;<\/p>\n<div class=\"mYVXT\">\n<div class=\"LS81yb VICjCf\">\n<div class=\"hJDwNd-AhqUyc-uQSCkd purZT-AhqUyc-II5mzb pSzOP-AhqUyc-qWD73c JNdkSc\">\n<div class=\"JNdkSc-SmKAyb\">\n<div class=\"\">\n<div class=\"oKdM2c Kzv0Me\">\n<div id=\"h.p_biptuX4udUXd\" class=\"hJDwNd-AhqUyc-uQSCkd jXK9ad D2fZ2 OjCsFc wHaque GNzUNc\">\n<div class=\"jXK9ad-SmKAyb\">\n<div class=\"tyJCtd mGzaTb baZpAe\">\n<p id=\"h.p_NE76I20UdUXp\" class=\"zfr3Q\"><strong>Ultraprocesado Land<\/strong> es el cierre del proyecto gamificado #MasterDiet a trav\u00e9s de un doble EscapeRoom.<\/p>\n<p id=\"h.p_Qsa2HlKneKLA\" class=\"zfr3Q\">Con clara inspiraci\u00f3n en el movimiento <a class=\"dhtgD aw5Odc\" href=\"https:\/\/www.google.com\/url?q=https%3A%2F%2Fwww.instagram.com%2Frealfooding%2F&amp;sa=D&amp;sntz=1&amp;usg=AFQjCNHXyQogruoIeyhikreIsdjXoY-Icw\" target=\"_blank\" rel=\"noopener noreferrer\">Realfooding<\/a> que promueve el nutricionista onubense <a class=\"dhtgD aw5Odc\" href=\"https:\/\/www.google.com\/url?q=https%3A%2F%2Fwww.instagram.com%2Fcarlosriosq%2F&amp;sa=D&amp;sntz=1&amp;usg=AFQjCNE7PU15AyZJS4qvF7HRDE8LLJmcmA\" target=\"_blank\" rel=\"noopener noreferrer\">Carlos R\u00edos<\/a>, #UltraprocesadoLand es la tierra adictiva que debemos evitar.<\/p>\n<p id=\"h.p_PHNj858xesh_\" class=\"zfr3Q\">Pero es una misi\u00f3n imposible, y 5 de las personas aspirantes a MasterDiet, fueron atrapadas por esta tierra.<\/p>\n<p id=\"h.p_0xFFqRMdfc9u\" class=\"zfr3Q\">Las 15 personas aspirantes restantes deb\u00edan hacer todo lo posible por salvarles de esa tierra desde la Consulta MasterDiet, ubicada en el Laboratorio de Diet\u00e9tica del centro.<\/p>\n<\/div>\n<\/div>\n<\/div>\n<\/div>\n<\/div>\n<\/div>\n<\/div>\n<\/div>\n<\/div>\n<p><img decoding=\"async\" class=\"CENy8b\" role=\"img\" src=\"https:\/\/lh4.googleusercontent.com\/qDcJGFMDeUHFVi0ypvIQ9RkY5EShxCl9DiUacr9G-YWkVLX5bOAnBSO-Kn5QKBE8KmPNiYYcDsCHsJpfjkegDgEP633HXd8Ll-4IjzEaHo4aLxtTNOwv=w1280\" \/><\/p>\n<p style=\"text-align: center\"><span style=\"font-size: 36pt\">Material para el desarrollo de <strong>\u00abUltraprocesadoLand\u00bb<\/strong><\/span><\/p>\n<ul>\n<li><span style=\"font-size: 24pt\"><a href=\"https:\/\/drive.google.com\/drive\/folders\/1wgZ4mFHige71WqdjLT--7wzFfxyuE0SL\">Pruebas<\/a>.<\/span><\/li>\n<li><span style=\"font-size: 24pt\"><a href=\"https:\/\/drive.google.com\/drive\/folders\/1Z4dqMHrDp0uRULi58cA5invxtqdq3OFc\">Carteler\u00eda<\/a>.<\/span><\/li>\n<li><span style=\"font-size: 24pt\"><a href=\"https:\/\/drive.google.com\/drive\/folders\/1t0boY4Rx-qlhP07TdM3MqHhAmJsHlHU3\">Tablas nutricionales<\/a>.<\/span><\/li>\n<\/ul>\n<p><img loading=\"lazy\" decoding=\"async\" class=\"CENy8b aligncenter\" role=\"img\" src=\"https:\/\/lh6.googleusercontent.com\/O_YSOExlOOhHCLOPvRz7UEsxidaXx9UqWgPH3uEuVD7GtYbw5md1muURHRxj1OZpUgbKCcduFgXyq7oZ5NfRFZSj6HHrHj802hKQv2uYCejfr4toNDQ=w1280\" width=\"632\" height=\"631\" \/><\/p>\n<p>Adem\u00e1s, el propio Carlos R\u00edos comparti\u00f3 en sus redes sociales el proyecto que hab\u00edamos llevado a cabo:<\/p>\n<p><img loading=\"lazy\" decoding=\"async\" class=\"CENy8b aligncenter\" role=\"img\" src=\"https:\/\/lh4.googleusercontent.com\/n3OIAOZcmjpGfwdCtiXwW_DmpL2HCaiutmwioiRQDq2SBsKQgfoaRFr_dtd0K_QsT9ZMywI29P9PEUaPkthWCIhpMnXLhmslphQrFx6gE9yek_lX6g=w1280\" width=\"471\" height=\"804\" \/><\/p>\n<p>&nbsp;<\/p>\n<p>&nbsp;<\/p>\n","protected":false},"excerpt":{"rendered":"<p>ESCAPE ROOM \u00abUltraprocesadoland\u00bb &nbsp; Ultraprocesado Land es el cierre del proyecto gamificado #MasterDiet a trav\u00e9s de un doble EscapeRoom. Con clara inspiraci\u00f3n en el movimiento Realfooding que promueve el nutricionista onubense Carlos R\u00edos, #UltraprocesadoLand&#46;&#46;&#46;<\/p>\n","protected":false},"author":10325,"featured_media":0,"parent":0,"menu_order":0,"comment_status":"closed","ping_status":"closed","template":"","meta":{"ngg_post_thumbnail":0,"footnotes":""},"aioseo_notices":[],"_links":{"self":[{"href":"https:\/\/blogsaverroes.juntadeandalucia.es\/registrodenovedades\/wp-json\/wp\/v2\/pages\/136"}],"collection":[{"href":"https:\/\/blogsaverroes.juntadeandalucia.es\/registrodenovedades\/wp-json\/wp\/v2\/pages"}],"about":[{"href":"https:\/\/blogsaverroes.juntadeandalucia.es\/registrodenovedades\/wp-json\/wp\/v2\/types\/page"}],"author":[{"embeddable":true,"href":"https:\/\/blogsaverroes.juntadeandalucia.es\/registrodenovedades\/wp-json\/wp\/v2\/users\/10325"}],"replies":[{"embeddable":true,"href":"https:\/\/blogsaverroes.juntadeandalucia.es\/registrodenovedades\/wp-json\/wp\/v2\/comments?post=136"}],"version-history":[{"count":5,"href":"https:\/\/blogsaverroes.juntadeandalucia.es\/registrodenovedades\/wp-json\/wp\/v2\/pages\/136\/revisions"}],"predecessor-version":[{"id":142,"href":"https:\/\/blogsaverroes.juntadeandalucia.es\/registrodenovedades\/wp-json\/wp\/v2\/pages\/136\/revisions\/142"}],"wp:attachment":[{"href":"https:\/\/blogsaverroes.juntadeandalucia.es\/registrodenovedades\/wp-json\/wp\/v2\/media?parent=136"}],"curies":[{"name":"wp","href":"https:\/\/api.w.org\/{rel}","templated":true}]}}