{"id":39,"date":"2020-07-05T11:35:13","date_gmt":"2020-07-05T09:35:13","guid":{"rendered":"https:\/\/blogsaverroes.juntadeandalucia.es\/registrodenovedades\/?page_id=39"},"modified":"2020-08-26T14:04:36","modified_gmt":"2020-08-26T12:04:36","slug":"auxiliomania","status":"publish","type":"page","link":"https:\/\/blogsaverroes.juntadeandalucia.es\/registrodenovedades\/auxiliomania\/","title":{"rendered":"Auxilioman\u00eda"},"content":{"rendered":"<p><img loading=\"lazy\" decoding=\"async\" class=\"wp-image-151 aligncenter\" src=\"https:\/\/blogsaverroes.juntadeandalucia.es\/registrodenovedades\/files\/2020\/08\/Logo-AuxilioMan\u00eda-e1598443203712.png\" alt=\"\" width=\"574\" height=\"291\" srcset=\"https:\/\/blogsaverroes.juntadeandalucia.es\/registrodenovedades\/files\/2020\/08\/Logo-AuxilioMan\u00eda-e1598443203712.png 921w, https:\/\/blogsaverroes.juntadeandalucia.es\/registrodenovedades\/files\/2020\/08\/Logo-AuxilioMan\u00eda-e1598443203712-300x152.png 300w, https:\/\/blogsaverroes.juntadeandalucia.es\/registrodenovedades\/files\/2020\/08\/Logo-AuxilioMan\u00eda-e1598443203712-768x389.png 768w, https:\/\/blogsaverroes.juntadeandalucia.es\/registrodenovedades\/files\/2020\/08\/Logo-AuxilioMan\u00eda-e1598443203712-24x12.png 24w, https:\/\/blogsaverroes.juntadeandalucia.es\/registrodenovedades\/files\/2020\/08\/Logo-AuxilioMan\u00eda-e1598443203712-36x18.png 36w, https:\/\/blogsaverroes.juntadeandalucia.es\/registrodenovedades\/files\/2020\/08\/Logo-AuxilioMan\u00eda-e1598443203712-48x24.png 48w\" sizes=\"(max-width: 574px) 100vw, 574px\" \/><\/p>\n<p>Las alumnas del CFGS en Higiene Bucodental en la modalidad Dual, durante el curso 2019\/2020 han desarrollado el m\u00f3dulo de Primeros Auxilios a trav\u00e9s del Aprendizaje Basado en Proyectos.<\/p>\n<p>Con inspiraci\u00f3n en el programa Bricoman\u00eda, el proyecto Auxilioman\u00eda quer\u00eda hacer part\u00edcipes al alumnado de su aprendizaje y que a la vez sirviera para la comunidad en general los artefactos que elaboraron.<\/p>\n<p style=\"text-align: center\"><iframe loading=\"lazy\" src=\"\/\/www.youtube.com\/embed\/WuyEW7tvOyY\" width=\"560\" height=\"314\"><\/iframe><\/p>\n<p>La programaci\u00f3n del m\u00f3dulo para este curso era la siguiente:<\/p>\n<p style=\"text-align: center\"><a href=\"https:\/\/blogsaverroes.juntadeandalucia.es\/registrodenovedades\/files\/2020\/08\/1\u00ba-HBD-PRIAUX-19_20-Auxilioman\u00eda.pdf\">1\u00ba HBD PRIAUX 19_20 (Auxilioman\u00eda)<\/a><\/p>\n<p>En cada trimestre se realiz\u00f3 un programa de televisi\u00f3n, teniendo que destacar que el programa de la segunda evaluaci\u00f3n tuvo que finalizarse en casa debido al confinamiento y que el \u00faltimo camib\u00f3 su formato y pas\u00f3 a ser un podcast.<\/p>\n<p>&nbsp;<\/p>\n<p style=\"text-align: center\"><span style=\"font-size: 18pt\"><strong>PRIMER PROGRAMA<\/strong><\/span><\/p>\n<p style=\"text-align: center\"><iframe loading=\"lazy\" src=\"\/\/www.youtube.com\/embed\/5BGG9tlnZ-Y\" width=\"560\" height=\"314\"><\/iframe><\/p>\n<p>&nbsp;<\/p>\n<p style=\"text-align: center\"><span style=\"font-size: 18pt\"><strong>SEGUNDO PROGRAMA<\/strong><\/span><\/p>\n<p style=\"text-align: center\"><iframe loading=\"lazy\" src=\"\/\/www.youtube.com\/embed\/rnjvxJvaW_o\" width=\"560\" height=\"314\"><\/iframe><\/p>\n<p>&nbsp;<\/p>\n<p style=\"text-align: center\"><span style=\"font-size: 18pt\"><strong>TERCER PROGRAMA<\/strong><\/span><\/p>\n<p style=\"text-align: center\"><iframe src=\"https:\/\/www.ivoox.com\/player_ej_51373588_4_1.html?c1=ff6600\" height=\"200\" frameborder=\"0\" scrolling=\"no\"><\/iframe><\/p>\n<p>Y a pesar del confinamiento, no perdieron las ganas por seguir adelante con el proyecto y con el \u00faltimo programa lo demostraron con creces.<\/p>\n<p style=\"text-align: center\"><iframe loading=\"lazy\" src=\"\/\/www.youtube.com\/embed\/gD-xL4AHVfw\" width=\"560\" height=\"314\"><\/iframe><\/p>\n<p>&nbsp;<\/p>\n","protected":false},"excerpt":{"rendered":"<p>Las alumnas del CFGS en Higiene Bucodental en la modalidad Dual, durante el curso 2019\/2020 han desarrollado el m\u00f3dulo de Primeros Auxilios a trav\u00e9s del Aprendizaje Basado en Proyectos. Con inspiraci\u00f3n en el programa&#46;&#46;&#46;<\/p>\n","protected":false},"author":10325,"featured_media":0,"parent":0,"menu_order":0,"comment_status":"closed","ping_status":"closed","template":"","meta":{"ngg_post_thumbnail":0,"footnotes":""},"aioseo_notices":[],"_links":{"self":[{"href":"https:\/\/blogsaverroes.juntadeandalucia.es\/registrodenovedades\/wp-json\/wp\/v2\/pages\/39"}],"collection":[{"href":"https:\/\/blogsaverroes.juntadeandalucia.es\/registrodenovedades\/wp-json\/wp\/v2\/pages"}],"about":[{"href":"https:\/\/blogsaverroes.juntadeandalucia.es\/registrodenovedades\/wp-json\/wp\/v2\/types\/page"}],"author":[{"embeddable":true,"href":"https:\/\/blogsaverroes.juntadeandalucia.es\/registrodenovedades\/wp-json\/wp\/v2\/users\/10325"}],"replies":[{"embeddable":true,"href":"https:\/\/blogsaverroes.juntadeandalucia.es\/registrodenovedades\/wp-json\/wp\/v2\/comments?post=39"}],"version-history":[{"count":4,"href":"https:\/\/blogsaverroes.juntadeandalucia.es\/registrodenovedades\/wp-json\/wp\/v2\/pages\/39\/revisions"}],"predecessor-version":[{"id":153,"href":"https:\/\/blogsaverroes.juntadeandalucia.es\/registrodenovedades\/wp-json\/wp\/v2\/pages\/39\/revisions\/153"}],"wp:attachment":[{"href":"https:\/\/blogsaverroes.juntadeandalucia.es\/registrodenovedades\/wp-json\/wp\/v2\/media?parent=39"}],"curies":[{"name":"wp","href":"https:\/\/api.w.org\/{rel}","templated":true}]}}