{"id":113,"date":"2015-03-16T08:06:00","date_gmt":"2015-03-16T08:06:00","guid":{"rendered":"http:\/\/blogsaverroes.juntadeandalucia.es\/pre\/ceip\/?page_id=113"},"modified":"2025-07-02T10:50:50","modified_gmt":"2025-07-02T10:50:50","slug":"biblioteca","status":"publish","type":"page","link":"https:\/\/blogsaverroes.juntadeandalucia.es\/reinafabiola\/biblioteca\/","title":{"rendered":"Biblioteca"},"content":{"rendered":"<h2><a href=\"https:\/\/drive.google.com\/file\/d\/1oX9U6Xzr6KxMi3DBaHxzQHjmiB0NDVGi\/view?usp=sharing\" target=\"_blank\" rel=\"noopener\">PLAN DE LECTURA.<\/a><\/h2>\n<p>&nbsp;<\/p>\n<h2><img loading=\"lazy\" decoding=\"async\" class=\"aligncenter size-full wp-image-5421\" src=\"https:\/\/blogsaverroes.juntadeandalucia.es\/reinafabiola\/files\/2022\/05\/insignia-parada-violeta-free-tour-GENE\u0301RICA-1.png\" alt=\"\" width=\"1600\" height=\"1132\" srcset=\"https:\/\/blogsaverroes.juntadeandalucia.es\/reinafabiola\/files\/2022\/05\/insignia-parada-violeta-free-tour-GENE\u0301RICA-1.png 1600w, https:\/\/blogsaverroes.juntadeandalucia.es\/reinafabiola\/files\/2022\/05\/insignia-parada-violeta-free-tour-GENE\u0301RICA-1-300x212.png 300w, https:\/\/blogsaverroes.juntadeandalucia.es\/reinafabiola\/files\/2022\/05\/insignia-parada-violeta-free-tour-GENE\u0301RICA-1-1024x724.png 1024w, https:\/\/blogsaverroes.juntadeandalucia.es\/reinafabiola\/files\/2022\/05\/insignia-parada-violeta-free-tour-GENE\u0301RICA-1-768x543.png 768w, https:\/\/blogsaverroes.juntadeandalucia.es\/reinafabiola\/files\/2022\/05\/insignia-parada-violeta-free-tour-GENE\u0301RICA-1-1536x1086.png 1536w, https:\/\/blogsaverroes.juntadeandalucia.es\/reinafabiola\/files\/2022\/05\/insignia-parada-violeta-free-tour-GENE\u0301RICA-1-2048x1449.png 2048w\" sizes=\"(max-width: 1600px) 100vw, 1600px\" \/><\/h2>\n<div id=\":qb\" class=\"ii gt\">\n<div id=\":qa\" class=\"a3s aiL \">\n<div dir=\"ltr\"><b><u>Centro reconocido como \u00abParada&nbsp;violeta\u00bb<\/u><\/b>.<\/div>\n<div dir=\"ltr\">\n<p>Nuestro centro aparece en el Mapa&nbsp;\u00abVioleta Free Tour\u00bb&nbsp;de la Consejer\u00eda de educaci\u00f3n de Granada.<\/p>\n<div>\n<p>Esto significa, que cualquier centro educativo de la provincia de Granada puede visitar nuestro centro porque contamos con dos importantes espacios:<\/p>\n<div>1.-\u00abLa\u00bbCasita de la Igualdad\u00bb con su correspondiente gu\u00eda did\u00e1ctica y libro de visitas.<\/div>\n<div>2.-\u00abRinc\u00f3n Violeta\u00bb en nuestra biblioteca escolar \u00abDon Libricol\u00bb. Contamos con un importante n\u00famero de ejemplares de tem\u00e1tica sobre Igualdad, Coeducaci\u00f3n, y prevenci\u00f3n de violencia de g\u00e9nero.<\/div>\n<\/div>\n<\/div>\n<div class=\"yj6qo\">&nbsp;<\/div>\n<div class=\"adL\">&nbsp;<\/div>\n<\/div>\n<\/div>\n<div id=\":s4\" class=\"hq gt a10\">&nbsp;<\/div>\n<h2><a href=\"https:\/\/view.genial.ly\/5f87591e01a73210ef114cea\/presentation-informacion-biblioweb-seneca\" target=\"_blank\" rel=\"noopener noreferrer\"><img loading=\"lazy\" decoding=\"async\" class=\"aligncenter size-full wp-image-5068\" src=\"https:\/\/blogsaverroes.juntadeandalucia.es\/reinafabiola\/files\/2021\/01\/biblio.png\" alt=\"\" width=\"451\" height=\"485\" srcset=\"https:\/\/blogsaverroes.juntadeandalucia.es\/reinafabiola\/files\/2021\/01\/biblio.png 451w, https:\/\/blogsaverroes.juntadeandalucia.es\/reinafabiola\/files\/2021\/01\/biblio-279x300.png 279w, https:\/\/blogsaverroes.juntadeandalucia.es\/reinafabiola\/files\/2021\/01\/biblio-22x24.png 22w, https:\/\/blogsaverroes.juntadeandalucia.es\/reinafabiola\/files\/2021\/01\/biblio-33x36.png 33w, https:\/\/blogsaverroes.juntadeandalucia.es\/reinafabiola\/files\/2021\/01\/biblio-45x48.png 45w\" sizes=\"(max-width: 451px) 100vw, 451px\" \/><\/a><\/h2>\n<p>&nbsp;<\/p>\n<h2>ITINERARIO LECTOR<\/h2>\n<p><a href=\"https:\/\/view.genial.ly\/5f8cb72b83a9980d6ce8db42\/guide-itinerario-lector-biblioteca-escolar-don-libricol\" target=\"_blank\" rel=\"noopener noreferrer\"><img loading=\"lazy\" decoding=\"async\" class=\"aligncenter size-full wp-image-5008\" src=\"https:\/\/blogsaverroes.juntadeandalucia.es\/reinafabiola\/files\/2020\/11\/lector.png\" alt=\"\" width=\"776\" height=\"455\" srcset=\"https:\/\/blogsaverroes.juntadeandalucia.es\/reinafabiola\/files\/2020\/11\/lector.png 776w, https:\/\/blogsaverroes.juntadeandalucia.es\/reinafabiola\/files\/2020\/11\/lector-300x176.png 300w, https:\/\/blogsaverroes.juntadeandalucia.es\/reinafabiola\/files\/2020\/11\/lector-768x450.png 768w, https:\/\/blogsaverroes.juntadeandalucia.es\/reinafabiola\/files\/2020\/11\/lector-24x14.png 24w, https:\/\/blogsaverroes.juntadeandalucia.es\/reinafabiola\/files\/2020\/11\/lector-36x21.png 36w, https:\/\/blogsaverroes.juntadeandalucia.es\/reinafabiola\/files\/2020\/11\/lector-48x28.png 48w\" sizes=\"(max-width: 776px) 100vw, 776px\" \/><\/a><\/p>\n<h2>&nbsp;<\/h2>\n<h2>PROYECTO 20\/21<\/h2>\n<p><a href=\"https:\/\/blogsaverroes.juntadeandalucia.es\/reinafabiola\/files\/2020\/11\/18006959CEIP_REINA_FABIOLA_PLANDETRABAJO.pdf\" target=\"_blank\" rel=\"noopener noreferrer\"><img loading=\"lazy\" decoding=\"async\" class=\"aligncenter size-full wp-image-5025\" src=\"https:\/\/blogsaverroes.juntadeandalucia.es\/reinafabiola\/files\/2020\/11\/biblio2.jpg.png\" alt=\"\" width=\"555\" height=\"412\" srcset=\"https:\/\/blogsaverroes.juntadeandalucia.es\/reinafabiola\/files\/2020\/11\/biblio2.jpg.png 555w, https:\/\/blogsaverroes.juntadeandalucia.es\/reinafabiola\/files\/2020\/11\/biblio2.jpg-300x223.png 300w, https:\/\/blogsaverroes.juntadeandalucia.es\/reinafabiola\/files\/2020\/11\/biblio2.jpg-24x18.png 24w, https:\/\/blogsaverroes.juntadeandalucia.es\/reinafabiola\/files\/2020\/11\/biblio2.jpg-36x27.png 36w, https:\/\/blogsaverroes.juntadeandalucia.es\/reinafabiola\/files\/2020\/11\/biblio2.jpg-48x36.png 48w\" sizes=\"(max-width: 555px) 100vw, 555px\" \/><\/a><\/p>\n<p>&nbsp;<\/p>\n<p><a href=\"https:\/\/sites.google.com\/view\/rutasliterariasenmotril\/inicio\" rel=\"attachment wp-att-4694\"><img loading=\"lazy\" decoding=\"async\" class=\"wp-image-4694 alignnone\" src=\"https:\/\/blogsaverroes.juntadeandalucia.es\/reinafabiola\/files\/2019\/12\/lectura-en-las-calles.jpg\" alt=\"\" width=\"172\" height=\"171\" srcset=\"https:\/\/blogsaverroes.juntadeandalucia.es\/reinafabiola\/files\/2019\/12\/lectura-en-las-calles.jpg 442w, https:\/\/blogsaverroes.juntadeandalucia.es\/reinafabiola\/files\/2019\/12\/lectura-en-las-calles-150x150.jpg 150w, https:\/\/blogsaverroes.juntadeandalucia.es\/reinafabiola\/files\/2019\/12\/lectura-en-las-calles-300x300.jpg 300w, https:\/\/blogsaverroes.juntadeandalucia.es\/reinafabiola\/files\/2019\/12\/lectura-en-las-calles-100x100.jpg 100w, https:\/\/blogsaverroes.juntadeandalucia.es\/reinafabiola\/files\/2019\/12\/lectura-en-las-calles-160x160.jpg 160w, https:\/\/blogsaverroes.juntadeandalucia.es\/reinafabiola\/files\/2019\/12\/lectura-en-las-calles-320x320.jpg 320w, https:\/\/blogsaverroes.juntadeandalucia.es\/reinafabiola\/files\/2019\/12\/lectura-en-las-calles-24x24.jpg 24w, https:\/\/blogsaverroes.juntadeandalucia.es\/reinafabiola\/files\/2019\/12\/lectura-en-las-calles-36x36.jpg 36w, https:\/\/blogsaverroes.juntadeandalucia.es\/reinafabiola\/files\/2019\/12\/lectura-en-las-calles-48x48.jpg 48w\" sizes=\"(max-width: 172px) 100vw, 172px\" \/>&nbsp; La Mar de Libros.<\/a><\/p>\n<p>&nbsp;<\/p>\n<p><a href=\"http:\/\/www.juntadeandalucia.es\/averroes\/centros-tic\/18006959\/biblioweb2\" rel=\"attachment wp-att-2369\"><img loading=\"lazy\" decoding=\"async\" class=\"wp-image-2369 size-thumbnail alignnone\" src=\"http:\/\/blogsaverroes.juntadeandalucia.es\/reinafabiola\/files\/2015\/05\/caracoltexto-150x150.jpg\" width=\"150\" height=\"150\" srcset=\"https:\/\/blogsaverroes.juntadeandalucia.es\/reinafabiola\/files\/2015\/05\/caracoltexto-150x150.jpg 150w, https:\/\/blogsaverroes.juntadeandalucia.es\/reinafabiola\/files\/2015\/05\/caracoltexto-100x100.jpg 100w, https:\/\/blogsaverroes.juntadeandalucia.es\/reinafabiola\/files\/2015\/05\/caracoltexto-160x160.jpg 160w\" sizes=\"(max-width: 150px) 100vw, 150px\" \/><\/a><\/p>\n<p><a href=\"http:\/\/www.juntadeandalucia.es\/averroes\/centros-tic\/18006959\/biblioweb2\" rel=\"attachment wp-att-2369\">VISITA NUESTRA BIBLIOTECA<\/a><\/p>\n<p><a href=\"https:\/\/blogsaverroes.juntadeandalucia.es\/reinafabiola\/files\/2015\/05\/Gu%C3%ADa-usuario-Fabiola-biblio-15_16.pdf\">GU\u00cdA DE USUARIO<\/a><\/p>\n<p><a href=\"http:\/\/blogsaverroes.juntadeandalucia.es\/reinafabiola\/files\/2015\/05\/CONCURSO-POES%C3%8DA.pdf\">II CONCURSO DE POES\u00cdA: \u00abMi Andaluc\u00eda\u00bb<\/a><\/p>\n<p><a href=\"https:\/\/drive.google.com\/file\/d\/1618LK_uShU8pyMywo1i1KnJleWLxtUnL\/view?usp=sharing\">PLAN DE TRABAJO BIBLIOTECA 2019\/2020.<\/a><\/p>\n<p><a href=\"https:\/\/drive.google.com\/file\/d\/1AAQY0RU_JXFWulAso95u84ahuCcv-Hr7\/view\">PLAN DE TRABAJO BIBLIOTECA 2018\/2019<\/a><\/p>\n<p>Informaci\u00f3n sobre su uso, horarios, prestamos, etc&#8230;<\/p>\n<p><a title=\"Bibliotecas escolares\" href=\"https:\/\/www.juntadeandalucia.es\/educacion\/webportal\/web\/lecturas-y-bibliotecas-escolares\/bibliotecas-escolares\" target=\"_blank\" rel=\"noopener noreferrer\">Enlace al portal sobre las Bibliotecas Escolares.<\/a><\/p>\n<p><a href=\"http:\/\/www.juntadeandalucia.es\/educacion\/portals\/web\/libro-abierto\/contenidos\/-\/contenidos\/detalle\/la-mar-de-libros-grupo-de-cooperacion-bibliotecaria-de-motril\">Art\u00edculo en la revista de bibliotecas escolares de Andaluc\u00eda.<\/a><\/p>\n","protected":false},"excerpt":{"rendered":"<p>PLAN DE LECTURA. &nbsp; Centro reconocido como \u00abParada&nbsp;violeta\u00bb. Nuestro centro aparece en el Mapa&nbsp;\u00abVioleta Free Tour\u00bb&nbsp;de la Consejer\u00eda de educaci\u00f3n de Granada. Esto significa, que cualquier centro educativo de la provincia de Granada puede&#46;&#46;&#46;<\/p>\n","protected":false},"author":1,"featured_media":0,"parent":0,"menu_order":0,"comment_status":"open","ping_status":"open","template":"page-templates\/child-menu.php","meta":{"ngg_post_thumbnail":0,"footnotes":"","_mc_calendar":[]},"aioseo_notices":[],"_links":{"self":[{"href":"https:\/\/blogsaverroes.juntadeandalucia.es\/reinafabiola\/wp-json\/wp\/v2\/pages\/113"}],"collection":[{"href":"https:\/\/blogsaverroes.juntadeandalucia.es\/reinafabiola\/wp-json\/wp\/v2\/pages"}],"about":[{"href":"https:\/\/blogsaverroes.juntadeandalucia.es\/reinafabiola\/wp-json\/wp\/v2\/types\/page"}],"author":[{"embeddable":true,"href":"https:\/\/blogsaverroes.juntadeandalucia.es\/reinafabiola\/wp-json\/wp\/v2\/users\/1"}],"replies":[{"embeddable":true,"href":"https:\/\/blogsaverroes.juntadeandalucia.es\/reinafabiola\/wp-json\/wp\/v2\/comments?post=113"}],"version-history":[{"count":31,"href":"https:\/\/blogsaverroes.juntadeandalucia.es\/reinafabiola\/wp-json\/wp\/v2\/pages\/113\/revisions"}],"predecessor-version":[{"id":5941,"href":"https:\/\/blogsaverroes.juntadeandalucia.es\/reinafabiola\/wp-json\/wp\/v2\/pages\/113\/revisions\/5941"}],"wp:attachment":[{"href":"https:\/\/blogsaverroes.juntadeandalucia.es\/reinafabiola\/wp-json\/wp\/v2\/media?parent=113"}],"curies":[{"name":"wp","href":"https:\/\/api.w.org\/{rel}","templated":true}]}}