{"id":2193,"date":"2016-01-31T19:23:21","date_gmt":"2016-01-31T19:23:21","guid":{"rendered":"http:\/\/blogsaverroes.juntadeandalucia.es\/reinafabiola\/?page_id=2193"},"modified":"2025-09-03T08:14:19","modified_gmt":"2025-09-03T08:14:19","slug":"claustro-de-profesores","status":"publish","type":"page","link":"https:\/\/blogsaverroes.juntadeandalucia.es\/reinafabiola\/claustro-de-profesores\/","title":{"rendered":"Claustro de profesores curso 2024\/2025"},"content":{"rendered":"<table style=\"width: 59.3843%;height: 1134px\">\n<tbody>\n<tr style=\"height: 24px\">\n<td style=\"width: 59.87%;height: 24px\"><b>CLAUSTRO DE PROFESORES\/AS<\/b><\/td>\n<td style=\"width: 53.4302%;height: 24px\">&nbsp;<\/td>\n<\/tr>\n<tr style=\"height: 24px\">\n<td style=\"width: 59.87%;height: 24px\">&nbsp;<strong>Educaci\u00f3n Infanti<\/strong>l<\/td>\n<td style=\"width: 53.4302%;height: 24px\">&nbsp;<\/td>\n<\/tr>\n<tr style=\"height: 24px\">\n<td style=\"width: 59.87%;height: 24px\">P\u00e9rez P\u00e9rez, Paqui<\/td>\n<td style=\"width: 53.4302%;height: 24px\"><span style=\"color: green\">3 a\u00f1os A<\/span><\/td>\n<\/tr>\n<tr style=\"height: 24px\">\n<td style=\"width: 59.87%;height: 24px\">Gema G\u00e1mez Cabezas<\/td>\n<td style=\"width: 53.4302%;height: 24px\"><span style=\"color: green\">3 a\u00f1os B&nbsp; &nbsp;<\/span><\/td>\n<\/tr>\n<tr style=\"height: 24px\">\n<td style=\"width: 59.87%;height: 24px\">Puentedura Rodr\u00edguez, Sonia<\/td>\n<td style=\"width: 53.4302%;height: 24px\"><span style=\"color: green\"><span style=\"color: green\">4 a\u00f1os A<\/span><\/span><\/td>\n<\/tr>\n<tr style=\"height: 24px\">\n<td style=\"width: 59.87%;height: 24px\">Castillo Rubi\u00f1o, M\u00aa Gloria<\/td>\n<td style=\"width: 53.4302%;height: 24px\"><span style=\"color: green\"><span style=\"color: green\">4 a\u00f1os B<\/span><\/span><\/p>\n<p><span style=\"color: green\">Coordinadora de Ciclo<\/span><\/td>\n<\/tr>\n<tr style=\"height: 24px\">\n<td style=\"width: 59.87%;height: 24px\">Fern\u00e1ndez Carri\u00f3n, Francisca<\/td>\n<td style=\"width: 53.4302%;height: 24px\"><span style=\"color: green\"><span style=\"color: green\">5 a\u00f1os A<\/span><\/span><\/td>\n<\/tr>\n<tr style=\"height: 24px\">\n<td style=\"width: 59.87%;height: 24px\">Sonia Soriano L\u00f3pez<\/td>\n<td style=\"width: 53.4302%;height: 24px\"><span style=\"color: green\"><span style=\"color: green\">5 a\u00f1os B&nbsp;<\/span><\/span><\/td>\n<\/tr>\n<tr style=\"height: 24px\">\n<td style=\"width: 59.87%;height: 24px\">Hern\u00e1ndez Ortega, Mar\u00eda Matilde<\/td>\n<td style=\"width: 53.4302%;height: 24px\"><span style=\"color: #008000\">Apoyo en Infantil<\/span><\/td>\n<\/tr>\n<tr style=\"height: 24px\">\n<td style=\"width: 59.87%;height: 24px\"><strong>Primer Ciclo de Educaci\u00f3n Primaria<\/strong><\/td>\n<td style=\"width: 53.4302%;height: 24px\">&nbsp;<\/td>\n<\/tr>\n<tr style=\"height: 24px\">\n<td style=\"width: 59.87%;height: 24px\">L\u00f3pez Noguera, Inmaculada<\/td>\n<td style=\"width: 53.4302%;height: 24px\"><span style=\"color: green\">1\u00ba A<\/span><\/p>\n<p><span style=\"color: green\">Coordinadora de Ciclo<\/span><\/td>\n<\/tr>\n<tr style=\"height: 24px\">\n<td style=\"width: 59.87%;height: 24px\">Mart\u00edn Rodr\u00edguez, Estefan\u00eda<\/td>\n<td style=\"width: 53.4302%;height: 24px\"><span style=\"color: green\">1\u00ba B&nbsp;<\/span><\/td>\n<\/tr>\n<tr style=\"height: 24px\">\n<td style=\"width: 59.87%;height: 24px\">Moreno Garc\u00eda, Elena<\/td>\n<td style=\"width: 53.4302%;height: 24px\"><span style=\"color: green\">2\u00ba A&nbsp;<\/span><\/td>\n<\/tr>\n<tr style=\"height: 24px\">\n<td style=\"width: 59.87%;height: 24px\">Rodr\u00edguez S\u00e1nchez, Encarnaci\u00f3n<\/td>\n<td style=\"width: 53.4302%;height: 24px\"><span style=\"color: green\"><span style=\"color: green\">2\u00ba B<\/span><\/span><\/td>\n<\/tr>\n<tr style=\"height: 24px\">\n<td style=\"width: 59.87%;height: 24px\">&nbsp;<\/td>\n<td style=\"width: 53.4302%;height: 24px\">&nbsp;<\/td>\n<\/tr>\n<tr style=\"height: 24px\">\n<td style=\"width: 59.87%;height: 24px\">&nbsp;<\/td>\n<td style=\"width: 53.4302%;height: 24px\">&nbsp;<\/td>\n<\/tr>\n<tr style=\"height: 24px\">\n<td style=\"width: 59.87%;height: 24px\"><strong>Segundo Ciclo de Educaci\u00f3n Primaria<\/strong><\/td>\n<td style=\"width: 53.4302%;height: 24px\">&nbsp;<\/td>\n<\/tr>\n<tr style=\"height: 24px\">\n<td style=\"width: 59.87%;height: 24px\">Carmona Rosales, Mar\u00eda del Carmen.<\/td>\n<td style=\"width: 53.4302%;height: 24px\"><span style=\"color: green\"><span style=\"color: green\">3\u00ba A &#8211;&nbsp;<\/span><\/span><\/td>\n<\/tr>\n<tr style=\"height: 24px\">\n<td style=\"width: 59.87%;height: 24px\">Alarc\u00f3n Montero, Mar\u00eda Lourdes<\/td>\n<td style=\"width: 53.4302%;height: 24px\"><span style=\"color: green\"><span style=\"color: green\">3\u00ba B &#8211; Franc\u00e9s<\/span><\/span><\/td>\n<\/tr>\n<tr style=\"height: 24px\">\n<td style=\"width: 59.87%;height: 24px\">&nbsp;<\/td>\n<td style=\"width: 53.4302%;height: 24px\">&nbsp;<\/td>\n<\/tr>\n<tr style=\"height: 24px\">\n<td style=\"width: 59.87%;height: 24px\">Tapia Mart\u00edn, M\u00aa Bego\u00f1a.<\/td>\n<td style=\"width: 53.4302%;height: 24px\"><span style=\"color: green\"><span style=\"color: green\">4\u00ba A &#8211; Coordinador de Ciclo<\/span><\/span><\/td>\n<\/tr>\n<tr style=\"height: 24px\">\n<td style=\"width: 59.87%;height: 24px\">Barranco Gij\u00f3n, Sergio.<\/td>\n<td style=\"width: 53.4302%;height: 24px\"><span style=\"color: green\"><span style=\"color: green\">4\u00ba B &#8211; Jefe de estudios.<\/span><\/span><\/td>\n<\/tr>\n<tr style=\"height: 24px\">\n<td style=\"width: 59.87%;height: 24px\">&nbsp;<\/td>\n<td style=\"width: 53.4302%;height: 24px\">\n<p class=\"western\">&nbsp;<\/p>\n<\/td>\n<\/tr>\n<tr style=\"height: 24px\">\n<td style=\"width: 59.87%;height: 24px\">&nbsp;<\/td>\n<td style=\"width: 53.4302%;height: 24px\">&nbsp;<\/td>\n<\/tr>\n<tr style=\"height: 24px\">\n<td style=\"width: 59.87%;height: 24px\"><strong> Tercer Ciclo de Educaci\u00f3n Primaria<\/strong><\/td>\n<td style=\"width: 53.4302%;height: 24px\">&nbsp;<\/td>\n<\/tr>\n<tr style=\"height: 24px\">\n<td style=\"width: 59.87%;height: 65px\">Prados Rodr\u00edguez Manuel<\/td>\n<td style=\"width: 53.4302%;height: 65px\"><span style=\"color: green\"><span style=\"color: green\">5\u00ba A &#8211;&nbsp;<\/span><\/span><\/td>\n<\/tr>\n<tr style=\"height: 24.4167px\">\n<td style=\"width: 59.87%;height: 10px\">Garc\u00eda Carri\u00f3n Rosario<\/td>\n<td style=\"width: 53.4302%;height: 10px\">&nbsp;<\/p>\n<p><span style=\"color: green\">5\u00ba B- Ingl\u00e9s<\/span><\/p>\n<p class=\"western\">&nbsp;<\/p>\n<\/td>\n<\/tr>\n<tr style=\"height: 24px\">\n<td style=\"width: 59.87%;height: 24px\">Ruiz Castillo, Jose Higinio<\/td>\n<td style=\"width: 53.4302%;height: 24px\"><span style=\"color: #008000\">5\u00ba C- <span style=\"color: green\">M\u00fasica<\/span><\/span><\/p>\n<p><span style=\"color: green\">Coordinador Ciclo<\/span><\/td>\n<\/tr>\n<tr style=\"height: 24px\">\n<td style=\"width: 59.87%;height: 24px\">Montes Rubi\u00f1o, \u00c1ngeles<\/td>\n<td style=\"width: 53.4302%;height: 24px\"><span style=\"color: green\"><span style=\"color: green\">6\u00ba A-&nbsp;<\/span><\/span><\/td>\n<\/tr>\n<tr style=\"height: 24px\">\n<td style=\"width: 59.87%;height: 24px\">Cabrerizo Caballero, Ana M\u00aa&nbsp;<\/td>\n<td style=\"width: 53.4302%;height: 24px\"><span style=\"color: green\"><span style=\"color: green\">6\u00ba B &#8211;&nbsp; Ingl\u00e9s<\/span><\/span><\/td>\n<\/tr>\n<tr style=\"height: 24px\">\n<td style=\"width: 59.87%;height: 24px\">&nbsp;<\/td>\n<td style=\"width: 53.4302%;height: 24px\">&nbsp;<\/p>\n<p class=\"western\">&nbsp;<\/p>\n<\/td>\n<\/tr>\n<tr style=\"height: 24px\">\n<td style=\"width: 59.87%;height: 24px\"><strong>Otro Profesorado<\/strong><\/td>\n<td style=\"width: 53.4302%;height: 24px\">&nbsp;<\/td>\n<\/tr>\n<tr style=\"height: 24px\">\n<td style=\"width: 59.87%;height: 24px\">Aranda S\u00e1nchez, Blanca<\/td>\n<td style=\"width: 53.4302%;height: 24px\"><span style=\"color: #008000\">Primaria ZTS<\/span><\/td>\n<\/tr>\n<tr style=\"height: 24px\">\n<td style=\"width: 59.87%;height: 24px\">Fern\u00e1ndez Osorio, Jes\u00fas<\/td>\n<td style=\"width: 53.4302%;height: 24px\"><span style=\"color: green\">Apoyo- Secretario<br \/>\n<\/span><\/td>\n<\/tr>\n<tr style=\"height: 24px\">\n<td style=\"width: 59.87%;height: 24px\">Quiles Padial, Antonia<\/td>\n<td style=\"width: 53.4302%;height: 24px\"><span style=\"color: green\">Religi\u00f3n Cat\u00f3lica<\/span><\/td>\n<\/tr>\n<tr style=\"height: 24px\">\n<td style=\"width: 59.87%;height: 24px\">Ib\u00e1\u00f1ez Padial, Antonia<\/td>\n<td style=\"width: 53.4302%;height: 24px\"><span style=\"color: green\">Religi\u00f3n Infantil<\/span><\/td>\n<\/tr>\n<tr style=\"height: 34px\">\n<td style=\"width: 59.87%;height: 34px\">Ruiz Quir\u00f3s Mar\u00eda Isabel<\/td>\n<td style=\"width: 53.4302%;height: 34px\"><span style=\"color: green\">Audici\u00f3n y&nbsp; Lenguaje<\/span><\/td>\n<\/tr>\n<tr style=\"height: 24px\">\n<td style=\"width: 59.87%;height: 24px\">Camacho D\u00edaz, Mar\u00eda Francisca.<\/td>\n<td style=\"width: 53.4302%;height: 24px\"><span style=\"color: #008000\">Pedagog\u00eda Terap\u00e9utica<\/span><\/td>\n<\/tr>\n<tr style=\"height: 24px\">\n<td style=\"width: 59.87%;height: 24px\">Rodr\u00edguez Mu\u00f1oz, Mar\u00eda.<\/td>\n<td style=\"width: 53.4302%;height: 24px\"><span style=\"color: green\">Aula de TEA<\/span><\/td>\n<\/tr>\n<tr style=\"height: 24px\">\n<td style=\"width: 59.87%;height: 24px\">L\u00f3pez Ortega, Remedios<\/td>\n<td style=\"width: 53.4302%;height: 24px\"><span style=\"color: green\">Direcci\u00f3n&nbsp;<br \/>\n<\/span><\/td>\n<\/tr>\n<tr style=\"height: 24px\">\n<td style=\"width: 59.87%;height: 24px\">Gonz\u00e1lez Chamorro, Alicia<\/td>\n<td style=\"width: 53.4302%;height: 24px\"><span style=\"color: #008000\">Pedagog\u00eda Terap\u00e9utica<\/span><\/td>\n<\/tr>\n<tr style=\"height: 24px\">\n<td style=\"width: 59.87%;height: 24px\">Linares Escudero, Mois\u00e9s.<\/td>\n<td style=\"width: 53.4302%;height: 24px\"><span style=\"color: green\">Ed. F\u00edsica<\/span><\/td>\n<\/tr>\n<tr style=\"height: 24px\">\n<td style=\"width: 59.87%;height: 24px\">Hern\u00e1ndez Mart\u00edn-Mor\u00e9, Marta<\/td>\n<td style=\"width: 53.4302%;height: 24px\"><span style=\"color: green\">Aula Espec\u00edfica<br \/>\n<\/span><\/td>\n<\/tr>\n<tr style=\"height: 24px\">\n<td style=\"width: 59.87%;height: 24px\">Rodr\u00edguez Aranda, Fernando<\/td>\n<td style=\"width: 53.4302%;height: 24px\"><span style=\"color: green\"> &nbsp;Ed. F\u00edsica.&nbsp;<\/span><\/p>\n<p>&nbsp;<\/td>\n<\/tr>\n<tr style=\"height: 17px\">\n<td style=\"width: 59.87%;height: 17px\">Montesinos Vidal, Mar\u00eda del Carmen<\/td>\n<td style=\"width: 53.4302%;height: 17px\"><span style=\"color: #008000\">Administrativa<\/span><\/td>\n<\/tr>\n<tr style=\"height: 24px\">\n<td style=\"width: 59.87%;height: 24px\">Moya Garc\u00eda, Mar\u00eda del Carmen<\/td>\n<td style=\"width: 53.4302%;height: 24px\"><span style=\"color: green\"> Orientadora <\/span><\/td>\n<\/tr>\n<\/tbody>\n<\/table>\n<p>&nbsp;<\/p>\n","protected":false},"excerpt":{"rendered":"<p>CLAUSTRO DE PROFESORES\/AS &nbsp; &nbsp;Educaci\u00f3n Infantil &nbsp; P\u00e9rez P\u00e9rez, Paqui 3 a\u00f1os A Gema G\u00e1mez Cabezas 3 a\u00f1os B&nbsp; &nbsp; Puentedura Rodr\u00edguez, Sonia 4 a\u00f1os A Castillo Rubi\u00f1o, M\u00aa Gloria 4 a\u00f1os B Coordinadora&#46;&#46;&#46;<\/p>\n","protected":false},"author":2980,"featured_media":0,"parent":0,"menu_order":0,"comment_status":"open","ping_status":"open","template":"page-templates\/child-menu.php","meta":{"ngg_post_thumbnail":0,"footnotes":"","_mc_calendar":[]},"aioseo_notices":[],"_links":{"self":[{"href":"https:\/\/blogsaverroes.juntadeandalucia.es\/reinafabiola\/wp-json\/wp\/v2\/pages\/2193"}],"collection":[{"href":"https:\/\/blogsaverroes.juntadeandalucia.es\/reinafabiola\/wp-json\/wp\/v2\/pages"}],"about":[{"href":"https:\/\/blogsaverroes.juntadeandalucia.es\/reinafabiola\/wp-json\/wp\/v2\/types\/page"}],"author":[{"embeddable":true,"href":"https:\/\/blogsaverroes.juntadeandalucia.es\/reinafabiola\/wp-json\/wp\/v2\/users\/2980"}],"replies":[{"embeddable":true,"href":"https:\/\/blogsaverroes.juntadeandalucia.es\/reinafabiola\/wp-json\/wp\/v2\/comments?post=2193"}],"version-history":[{"count":28,"href":"https:\/\/blogsaverroes.juntadeandalucia.es\/reinafabiola\/wp-json\/wp\/v2\/pages\/2193\/revisions"}],"predecessor-version":[{"id":5946,"href":"https:\/\/blogsaverroes.juntadeandalucia.es\/reinafabiola\/wp-json\/wp\/v2\/pages\/2193\/revisions\/5946"}],"wp:attachment":[{"href":"https:\/\/blogsaverroes.juntadeandalucia.es\/reinafabiola\/wp-json\/wp\/v2\/media?parent=2193"}],"curies":[{"name":"wp","href":"https:\/\/api.w.org\/{rel}","templated":true}]}}