{"id":35,"date":"2015-03-13T08:21:43","date_gmt":"2015-03-13T08:21:43","guid":{"rendered":"http:\/\/blogsaverroes.juntadeandalucia.es\/pre\/ceip\/?page_id=35"},"modified":"2025-03-17T09:26:10","modified_gmt":"2025-03-17T09:26:10","slug":"el-centro-2","status":"publish","type":"page","link":"https:\/\/blogsaverroes.juntadeandalucia.es\/reinafabiola\/el-centro-2\/","title":{"rendered":"Datos del centro"},"content":{"rendered":"<p><iframe loading=\"lazy\" src=\"https:\/\/www.google.com\/maps\/embed?pb=!1m18!1m12!1m3!1d3196.7241519637905!2d-3.5229203850742774!3d36.75319177804476!2m3!1f0!2f0!3f0!3m2!1i1024!2i768!4f13.1!3m3!1m2!1s0xd7190b0ae8f0dd1%3A0x92031bfae6e7c3db!2sCEIP+Reina+Fabiola!5e0!3m2!1ses!2ses!4v1454081269442\" width=\"600\" height=\"450\" frameborder=\"0\"><\/iframe><\/p>\n<h4>Datos de contacto<\/h4>\n<p>CEIP REINA FABIOLA<\/p>\n<p><strong>Direcci\u00f3n:<\/strong>&nbsp; <em>Avda. Mart\u00edn Cuevas s\/n. 18600&nbsp; Motril. Granada<\/em><\/p>\n<p><strong>Tel\u00e9fono:&nbsp; 958 649 931<\/strong><strong>&nbsp; \/ FAX: 958649930<\/strong><br \/>\n<strong>Email:<\/strong> 18006959.edu@juntadeandalucia.es<\/p>\n<h4><strong>Horarios<\/strong><\/h4>\n<p>Reflejar el horario de apertura del centro: aula matinal, actividades lectivas, Plan de Acompa\u00f1amiento, talleres extraescolares organizados desde el AMPA, etc.<\/p>\n<h4><strong>Oferta educativa<\/strong><\/h4>\n<p>Una breve descripci\u00f3n de las ense\u00f1anzas ofrecidas en el centro, con posibilidad de <a title=\"Educaci\u00f3n infantil\" href=\"http:\/\/blogsaverroes.juntadeandalucia.es\/reinafabiola\/educacion-infantil\/\">enlazar <\/a>a otras secciones informativas de la web.<\/p>\n<h4>Instalaciones<\/h4>\n<table style=\"height: 321px\" width=\"747\">\n<tbody>\n<tr>\n<td><a href=\"http:\/\/blogsaverroes.juntadeandalucia.es\/reinafabiola\/files\/2015\/03\/ofi-e1454258700559.jpg\"><img loading=\"lazy\" decoding=\"async\" class=\"aligncenter wp-image-2172\" src=\"http:\/\/blogsaverroes.juntadeandalucia.es\/reinafabiola\/files\/2015\/03\/ofi-e1454258700559.jpg\" alt=\"ofi\" width=\"154\" height=\"116\"><\/a><\/td>\n<td><strong> Edificio de Oficinas<\/strong>:Direcci\u00f3n, Secretaria, Jefatura de Estudios, AMPA, Orientaci\u00f3n&nbsp; y Sala de Profesores<\/td>\n<td><a href=\"http:\/\/blogsaverroes.juntadeandalucia.es\/reinafabiola\/files\/2015\/03\/aulas-e1454258955409.jpg\"><img loading=\"lazy\" decoding=\"async\" class=\"aligncenter wp-image-2173\" src=\"http:\/\/blogsaverroes.juntadeandalucia.es\/reinafabiola\/files\/2015\/03\/aulas-e1454258955409.jpg\" alt=\"aulas\" width=\"164\" height=\"122\"><\/a><\/td>\n<td><strong>Edificio de Aulas:<\/strong>Aulas de Educaci\u00f3n Primaria, Autismo, Aula espec\u00edfica, M\u00fasica, Conserjer\u00eda, Comedor, Sal\u00f3n de actos.<\/td>\n<\/tr>\n<tr>\n<td>&nbsp;<a href=\"http:\/\/blogsaverroes.juntadeandalucia.es\/reinafabiola\/files\/2015\/03\/infa-e1454259728602.jpg\"><img loading=\"lazy\" decoding=\"async\" class=\"aligncenter wp-image-2174\" src=\"http:\/\/blogsaverroes.juntadeandalucia.es\/reinafabiola\/files\/2015\/03\/infa-e1454259728602.jpg\" alt=\"infa\" width=\"180\" height=\"135\"><\/a><\/td>\n<td>&nbsp;&nbsp;<strong>Edificio de Educaci\u00f3n<\/strong> <strong>Infantil: <\/strong>aulas, columpios, patios y servicios.<\/td>\n<td><strong>&nbsp;<a href=\"http:\/\/blogsaverroes.juntadeandalucia.es\/reinafabiola\/files\/2015\/03\/gimna-e1454259914527.jpg\"><img loading=\"lazy\" decoding=\"async\" class=\"aligncenter wp-image-2175\" src=\"http:\/\/blogsaverroes.juntadeandalucia.es\/reinafabiola\/files\/2015\/03\/gimna-e1454259914527.jpg\" alt=\"gimna\" width=\"176\" height=\"132\"><\/a><\/strong><\/td>\n<td><strong>Gimnasio y pistas <\/strong><strong>deportivas<\/strong><\/td>\n<\/tr>\n<\/tbody>\n<\/table>\n<p><strong>&nbsp;&nbsp;&nbsp;&nbsp; <\/strong><\/p>\n<p>&nbsp;<\/p>\n<p>&nbsp;<\/p>\n<p>&nbsp;<\/p>\n<p>&nbsp;<\/p>\n<p>&nbsp;<\/p>\n<p>&nbsp;<\/p>\n","protected":false},"excerpt":{"rendered":"<p>Datos de contacto CEIP REINA FABIOLA Direcci\u00f3n:&nbsp; Avda. Mart\u00edn Cuevas s\/n. 18600&nbsp; Motril. Granada Tel\u00e9fono:&nbsp; 958 649 931&nbsp; \/ FAX: 958649930 Email: 18006959.edu@juntadeandalucia.es Horarios Reflejar el horario de apertura del centro: aula matinal, actividades&#46;&#46;&#46;<\/p>\n","protected":false},"author":1,"featured_media":0,"parent":0,"menu_order":0,"comment_status":"open","ping_status":"open","template":"","meta":{"ngg_post_thumbnail":0,"footnotes":"","_mc_calendar":[]},"aioseo_notices":[],"_links":{"self":[{"href":"https:\/\/blogsaverroes.juntadeandalucia.es\/reinafabiola\/wp-json\/wp\/v2\/pages\/35"}],"collection":[{"href":"https:\/\/blogsaverroes.juntadeandalucia.es\/reinafabiola\/wp-json\/wp\/v2\/pages"}],"about":[{"href":"https:\/\/blogsaverroes.juntadeandalucia.es\/reinafabiola\/wp-json\/wp\/v2\/types\/page"}],"author":[{"embeddable":true,"href":"https:\/\/blogsaverroes.juntadeandalucia.es\/reinafabiola\/wp-json\/wp\/v2\/users\/1"}],"replies":[{"embeddable":true,"href":"https:\/\/blogsaverroes.juntadeandalucia.es\/reinafabiola\/wp-json\/wp\/v2\/comments?post=35"}],"version-history":[{"count":25,"href":"https:\/\/blogsaverroes.juntadeandalucia.es\/reinafabiola\/wp-json\/wp\/v2\/pages\/35\/revisions"}],"predecessor-version":[{"id":5675,"href":"https:\/\/blogsaverroes.juntadeandalucia.es\/reinafabiola\/wp-json\/wp\/v2\/pages\/35\/revisions\/5675"}],"wp:attachment":[{"href":"https:\/\/blogsaverroes.juntadeandalucia.es\/reinafabiola\/wp-json\/wp\/v2\/media?parent=35"}],"curies":[{"name":"wp","href":"https:\/\/api.w.org\/{rel}","templated":true}]}}