{"id":3791,"date":"2018-03-23T09:30:53","date_gmt":"2018-03-23T09:30:53","guid":{"rendered":"http:\/\/blogsaverroes.juntadeandalucia.es\/reinafabiola\/?page_id=3791"},"modified":"2020-09-23T13:43:53","modified_gmt":"2020-09-23T13:43:53","slug":"casita-de-la-igualdad","status":"publish","type":"page","link":"https:\/\/blogsaverroes.juntadeandalucia.es\/reinafabiola\/casita-de-la-igualdad\/","title":{"rendered":"Casita de la Igualdad"},"content":{"rendered":"<table style=\"height: 168px;width: 560px\">\n<tbody>\n<tr>\n<td style=\"width: 115px\">&nbsp;<a href=\"http:\/\/blogsaverroes.juntadeandalucia.es\/reinafabiola\/port-2\/\"><img loading=\"lazy\" decoding=\"async\" class=\"aligncenter wp-image-3796 \" src=\"https:\/\/blogsaverroes.juntadeandalucia.es\/reinafabiola\/files\/2018\/03\/port-150x150.png\" alt=\"\" width=\"127\" height=\"127\" srcset=\"https:\/\/blogsaverroes.juntadeandalucia.es\/reinafabiola\/files\/2018\/03\/port-150x150.png 150w, https:\/\/blogsaverroes.juntadeandalucia.es\/reinafabiola\/files\/2018\/03\/port-100x100.png 100w, https:\/\/blogsaverroes.juntadeandalucia.es\/reinafabiola\/files\/2018\/03\/port-160x160.png 160w, https:\/\/blogsaverroes.juntadeandalucia.es\/reinafabiola\/files\/2018\/03\/port-320x320.png 320w\" sizes=\"(max-width: 127px) 100vw, 127px\" \/><\/a><\/td>\n<td style=\"width: 427px\">\n<h2><a href=\"https:\/\/blogsaverroes.juntadeandalucia.es\/reinafabiola\/files\/2018\/03\/GUIA-CASITA-IGUALDAD.pdf\">Gu\u00eda casita de la igualdad<\/a><\/h2>\n<\/td>\n<\/tr>\n<tr>\n<td style=\"width: 115px\">&nbsp;<a href=\"http:\/\/blogsaverroes.juntadeandalucia.es\/reinafabiola\/port-2\/\"><img loading=\"lazy\" decoding=\"async\" class=\"aligncenter wp-image-3796 \" src=\"https:\/\/blogsaverroes.juntadeandalucia.es\/reinafabiola\/files\/2018\/03\/port-150x150.png\" alt=\"\" width=\"127\" height=\"127\" srcset=\"https:\/\/blogsaverroes.juntadeandalucia.es\/reinafabiola\/files\/2018\/03\/port-150x150.png 150w, https:\/\/blogsaverroes.juntadeandalucia.es\/reinafabiola\/files\/2018\/03\/port-100x100.png 100w, https:\/\/blogsaverroes.juntadeandalucia.es\/reinafabiola\/files\/2018\/03\/port-160x160.png 160w, https:\/\/blogsaverroes.juntadeandalucia.es\/reinafabiola\/files\/2018\/03\/port-320x320.png 320w\" sizes=\"(max-width: 127px) 100vw, 127px\" \/><\/a><\/td>\n<td style=\"width: 427px\">\n<h3><a href=\"https:\/\/blogsaverroes.juntadeandalucia.es\/reinafabiola\/files\/2018\/03\/videoigualdad.mp4\" target=\"_blank\" rel=\"noopener noreferrer\">&nbsp;V\u00eddeo presentaci\u00f3n<\/a><\/h3>\n<\/td>\n<\/tr>\n<tr>\n<td style=\"width: 115px\">&nbsp;<\/td>\n<td style=\"width: 427px\">&nbsp;<\/td>\n<\/tr>\n<tr>\n<td style=\"width: 115px\">&nbsp;<\/td>\n<td style=\"width: 427px\">&nbsp;<\/td>\n<\/tr>\n<\/tbody>\n<\/table>\n","protected":false},"excerpt":{"rendered":"<p>&nbsp; Gu\u00eda casita de la igualdad &nbsp; &nbsp;V\u00eddeo presentaci\u00f3n &nbsp; &nbsp; &nbsp; &nbsp;<\/p>\n","protected":false},"author":2980,"featured_media":0,"parent":0,"menu_order":0,"comment_status":"closed","ping_status":"closed","template":"","meta":{"ngg_post_thumbnail":0,"footnotes":"","_mc_calendar":[]},"aioseo_notices":[],"_links":{"self":[{"href":"https:\/\/blogsaverroes.juntadeandalucia.es\/reinafabiola\/wp-json\/wp\/v2\/pages\/3791"}],"collection":[{"href":"https:\/\/blogsaverroes.juntadeandalucia.es\/reinafabiola\/wp-json\/wp\/v2\/pages"}],"about":[{"href":"https:\/\/blogsaverroes.juntadeandalucia.es\/reinafabiola\/wp-json\/wp\/v2\/types\/page"}],"author":[{"embeddable":true,"href":"https:\/\/blogsaverroes.juntadeandalucia.es\/reinafabiola\/wp-json\/wp\/v2\/users\/2980"}],"replies":[{"embeddable":true,"href":"https:\/\/blogsaverroes.juntadeandalucia.es\/reinafabiola\/wp-json\/wp\/v2\/comments?post=3791"}],"version-history":[{"count":11,"href":"https:\/\/blogsaverroes.juntadeandalucia.es\/reinafabiola\/wp-json\/wp\/v2\/pages\/3791\/revisions"}],"predecessor-version":[{"id":4949,"href":"https:\/\/blogsaverroes.juntadeandalucia.es\/reinafabiola\/wp-json\/wp\/v2\/pages\/3791\/revisions\/4949"}],"wp:attachment":[{"href":"https:\/\/blogsaverroes.juntadeandalucia.es\/reinafabiola\/wp-json\/wp\/v2\/media?parent=3791"}],"curies":[{"name":"wp","href":"https:\/\/api.w.org\/{rel}","templated":true}]}}