{"id":438,"date":"2015-03-20T07:09:31","date_gmt":"2015-03-20T07:09:31","guid":{"rendered":"http:\/\/blogsaverroes.juntadeandalucia.es\/pre\/ceip\/?page_id=438"},"modified":"2015-05-21T07:36:54","modified_gmt":"2015-05-21T07:36:54","slug":"materiales-recursos","status":"publish","type":"page","link":"https:\/\/blogsaverroes.juntadeandalucia.es\/reinafabiola\/ed-primaria-3o-ciclo\/materiales-recursos\/","title":{"rendered":"E.P. 3\u00ba ciclo. Materiales, recursos&#8230;"},"content":{"rendered":"<h4>Animals in our world<\/h4>\n<p><a title=\"Animals\" href=\"http:\/\/agrega.juntadeandalucia.es\/visualizar\/es\/es-an_2010032213_9120327\/false\" target=\"_blank\"><img loading=\"lazy\" decoding=\"async\" class=\"alignnone size-medium wp-image-1599\" src=\"http:\/\/blogsaverroes.juntadeandalucia.es\/reinafabiola\/files\/2015\/03\/animales-300x225.jpg\" alt=\"animales\" width=\"300\" height=\"225\" srcset=\"https:\/\/blogsaverroes.juntadeandalucia.es\/reinafabiola\/files\/2015\/03\/animales-300x225.jpg 300w, https:\/\/blogsaverroes.juntadeandalucia.es\/reinafabiola\/files\/2015\/03\/animales.jpg 800w\" sizes=\"(max-width: 300px) 100vw, 300px\" \/><\/a><\/p>\n<p>En esta secuencia did\u00e1ctica utilizaremos el tema de los animales para trabajar el Present simple incidiendo especialmente en la forma interrogativa (preguntas y respuestas) y en la tercera persona del singular. L\u00f3gicamente incidiremos tambi\u00e9n en los pronombres interrogativos. Veremos c\u00f3mo y d\u00f3nde viven animales y mascotas (tambi\u00e9n de d\u00f3nde proceden) sus h\u00e1bitos lo que comen, los compararemos y describiremos.<\/p>\n<p>&nbsp;<\/p>\n<h4>Los valores democr\u00e1ticos<\/h4>\n<p><a title=\"Europa\" href=\"http:\/\/agrega.juntadeandalucia.es\/visualizar\/es\/es-an_2010040613_9102340\/false\" target=\"_blank\"><img loading=\"lazy\" decoding=\"async\" class=\"alignnone size-medium wp-image-1601\" src=\"http:\/\/blogsaverroes.juntadeandalucia.es\/reinafabiola\/files\/2015\/03\/europa-300x225.jpg\" alt=\"europa\" width=\"300\" height=\"225\" srcset=\"https:\/\/blogsaverroes.juntadeandalucia.es\/reinafabiola\/files\/2015\/03\/europa-300x225.jpg 300w, https:\/\/blogsaverroes.juntadeandalucia.es\/reinafabiola\/files\/2015\/03\/europa.jpg 800w\" sizes=\"(max-width: 300px) 100vw, 300px\" \/><\/a><\/p>\n<p>En esta secuencia did\u00e1ctica se trabajan las instituciones democr\u00e1ticas, la organizaci\u00f3n del estado democr\u00e1tico y los agentes y participaciones ciudadanas en el desarrollo y maduraci\u00f3n de la democracia, a partir del estudio, en algunos casos, de la historia democr\u00e1tica de Espa\u00f1a.<\/p>\n<p>&nbsp;<\/p>\n<h4>Llevarme bien conmigo mismo. Competencia emocional<\/h4>\n<p><a title=\"Conocerse\" href=\"http:\/\/agrega.juntadeandalucia.es\/visualizar\/es\/es-an_2010040613_9102918\/false\" target=\"_blank\"><img loading=\"lazy\" decoding=\"async\" class=\"alignnone size-medium wp-image-1602\" src=\"http:\/\/blogsaverroes.juntadeandalucia.es\/reinafabiola\/files\/2015\/03\/conocerse-300x225.jpg\" alt=\"conocerse\" width=\"300\" height=\"225\" srcset=\"https:\/\/blogsaverroes.juntadeandalucia.es\/reinafabiola\/files\/2015\/03\/conocerse-300x225.jpg 300w, https:\/\/blogsaverroes.juntadeandalucia.es\/reinafabiola\/files\/2015\/03\/conocerse.jpg 800w\" sizes=\"(max-width: 300px) 100vw, 300px\" \/><\/a><\/p>\n<p>Se pretende que el alumnado reconozca la importancia del autoconocimiento y el control de las emociones y los impulsos como elemento para su sentirse bien consigo mismo (autoestima)<\/p>\n","protected":false},"excerpt":{"rendered":"<p>Animals in our world En esta secuencia did\u00e1ctica utilizaremos el tema de los animales para trabajar el Present simple incidiendo especialmente en la forma interrogativa (preguntas y respuestas) y en la tercera persona del&#46;&#46;&#46;<\/p>\n","protected":false},"author":1,"featured_media":0,"parent":436,"menu_order":0,"comment_status":"open","ping_status":"open","template":"page-templates\/child-menu.php","meta":{"ngg_post_thumbnail":0,"footnotes":"","_mc_calendar":[]},"aioseo_notices":[],"_links":{"self":[{"href":"https:\/\/blogsaverroes.juntadeandalucia.es\/reinafabiola\/wp-json\/wp\/v2\/pages\/438"}],"collection":[{"href":"https:\/\/blogsaverroes.juntadeandalucia.es\/reinafabiola\/wp-json\/wp\/v2\/pages"}],"about":[{"href":"https:\/\/blogsaverroes.juntadeandalucia.es\/reinafabiola\/wp-json\/wp\/v2\/types\/page"}],"author":[{"embeddable":true,"href":"https:\/\/blogsaverroes.juntadeandalucia.es\/reinafabiola\/wp-json\/wp\/v2\/users\/1"}],"replies":[{"embeddable":true,"href":"https:\/\/blogsaverroes.juntadeandalucia.es\/reinafabiola\/wp-json\/wp\/v2\/comments?post=438"}],"version-history":[{"count":6,"href":"https:\/\/blogsaverroes.juntadeandalucia.es\/reinafabiola\/wp-json\/wp\/v2\/pages\/438\/revisions"}],"predecessor-version":[{"id":1648,"href":"https:\/\/blogsaverroes.juntadeandalucia.es\/reinafabiola\/wp-json\/wp\/v2\/pages\/438\/revisions\/1648"}],"up":[{"embeddable":true,"href":"https:\/\/blogsaverroes.juntadeandalucia.es\/reinafabiola\/wp-json\/wp\/v2\/pages\/436"}],"wp:attachment":[{"href":"https:\/\/blogsaverroes.juntadeandalucia.es\/reinafabiola\/wp-json\/wp\/v2\/media?parent=438"}],"curies":[{"name":"wp","href":"https:\/\/api.w.org\/{rel}","templated":true}]}}