{"id":44,"date":"2015-03-13T08:42:15","date_gmt":"2015-03-13T08:42:15","guid":{"rendered":"http:\/\/blogsaverroes.juntadeandalucia.es\/pre\/ceip\/?page_id=44"},"modified":"2025-09-03T07:52:27","modified_gmt":"2025-09-03T07:52:27","slug":"planes-y-proyectos","status":"publish","type":"page","link":"https:\/\/blogsaverroes.juntadeandalucia.es\/reinafabiola\/planes-y-proyectos\/","title":{"rendered":"Planes y Programas"},"content":{"rendered":"<p>&nbsp;<\/p>\n<p><img loading=\"lazy\" decoding=\"async\" class=\"alignnone size-medium wp-image-1667\" src=\"http:\/\/blogsaverroes.juntadeandalucia.es\/reinafabiola\/files\/2015\/03\/planes-300x150.png\" alt=\"planes\" width=\"300\" height=\"150\" srcset=\"https:\/\/blogsaverroes.juntadeandalucia.es\/reinafabiola\/files\/2015\/03\/planes-300x150.png 300w, https:\/\/blogsaverroes.juntadeandalucia.es\/reinafabiola\/files\/2015\/03\/planes.png 640w\" sizes=\"(max-width: 300px) 100vw, 300px\" \/><\/p>\n<p>Cada centro personaliza y adapta su Proyecto Educativo adhiri\u00e9ndose a diferentes <strong>Planes y Programas<\/strong> promovidos desde la Consejer\u00eda de Educaci\u00f3n, Cultura y Deporte.<\/p>\n<table style=\"height: 691px;width: 86.717%\" width=\"516\">\n<tbody>\n<tr style=\"height: 105.42px\">\n<td style=\"width: 31.6406%;height: 105px\"><a href=\"https:\/\/drive.google.com\/file\/d\/12Ra941t6jepGny4B7BCMPVd3GJz-T97B\/view?usp=sharing\" target=\"_blank\" rel=\"noopener\"><strong>PLAN DE IGUALDAD<\/strong><\/a><a href=\"https:\/\/drive.google.com\/file\/d\/1iB5HquokFT8syEgdutb1Gfy03nuBh1qs\/view?usp=sharing\"><img loading=\"lazy\" decoding=\"async\" class=\"aligncenter size-full wp-image-4755\" src=\"https:\/\/blogsaverroes.juntadeandalucia.es\/reinafabiola\/files\/2020\/03\/plan_de_igualdad.jpg\" alt=\"\" width=\"600\" height=\"285\" srcset=\"https:\/\/blogsaverroes.juntadeandalucia.es\/reinafabiola\/files\/2020\/03\/plan_de_igualdad.jpg 600w, https:\/\/blogsaverroes.juntadeandalucia.es\/reinafabiola\/files\/2020\/03\/plan_de_igualdad-300x143.jpg 300w, https:\/\/blogsaverroes.juntadeandalucia.es\/reinafabiola\/files\/2020\/03\/plan_de_igualdad-24x11.jpg 24w, https:\/\/blogsaverroes.juntadeandalucia.es\/reinafabiola\/files\/2020\/03\/plan_de_igualdad-36x17.jpg 36w, https:\/\/blogsaverroes.juntadeandalucia.es\/reinafabiola\/files\/2020\/03\/plan_de_igualdad-48x23.jpg 48w\" sizes=\"(max-width: 600px) 100vw, 600px\" \/><\/a><\/td>\n<td style=\"width: 31.8359%;height: 105px\"><a href=\"https:\/\/drive.google.com\/file\/d\/1HCkkdIvko3RlWm7mjCOb4nPtu0O0QhFz\/view?usp=sharing\" target=\"_blank\" rel=\"noopener\"><strong>PLAN DE CONVIVENCIA<\/strong><\/a><a href=\"https:\/\/drive.google.com\/file\/d\/1r7kKtqosJYQz1rpLrcckYTZ_-eG05qwp\/view?usp=sharing\"><img loading=\"lazy\" decoding=\"async\" class=\"aligncenter size-full wp-image-4756\" src=\"https:\/\/blogsaverroes.juntadeandalucia.es\/reinafabiola\/files\/2020\/03\/convivencia.png\" alt=\"\" width=\"907\" height=\"457\" srcset=\"https:\/\/blogsaverroes.juntadeandalucia.es\/reinafabiola\/files\/2020\/03\/convivencia.png 907w, https:\/\/blogsaverroes.juntadeandalucia.es\/reinafabiola\/files\/2020\/03\/convivencia-300x151.png 300w, https:\/\/blogsaverroes.juntadeandalucia.es\/reinafabiola\/files\/2020\/03\/convivencia-768x387.png 768w, https:\/\/blogsaverroes.juntadeandalucia.es\/reinafabiola\/files\/2020\/03\/convivencia-24x12.png 24w, https:\/\/blogsaverroes.juntadeandalucia.es\/reinafabiola\/files\/2020\/03\/convivencia-36x18.png 36w, https:\/\/blogsaverroes.juntadeandalucia.es\/reinafabiola\/files\/2020\/03\/convivencia-48x24.png 48w\" sizes=\"(max-width: 907px) 100vw, 907px\" \/><\/a><\/td>\n<td style=\"width: 78.7633%;height: 105px\"><a href=\"https:\/\/drive.google.com\/file\/d\/1qx4GoYqMX2Pz2LJa3YMxAQDIc1Uj9tcN\/view?usp=sharing\" target=\"_blank\" rel=\"noopener\"><strong>DIVERSIDAD<\/strong><\/a><a href=\"https:\/\/drive.google.com\/drive\/folders\/1aJozWBLXDTq4kqYljsPo5zYUbrMZ-YxD?usp=sharing\"><img loading=\"lazy\" decoding=\"async\" class=\"aligncenter size-full wp-image-4758\" src=\"https:\/\/blogsaverroes.juntadeandalucia.es\/reinafabiola\/files\/2020\/03\/atencion_diversidad.jpg\" alt=\"\" width=\"920\" height=\"454\" srcset=\"https:\/\/blogsaverroes.juntadeandalucia.es\/reinafabiola\/files\/2020\/03\/atencion_diversidad.jpg 920w, https:\/\/blogsaverroes.juntadeandalucia.es\/reinafabiola\/files\/2020\/03\/atencion_diversidad-300x148.jpg 300w, https:\/\/blogsaverroes.juntadeandalucia.es\/reinafabiola\/files\/2020\/03\/atencion_diversidad-768x379.jpg 768w, https:\/\/blogsaverroes.juntadeandalucia.es\/reinafabiola\/files\/2020\/03\/atencion_diversidad-24x12.jpg 24w, https:\/\/blogsaverroes.juntadeandalucia.es\/reinafabiola\/files\/2020\/03\/atencion_diversidad-36x18.jpg 36w, https:\/\/blogsaverroes.juntadeandalucia.es\/reinafabiola\/files\/2020\/03\/atencion_diversidad-48x24.jpg 48w\" sizes=\"(max-width: 920px) 100vw, 920px\" \/><\/a><\/td>\n<\/tr>\n<tr style=\"height: 24px\">\n<td style=\"width: 31.6406%;height: 10px\"><a href=\"https:\/\/drive.google.com\/file\/d\/1ItuBqgSqdbtbF0Pe-XWiJp9jHiowWr9A\/view?usp=sharing\" target=\"_blank\" rel=\"noopener\"><strong>PLAN DE ORIENTACI\u00d3N Y ACCI\u00d3N TUTORIAL<\/strong><\/a><a href=\"https:\/\/drive.google.com\/file\/d\/1Vp3BZ3whPnHzL-69CwgRhbSh4JNBndQC\/view?usp=sharing\"><img loading=\"lazy\" decoding=\"async\" class=\"aligncenter wp-image-4762\" src=\"https:\/\/blogsaverroes.juntadeandalucia.es\/reinafabiola\/files\/2020\/03\/20091022211559-profe.jpg\" alt=\"\" width=\"112\" height=\"94\" srcset=\"https:\/\/blogsaverroes.juntadeandalucia.es\/reinafabiola\/files\/2020\/03\/20091022211559-profe.jpg 402w, https:\/\/blogsaverroes.juntadeandalucia.es\/reinafabiola\/files\/2020\/03\/20091022211559-profe-300x254.jpg 300w, https:\/\/blogsaverroes.juntadeandalucia.es\/reinafabiola\/files\/2020\/03\/20091022211559-profe-24x20.jpg 24w, https:\/\/blogsaverroes.juntadeandalucia.es\/reinafabiola\/files\/2020\/03\/20091022211559-profe-36x30.jpg 36w, https:\/\/blogsaverroes.juntadeandalucia.es\/reinafabiola\/files\/2020\/03\/20091022211559-profe-48x41.jpg 48w\" sizes=\"(max-width: 112px) 100vw, 112px\" \/><\/a><\/td>\n<td style=\"width: 31.8359%;height: 10px\"><strong><a href=\"https:\/\/drive.google.com\/file\/d\/1k7q-wwE8I_4hsqEkWQdo827ozD-lHCKl\/view?usp=sharing\" target=\"_blank\" rel=\"noopener\">PLAN FORMACI\u00d3N PROFESORADO<\/a><\/strong><a href=\"https:\/\/drive.google.com\/file\/d\/1YIlvNPOsBb6GaODSbc5hoHtJYy5ADjWf\/view?usp=sharing\"><img loading=\"lazy\" decoding=\"async\" class=\"aligncenter size-full wp-image-4763\" src=\"https:\/\/blogsaverroes.juntadeandalucia.es\/reinafabiola\/files\/2020\/03\/formaci\u00f3n.png\" alt=\"\" width=\"240\" height=\"210\" srcset=\"https:\/\/blogsaverroes.juntadeandalucia.es\/reinafabiola\/files\/2020\/03\/formaci\u00f3n.png 240w, https:\/\/blogsaverroes.juntadeandalucia.es\/reinafabiola\/files\/2020\/03\/formaci\u00f3n-24x21.png 24w, https:\/\/blogsaverroes.juntadeandalucia.es\/reinafabiola\/files\/2020\/03\/formaci\u00f3n-36x32.png 36w, https:\/\/blogsaverroes.juntadeandalucia.es\/reinafabiola\/files\/2020\/03\/formaci\u00f3n-48x42.png 48w\" sizes=\"(max-width: 240px) 100vw, 240px\" \/><\/a><\/td>\n<td style=\"width: 78.7633%;height: 10px\"><strong><a href=\"https:\/\/drive.google.com\/file\/d\/1Nix9-4NtEj1byZgYl4BHd1IXuoI8gKWU\/view?usp=sharing\" target=\"_blank\" rel=\"noopener\">TRANSFORMACI\u00d3N<\/a><\/strong><\/p>\n<p><a href=\"https:\/\/www.youtube.com\/watch?v=ij2RFtZeTUs&amp;feature=youtu.be\" target=\"_blank\" rel=\"noopener noreferrer\"><strong>DIGITAL<\/strong><\/a><\/p>\n<p><a href=\"https:\/\/blogsaverroes.juntadeandalucia.es\/reinafabiola\/planes-y-proyectos\/plan-de-actuacion-digital\/\" target=\"_blank\" rel=\"noopener noreferrer\"><img loading=\"lazy\" decoding=\"async\" class=\"aligncenter size-full wp-image-5049\" src=\"https:\/\/blogsaverroes.juntadeandalucia.es\/reinafabiola\/files\/2021\/01\/tde.png\" alt=\"\" width=\"335\" height=\"306\" srcset=\"https:\/\/blogsaverroes.juntadeandalucia.es\/reinafabiola\/files\/2021\/01\/tde.png 335w, https:\/\/blogsaverroes.juntadeandalucia.es\/reinafabiola\/files\/2021\/01\/tde-300x274.png 300w, https:\/\/blogsaverroes.juntadeandalucia.es\/reinafabiola\/files\/2021\/01\/tde-24x22.png 24w, https:\/\/blogsaverroes.juntadeandalucia.es\/reinafabiola\/files\/2021\/01\/tde-36x33.png 36w, https:\/\/blogsaverroes.juntadeandalucia.es\/reinafabiola\/files\/2021\/01\/tde-48x44.png 48w\" sizes=\"(max-width: 335px) 100vw, 335px\" \/><\/a><\/p>\n<p><a href=\"https:\/\/view.genial.ly\/5fca2c68d292600d903c4890\/vertical-infographic-timeline-politica-uso-tic-reina-fabiola-copia\" target=\"_blank\" rel=\"noopener noreferrer\">Gu\u00eda de usuarios.<\/a><\/p>\n<p><a href=\"https:\/\/view.genial.ly\/5fca2cefb311230dad3107fd\/vertical-infographic-timeline-medidas-infraccion-reina-fabiola\" target=\"_blank\" rel=\"noopener noreferrer\">Medidas.<\/a><\/td>\n<\/tr>\n<\/tbody>\n<\/table>\n<table style=\"border-collapse: collapse;width: 86.7088%;height: 398px\">\n<tbody>\n<tr style=\"height: 45px\">\n<td style=\"width: 100%;height: 45px\"><a href=\"https:\/\/view.genial.ly\/6004c9fd4bfa890d0b183878\" target=\"_blank\" rel=\"noopener noreferrer\"><strong>PROGRAMA IMPULSA<\/strong><\/a><\/p>\n<p><a href=\"https:\/\/view.genial.ly\/6004c9fd4bfa890d0b183878\" target=\"_blank\" rel=\"noopener noreferrer\"><img loading=\"lazy\" decoding=\"async\" class=\"aligncenter size-full wp-image-4727\" src=\"https:\/\/blogsaverroes.juntadeandalucia.es\/reinafabiola\/files\/2015\/05\/Captura-de-pantalla-2020-03-06-a-las-16.51.16.png\" alt=\"\" width=\"311\" height=\"229\" srcset=\"https:\/\/blogsaverroes.juntadeandalucia.es\/reinafabiola\/files\/2015\/05\/Captura-de-pantalla-2020-03-06-a-las-16.51.16.png 311w, https:\/\/blogsaverroes.juntadeandalucia.es\/reinafabiola\/files\/2015\/05\/Captura-de-pantalla-2020-03-06-a-las-16.51.16-300x221.png 300w, https:\/\/blogsaverroes.juntadeandalucia.es\/reinafabiola\/files\/2015\/05\/Captura-de-pantalla-2020-03-06-a-las-16.51.16-24x18.png 24w, https:\/\/blogsaverroes.juntadeandalucia.es\/reinafabiola\/files\/2015\/05\/Captura-de-pantalla-2020-03-06-a-las-16.51.16-36x27.png 36w, https:\/\/blogsaverroes.juntadeandalucia.es\/reinafabiola\/files\/2015\/05\/Captura-de-pantalla-2020-03-06-a-las-16.51.16-48x35.png 48w\" sizes=\"(max-width: 311px) 100vw, 311px\" \/><\/a><\/p>\n<p><a href=\"https:\/\/view.genial.ly\/6004c9fd4bfa890d0b183878\" target=\"_blank\" rel=\"noopener noreferrer\">Huerto<\/a><\/p>\n<p><a href=\"https:\/\/youtu.be\/Q2iPY1kla54\" target=\"_blank\" rel=\"noopener noreferrer\">Exposici\u00f3n con croma<\/a><\/p>\n<p><a href=\"https:\/\/youtu.be\/C61D6UAEXHk\" target=\"_blank\" rel=\"noopener noreferrer\">Exposici\u00f3n con croma II<\/a><\/p>\n<p><a href=\"https:\/\/youtu.be\/Wial2t4VPpA\" target=\"_blank\" rel=\"noopener noreferrer\">Exposici\u00f3n con croma III<\/a><\/p>\n<p><a href=\"https:\/\/youtu.be\/IGEgQcf_wus\" target=\"_blank\" rel=\"noopener noreferrer\">Exposici\u00f3n con croma IV<\/a>&nbsp;<\/td>\n<\/tr>\n<\/tbody>\n<\/table>\n<h3><a href=\"https:\/\/drive.google.com\/file\/d\/1eeEJiQB-nakRMwRM1SaFfPj8kBKl5ay1\/view?usp=sharing\" target=\"_blank\" rel=\"noopener\">Recreos inclusivos<\/a><\/h3>\n<p><a href=\"https:\/\/drive.google.com\/file\/d\/1eeEJiQB-nakRMwRM1SaFfPj8kBKl5ay1\/view?usp=sharing\" target=\"_blank\" rel=\"noopener\"><img loading=\"lazy\" decoding=\"async\" class=\"alignleft size-medium wp-image-5942\" src=\"https:\/\/blogsaverroes.juntadeandalucia.es\/reinafabiola\/files\/2025\/07\/0cbd1d33-3747-4bba-b9c7-682b45e4aaa9-300x300.jpg\" alt=\"\" width=\"300\" height=\"300\" srcset=\"https:\/\/blogsaverroes.juntadeandalucia.es\/reinafabiola\/files\/2025\/07\/0cbd1d33-3747-4bba-b9c7-682b45e4aaa9-300x300.jpg 300w, https:\/\/blogsaverroes.juntadeandalucia.es\/reinafabiola\/files\/2025\/07\/0cbd1d33-3747-4bba-b9c7-682b45e4aaa9-150x150.jpg 150w, https:\/\/blogsaverroes.juntadeandalucia.es\/reinafabiola\/files\/2025\/07\/0cbd1d33-3747-4bba-b9c7-682b45e4aaa9-768x768.jpg 768w, https:\/\/blogsaverroes.juntadeandalucia.es\/reinafabiola\/files\/2025\/07\/0cbd1d33-3747-4bba-b9c7-682b45e4aaa9-80x80.jpg 80w, https:\/\/blogsaverroes.juntadeandalucia.es\/reinafabiola\/files\/2025\/07\/0cbd1d33-3747-4bba-b9c7-682b45e4aaa9-320x320.jpg 320w, https:\/\/blogsaverroes.juntadeandalucia.es\/reinafabiola\/files\/2025\/07\/0cbd1d33-3747-4bba-b9c7-682b45e4aaa9.jpg 1024w\" sizes=\"(max-width: 300px) 100vw, 300px\" \/><\/a><\/p>\n<p>&nbsp;<\/p>\n<p>&nbsp;<\/p>\n<p>&nbsp;<\/p>\n<p>&nbsp;<\/p>\n<p>&nbsp;<\/p>\n<p>&nbsp;<\/p>\n<p>&nbsp;<\/p>\n<p>&nbsp;<\/p>\n<p>&nbsp;<\/p>\n<h3><a href=\"https:\/\/drive.google.com\/file\/d\/1MSDqejfvf2-6xRg1ZLZa5rZZQGpXbRCK\/view?usp=drive_link\" target=\"_blank\" rel=\"noopener\">PROYECTO AULAS VERDES<\/a><\/h3>\n<p><img loading=\"lazy\" decoding=\"async\" class=\"alignleft size-full wp-image-5943\" src=\"https:\/\/blogsaverroes.juntadeandalucia.es\/reinafabiola\/files\/2025\/07\/AULAS-VERDES.png\" alt=\"\" width=\"237\" height=\"237\" srcset=\"https:\/\/blogsaverroes.juntadeandalucia.es\/reinafabiola\/files\/2025\/07\/AULAS-VERDES.png 237w, https:\/\/blogsaverroes.juntadeandalucia.es\/reinafabiola\/files\/2025\/07\/AULAS-VERDES-150x150.png 150w, https:\/\/blogsaverroes.juntadeandalucia.es\/reinafabiola\/files\/2025\/07\/AULAS-VERDES-80x80.png 80w\" sizes=\"(max-width: 237px) 100vw, 237px\" \/><\/p>\n<p>&nbsp;<\/p>\n<p>&nbsp;<\/p>\n<p>&nbsp;<\/p>\n<p>&nbsp;<\/p>\n<p>&nbsp;<\/p>\n<p>&nbsp;<\/p>\n<p>&nbsp;<\/p>\n<p>&nbsp;<\/p>\n<p><a href=\"https:\/\/blogsaverroes.juntadeandalucia.es\/reinafabiola\/escuela-de-familias\/\" target=\"_blank\" rel=\"noopener noreferrer\"><strong>PROA<\/strong><\/a><\/p>\n<p><a href=\"https:\/\/blogsaverroes.juntadeandalucia.es\/reinafabiola\/escuela-de-familias\/\"><img loading=\"lazy\" decoding=\"async\" class=\"aligncenter size-full wp-image-5184\" src=\"https:\/\/blogsaverroes.juntadeandalucia.es\/reinafabiola\/files\/2021\/05\/cartel-proa-1.png\" alt=\"\" width=\"587\" height=\"830\" srcset=\"https:\/\/blogsaverroes.juntadeandalucia.es\/reinafabiola\/files\/2021\/05\/cartel-proa-1.png 587w, https:\/\/blogsaverroes.juntadeandalucia.es\/reinafabiola\/files\/2021\/05\/cartel-proa-1-212x300.png 212w\" sizes=\"(max-width: 587px) 100vw, 587px\" \/><\/a><\/p>\n","protected":false},"excerpt":{"rendered":"<p>&nbsp; Cada centro personaliza y adapta su Proyecto Educativo adhiri\u00e9ndose a diferentes Planes y Programas promovidos desde la Consejer\u00eda de Educaci\u00f3n, Cultura y Deporte. PLAN DE IGUALDAD PLAN DE CONVIVENCIA DIVERSIDAD PLAN DE ORIENTACI\u00d3N&#46;&#46;&#46;<\/p>\n","protected":false},"author":1,"featured_media":0,"parent":0,"menu_order":0,"comment_status":"open","ping_status":"closed","template":"page-templates\/child-menu.php","meta":{"ngg_post_thumbnail":0,"footnotes":"","_mc_calendar":[]},"aioseo_notices":[],"_links":{"self":[{"href":"https:\/\/blogsaverroes.juntadeandalucia.es\/reinafabiola\/wp-json\/wp\/v2\/pages\/44"}],"collection":[{"href":"https:\/\/blogsaverroes.juntadeandalucia.es\/reinafabiola\/wp-json\/wp\/v2\/pages"}],"about":[{"href":"https:\/\/blogsaverroes.juntadeandalucia.es\/reinafabiola\/wp-json\/wp\/v2\/types\/page"}],"author":[{"embeddable":true,"href":"https:\/\/blogsaverroes.juntadeandalucia.es\/reinafabiola\/wp-json\/wp\/v2\/users\/1"}],"replies":[{"embeddable":true,"href":"https:\/\/blogsaverroes.juntadeandalucia.es\/reinafabiola\/wp-json\/wp\/v2\/comments?post=44"}],"version-history":[{"count":27,"href":"https:\/\/blogsaverroes.juntadeandalucia.es\/reinafabiola\/wp-json\/wp\/v2\/pages\/44\/revisions"}],"predecessor-version":[{"id":5944,"href":"https:\/\/blogsaverroes.juntadeandalucia.es\/reinafabiola\/wp-json\/wp\/v2\/pages\/44\/revisions\/5944"}],"wp:attachment":[{"href":"https:\/\/blogsaverroes.juntadeandalucia.es\/reinafabiola\/wp-json\/wp\/v2\/media?parent=44"}],"curies":[{"name":"wp","href":"https:\/\/api.w.org\/{rel}","templated":true}]}}