{"id":49,"date":"2015-03-13T08:47:05","date_gmt":"2015-03-13T08:47:05","guid":{"rendered":"http:\/\/blogsaverroes.juntadeandalucia.es\/pre\/ceip\/?page_id=49"},"modified":"2025-07-02T10:20:50","modified_gmt":"2025-07-02T10:20:50","slug":"proyecto-educativo","status":"publish","type":"page","link":"https:\/\/blogsaverroes.juntadeandalucia.es\/reinafabiola\/proyecto-educativo\/","title":{"rendered":"Plan de Centro"},"content":{"rendered":"<table style=\"height: 32px\" width=\"899\">\n<tbody>\n<tr>\n<td style=\"width: 292.34375px\"><a href=\"https:\/\/drive.google.com\/file\/d\/16uxNACFCKZzPPsRTXz4yDY6XdPsftL26\/view?usp=sharing\" target=\"_blank\" rel=\"noopener\"><strong>Proyecto Educativo<\/strong><\/a><a href=\"https:\/\/drive.google.com\/file\/d\/16uxNACFCKZzPPsRTXz4yDY6XdPsftL26\/view?usp=sharing\" target=\"_blank\" rel=\"noopener\"><img loading=\"lazy\" decoding=\"async\" class=\"aligncenter wp-image-4748\" src=\"https:\/\/blogsaverroes.juntadeandalucia.es\/reinafabiola\/files\/2020\/03\/rojo-292x300.jpg\" alt=\"\" width=\"193\" height=\"198\" srcset=\"https:\/\/blogsaverroes.juntadeandalucia.es\/reinafabiola\/files\/2020\/03\/rojo-292x300.jpg 292w, https:\/\/blogsaverroes.juntadeandalucia.es\/reinafabiola\/files\/2020\/03\/rojo-292x300-24x24.jpg 24w, https:\/\/blogsaverroes.juntadeandalucia.es\/reinafabiola\/files\/2020\/03\/rojo-292x300-36x36.jpg 36w, https:\/\/blogsaverroes.juntadeandalucia.es\/reinafabiola\/files\/2020\/03\/rojo-292x300-48x48.jpg 48w\" sizes=\"(max-width: 193px) 100vw, 193px\" \/><\/a><\/td>\n<td style=\"width: 292.34375px\"><a href=\"https:\/\/drive.google.com\/file\/d\/1X4QG59qjq5WMM0VkQfB1pAZxrLJBnTzJ\/view?usp=sharing\" target=\"_blank\" rel=\"noopener\"><strong>R.O.F<\/strong><img loading=\"lazy\" decoding=\"async\" class=\"aligncenter wp-image-4749\" src=\"https:\/\/blogsaverroes.juntadeandalucia.es\/reinafabiola\/files\/2020\/03\/azul-292x300.jpg\" alt=\"\" width=\"199\" height=\"205\" srcset=\"https:\/\/blogsaverroes.juntadeandalucia.es\/reinafabiola\/files\/2020\/03\/azul-292x300.jpg 292w, https:\/\/blogsaverroes.juntadeandalucia.es\/reinafabiola\/files\/2020\/03\/azul-292x300-24x24.jpg 24w, https:\/\/blogsaverroes.juntadeandalucia.es\/reinafabiola\/files\/2020\/03\/azul-292x300-36x36.jpg 36w, https:\/\/blogsaverroes.juntadeandalucia.es\/reinafabiola\/files\/2020\/03\/azul-292x300-48x48.jpg 48w\" sizes=\"(max-width: 199px) 100vw, 199px\" \/><\/a><\/td>\n<td style=\"width: 292.34375px\"><a href=\"https:\/\/drive.google.com\/file\/d\/1l-dwHc9qzhmoI-c2TerhmwMIuzLcn1Px\/view?usp=sharing\" target=\"_blank\" rel=\"noopener\"><strong>Proyecto de Gesti\u00f3n<\/strong><img loading=\"lazy\" decoding=\"async\" class=\"aligncenter wp-image-4750\" src=\"https:\/\/blogsaverroes.juntadeandalucia.es\/reinafabiola\/files\/2020\/03\/amarillo-300x300.jpg\" alt=\"\" width=\"197\" height=\"197\" srcset=\"https:\/\/blogsaverroes.juntadeandalucia.es\/reinafabiola\/files\/2020\/03\/amarillo-300x300.jpg 300w, https:\/\/blogsaverroes.juntadeandalucia.es\/reinafabiola\/files\/2020\/03\/amarillo-300x300-150x150.jpg 150w, https:\/\/blogsaverroes.juntadeandalucia.es\/reinafabiola\/files\/2020\/03\/amarillo-300x300-100x100.jpg 100w, https:\/\/blogsaverroes.juntadeandalucia.es\/reinafabiola\/files\/2020\/03\/amarillo-300x300-160x160.jpg 160w, https:\/\/blogsaverroes.juntadeandalucia.es\/reinafabiola\/files\/2020\/03\/amarillo-300x300-24x24.jpg 24w, https:\/\/blogsaverroes.juntadeandalucia.es\/reinafabiola\/files\/2020\/03\/amarillo-300x300-36x36.jpg 36w, https:\/\/blogsaverroes.juntadeandalucia.es\/reinafabiola\/files\/2020\/03\/amarillo-300x300-48x48.jpg 48w\" sizes=\"(max-width: 197px) 100vw, 197px\" \/><\/a><\/td>\n<\/tr>\n<\/tbody>\n<\/table>\n<p>Un centro se define en gran medida por su <strong>Proyecto Educativo<\/strong>. En \u00e9l se plasma el modelo educativo y la concreci\u00f3n de la normativa que un centro realiza respecto a las ense\u00f1anzas que imparte. Aspectos tales como las finales educativas, objetivos, atenci\u00f3n a la diversidad, etc.<\/p>\n<p>Que la web de un centro informe de su Proyecto Educativo es una apuesta clara por la <strong>transparencia<\/strong>.<\/p>\n<p>Este espacio puede mostrar tanto los aspectos esenciales del Proyecto como enlazar a otros documentos o secciones con informaci\u00f3n m\u00e1s detallada.<\/p>\n","protected":false},"excerpt":{"rendered":"<p>Proyecto Educativo R.O.F Proyecto de Gesti\u00f3n Un centro se define en gran medida por su Proyecto Educativo. En \u00e9l se plasma el modelo educativo y la concreci\u00f3n de la normativa que un centro realiza&#46;&#46;&#46;<\/p>\n","protected":false},"author":1,"featured_media":0,"parent":0,"menu_order":0,"comment_status":"open","ping_status":"open","template":"page-templates\/child-menu.php","meta":{"ngg_post_thumbnail":0,"footnotes":"","_mc_calendar":[]},"aioseo_notices":[],"_links":{"self":[{"href":"https:\/\/blogsaverroes.juntadeandalucia.es\/reinafabiola\/wp-json\/wp\/v2\/pages\/49"}],"collection":[{"href":"https:\/\/blogsaverroes.juntadeandalucia.es\/reinafabiola\/wp-json\/wp\/v2\/pages"}],"about":[{"href":"https:\/\/blogsaverroes.juntadeandalucia.es\/reinafabiola\/wp-json\/wp\/v2\/types\/page"}],"author":[{"embeddable":true,"href":"https:\/\/blogsaverroes.juntadeandalucia.es\/reinafabiola\/wp-json\/wp\/v2\/users\/1"}],"replies":[{"embeddable":true,"href":"https:\/\/blogsaverroes.juntadeandalucia.es\/reinafabiola\/wp-json\/wp\/v2\/comments?post=49"}],"version-history":[{"count":15,"href":"https:\/\/blogsaverroes.juntadeandalucia.es\/reinafabiola\/wp-json\/wp\/v2\/pages\/49\/revisions"}],"predecessor-version":[{"id":5936,"href":"https:\/\/blogsaverroes.juntadeandalucia.es\/reinafabiola\/wp-json\/wp\/v2\/pages\/49\/revisions\/5936"}],"wp:attachment":[{"href":"https:\/\/blogsaverroes.juntadeandalucia.es\/reinafabiola\/wp-json\/wp\/v2\/media?parent=49"}],"curies":[{"name":"wp","href":"https:\/\/api.w.org\/{rel}","templated":true}]}}