{"id":5108,"date":"2021-04-22T09:52:11","date_gmt":"2021-04-22T09:52:11","guid":{"rendered":"https:\/\/blogsaverroes.juntadeandalucia.es\/reinafabiola\/?page_id=5108"},"modified":"2021-06-30T08:46:37","modified_gmt":"2021-06-30T08:46:37","slug":"vi-concurso-araceli-morales-20-21","status":"publish","type":"page","link":"https:\/\/blogsaverroes.juntadeandalucia.es\/reinafabiola\/vi-concurso-araceli-morales-20-21\/","title":{"rendered":"VI Concurso Araceli Morales (20-21)"},"content":{"rendered":"<p><img loading=\"lazy\" decoding=\"async\" class=\"aligncenter size-full wp-image-5110\" src=\"https:\/\/blogsaverroes.juntadeandalucia.es\/reinafabiola\/files\/2021\/04\/araceli.png\" alt=\"\" width=\"800\" height=\"329\" srcset=\"https:\/\/blogsaverroes.juntadeandalucia.es\/reinafabiola\/files\/2021\/04\/araceli.png 800w, https:\/\/blogsaverroes.juntadeandalucia.es\/reinafabiola\/files\/2021\/04\/araceli-300x123.png 300w, https:\/\/blogsaverroes.juntadeandalucia.es\/reinafabiola\/files\/2021\/04\/araceli-768x316.png 768w\" sizes=\"(max-width: 800px) 100vw, 800px\" \/><\/p>\n<p><a href=\"https:\/\/blogsaverroes.juntadeandalucia.es\/reinafabiola\/files\/2021\/04\/D\u00edptico-VI-concurso-Araceli-Morales-2021.pdf\" target=\"_blank\" rel=\"noopener noreferrer\">Toda la informaci\u00f3n aqu\u00ed.<\/a><\/p>\n<p>&nbsp;<\/p>\n<h2><a href=\"https:\/\/blogsaverroes.juntadeandalucia.es\/reinafabiola\/files\/2021\/06\/PREMIADOS-VI-concurso.pdf\" target=\"_blank\" rel=\"noopener noreferrer\">Listado de ganadores del VI Concurso.<\/a><\/h2>\n<h3><a href=\"https:\/\/blogsaverroes.juntadeandalucia.es\/reinafabiola\/files\/2021\/06\/CENTROS-PARTICIPANTES-2021.pdf\" target=\"_blank\" rel=\"noopener noreferrer\">Centros participantes en esta edici\u00f3n.<\/a><\/h3>\n<h1><a href=\"https:\/\/blogsaverroes.juntadeandalucia.es\/reinafabiola\/files\/2021\/06\/CUADERNO-VI-CONCURSO.pdf\" target=\"_blank\" rel=\"noopener noreferrer\">Libro del VI concurso.<\/a><\/h1>\n<p>&nbsp;<\/p>\n<h2>Resumen entrega de premios<\/h2>\nngg_shortcode_0_placeholder\n<table style=\"border-collapse: collapse;width: 99.1266%;height: 305px\">\n<tbody>\n<tr style=\"height: 305px\">\n<td style=\"width: 50%;height: 305px\"><iframe loading=\"lazy\" src=\"https:\/\/www.youtube.com\/embed\/fEg1LaVNPAE\" width=\"380\" height=\"275\" frameborder=\"0\"><span data-mce-type=\"bookmark\" style=\"width: 0px;overflow: hidden;line-height: 0\" class=\"mce_SELRES_start\">\ufeff<\/span><\/iframe><\/td>\n<td style=\"width: 50%;height: 305px\"><iframe loading=\"lazy\" src=\"https:\/\/www.youtube.com\/embed\/sojRdHgktfk\" width=\"380\" height=\"275\" frameborder=\"0\"><span data-mce-type=\"bookmark\" style=\"width: 0px;overflow: hidden;line-height: 0\" class=\"mce_SELRES_start\">\ufeff<\/span><\/iframe><\/td>\n<\/tr>\n<\/tbody>\n<\/table>\n<table style=\"border-collapse: collapse;width: 99.2226%;height: 288px\">\n<tbody>\n<tr style=\"height: 283px\">\n<td style=\"width: 50%;height: 283px\"><iframe loading=\"lazy\" src=\"https:\/\/www.youtube.com\/embed\/ry3fQTABMXY\" width=\"380\" height=\"275\" frameborder=\"0\"><span data-mce-type=\"bookmark\" style=\"width: 0px;overflow: hidden;line-height: 0\" class=\"mce_SELRES_start\">\ufeff<\/span><\/iframe><\/td>\n<td style=\"width: 50%;height: 283px\"><iframe loading=\"lazy\" src=\"https:\/\/www.youtube.com\/embed\/MFn5FfHDrj4\" width=\"380\" height=\"275\" frameborder=\"0\"><span data-mce-type=\"bookmark\" style=\"width: 0px;overflow: hidden;line-height: 0\" class=\"mce_SELRES_start\">\ufeff<\/span><\/iframe><\/td>\n<\/tr>\n<\/tbody>\n<\/table>\n<table style=\"border-collapse: collapse;width: 99.2354%;height: 309px\">\n<tbody>\n<tr>\n<td style=\"width: 50%\"><iframe loading=\"lazy\" src=\"https:\/\/www.youtube.com\/embed\/lm-pWxZVpC8\" width=\"380\" height=\"275\" frameborder=\"0\"><span data-mce-type=\"bookmark\" style=\"width: 0px;overflow: hidden;line-height: 0\" class=\"mce_SELRES_start\">\ufeff<\/span><\/iframe><\/td>\n<td style=\"width: 50%\"><iframe loading=\"lazy\" src=\"https:\/\/www.youtube.com\/embed\/LWEuBjn8mwk\" width=\"380\" height=\"275\" frameborder=\"0\"><span data-mce-type=\"bookmark\" style=\"width: 0px;overflow: hidden;line-height: 0\" class=\"mce_SELRES_start\">\ufeff<\/span><\/iframe><\/td>\n<\/tr>\n<\/tbody>\n<\/table>\n<table style=\"border-collapse: collapse;width: 100%\">\n<tbody>\n<tr>\n<td style=\"width: 50%\"><iframe loading=\"lazy\" src=\"https:\/\/www.youtube.com\/embed\/y8QMd9VWEVI\" width=\"380\" height=\"275\" frameborder=\"0\"><span data-mce-type=\"bookmark\" style=\"width: 0px;overflow: hidden;line-height: 0\" class=\"mce_SELRES_start\">\ufeff<\/span><\/iframe><\/td>\n<td style=\"width: 50%\"><iframe loading=\"lazy\" src=\"https:\/\/www.youtube.com\/embed\/ITHfvhJtSkU\" width=\"380\" height=\"275\" frameborder=\"0\"><span data-mce-type=\"bookmark\" style=\"width: 0px;overflow: hidden;line-height: 0\" class=\"mce_SELRES_start\">\ufeff<\/span><span data-mce-type=\"bookmark\" style=\"width: 0px;overflow: hidden;line-height: 0\" class=\"mce_SELRES_start\">\ufeff<\/span><\/iframe><\/td>\n<\/tr>\n<\/tbody>\n<\/table>\n","protected":false},"excerpt":{"rendered":"<p>Toda la informaci\u00f3n aqu\u00ed. &nbsp; Listado de ganadores del VI Concurso. Centros participantes en esta edici\u00f3n. Libro del VI concurso. &nbsp; Resumen entrega de premios &nbsp; \ufeff \ufeff \ufeff \ufeff \ufeff \ufeff \ufeff \ufeff\ufeff<\/p>\n","protected":false},"author":2980,"featured_media":0,"parent":0,"menu_order":0,"comment_status":"closed","ping_status":"closed","template":"","meta":{"ngg_post_thumbnail":0,"footnotes":"","_mc_calendar":[]},"aioseo_notices":[],"_links":{"self":[{"href":"https:\/\/blogsaverroes.juntadeandalucia.es\/reinafabiola\/wp-json\/wp\/v2\/pages\/5108"}],"collection":[{"href":"https:\/\/blogsaverroes.juntadeandalucia.es\/reinafabiola\/wp-json\/wp\/v2\/pages"}],"about":[{"href":"https:\/\/blogsaverroes.juntadeandalucia.es\/reinafabiola\/wp-json\/wp\/v2\/types\/page"}],"author":[{"embeddable":true,"href":"https:\/\/blogsaverroes.juntadeandalucia.es\/reinafabiola\/wp-json\/wp\/v2\/users\/2980"}],"replies":[{"embeddable":true,"href":"https:\/\/blogsaverroes.juntadeandalucia.es\/reinafabiola\/wp-json\/wp\/v2\/comments?post=5108"}],"version-history":[{"count":14,"href":"https:\/\/blogsaverroes.juntadeandalucia.es\/reinafabiola\/wp-json\/wp\/v2\/pages\/5108\/revisions"}],"predecessor-version":[{"id":5250,"href":"https:\/\/blogsaverroes.juntadeandalucia.es\/reinafabiola\/wp-json\/wp\/v2\/pages\/5108\/revisions\/5250"}],"wp:attachment":[{"href":"https:\/\/blogsaverroes.juntadeandalucia.es\/reinafabiola\/wp-json\/wp\/v2\/media?parent=5108"}],"curies":[{"name":"wp","href":"https:\/\/api.w.org\/{rel}","templated":true}]}}