{"id":5550,"date":"2023-06-21T08:32:56","date_gmt":"2023-06-21T08:32:56","guid":{"rendered":"https:\/\/blogsaverroes.juntadeandalucia.es\/reinafabiola\/?page_id=5550"},"modified":"2023-06-21T09:35:48","modified_gmt":"2023-06-21T09:35:48","slug":"viii-concurso-araceli-morales","status":"publish","type":"page","link":"https:\/\/blogsaverroes.juntadeandalucia.es\/reinafabiola\/viii-concurso-araceli-morales\/","title":{"rendered":"VIII Concurso Araceli Morales (22-23)"},"content":{"rendered":"<p><a href=\"https:\/\/blogsaverroes.juntadeandalucia.es\/reinafabiola\/files\/2023\/02\/CARTEL-araceli.jpg.png\"><img loading=\"lazy\" decoding=\"async\" class=\"aligncenter size-full wp-image-5532\" src=\"https:\/\/blogsaverroes.juntadeandalucia.es\/reinafabiola\/files\/2023\/02\/CARTEL-araceli.jpg.png\" alt=\"\" height=\"521\" width=\"368\" srcset=\"https:\/\/blogsaverroes.juntadeandalucia.es\/reinafabiola\/files\/2023\/02\/CARTEL-araceli.jpg.png 368w, https:\/\/blogsaverroes.juntadeandalucia.es\/reinafabiola\/files\/2023\/02\/CARTEL-araceli.jpg-212x300.png 212w\" sizes=\"(max-width: 368px) 100vw, 368px\" \/><\/a><\/p>\n<p><a href=\"https:\/\/blogsaverroes.juntadeandalucia.es\/reinafabiola\/files\/2023\/02\/Diptico-VIII-Concurso-Araceli-ampliado.pdf\" target=\"_blank\" rel=\"noopener noreferrer\">D\u00edptico del concurso.<\/a><\/p>\n<p><a href=\"https:\/\/blogsaverroes.juntadeandalucia.es\/reinafabiola\/files\/2023\/02\/Cartel-concurso-Araceli-2023.pdf\" target=\"_blank\" rel=\"noopener noreferrer\">Cartel<\/a><\/p>\n<p><a href=\"https:\/\/blogsaverroes.juntadeandalucia.es\/reinafabiola\/files\/2023\/02\/PREMIADOS-VIII-concurso.pdf\" target=\"_blank\" rel=\"noopener noreferrer\">Ganadores del concurso<\/a><\/p>\n<p><a href=\"https:\/\/blogsaverroes.juntadeandalucia.es\/reinafabiola\/files\/2023\/02\/Cuaderno-VIII-CONCURSO-2023.pdf\">Cuadernillo del VIII concurso.<\/a><\/p>\n<p><strong>V\u00eddeo de la entrega de premios.<\/strong><\/p>\n<p><iframe loading=\"lazy\" src=\"https:\/\/www.youtube.com\/embed\/ekEKAH90C80\" frameborder=\"0\" height=\"315\" width=\"560\"><\/iframe>&nbsp;<\/p>\n<p>Algunas im\u00e1genes de la gala:<\/p>\n\n\t\t<style>\n\t\t\t#gallery-1 {\n\t\t\t\tmargin: auto;\n\t\t\t}\n\t\t\t#gallery-1 .gallery-item {\n\t\t\t\tfloat: left;\n\t\t\t\tmargin-top: 10px;\n\t\t\t\ttext-align: center;\n\t\t\t\twidth: 33%;\n\t\t\t}\n\t\t\t#gallery-1 img {\n\t\t\t\tborder: 2px solid #cfcfcf;\n\t\t\t}\n\t\t\t#gallery-1 .gallery-caption {\n\t\t\t\tmargin-left: 0;\n\t\t\t}\n\t\t\t\/* see gallery_shortcode() in wp-includes\/media.php *\/\n\t\t<\/style>\n\t\t<div id='gallery-1' class='gallery galleryid-5550 gallery-columns-3 gallery-size-thumbnail'><dl class='gallery-item'>\n\t\t\t<dt class='gallery-icon portrait'>\n\t\t\t\t<a href='https:\/\/blogsaverroes.juntadeandalucia.es\/reinafabiola\/viii-concurso-araceli-morales\/1-acto\/'><img loading=\"lazy\" decoding=\"async\" width=\"150\" height=\"150\" src=\"https:\/\/blogsaverroes.juntadeandalucia.es\/reinafabiola\/files\/2023\/06\/1-Acto-150x150.jpg\" class=\"attachment-thumbnail size-thumbnail\" alt=\"\" srcset=\"https:\/\/blogsaverroes.juntadeandalucia.es\/reinafabiola\/files\/2023\/06\/1-Acto-150x150.jpg 150w, https:\/\/blogsaverroes.juntadeandalucia.es\/reinafabiola\/files\/2023\/06\/1-Acto-80x80.jpg 80w, https:\/\/blogsaverroes.juntadeandalucia.es\/reinafabiola\/files\/2023\/06\/1-Acto-320x320.jpg 320w\" sizes=\"(max-width: 150px) 100vw, 150px\" \/><\/a>\n\t\t\t<\/dt><\/dl><dl class='gallery-item'>\n\t\t\t<dt class='gallery-icon landscape'>\n\t\t\t\t<a href='https:\/\/blogsaverroes.juntadeandalucia.es\/reinafabiola\/viii-concurso-araceli-morales\/1-acto-rec\/'><img loading=\"lazy\" decoding=\"async\" width=\"150\" height=\"150\" src=\"https:\/\/blogsaverroes.juntadeandalucia.es\/reinafabiola\/files\/2023\/06\/1-Acto-REC-150x150.jpg\" class=\"attachment-thumbnail size-thumbnail\" alt=\"\" srcset=\"https:\/\/blogsaverroes.juntadeandalucia.es\/reinafabiola\/files\/2023\/06\/1-Acto-REC-150x150.jpg 150w, https:\/\/blogsaverroes.juntadeandalucia.es\/reinafabiola\/files\/2023\/06\/1-Acto-REC-80x80.jpg 80w, https:\/\/blogsaverroes.juntadeandalucia.es\/reinafabiola\/files\/2023\/06\/1-Acto-REC-320x320.jpg 320w\" sizes=\"(max-width: 150px) 100vw, 150px\" \/><\/a>\n\t\t\t<\/dt><\/dl><dl class='gallery-item'>\n\t\t\t<dt class='gallery-icon landscape'>\n\t\t\t\t<a href='https:\/\/blogsaverroes.juntadeandalucia.es\/reinafabiola\/viii-concurso-araceli-morales\/2-bienvenida-director\/'><img loading=\"lazy\" decoding=\"async\" width=\"150\" height=\"150\" src=\"https:\/\/blogsaverroes.juntadeandalucia.es\/reinafabiola\/files\/2023\/06\/2-Bienvenida-Director-150x150.jpg\" class=\"attachment-thumbnail size-thumbnail\" alt=\"\" srcset=\"https:\/\/blogsaverroes.juntadeandalucia.es\/reinafabiola\/files\/2023\/06\/2-Bienvenida-Director-150x150.jpg 150w, https:\/\/blogsaverroes.juntadeandalucia.es\/reinafabiola\/files\/2023\/06\/2-Bienvenida-Director-80x80.jpg 80w, https:\/\/blogsaverroes.juntadeandalucia.es\/reinafabiola\/files\/2023\/06\/2-Bienvenida-Director-320x320.jpg 320w\" sizes=\"(max-width: 150px) 100vw, 150px\" \/><\/a>\n\t\t\t<\/dt><\/dl><br style=\"clear: both\" \/><dl class='gallery-item'>\n\t\t\t<dt class='gallery-icon landscape'>\n\t\t\t\t<a href='https:\/\/blogsaverroes.juntadeandalucia.es\/reinafabiola\/viii-concurso-araceli-morales\/3-bienvenida-concejala-igualdad\/'><img loading=\"lazy\" decoding=\"async\" width=\"150\" height=\"150\" src=\"https:\/\/blogsaverroes.juntadeandalucia.es\/reinafabiola\/files\/2023\/06\/3-Bienvenida-Concejala-Igualdad-150x150.jpg\" class=\"attachment-thumbnail size-thumbnail\" alt=\"\" srcset=\"https:\/\/blogsaverroes.juntadeandalucia.es\/reinafabiola\/files\/2023\/06\/3-Bienvenida-Concejala-Igualdad-150x150.jpg 150w, https:\/\/blogsaverroes.juntadeandalucia.es\/reinafabiola\/files\/2023\/06\/3-Bienvenida-Concejala-Igualdad-80x80.jpg 80w, https:\/\/blogsaverroes.juntadeandalucia.es\/reinafabiola\/files\/2023\/06\/3-Bienvenida-Concejala-Igualdad-320x320.jpg 320w\" sizes=\"(max-width: 150px) 100vw, 150px\" \/><\/a>\n\t\t\t<\/dt><\/dl><dl class='gallery-item'>\n\t\t\t<dt class='gallery-icon portrait'>\n\t\t\t\t<a href='https:\/\/blogsaverroes.juntadeandalucia.es\/reinafabiola\/viii-concurso-araceli-morales\/4-1o-ee-ampa\/'><img loading=\"lazy\" decoding=\"async\" width=\"150\" height=\"150\" src=\"https:\/\/blogsaverroes.juntadeandalucia.es\/reinafabiola\/files\/2023\/06\/4-1\u00ba-EE-AMPA-150x150.jpg\" class=\"attachment-thumbnail size-thumbnail\" alt=\"\" srcset=\"https:\/\/blogsaverroes.juntadeandalucia.es\/reinafabiola\/files\/2023\/06\/4-1\u00ba-EE-AMPA-150x150.jpg 150w, https:\/\/blogsaverroes.juntadeandalucia.es\/reinafabiola\/files\/2023\/06\/4-1\u00ba-EE-AMPA-80x80.jpg 80w, https:\/\/blogsaverroes.juntadeandalucia.es\/reinafabiola\/files\/2023\/06\/4-1\u00ba-EE-AMPA-320x320.jpg 320w\" sizes=\"(max-width: 150px) 100vw, 150px\" \/><\/a>\n\t\t\t<\/dt><\/dl><dl class='gallery-item'>\n\t\t\t<dt class='gallery-icon portrait'>\n\t\t\t\t<a href='https:\/\/blogsaverroes.juntadeandalucia.es\/reinafabiola\/viii-concurso-araceli-morales\/5-1o-ei-aula-10\/'><img loading=\"lazy\" decoding=\"async\" width=\"150\" height=\"150\" src=\"https:\/\/blogsaverroes.juntadeandalucia.es\/reinafabiola\/files\/2023\/06\/5-1\u00ba-EI-AULA-10-150x150.jpg\" class=\"attachment-thumbnail size-thumbnail\" alt=\"\" srcset=\"https:\/\/blogsaverroes.juntadeandalucia.es\/reinafabiola\/files\/2023\/06\/5-1\u00ba-EI-AULA-10-150x150.jpg 150w, https:\/\/blogsaverroes.juntadeandalucia.es\/reinafabiola\/files\/2023\/06\/5-1\u00ba-EI-AULA-10-80x80.jpg 80w, https:\/\/blogsaverroes.juntadeandalucia.es\/reinafabiola\/files\/2023\/06\/5-1\u00ba-EI-AULA-10-320x320.jpg 320w\" sizes=\"(max-width: 150px) 100vw, 150px\" \/><\/a>\n\t\t\t<\/dt><\/dl><br style=\"clear: both\" \/><dl class='gallery-item'>\n\t\t\t<dt class='gallery-icon portrait'>\n\t\t\t\t<a href='https:\/\/blogsaverroes.juntadeandalucia.es\/reinafabiola\/viii-concurso-araceli-morales\/6-1o-1ocep-la-cana\/'><img loading=\"lazy\" decoding=\"async\" width=\"150\" height=\"150\" src=\"https:\/\/blogsaverroes.juntadeandalucia.es\/reinafabiola\/files\/2023\/06\/6-1\u00ba-1\u00baCEP-LA-CA\u00d1A-150x150.jpg\" class=\"attachment-thumbnail size-thumbnail\" alt=\"\" srcset=\"https:\/\/blogsaverroes.juntadeandalucia.es\/reinafabiola\/files\/2023\/06\/6-1\u00ba-1\u00baCEP-LA-CA\u00d1A-150x150.jpg 150w, https:\/\/blogsaverroes.juntadeandalucia.es\/reinafabiola\/files\/2023\/06\/6-1\u00ba-1\u00baCEP-LA-CA\u00d1A-80x80.jpg 80w, https:\/\/blogsaverroes.juntadeandalucia.es\/reinafabiola\/files\/2023\/06\/6-1\u00ba-1\u00baCEP-LA-CA\u00d1A-320x320.jpg 320w\" sizes=\"(max-width: 150px) 100vw, 150px\" \/><\/a>\n\t\t\t<\/dt><\/dl><dl class='gallery-item'>\n\t\t\t<dt class='gallery-icon portrait'>\n\t\t\t\t<a href='https:\/\/blogsaverroes.juntadeandalucia.es\/reinafabiola\/viii-concurso-araceli-morales\/7-1o2cep-rcn\/'><img loading=\"lazy\" decoding=\"async\" width=\"150\" height=\"150\" src=\"https:\/\/blogsaverroes.juntadeandalucia.es\/reinafabiola\/files\/2023\/06\/7-1\u00ba2CEP-RCN-150x150.jpg\" class=\"attachment-thumbnail size-thumbnail\" alt=\"\" srcset=\"https:\/\/blogsaverroes.juntadeandalucia.es\/reinafabiola\/files\/2023\/06\/7-1\u00ba2CEP-RCN-150x150.jpg 150w, https:\/\/blogsaverroes.juntadeandalucia.es\/reinafabiola\/files\/2023\/06\/7-1\u00ba2CEP-RCN-80x80.jpg 80w, https:\/\/blogsaverroes.juntadeandalucia.es\/reinafabiola\/files\/2023\/06\/7-1\u00ba2CEP-RCN-320x320.jpg 320w\" sizes=\"(max-width: 150px) 100vw, 150px\" \/><\/a>\n\t\t\t<\/dt><\/dl><dl class='gallery-item'>\n\t\t\t<dt class='gallery-icon portrait'>\n\t\t\t\t<a href='https:\/\/blogsaverroes.juntadeandalucia.es\/reinafabiola\/viii-concurso-araceli-morales\/8-1o-3ocep-puerto\/'><img loading=\"lazy\" decoding=\"async\" width=\"150\" height=\"150\" src=\"https:\/\/blogsaverroes.juntadeandalucia.es\/reinafabiola\/files\/2023\/06\/8-1\u00ba-3\u00baCEP-PUERTO-150x150.jpg\" class=\"attachment-thumbnail size-thumbnail\" alt=\"\" srcset=\"https:\/\/blogsaverroes.juntadeandalucia.es\/reinafabiola\/files\/2023\/06\/8-1\u00ba-3\u00baCEP-PUERTO-150x150.jpg 150w, https:\/\/blogsaverroes.juntadeandalucia.es\/reinafabiola\/files\/2023\/06\/8-1\u00ba-3\u00baCEP-PUERTO-80x80.jpg 80w, https:\/\/blogsaverroes.juntadeandalucia.es\/reinafabiola\/files\/2023\/06\/8-1\u00ba-3\u00baCEP-PUERTO-320x320.jpg 320w\" sizes=\"(max-width: 150px) 100vw, 150px\" \/><\/a>\n\t\t\t<\/dt><\/dl><br style=\"clear: both\" \/><dl class='gallery-item'>\n\t\t\t<dt class='gallery-icon portrait'>\n\t\t\t\t<a href='https:\/\/blogsaverroes.juntadeandalucia.es\/reinafabiola\/viii-concurso-araceli-morales\/9-1o-1oceso-director\/'><img loading=\"lazy\" decoding=\"async\" width=\"150\" height=\"150\" src=\"https:\/\/blogsaverroes.juntadeandalucia.es\/reinafabiola\/files\/2023\/06\/9-1\u00ba-1\u00baCESO-DIRECTOR-150x150.jpg\" class=\"attachment-thumbnail size-thumbnail\" alt=\"\" srcset=\"https:\/\/blogsaverroes.juntadeandalucia.es\/reinafabiola\/files\/2023\/06\/9-1\u00ba-1\u00baCESO-DIRECTOR-150x150.jpg 150w, https:\/\/blogsaverroes.juntadeandalucia.es\/reinafabiola\/files\/2023\/06\/9-1\u00ba-1\u00baCESO-DIRECTOR-80x80.jpg 80w, https:\/\/blogsaverroes.juntadeandalucia.es\/reinafabiola\/files\/2023\/06\/9-1\u00ba-1\u00baCESO-DIRECTOR-320x320.jpg 320w\" sizes=\"(max-width: 150px) 100vw, 150px\" \/><\/a>\n\t\t\t<\/dt><\/dl><dl class='gallery-item'>\n\t\t\t<dt class='gallery-icon portrait'>\n\t\t\t\t<a href='https:\/\/blogsaverroes.juntadeandalucia.es\/reinafabiola\/viii-concurso-araceli-morales\/10-1o-2oceso-igualdad\/'><img loading=\"lazy\" decoding=\"async\" width=\"150\" height=\"150\" src=\"https:\/\/blogsaverroes.juntadeandalucia.es\/reinafabiola\/files\/2023\/06\/10-1\u00ba-2\u00baCESO-IGUALDAD-150x150.jpg\" class=\"attachment-thumbnail size-thumbnail\" alt=\"\" srcset=\"https:\/\/blogsaverroes.juntadeandalucia.es\/reinafabiola\/files\/2023\/06\/10-1\u00ba-2\u00baCESO-IGUALDAD-150x150.jpg 150w, https:\/\/blogsaverroes.juntadeandalucia.es\/reinafabiola\/files\/2023\/06\/10-1\u00ba-2\u00baCESO-IGUALDAD-80x80.jpg 80w, https:\/\/blogsaverroes.juntadeandalucia.es\/reinafabiola\/files\/2023\/06\/10-1\u00ba-2\u00baCESO-IGUALDAD-320x320.jpg 320w\" sizes=\"(max-width: 150px) 100vw, 150px\" \/><\/a>\n\t\t\t<\/dt><\/dl><dl class='gallery-item'>\n\t\t\t<dt class='gallery-icon landscape'>\n\t\t\t\t<a href='https:\/\/blogsaverroes.juntadeandalucia.es\/reinafabiola\/viii-concurso-araceli-morales\/11-libro\/'><img loading=\"lazy\" decoding=\"async\" width=\"150\" height=\"150\" src=\"https:\/\/blogsaverroes.juntadeandalucia.es\/reinafabiola\/files\/2023\/06\/11-Libro-150x150.jpg\" class=\"attachment-thumbnail size-thumbnail\" alt=\"\" srcset=\"https:\/\/blogsaverroes.juntadeandalucia.es\/reinafabiola\/files\/2023\/06\/11-Libro-150x150.jpg 150w, https:\/\/blogsaverroes.juntadeandalucia.es\/reinafabiola\/files\/2023\/06\/11-Libro-80x80.jpg 80w, https:\/\/blogsaverroes.juntadeandalucia.es\/reinafabiola\/files\/2023\/06\/11-Libro-320x320.jpg 320w\" sizes=\"(max-width: 150px) 100vw, 150px\" \/><\/a>\n\t\t\t<\/dt><\/dl><br style=\"clear: both\" \/><dl class='gallery-item'>\n\t\t\t<dt class='gallery-icon landscape'>\n\t\t\t\t<a href='https:\/\/blogsaverroes.juntadeandalucia.es\/reinafabiola\/viii-concurso-araceli-morales\/11-libro-trabajos-premiados\/'><img loading=\"lazy\" decoding=\"async\" width=\"150\" height=\"150\" src=\"https:\/\/blogsaverroes.juntadeandalucia.es\/reinafabiola\/files\/2023\/06\/11-LIBRO-TRABAJOS-PREMIADOS-150x150.jpg\" class=\"attachment-thumbnail size-thumbnail\" alt=\"\" srcset=\"https:\/\/blogsaverroes.juntadeandalucia.es\/reinafabiola\/files\/2023\/06\/11-LIBRO-TRABAJOS-PREMIADOS-150x150.jpg 150w, https:\/\/blogsaverroes.juntadeandalucia.es\/reinafabiola\/files\/2023\/06\/11-LIBRO-TRABAJOS-PREMIADOS-80x80.jpg 80w, https:\/\/blogsaverroes.juntadeandalucia.es\/reinafabiola\/files\/2023\/06\/11-LIBRO-TRABAJOS-PREMIADOS-320x320.jpg 320w\" sizes=\"(max-width: 150px) 100vw, 150px\" \/><\/a>\n\t\t\t<\/dt><\/dl><dl class='gallery-item'>\n\t\t\t<dt class='gallery-icon landscape'>\n\t\t\t\t<a href='https:\/\/blogsaverroes.juntadeandalucia.es\/reinafabiola\/viii-concurso-araceli-morales\/12-ambientacion-musical-javier\/'><img loading=\"lazy\" decoding=\"async\" width=\"150\" height=\"150\" src=\"https:\/\/blogsaverroes.juntadeandalucia.es\/reinafabiola\/files\/2023\/06\/12-AMBIENTACI\u00d3N-MUSICAL-JAVIER-150x150.jpg\" class=\"attachment-thumbnail size-thumbnail\" alt=\"\" srcset=\"https:\/\/blogsaverroes.juntadeandalucia.es\/reinafabiola\/files\/2023\/06\/12-AMBIENTACI\u00d3N-MUSICAL-JAVIER-150x150.jpg 150w, https:\/\/blogsaverroes.juntadeandalucia.es\/reinafabiola\/files\/2023\/06\/12-AMBIENTACI\u00d3N-MUSICAL-JAVIER-80x80.jpg 80w, https:\/\/blogsaverroes.juntadeandalucia.es\/reinafabiola\/files\/2023\/06\/12-AMBIENTACI\u00d3N-MUSICAL-JAVIER-320x320.jpg 320w\" sizes=\"(max-width: 150px) 100vw, 150px\" \/><\/a>\n\t\t\t<\/dt><\/dl><dl class='gallery-item'>\n\t\t\t<dt class='gallery-icon landscape'>\n\t\t\t\t<a href='https:\/\/blogsaverroes.juntadeandalucia.es\/reinafabiola\/viii-concurso-araceli-morales\/13-cierre-coro\/'><img loading=\"lazy\" decoding=\"async\" width=\"150\" height=\"150\" src=\"https:\/\/blogsaverroes.juntadeandalucia.es\/reinafabiola\/files\/2023\/06\/13-CIERRE-CORO-150x150.jpg\" class=\"attachment-thumbnail size-thumbnail\" alt=\"\" srcset=\"https:\/\/blogsaverroes.juntadeandalucia.es\/reinafabiola\/files\/2023\/06\/13-CIERRE-CORO-150x150.jpg 150w, https:\/\/blogsaverroes.juntadeandalucia.es\/reinafabiola\/files\/2023\/06\/13-CIERRE-CORO-80x80.jpg 80w, https:\/\/blogsaverroes.juntadeandalucia.es\/reinafabiola\/files\/2023\/06\/13-CIERRE-CORO-320x320.jpg 320w\" sizes=\"(max-width: 150px) 100vw, 150px\" \/><\/a>\n\t\t\t<\/dt><\/dl><br style=\"clear: both\" \/><dl class='gallery-item'>\n\t\t\t<dt class='gallery-icon landscape'>\n\t\t\t\t<a href='https:\/\/blogsaverroes.juntadeandalucia.es\/reinafabiola\/viii-concurso-araceli-morales\/14-merienda-despedida\/'><img loading=\"lazy\" decoding=\"async\" width=\"150\" height=\"150\" src=\"https:\/\/blogsaverroes.juntadeandalucia.es\/reinafabiola\/files\/2023\/06\/14-MERIENDA-DESPEDIDA-150x150.jpg\" class=\"attachment-thumbnail size-thumbnail\" alt=\"\" srcset=\"https:\/\/blogsaverroes.juntadeandalucia.es\/reinafabiola\/files\/2023\/06\/14-MERIENDA-DESPEDIDA-150x150.jpg 150w, https:\/\/blogsaverroes.juntadeandalucia.es\/reinafabiola\/files\/2023\/06\/14-MERIENDA-DESPEDIDA-80x80.jpg 80w, https:\/\/blogsaverroes.juntadeandalucia.es\/reinafabiola\/files\/2023\/06\/14-MERIENDA-DESPEDIDA-320x320.jpg 320w\" sizes=\"(max-width: 150px) 100vw, 150px\" \/><\/a>\n\t\t\t<\/dt><\/dl><dl class='gallery-item'>\n\t\t\t<dt class='gallery-icon portrait'>\n\t\t\t\t<a href='https:\/\/blogsaverroes.juntadeandalucia.es\/reinafabiola\/viii-concurso-araceli-morales\/a-ampa\/'><img loading=\"lazy\" decoding=\"async\" width=\"150\" height=\"150\" src=\"https:\/\/blogsaverroes.juntadeandalucia.es\/reinafabiola\/files\/2023\/06\/A-AMPA-150x150.jpg\" class=\"attachment-thumbnail size-thumbnail\" alt=\"\" srcset=\"https:\/\/blogsaverroes.juntadeandalucia.es\/reinafabiola\/files\/2023\/06\/A-AMPA-150x150.jpg 150w, https:\/\/blogsaverroes.juntadeandalucia.es\/reinafabiola\/files\/2023\/06\/A-AMPA-80x80.jpg 80w, https:\/\/blogsaverroes.juntadeandalucia.es\/reinafabiola\/files\/2023\/06\/A-AMPA-320x320.jpg 320w\" sizes=\"(max-width: 150px) 100vw, 150px\" \/><\/a>\n\t\t\t<\/dt><\/dl><dl class='gallery-item'>\n\t\t\t<dt class='gallery-icon portrait'>\n\t\t\t\t<a href='https:\/\/blogsaverroes.juntadeandalucia.es\/reinafabiola\/viii-concurso-araceli-morales\/a-anaya\/'><img loading=\"lazy\" decoding=\"async\" width=\"150\" height=\"150\" src=\"https:\/\/blogsaverroes.juntadeandalucia.es\/reinafabiola\/files\/2023\/06\/A-ANAYA-150x150.jpg\" class=\"attachment-thumbnail size-thumbnail\" alt=\"\" srcset=\"https:\/\/blogsaverroes.juntadeandalucia.es\/reinafabiola\/files\/2023\/06\/A-ANAYA-150x150.jpg 150w, https:\/\/blogsaverroes.juntadeandalucia.es\/reinafabiola\/files\/2023\/06\/A-ANAYA-80x80.jpg 80w, https:\/\/blogsaverroes.juntadeandalucia.es\/reinafabiola\/files\/2023\/06\/A-ANAYA-320x320.jpg 320w\" sizes=\"(max-width: 150px) 100vw, 150px\" \/><\/a>\n\t\t\t<\/dt><\/dl><br style=\"clear: both\" \/><dl class='gallery-item'>\n\t\t\t<dt class='gallery-icon portrait'>\n\t\t\t\t<a href='https:\/\/blogsaverroes.juntadeandalucia.es\/reinafabiola\/viii-concurso-araceli-morales\/a-aula10\/'><img loading=\"lazy\" decoding=\"async\" width=\"150\" height=\"150\" src=\"https:\/\/blogsaverroes.juntadeandalucia.es\/reinafabiola\/files\/2023\/06\/A-AULA10-150x150.jpg\" class=\"attachment-thumbnail size-thumbnail\" alt=\"\" srcset=\"https:\/\/blogsaverroes.juntadeandalucia.es\/reinafabiola\/files\/2023\/06\/A-AULA10-150x150.jpg 150w, https:\/\/blogsaverroes.juntadeandalucia.es\/reinafabiola\/files\/2023\/06\/A-AULA10-80x80.jpg 80w, https:\/\/blogsaverroes.juntadeandalucia.es\/reinafabiola\/files\/2023\/06\/A-AULA10-320x320.jpg 320w\" sizes=\"(max-width: 150px) 100vw, 150px\" \/><\/a>\n\t\t\t<\/dt><\/dl><dl class='gallery-item'>\n\t\t\t<dt class='gallery-icon portrait'>\n\t\t\t\t<a href='https:\/\/blogsaverroes.juntadeandalucia.es\/reinafabiola\/viii-concurso-araceli-morales\/a-igualdad\/'><img loading=\"lazy\" decoding=\"async\" width=\"150\" height=\"150\" src=\"https:\/\/blogsaverroes.juntadeandalucia.es\/reinafabiola\/files\/2023\/06\/A-IGUALDAD-150x150.jpg\" class=\"attachment-thumbnail size-thumbnail\" alt=\"\" srcset=\"https:\/\/blogsaverroes.juntadeandalucia.es\/reinafabiola\/files\/2023\/06\/A-IGUALDAD-150x150.jpg 150w, https:\/\/blogsaverroes.juntadeandalucia.es\/reinafabiola\/files\/2023\/06\/A-IGUALDAD-80x80.jpg 80w, https:\/\/blogsaverroes.juntadeandalucia.es\/reinafabiola\/files\/2023\/06\/A-IGUALDAD-320x320.jpg 320w\" sizes=\"(max-width: 150px) 100vw, 150px\" \/><\/a>\n\t\t\t<\/dt><\/dl>\n\t\t\t<br style='clear: both' \/>\n\t\t<\/div>\n\n","protected":false},"excerpt":{"rendered":"<p>D\u00edptico del concurso. Cartel Ganadores del concurso Cuadernillo del VIII concurso. V\u00eddeo de la entrega de premios. &nbsp; Algunas im\u00e1genes de la gala:<\/p>\n","protected":false},"author":2980,"featured_media":0,"parent":0,"menu_order":0,"comment_status":"closed","ping_status":"closed","template":"","meta":{"ngg_post_thumbnail":0,"footnotes":"","_mc_calendar":[]},"aioseo_notices":[],"_links":{"self":[{"href":"https:\/\/blogsaverroes.juntadeandalucia.es\/reinafabiola\/wp-json\/wp\/v2\/pages\/5550"}],"collection":[{"href":"https:\/\/blogsaverroes.juntadeandalucia.es\/reinafabiola\/wp-json\/wp\/v2\/pages"}],"about":[{"href":"https:\/\/blogsaverroes.juntadeandalucia.es\/reinafabiola\/wp-json\/wp\/v2\/types\/page"}],"author":[{"embeddable":true,"href":"https:\/\/blogsaverroes.juntadeandalucia.es\/reinafabiola\/wp-json\/wp\/v2\/users\/2980"}],"replies":[{"embeddable":true,"href":"https:\/\/blogsaverroes.juntadeandalucia.es\/reinafabiola\/wp-json\/wp\/v2\/comments?post=5550"}],"version-history":[{"count":7,"href":"https:\/\/blogsaverroes.juntadeandalucia.es\/reinafabiola\/wp-json\/wp\/v2\/pages\/5550\/revisions"}],"predecessor-version":[{"id":5579,"href":"https:\/\/blogsaverroes.juntadeandalucia.es\/reinafabiola\/wp-json\/wp\/v2\/pages\/5550\/revisions\/5579"}],"wp:attachment":[{"href":"https:\/\/blogsaverroes.juntadeandalucia.es\/reinafabiola\/wp-json\/wp\/v2\/media?parent=5550"}],"curies":[{"name":"wp","href":"https:\/\/api.w.org\/{rel}","templated":true}]}}