{"id":5610,"date":"2024-02-13T16:32:04","date_gmt":"2024-02-13T16:32:04","guid":{"rendered":"https:\/\/blogsaverroes.juntadeandalucia.es\/reinafabiola\/?page_id=5610"},"modified":"2024-06-03T06:51:20","modified_gmt":"2024-06-03T06:51:20","slug":"xix-concurso-araceli-morales","status":"publish","type":"page","link":"https:\/\/blogsaverroes.juntadeandalucia.es\/reinafabiola\/xix-concurso-araceli-morales\/","title":{"rendered":"IX Concurso Araceli Morales"},"content":{"rendered":"<p><a href=\"https:\/\/blogsaverroes.juntadeandalucia.es\/reinafabiola\/files\/2024\/02\/Cartel-IX-Concurso.pdf\" target=\"_blank\" rel=\"noopener noreferrer\"><img loading=\"lazy\" decoding=\"async\" class=\"aligncenter size-full wp-image-5606\" src=\"https:\/\/blogsaverroes.juntadeandalucia.es\/reinafabiola\/files\/2024\/02\/Captura-de-pantalla-2024-02-13-a-las-17.23.07.png\" alt=\"\" width=\"557\" height=\"789\" srcset=\"https:\/\/blogsaverroes.juntadeandalucia.es\/reinafabiola\/files\/2024\/02\/Captura-de-pantalla-2024-02-13-a-las-17.23.07.png 557w, https:\/\/blogsaverroes.juntadeandalucia.es\/reinafabiola\/files\/2024\/02\/Captura-de-pantalla-2024-02-13-a-las-17.23.07-212x300.png 212w\" sizes=\"(max-width: 557px) 100vw, 557px\" \/><\/a><\/p>\n<h3><a href=\"https:\/\/blogsaverroes.juntadeandalucia.es\/reinafabiola\/files\/2024\/02\/Di\u0301ptico-con-bases.pdf\" target=\"_blank\" rel=\"noopener noreferrer\"><strong>Bases del concurso.<\/strong><\/a><\/h3>\n<p><a href=\"https:\/\/blogsaverroes.juntadeandalucia.es\/reinafabiola\/files\/2023\/02\/PREMIADOS-VIII-concurso.pdf\" target=\"_blank\" rel=\"noopener noreferrer\"><strong>Ganadores de la pasada edici\u00f3n.<\/strong><\/a><\/p>\n<p><a href=\"https:\/\/blogsaverroes.juntadeandalucia.es\/reinafabiola\/files\/2023\/02\/Cuaderno-VIII-CONCURSO-2023.pdf\" target=\"_blank\" rel=\"noopener noreferrer\"><strong>Cuadernillo con los ganadores de la pasada edici\u00f3n.<\/strong><\/a><\/p>\n<h3><a href=\"https:\/\/blogsaverroes.juntadeandalucia.es\/reinafabiola\/files\/2024\/02\/PREMIADOS-IX-CONCURSO-ARACELI-2024.pdf\" target=\"_blank\" rel=\"noopener\">Relaci\u00f3n de ganadores de la IX edici\u00f3n.<\/a><\/h3>\n<h3><a href=\"https:\/\/drive.google.com\/file\/d\/1W2tbGJYj9_1s4iiGYGBCuR-NrQ3mPIde\/view?usp=sharing\" target=\"_blank\" rel=\"noopener\">Cuadernillo de la IX edici\u00f3n.<\/a><\/h3>\n","protected":false},"excerpt":{"rendered":"<p>Bases del concurso. Ganadores de la pasada edici\u00f3n. Cuadernillo con los ganadores de la pasada edici\u00f3n. Relaci\u00f3n de ganadores de la IX edici\u00f3n. Cuadernillo de la IX edici\u00f3n.<\/p>\n","protected":false},"author":2980,"featured_media":0,"parent":0,"menu_order":0,"comment_status":"closed","ping_status":"closed","template":"","meta":{"ngg_post_thumbnail":0,"footnotes":"","_mc_calendar":[]},"aioseo_notices":[],"_links":{"self":[{"href":"https:\/\/blogsaverroes.juntadeandalucia.es\/reinafabiola\/wp-json\/wp\/v2\/pages\/5610"}],"collection":[{"href":"https:\/\/blogsaverroes.juntadeandalucia.es\/reinafabiola\/wp-json\/wp\/v2\/pages"}],"about":[{"href":"https:\/\/blogsaverroes.juntadeandalucia.es\/reinafabiola\/wp-json\/wp\/v2\/types\/page"}],"author":[{"embeddable":true,"href":"https:\/\/blogsaverroes.juntadeandalucia.es\/reinafabiola\/wp-json\/wp\/v2\/users\/2980"}],"replies":[{"embeddable":true,"href":"https:\/\/blogsaverroes.juntadeandalucia.es\/reinafabiola\/wp-json\/wp\/v2\/comments?post=5610"}],"version-history":[{"count":5,"href":"https:\/\/blogsaverroes.juntadeandalucia.es\/reinafabiola\/wp-json\/wp\/v2\/pages\/5610\/revisions"}],"predecessor-version":[{"id":5635,"href":"https:\/\/blogsaverroes.juntadeandalucia.es\/reinafabiola\/wp-json\/wp\/v2\/pages\/5610\/revisions\/5635"}],"wp:attachment":[{"href":"https:\/\/blogsaverroes.juntadeandalucia.es\/reinafabiola\/wp-json\/wp\/v2\/media?parent=5610"}],"curies":[{"name":"wp","href":"https:\/\/api.w.org\/{rel}","templated":true}]}}