{"id":77,"date":"2015-03-16T06:54:56","date_gmt":"2015-03-16T06:54:56","guid":{"rendered":"http:\/\/blogsaverroes.juntadeandalucia.es\/pre\/ceip\/?page_id=77"},"modified":"2025-07-02T10:46:09","modified_gmt":"2025-07-02T10:46:09","slug":"secretaria","status":"publish","type":"page","link":"https:\/\/blogsaverroes.juntadeandalucia.es\/reinafabiola\/secretaria\/","title":{"rendered":"Secretar\u00eda"},"content":{"rendered":"<h4><a href=\"https:\/\/drive.google.com\/file\/d\/1sEJCy_AnPYUgLl24bXMbjYXfIST2QaLK\/view?usp=sharing\" target=\"_blank\" rel=\"noopener\">Anexo II (aclaraciones, reclamaciones de evaluaci\u00f3n).<\/a><\/h4>\n<h1>MATRICULACI\u00d3N CURSO 2024\/25.<\/h1>\n<p><img loading=\"lazy\" decoding=\"async\" class=\"aligncenter size-full wp-image-5669\" src=\"https:\/\/blogsaverroes.juntadeandalucia.es\/reinafabiola\/files\/2025\/03\/escolarizacion.png\" alt=\"\" width=\"1800\" height=\"457\" srcset=\"https:\/\/blogsaverroes.juntadeandalucia.es\/reinafabiola\/files\/2025\/03\/escolarizacion.png 1600w, https:\/\/blogsaverroes.juntadeandalucia.es\/reinafabiola\/files\/2025\/03\/escolarizacion-300x76.png 300w, https:\/\/blogsaverroes.juntadeandalucia.es\/reinafabiola\/files\/2025\/03\/escolarizacion-1024x260.png 1024w, https:\/\/blogsaverroes.juntadeandalucia.es\/reinafabiola\/files\/2025\/03\/escolarizacion-768x195.png 768w, https:\/\/blogsaverroes.juntadeandalucia.es\/reinafabiola\/files\/2025\/03\/escolarizacion-1536x390.png 1536w\" sizes=\"(max-width: 1800px) 100vw, 1800px\" \/><\/p>\n<p><a href=\"https:\/\/blogsaverroes.juntadeandalucia.es\/reinafabiola\/files\/2025\/03\/INFORMACION-EN-NUESTRA-WEB-SOBRE-ESCOLARIZACION.pdf\" target=\"_blank\" rel=\"noopener\">Informaci\u00f3n sobre la escolarizaci\u00f3n.<\/a><\/p>\n<p><a href=\"https:\/\/blogsaverroes.juntadeandalucia.es\/reinafabiola\/files\/2025\/03\/calendario-admision-RF.pdf\" target=\"_blank\" rel=\"noopener\">Calendario.<\/a><\/p>\n<p><a href=\"https:\/\/blogsaverroes.juntadeandalucia.es\/reinafabiola\/files\/2025\/03\/CARTEL-ADMISION-MATRICULA.pdf\" target=\"_blank\" rel=\"noopener\">Cartel de admisi\u00f3n de matr\u00edcula.<\/a><\/p>\n<p><a href=\"https:\/\/blogsaverroes.juntadeandalucia.es\/reinafabiola\/files\/2025\/03\/ENLACE-A-SECRETARIA-VIRTUAL.pdf\" target=\"_blank\" rel=\"noopener\">Enlace a secretar\u00eda virtual.<\/a><\/p>\n<p><a href=\"https:\/\/blogsaverroes.juntadeandalucia.es\/reinafabiola\/files\/2025\/03\/MAPA-AREA-INFLUENCIA.pdf\" target=\"_blank\" rel=\"noopener\">Mapa de \u00e1rea de influencia.<\/a><\/p>\n<p><a href=\"https:\/\/blogsaverroes.juntadeandalucia.es\/reinafabiola\/files\/2025\/03\/CALLEJERO-.pdf\" target=\"_blank\" rel=\"noopener\">Callejero.<\/a><\/p>\n<p>&nbsp;<\/p>\n<p>&nbsp;<\/p>\n<h1>Matr\u00edcula para el curso 2021\/22.<\/h1>\n<p><img loading=\"lazy\" decoding=\"async\" class=\"aligncenter size-full wp-image-5174\" src=\"https:\/\/blogsaverroes.juntadeandalucia.es\/reinafabiola\/files\/2021\/05\/layout_set_logo.png\" alt=\"\" width=\"395\" height=\"118\" srcset=\"https:\/\/blogsaverroes.juntadeandalucia.es\/reinafabiola\/files\/2021\/05\/layout_set_logo.png 395w, https:\/\/blogsaverroes.juntadeandalucia.es\/reinafabiola\/files\/2021\/05\/layout_set_logo-300x90.png 300w\" sizes=\"(max-width: 395px) 100vw, 395px\" \/><\/p>\n<p>1.- Fichas de inscripci\u00f3n en el Plan de familias 2021-2022: <strong>Plazo del 1 al 10 de junio.<\/strong><\/p>\n<p><a href=\"https:\/\/blogsaverroes.juntadeandalucia.es\/reinafabiola\/files\/2021\/05\/1-INSCRIPCI\u00d3N-PF-2021-2022.pdf\" target=\"_blank\" rel=\"noopener noreferrer\"><strong> &nbsp;a.- Solicitud servicios complementarios<\/strong><\/a><\/p>\n<p><a href=\"https:\/\/blogsaverroes.juntadeandalucia.es\/reinafabiola\/files\/2021\/05\/2-SOLICITUD-BONIFICACION-SERVICIOS-COMPLEMENTARIOS.pdf\" target=\"_blank\" rel=\"noopener noreferrer\"><strong>&nbsp;b.- Solicitud de bonificaci\u00f3n<\/strong><\/a><\/p>\n<p>2.- Matriculaci\u00f3n curso 2021-2022: Plazo del 1 al 8 de junio. (Al alumnado actual se repartir\u00e1 por el Centro).<\/p>\n<p><strong>&nbsp; &nbsp; &nbsp; Alumnado de nuevo ingreso:<span style=\"color: #ff0000\"> Ed. Infantil 3 a\u00f1os:<\/span><\/strong><\/p>\n<p><strong><a href=\"https:\/\/blogsaverroes.juntadeandalucia.es\/reinafabiola\/files\/2021\/05\/3-IMPRESO-MATRICULA-INFANTIL.pdf\" target=\"_blank\" rel=\"noopener noreferrer\">a.- Impreso de matr\u00edcula.<\/a><\/strong><\/p>\n<p><a href=\"https:\/\/blogsaverroes.juntadeandalucia.es\/reinafabiola\/files\/2021\/05\/4-Anexo-Religi\u00f3n-Valores.pdf\" target=\"_blank\" rel=\"noopener noreferrer\"><strong>b.- Impreso de religi\u00f3n\/valores.<\/strong><\/a><\/p>\n<p><a href=\"https:\/\/blogsaverroes.juntadeandalucia.es\/reinafabiola\/files\/2021\/05\/5-CUESTIONARIO-INICIAL-ESCOLA.21-22.pdf\" target=\"_blank\" rel=\"noopener noreferrer\"><strong>&nbsp;c.- Cuestionario inicial de escolarizaci\u00f3n.<\/strong><\/a><\/p>\n<p><a href=\"https:\/\/blogsaverroes.juntadeandalucia.es\/reinafabiola\/files\/2021\/05\/6-DATOS-INFORMATIVOS-ALUMNOS.pdf\" target=\"_blank\" rel=\"noopener noreferrer\"><strong>&nbsp;d.- Ficha de datos personales.<\/strong><\/a><\/p>\n<p><strong><span style=\"color: #ff0000\">&nbsp; &nbsp; &nbsp; (A estos documentos cumplimentados hay que a\u00f1adir 3 fotograf\u00edas tama\u00f1o carnet).<\/span><\/strong><\/p>\n","protected":false},"excerpt":{"rendered":"<p>Anexo II (aclaraciones, reclamaciones de evaluaci\u00f3n). MATRICULACI\u00d3N CURSO 2024\/25. Informaci\u00f3n sobre la escolarizaci\u00f3n. Calendario. Cartel de admisi\u00f3n de matr\u00edcula. Enlace a secretar\u00eda virtual. Mapa de \u00e1rea de influencia. Callejero. &nbsp; &nbsp; Matr\u00edcula para el&#46;&#46;&#46;<\/p>\n","protected":false},"author":1,"featured_media":5174,"parent":0,"menu_order":0,"comment_status":"open","ping_status":"open","template":"page-templates\/child-menu.php","meta":{"ngg_post_thumbnail":0,"footnotes":"","_mc_calendar":[]},"aioseo_notices":[],"_links":{"self":[{"href":"https:\/\/blogsaverroes.juntadeandalucia.es\/reinafabiola\/wp-json\/wp\/v2\/pages\/77"}],"collection":[{"href":"https:\/\/blogsaverroes.juntadeandalucia.es\/reinafabiola\/wp-json\/wp\/v2\/pages"}],"about":[{"href":"https:\/\/blogsaverroes.juntadeandalucia.es\/reinafabiola\/wp-json\/wp\/v2\/types\/page"}],"author":[{"embeddable":true,"href":"https:\/\/blogsaverroes.juntadeandalucia.es\/reinafabiola\/wp-json\/wp\/v2\/users\/1"}],"replies":[{"embeddable":true,"href":"https:\/\/blogsaverroes.juntadeandalucia.es\/reinafabiola\/wp-json\/wp\/v2\/comments?post=77"}],"version-history":[{"count":9,"href":"https:\/\/blogsaverroes.juntadeandalucia.es\/reinafabiola\/wp-json\/wp\/v2\/pages\/77\/revisions"}],"predecessor-version":[{"id":5940,"href":"https:\/\/blogsaverroes.juntadeandalucia.es\/reinafabiola\/wp-json\/wp\/v2\/pages\/77\/revisions\/5940"}],"wp:featuredmedia":[{"embeddable":true,"href":"https:\/\/blogsaverroes.juntadeandalucia.es\/reinafabiola\/wp-json\/wp\/v2\/media\/5174"}],"wp:attachment":[{"href":"https:\/\/blogsaverroes.juntadeandalucia.es\/reinafabiola\/wp-json\/wp\/v2\/media?parent=77"}],"curies":[{"name":"wp","href":"https:\/\/api.w.org\/{rel}","templated":true}]}}